{"id":69052,"date":"2022-06-22T09:26:48","date_gmt":"2022-06-22T07:26:48","guid":{"rendered":"https:\/\/familiamartinezbujanda.madisonmk.agency\/conditions-of-use"},"modified":"2024-03-23T11:09:57","modified_gmt":"2024-03-23T10:09:57","slug":"conditions-of-use","status":"publish","type":"page","link":"https:\/\/familiamartinezbujanda.com\/en\/conditions-of-use\/","title":{"rendered":"Conditions of Use"},"content":{"rendered":"\t\t<div data-elementor-type=\"wp-page\" data-elementor-id=\"69052\" class=\"elementor elementor-69052 elementor-47650\" data-elementor-settings=\"{&quot;ha_cmc_init_switcher&quot;:&quot;no&quot;}\" data-elementor-post-type=\"page\">\n\t\t\t\t\t\t<section data-particle_enable=\"false\" data-particle-mobile-disabled=\"false\" class=\"elementor-section elementor-top-section elementor-element elementor-element-7f99097 elementor-section-boxed elementor-section-height-default elementor-section-height-default\" data-id=\"7f99097\" data-element_type=\"section\" data-e-type=\"section\" data-settings=\"{&quot;_ha_eqh_enable&quot;:false}\">\n\t\t\t\t\t\t<div class=\"elementor-container elementor-column-gap-default\">\n\t\t\t\t\t<div class=\"elementor-column elementor-col-100 elementor-top-column elementor-element elementor-element-35d668b\" data-id=\"35d668b\" data-element_type=\"column\" data-e-type=\"column\">\n\t\t\t<div class=\"elementor-widget-wrap elementor-element-populated\">\n\t\t\t\t\t\t<div class=\"elementor-element elementor-element-f5e55c2 elementor-widget elementor-widget-heading\" data-id=\"f5e55c2\" data-element_type=\"widget\" data-e-type=\"widget\" data-widget_type=\"heading.default\">\n\t\t\t\t<div class=\"elementor-widget-container\">\n\t\t\t\t\t<h1 class=\"elementor-heading-title elementor-size-default\">TERMS AND CONDITIONS OF USE<\/h1>\t\t\t\t<\/div>\n\t\t\t\t<\/div>\n\t\t\t\t\t<\/div>\n\t\t<\/div>\n\t\t\t\t\t<\/div>\n\t\t<\/section>\n\t\t\t\t<section data-particle_enable=\"false\" data-particle-mobile-disabled=\"false\" class=\"elementor-section elementor-top-section elementor-element elementor-element-54c95dd elementor-section-boxed elementor-section-height-default elementor-section-height-default\" data-id=\"54c95dd\" data-element_type=\"section\" data-e-type=\"section\" data-settings=\"{&quot;_ha_eqh_enable&quot;:false}\">\n\t\t\t\t\t\t<div class=\"elementor-container elementor-column-gap-default\">\n\t\t\t\t\t<div class=\"elementor-column elementor-col-100 elementor-top-column elementor-element elementor-element-b9f0dda\" data-id=\"b9f0dda\" data-element_type=\"column\" data-e-type=\"column\">\n\t\t\t<div class=\"elementor-widget-wrap elementor-element-populated\">\n\t\t\t\t\t\t<div class=\"elementor-element elementor-element-81cd60d elementor-widget elementor-widget-heading\" data-id=\"81cd60d\" data-element_type=\"widget\" data-e-type=\"widget\" data-widget_type=\"heading.default\">\n\t\t\t\t<div class=\"elementor-widget-container\">\n\t\t\t\t\t<h2 class=\"elementor-heading-title elementor-size-default\">1. General<\/h2>\t\t\t\t<\/div>\n\t\t\t\t<\/div>\n\t\t\t\t<div class=\"elementor-element elementor-element-e197908 elementor-widget elementor-widget-text-editor\" data-id=\"e197908\" data-element_type=\"widget\" data-e-type=\"widget\" data-widget_type=\"text-editor.default\">\n\t\t\t\t<div class=\"elementor-widget-container\">\n\t\t\t\t\t\t\t\t\t<p>Using this website and\/or registering as a user presupposes the acceptance of these conditions.<\/p>\n\t\t\t\t\t\t\t\t<\/div>\n\t\t\t\t<\/div>\n\t\t\t\t<div class=\"elementor-element elementor-element-a34b18f elementor-widget elementor-widget-heading\" data-id=\"a34b18f\" data-element_type=\"widget\" data-e-type=\"widget\" data-widget_type=\"heading.default\">\n\t\t\t\t<div class=\"elementor-widget-container\">\n\t\t\t\t\t<h2 class=\"elementor-heading-title elementor-size-default\">2. Ownership of this website<\/h2>\t\t\t\t<\/div>\n\t\t\t\t<\/div>\n\t\t\t\t<div class=\"elementor-element elementor-element-ca94ad0 elementor-widget elementor-widget-text-editor\" data-id=\"ca94ad0\" data-element_type=\"widget\" data-e-type=\"widget\" data-widget_type=\"text-editor.default\">\n\t\t\t\t<div class=\"elementor-widget-container\">\n\t\t\t\t\t\t\t\t\t<p>This website is property of Familia Mart\u00ednez Bujanda S.L. All the rights of its content, images, texts, design and software are property of Familia Mart\u00ednez Bujanda S.L.<\/p>\n<p>All elements of this site, including, without limitation, its design and content are protected by Intellectual Property laws, Industrial Property and international treaties related to Copyright.<\/p>\n\t\t\t\t\t\t\t\t<\/div>\n\t\t\t\t<\/div>\n\t\t\t\t<div class=\"elementor-element elementor-element-e01466b elementor-widget elementor-widget-heading\" data-id=\"e01466b\" data-element_type=\"widget\" data-e-type=\"widget\" data-widget_type=\"heading.default\">\n\t\t\t\t<div class=\"elementor-widget-container\">\n\t\t\t\t\t<h2 class=\"elementor-heading-title elementor-size-default\">3. Use of Your Content<\/h2>\t\t\t\t<\/div>\n\t\t\t\t<\/div>\n\t\t\t\t<div class=\"elementor-element elementor-element-5a38ee8 elementor-widget elementor-widget-text-editor\" data-id=\"5a38ee8\" data-element_type=\"widget\" data-e-type=\"widget\" data-widget_type=\"text-editor.default\">\n\t\t\t\t<div class=\"elementor-widget-container\">\n\t\t\t\t\t\t\t\t\t<p>Unless explicitly authorized, you may not reproduce, transmit or exploit the content of this site in any way.<\/p>\n\t\t\t\t\t\t\t\t<\/div>\n\t\t\t\t<\/div>\n\t\t\t\t<div class=\"elementor-element elementor-element-e77e7dd elementor-widget elementor-widget-heading\" data-id=\"e77e7dd\" data-element_type=\"widget\" data-e-type=\"widget\" data-widget_type=\"heading.default\">\n\t\t\t\t<div class=\"elementor-widget-container\">\n\t\t\t\t\t<h2 class=\"elementor-heading-title elementor-size-default\">4. Responsibilities<\/h2>\t\t\t\t<\/div>\n\t\t\t\t<\/div>\n\t\t\t\t<div class=\"elementor-element elementor-element-594eace elementor-widget elementor-widget-text-editor\" data-id=\"594eace\" data-element_type=\"widget\" data-e-type=\"widget\" data-widget_type=\"text-editor.default\">\n\t\t\t\t<div class=\"elementor-widget-container\">\n\t\t\t\t\t\t\t\t\t<p>4.1. Although Familia Mart\u00ednez Bujanda S.L. makes every effort to guarantee the precision and accuracy of the content of this website, it may contain errors or inaccuracies. Consequently, we do not guarantee the truthfulness, reliability or accuracy of its content.<\/p>\n<p>4.2. Familia Mart\u00ednez Bujanda S.L. rejects responsibility for the information contained in third party web pages connected by links to NomCia&#8217;s web pages.<\/p>\n<p>4.3. Under no circumstances shall Familia Mart\u00ednez Bujanda S.L. be held responsible for any damage or harm of any kind arising from, or in relation to, the use of this website.<\/p>\n<p>4.4. You will have to indemnify Familia Mart\u00ednez Bujanda S.L. against any damage or prejudice resulting from the breach of these conditions or the use of the content of this web without previous authorization.<\/p>\n\t\t\t\t\t\t\t\t<\/div>\n\t\t\t\t<\/div>\n\t\t\t\t<div class=\"elementor-element elementor-element-acb2dc1 elementor-widget elementor-widget-heading\" data-id=\"acb2dc1\" data-element_type=\"widget\" data-e-type=\"widget\" data-widget_type=\"heading.default\">\n\t\t\t\t<div class=\"elementor-widget-container\">\n\t\t\t\t\t<h2 class=\"elementor-heading-title elementor-size-default\">5. Divisibility\n\n<\/h2>\t\t\t\t<\/div>\n\t\t\t\t<\/div>\n\t\t\t\t<div class=\"elementor-element elementor-element-63c3603 elementor-widget elementor-widget-text-editor\" data-id=\"63c3603\" data-element_type=\"widget\" data-e-type=\"widget\" data-widget_type=\"text-editor.default\">\n\t\t\t\t<div class=\"elementor-widget-container\">\n\t\t\t\t\t\t\t\t\t<p>If any provision of these terms and conditions is or becomes invalid or unenforceable under applicable law, such provision shall be ineffective, but only to the extent of such invalidity, and shall not affect any other provision of these terms and conditions.<\/p>\n\t\t\t\t\t\t\t\t<\/div>\n\t\t\t\t<\/div>\n\t\t\t\t<div class=\"elementor-element elementor-element-dea6e0f elementor-widget elementor-widget-heading\" data-id=\"dea6e0f\" data-element_type=\"widget\" data-e-type=\"widget\" data-widget_type=\"heading.default\">\n\t\t\t\t<div class=\"elementor-widget-container\">\n\t\t\t\t\t<h2 class=\"elementor-heading-title elementor-size-default\">6. Applicable Law and Jurisdiction<\/h2>\t\t\t\t<\/div>\n\t\t\t\t<\/div>\n\t\t\t\t<div class=\"elementor-element elementor-element-664bfb9 elementor-widget elementor-widget-text-editor\" data-id=\"664bfb9\" data-element_type=\"widget\" data-e-type=\"widget\" data-widget_type=\"text-editor.default\">\n\t\t\t\t<div class=\"elementor-widget-container\">\n\t\t\t\t\t\t\t\t\t<p>These terms of use shall be interpreted and governed by the Spanish legislation in force. Any dispute arising from these conditions shall be settled in the courts of Logro\u00f1o, Spain. However, this shall not prevent Familia Mart\u00ednez Bujanda S.L. from exercising the right to resolve any litigation in another competent jurisdiction.<\/p>\n\t\t\t\t\t\t\t\t<\/div>\n\t\t\t\t<\/div>\n\t\t\t\t<div class=\"elementor-element elementor-element-9c91854 elementor-widget elementor-widget-heading\" data-id=\"9c91854\" data-element_type=\"widget\" data-e-type=\"widget\" data-widget_type=\"heading.default\">\n\t\t\t\t<div class=\"elementor-widget-container\">\n\t\t\t\t\t<h2 class=\"elementor-heading-title elementor-size-default\">7. Modifications<\/h2>\t\t\t\t<\/div>\n\t\t\t\t<\/div>\n\t\t\t\t<div class=\"elementor-element elementor-element-ccaa483 elementor-widget elementor-widget-text-editor\" data-id=\"ccaa483\" data-element_type=\"widget\" data-e-type=\"widget\" data-widget_type=\"text-editor.default\">\n\t\t\t\t<div class=\"elementor-widget-container\">\n\t\t\t\t\t\t\t\t\t<p>Familia Mart\u00ednez Bujanda S.L. reserves the right to change the content of this website at any time and without prior notice.<\/p>\n\t\t\t\t\t\t\t\t<\/div>\n\t\t\t\t<\/div>\n\t\t\t\t\t<\/div>\n\t\t<\/div>\n\t\t\t\t\t<\/div>\n\t\t<\/section>\n\t\t\t\t<\/div>\n\t\t","protected":false},"excerpt":{"rendered":"<p>TERMS AND CONDITIONS OF USE 1. General Using this website and\/or registering as a user presupposes the acceptance of these conditions. 2. Ownership of this website This website is property of Familia Mart\u00ednez Bujanda S.L. All the rights of its content, images, texts, design and software are property of Familia Mart\u00ednez Bujanda S.L. All elements [&hellip;]<\/p>\n","protected":false},"author":3,"featured_media":0,"parent":0,"menu_order":0,"comment_status":"closed","ping_status":"closed","template":"elementor_header_footer","meta":{"iawp_total_views":19,"footnotes":""},"class_list":["post-69052","page","type-page","status-publish","hentry","entry","owp-thumbs-layout-horizontal","owp-btn-normal","owp-tabs-layout-horizontal","has-no-thumbnails"],"yoast_head":"<!-- This site is optimized with the Yoast SEO plugin v27.0 - https:\/\/yoast.com\/product\/yoast-seo-wordpress\/ -->\n<title>Conditions of Use | Familia Mart\u00ednez Bujanda<\/title>\n<meta name=\"robots\" content=\"noindex, nofollow\" \/>\n<meta property=\"og:locale\" content=\"en_US\" \/>\n<meta property=\"og:type\" content=\"article\" \/>\n<meta property=\"og:title\" content=\"Conditions of Use | Familia Mart\u00ednez Bujanda\" \/>\n<meta property=\"og:description\" content=\"TERMS AND CONDITIONS OF USE 1. General Using this website and\/or registering as a user presupposes the acceptance of these conditions. 2. Ownership of this website This website is property of Familia Mart\u00ednez Bujanda S.L. All the rights of its content, images, texts, design and software are property of Familia Mart\u00ednez Bujanda S.L. All elements [&hellip;]\" \/>\n<meta property=\"og:url\" content=\"https:\/\/familiamartinezbujanda.com\/en\/conditions-of-use\/\" \/>\n<meta property=\"og:site_name\" content=\"Familia Mart\u00ednez Bujanda\" \/>\n<meta property=\"article:modified_time\" content=\"2024-03-23T10:09:57+00:00\" \/>\n<meta name=\"twitter:card\" content=\"summary_large_image\" \/>\n<meta name=\"twitter:label1\" content=\"Est. reading time\" \/>\n\t<meta name=\"twitter:data1\" content=\"2 minutes\" \/>\n<script type=\"application\/ld+json\" class=\"yoast-schema-graph\">{\"@context\":\"https:\/\/schema.org\",\"@graph\":[{\"@type\":\"WebPage\",\"@id\":\"https:\/\/familiamartinezbujanda.com\/en\/conditions-of-use\/\",\"url\":\"https:\/\/familiamartinezbujanda.com\/en\/conditions-of-use\/\",\"name\":\"Conditions of Use | Familia Mart\u00ednez Bujanda\",\"isPartOf\":{\"@id\":\"https:\/\/familiamartinezbujanda.com\/en\/#website\"},\"datePublished\":\"2022-06-22T07:26:48+00:00\",\"dateModified\":\"2024-03-23T10:09:57+00:00\",\"breadcrumb\":{\"@id\":\"https:\/\/familiamartinezbujanda.com\/en\/conditions-of-use\/#breadcrumb\"},\"inLanguage\":\"en-US\",\"potentialAction\":[{\"@type\":\"ReadAction\",\"target\":[\"https:\/\/familiamartinezbujanda.com\/en\/conditions-of-use\/\"]}]},{\"@type\":\"BreadcrumbList\",\"@id\":\"https:\/\/familiamartinezbujanda.com\/en\/conditions-of-use\/#breadcrumb\",\"itemListElement\":[{\"@type\":\"ListItem\",\"position\":1,\"name\":\"Portada\",\"item\":\"https:\/\/familiamartinezbujanda.com\/en\/inicio\/\"},{\"@type\":\"ListItem\",\"position\":2,\"name\":\"Conditions of Use\"}]},{\"@type\":\"WebSite\",\"@id\":\"https:\/\/familiamartinezbujanda.com\/en\/#website\",\"url\":\"https:\/\/familiamartinezbujanda.com\/en\/\",\"name\":\"Familia Mart\u00ednez Bujanda\",\"description\":\"Cinco bodegas conforman Familia Mart\u00ednez-Bujanda: Finca Valpiedra (DOCa Rioja), Finca Antigua (DO La Mancha), Finca Montepedroso (DO Rueda), Vi\u00f1a Bujanda ...\",\"publisher\":{\"@id\":\"https:\/\/familiamartinezbujanda.com\/en\/#organization\"},\"potentialAction\":[{\"@type\":\"SearchAction\",\"target\":{\"@type\":\"EntryPoint\",\"urlTemplate\":\"https:\/\/familiamartinezbujanda.com\/en\/?s={search_term_string}\"},\"query-input\":{\"@type\":\"PropertyValueSpecification\",\"valueRequired\":true,\"valueName\":\"search_term_string\"}}],\"inLanguage\":\"en-US\"},{\"@type\":\"Organization\",\"@id\":\"https:\/\/familiamartinezbujanda.com\/en\/#organization\",\"name\":\"Familia Mart\u00ednez Bujanda\",\"url\":\"https:\/\/familiamartinezbujanda.com\/en\/\",\"logo\":{\"@type\":\"ImageObject\",\"inLanguage\":\"en-US\",\"@id\":\"https:\/\/familiamartinezbujanda.com\/en\/#\/schema\/logo\/image\/\",\"url\":\"https:\/\/www.familiamartinezbujanda.com\/wp-content\/uploads\/2022\/06\/favicon.jpg\",\"contentUrl\":\"https:\/\/www.familiamartinezbujanda.com\/wp-content\/uploads\/2022\/06\/favicon.jpg\",\"width\":512,\"height\":512,\"caption\":\"Familia Mart\u00ednez Bujanda\"},\"image\":{\"@id\":\"https:\/\/familiamartinezbujanda.com\/en\/#\/schema\/logo\/image\/\"}}]}<\/script>\n<!-- \/ Yoast SEO plugin. -->","yoast_head_json":{"title":"Conditions of Use | Familia Mart\u00ednez Bujanda","robots":{"index":"noindex","follow":"nofollow"},"og_locale":"en_US","og_type":"article","og_title":"Conditions of Use | Familia Mart\u00ednez Bujanda","og_description":"TERMS AND CONDITIONS OF USE 1. General Using this website and\/or registering as a user presupposes the acceptance of these conditions. 2. Ownership of this website This website is property of Familia Mart\u00ednez Bujanda S.L. All the rights of its content, images, texts, design and software are property of Familia Mart\u00ednez Bujanda S.L. All elements [&hellip;]","og_url":"https:\/\/familiamartinezbujanda.com\/en\/conditions-of-use\/","og_site_name":"Familia Mart\u00ednez Bujanda","article_modified_time":"2024-03-23T10:09:57+00:00","twitter_card":"summary_large_image","twitter_misc":{"Est. reading time":"2 minutes"},"schema":{"@context":"https:\/\/schema.org","@graph":[{"@type":"WebPage","@id":"https:\/\/familiamartinezbujanda.com\/en\/conditions-of-use\/","url":"https:\/\/familiamartinezbujanda.com\/en\/conditions-of-use\/","name":"Conditions of Use | Familia Mart\u00ednez Bujanda","isPartOf":{"@id":"https:\/\/familiamartinezbujanda.com\/en\/#website"},"datePublished":"2022-06-22T07:26:48+00:00","dateModified":"2024-03-23T10:09:57+00:00","breadcrumb":{"@id":"https:\/\/familiamartinezbujanda.com\/en\/conditions-of-use\/#breadcrumb"},"inLanguage":"en-US","potentialAction":[{"@type":"ReadAction","target":["https:\/\/familiamartinezbujanda.com\/en\/conditions-of-use\/"]}]},{"@type":"BreadcrumbList","@id":"https:\/\/familiamartinezbujanda.com\/en\/conditions-of-use\/#breadcrumb","itemListElement":[{"@type":"ListItem","position":1,"name":"Portada","item":"https:\/\/familiamartinezbujanda.com\/en\/inicio\/"},{"@type":"ListItem","position":2,"name":"Conditions of Use"}]},{"@type":"WebSite","@id":"https:\/\/familiamartinezbujanda.com\/en\/#website","url":"https:\/\/familiamartinezbujanda.com\/en\/","name":"Familia Mart\u00ednez Bujanda","description":"Cinco bodegas conforman Familia Mart\u00ednez-Bujanda: Finca Valpiedra (DOCa Rioja), Finca Antigua (DO La Mancha), Finca Montepedroso (DO Rueda), Vi\u00f1a Bujanda ...","publisher":{"@id":"https:\/\/familiamartinezbujanda.com\/en\/#organization"},"potentialAction":[{"@type":"SearchAction","target":{"@type":"EntryPoint","urlTemplate":"https:\/\/familiamartinezbujanda.com\/en\/?s={search_term_string}"},"query-input":{"@type":"PropertyValueSpecification","valueRequired":true,"valueName":"search_term_string"}}],"inLanguage":"en-US"},{"@type":"Organization","@id":"https:\/\/familiamartinezbujanda.com\/en\/#organization","name":"Familia Mart\u00ednez Bujanda","url":"https:\/\/familiamartinezbujanda.com\/en\/","logo":{"@type":"ImageObject","inLanguage":"en-US","@id":"https:\/\/familiamartinezbujanda.com\/en\/#\/schema\/logo\/image\/","url":"https:\/\/www.familiamartinezbujanda.com\/wp-content\/uploads\/2022\/06\/favicon.jpg","contentUrl":"https:\/\/www.familiamartinezbujanda.com\/wp-content\/uploads\/2022\/06\/favicon.jpg","width":512,"height":512,"caption":"Familia Mart\u00ednez Bujanda"},"image":{"@id":"https:\/\/familiamartinezbujanda.com\/en\/#\/schema\/logo\/image\/"}}]}},"_links":{"self":[{"href":"https:\/\/familiamartinezbujanda.com\/en\/wp-json\/wp\/v2\/pages\/69052","targetHints":{"allow":["GET"]}}],"collection":[{"href":"https:\/\/familiamartinezbujanda.com\/en\/wp-json\/wp\/v2\/pages"}],"about":[{"href":"https:\/\/familiamartinezbujanda.com\/en\/wp-json\/wp\/v2\/types\/page"}],"author":[{"embeddable":true,"href":"https:\/\/familiamartinezbujanda.com\/en\/wp-json\/wp\/v2\/users\/3"}],"replies":[{"embeddable":true,"href":"https:\/\/familiamartinezbujanda.com\/en\/wp-json\/wp\/v2\/comments?post=69052"}],"version-history":[{"count":0,"href":"https:\/\/familiamartinezbujanda.com\/en\/wp-json\/wp\/v2\/pages\/69052\/revisions"}],"wp:attachment":[{"href":"https:\/\/familiamartinezbujanda.com\/en\/wp-json\/wp\/v2\/media?parent=69052"}],"curies":[{"name":"wp","href":"https:\/\/api.w.org\/{rel}","templated":true}]}}