{"id":77007,"date":"2024-05-14T13:27:12","date_gmt":"2024-05-14T11:27:12","guid":{"rendered":"https:\/\/familiamartinezbujanda.com\/135th-anniversary-photo-contest"},"modified":"2024-05-30T10:53:50","modified_gmt":"2024-05-30T08:53:50","slug":"135th-anniversary-photo-contest","status":"publish","type":"page","link":"https:\/\/familiamartinezbujanda.com\/en\/135th-anniversary-photo-contest\/","title":{"rendered":"135th anniversary photo contest"},"content":{"rendered":"\n<figure class=\"wp-block-image size-large\"><img fetchpriority=\"high\" decoding=\"async\" width=\"1024\" height=\"336\" src=\"https:\/\/familiamartinezbujanda.com\/wp-content\/uploads\/2024\/03\/135-aniversario-1024x336.jpg\" alt=\"\" class=\"wp-image-75649\" srcset=\"https:\/\/familiamartinezbujanda.com\/wp-content\/uploads\/2024\/03\/135-aniversario-1024x336.jpg 1024w, https:\/\/familiamartinezbujanda.com\/wp-content\/uploads\/2024\/03\/135-aniversario-300x98.jpg 300w, https:\/\/familiamartinezbujanda.com\/wp-content\/uploads\/2024\/03\/135-aniversario-768x252.jpg 768w, https:\/\/familiamartinezbujanda.com\/wp-content\/uploads\/2024\/03\/135-aniversario-600x197.jpg 600w, https:\/\/familiamartinezbujanda.com\/wp-content\/uploads\/2024\/03\/135-aniversario.jpg 1208w\" sizes=\"(max-width: 1024px) 100vw, 1024px\" \/><\/figure>\n\n<p><\/p>\n\n<h2 class=\"wp-block-heading\">135th anniversary photo contest<\/h2>\n\n<p><strong>1 Family &#8211; 3 estates &#8211; 5 Generations<\/strong><\/p>\n\n<p>This year we celebrate 135 years of Familia Mart\u00ednez Bujanda&#8217;s wine legacy and love for the land.<\/p>\n\n<p>For this reason, we are launching a photographic contest open to all those who wish to participate and show in images what Familia Mart\u00ednez Bujanda means to them: our wine culture, natural environment, estates, wineries, wines, moments, experiences&#8230;<\/p>\n\n<figure class=\"wp-block-image size-large\"><img decoding=\"async\" width=\"1024\" height=\"1021\" src=\"https:\/\/familiamartinezbujanda.com\/wp-content\/uploads\/2024\/05\/Concurso-fotografico-Familia-Martinez-Bujanda-1024x1021.png\" alt=\"\" class=\"wp-image-77000\" srcset=\"https:\/\/familiamartinezbujanda.com\/wp-content\/uploads\/2024\/05\/Concurso-fotografico-Familia-Martinez-Bujanda-1024x1021.png 1024w, https:\/\/familiamartinezbujanda.com\/wp-content\/uploads\/2024\/05\/Concurso-fotografico-Familia-Martinez-Bujanda-300x300.png 300w, https:\/\/familiamartinezbujanda.com\/wp-content\/uploads\/2024\/05\/Concurso-fotografico-Familia-Martinez-Bujanda-150x150.png 150w, https:\/\/familiamartinezbujanda.com\/wp-content\/uploads\/2024\/05\/Concurso-fotografico-Familia-Martinez-Bujanda-768x766.png 768w, https:\/\/familiamartinezbujanda.com\/wp-content\/uploads\/2024\/05\/Concurso-fotografico-Familia-Martinez-Bujanda-1536x1531.png 1536w, https:\/\/familiamartinezbujanda.com\/wp-content\/uploads\/2024\/05\/Concurso-fotografico-Familia-Martinez-Bujanda-600x598.png 600w, https:\/\/familiamartinezbujanda.com\/wp-content\/uploads\/2024\/05\/Concurso-fotografico-Familia-Martinez-Bujanda-100x100.png 100w, https:\/\/familiamartinezbujanda.com\/wp-content\/uploads\/2024\/05\/Concurso-fotografico-Familia-Martinez-Bujanda.png 2008w\" sizes=\"(max-width: 1024px) 100vw, 1024px\" \/><\/figure>\n\n<p><strong>REQUIREMENTS<\/strong><\/p>\n\n<p>Each contestant may submit a maximum of <strong>four original and unpublished photographs of free technique<\/strong>.<\/p>\n\n<p><strong>Photographic contest of free participation, <\/strong>open to all people who want to be part of the initiative, whether or not they are related to Familia Mart\u00ednez Bujanda. Including its employees.<\/p>\n\n<p><strong>Images related to Familia Mart\u00ednez Bujanda<\/strong>: wine culture, natural environment, estates, wineries, wines, history&#8230; In short, our legacy.<\/p>\n\n<p>Photographs must be of <strong>high quality, 300 dpi and in jpg format<\/strong>.<\/p>\n\n<p><strong>Each participant will be the author and owner of his\/her work\/s<\/strong>, exempting the organization from any claim for plagiarism or any infringement of current legislation on intellectual property or image rights that may be incurred.<\/p>\n\n<p>Photographs <strong>may not have any retouching other than the basic ones<\/strong>, and no editing or effects that alter reality are allowed.<\/p>\n\n<p>By submitting the images to the sweepstakes, <strong>Familia Mart\u00ednez Bujanda is authorized to use them<\/strong> in digital platforms, social networks, and printing for exhibition or elaboration of corporate material.<\/p>\n\n<p><strong>WHERE TO SEND IMAGES<\/strong><\/p>\n\n<p>To participate, images must be sent in digital format to the following email address<em> <\/em><a href=\"mailto:135aniversario@bujanda.com\">\n  <em>135aniversario@bujanda.com<\/em>\n<\/a><em> <\/em><\/p>\n\n<p>Each image must have an identifying title. In the body of the email, the participant&#8217;s contact information must be included: name, surname, email address, postal address and contact telephone number.<\/p>\n\n<p><strong>PERIOD OF PARTICIPATION<\/strong><\/p>\n\n<p>From May 15 to September 2. In case of extension of the contest, it will be communicated through our official social networks.<\/p>\n\n<p><strong>AWARDS<\/strong><\/p>\n\n<ul class=\"wp-block-list\">\n<li><strong><u>1st prize<\/u><\/strong><\/li>\n<\/ul>\n\n<p>400\u20ac + Visit for two to one of the estates + Lot of wines.<\/p>\n\n<ul class=\"wp-block-list\">\n<li><strong><u>2nd prize<\/u><\/strong><\/li>\n<\/ul>\n\n<p>250\u20ac + Visit for two to one of the estates + Lot of wines.<\/p>\n\n<ul class=\"wp-block-list\">\n<li><strong><u>3rd prize<\/u><\/strong><\/li>\n<\/ul>\n\n<p>150\u20ac + Visit for two to one of the estates + Lot of wines.<\/p>\n\n<ul class=\"wp-block-list\">\n<li><strong><u>Mart\u00ednez Bujanda Family Special Awards<\/u><\/strong><\/li>\n<\/ul>\n\n<p>200\u20ac + Familia Mart\u00ednez Bujanda complete wine tourism experience (visit for two people to the 3 estates) + Lot of wines.<\/p>\n\n<p>This category includes all <strong>images that are at least 35 years old<\/strong>. Here the quality and requirements will be flexible for all pre-1989 photographs.<\/p>\n\n<p><strong>The 12 best rated images will be part of a possible Familia Mart\u00ednez Bujanda 2025 corporate calendar.<\/strong><\/p>\n\n<p><em>**Prizes <u>do not include<\/u>: travel to wineries, lodging or per diems.<\/em><\/p>\n\n<p><strong>JURY<\/strong><\/p>\n\n<p>Once the deadline for participation has expired, the jury formed by:<\/p>\n\n<ul class=\"wp-block-list\">\n<li>A representative of Familia Mart\u00ednez Bujanda.<\/li>\n\n\n\n<li>The most senior worker on each of the estates. Or the representative chosen by the winery from among their peers.<\/li>\n\n\n\n<li>Responsible for wine tourism at each estate.<\/li>\n<\/ul>\n\n<p>The images considered to be of the highest artistic, creative and content quality will be deliberated and voted on.<\/p>\n\n<p>The images will be submitted to the jury with a title without indicating authorship, in order to maintain anonymity.<\/p>\n\n<div class=\"wp-block-buttons is-layout-flex wp-block-buttons-is-layout-flex\">\n<div class=\"wp-block-button\"><a class=\"wp-block-button__link has-white-color has-text-color has-background has-link-color has-text-align-center wp-element-button\" href=\"https:\/\/familiamartinezbujanda.com\/wp-content\/uploads\/2024\/05\/CONCURSO-FOTOGRAFICO-FMB-BASES.pdf\" style=\"background-color:#cf6534\" target=\"_blank\" rel=\"noreferrer noopener\">DOWNLOAD THE CONTEST RULES<\/a><\/div>\n<\/div>\n\n<p><\/p>\n","protected":false},"excerpt":{"rendered":"<p>135th anniversary photo contest 1 Family &#8211; 3 estates &#8211; 5 Generations This year we celebrate 135 years of Familia Mart\u00ednez Bujanda&#8217;s wine legacy and love for the land. For this reason, we are launching a photographic contest open to all those who wish to participate and show in images what Familia Mart\u00ednez Bujanda means [&hellip;]<\/p>\n","protected":false},"author":3754,"featured_media":77001,"parent":0,"menu_order":0,"comment_status":"closed","ping_status":"closed","template":"","meta":{"iawp_total_views":2,"footnotes":""},"class_list":["post-77007","page","type-page","status-publish","has-post-thumbnail","hentry","entry","has-media","owp-thumbs-layout-horizontal","owp-btn-normal","owp-tabs-layout-horizontal","has-no-thumbnails"],"yoast_head":"<!-- This site is optimized with the Yoast SEO plugin v27.0 - https:\/\/yoast.com\/product\/yoast-seo-wordpress\/ -->\n<title>135th anniversary photo contest | Familia Mart\u00ednez Bujanda<\/title>\n<meta name=\"robots\" content=\"index, follow, max-snippet:-1, max-image-preview:large, max-video-preview:-1\" \/>\n<link rel=\"canonical\" href=\"https:\/\/familiamartinezbujanda.com\/en\/135th-anniversary-photo-contest\/\" \/>\n<meta property=\"og:locale\" content=\"en_US\" \/>\n<meta property=\"og:type\" content=\"article\" \/>\n<meta property=\"og:title\" content=\"135th anniversary photo contest | Familia Mart\u00ednez Bujanda\" \/>\n<meta property=\"og:description\" content=\"135th anniversary photo contest 1 Family &#8211; 3 estates &#8211; 5 Generations This year we celebrate 135 years of Familia Mart\u00ednez Bujanda&#8217;s wine legacy and love for the land. For this reason, we are launching a photographic contest open to all those who wish to participate and show in images what Familia Mart\u00ednez Bujanda means [&hellip;]\" \/>\n<meta property=\"og:url\" content=\"https:\/\/familiamartinezbujanda.com\/en\/135th-anniversary-photo-contest\/\" \/>\n<meta property=\"og:site_name\" content=\"Familia Mart\u00ednez Bujanda\" \/>\n<meta property=\"article:modified_time\" content=\"2024-05-30T08:53:50+00:00\" \/>\n<meta property=\"og:image\" content=\"https:\/\/familiamartinezbujanda.com\/wp-content\/uploads\/2024\/05\/Concurso-fotografico-Familia-Martinez-Bujanda-1024x1021.png\" \/>\n\t<meta property=\"og:image:width\" content=\"1024\" \/>\n\t<meta property=\"og:image:height\" content=\"1021\" \/>\n\t<meta property=\"og:image:type\" content=\"image\/png\" \/>\n<meta name=\"twitter:card\" content=\"summary_large_image\" \/>\n<meta name=\"twitter:label1\" content=\"Est. reading time\" \/>\n\t<meta name=\"twitter:data1\" content=\"3 minutes\" \/>\n<script type=\"application\/ld+json\" class=\"yoast-schema-graph\">{\"@context\":\"https:\/\/schema.org\",\"@graph\":[{\"@type\":\"WebPage\",\"@id\":\"https:\/\/familiamartinezbujanda.com\/en\/135th-anniversary-photo-contest\/\",\"url\":\"https:\/\/familiamartinezbujanda.com\/en\/135th-anniversary-photo-contest\/\",\"name\":\"135th anniversary photo contest | Familia Mart\u00ednez Bujanda\",\"isPartOf\":{\"@id\":\"https:\/\/familiamartinezbujanda.com\/en\/#website\"},\"primaryImageOfPage\":{\"@id\":\"https:\/\/familiamartinezbujanda.com\/en\/135th-anniversary-photo-contest\/#primaryimage\"},\"image\":{\"@id\":\"https:\/\/familiamartinezbujanda.com\/en\/135th-anniversary-photo-contest\/#primaryimage\"},\"thumbnailUrl\":\"https:\/\/familiamartinezbujanda.com\/wp-content\/uploads\/2024\/05\/Concurso-fotografico-Familia-Martinez-Bujanda.png\",\"datePublished\":\"2024-05-14T11:27:12+00:00\",\"dateModified\":\"2024-05-30T08:53:50+00:00\",\"breadcrumb\":{\"@id\":\"https:\/\/familiamartinezbujanda.com\/en\/135th-anniversary-photo-contest\/#breadcrumb\"},\"inLanguage\":\"en-US\",\"potentialAction\":[{\"@type\":\"ReadAction\",\"target\":[\"https:\/\/familiamartinezbujanda.com\/en\/135th-anniversary-photo-contest\/\"]}]},{\"@type\":\"ImageObject\",\"inLanguage\":\"en-US\",\"@id\":\"https:\/\/familiamartinezbujanda.com\/en\/135th-anniversary-photo-contest\/#primaryimage\",\"url\":\"https:\/\/familiamartinezbujanda.com\/wp-content\/uploads\/2024\/05\/Concurso-fotografico-Familia-Martinez-Bujanda.png\",\"contentUrl\":\"https:\/\/familiamartinezbujanda.com\/wp-content\/uploads\/2024\/05\/Concurso-fotografico-Familia-Martinez-Bujanda.png\",\"width\":2008,\"height\":2002},{\"@type\":\"BreadcrumbList\",\"@id\":\"https:\/\/familiamartinezbujanda.com\/en\/135th-anniversary-photo-contest\/#breadcrumb\",\"itemListElement\":[{\"@type\":\"ListItem\",\"position\":1,\"name\":\"Portada\",\"item\":\"https:\/\/familiamartinezbujanda.com\/en\/inicio\/\"},{\"@type\":\"ListItem\",\"position\":2,\"name\":\"135th anniversary photo contest\"}]},{\"@type\":\"WebSite\",\"@id\":\"https:\/\/familiamartinezbujanda.com\/en\/#website\",\"url\":\"https:\/\/familiamartinezbujanda.com\/en\/\",\"name\":\"Familia Mart\u00ednez Bujanda\",\"description\":\"Cinco bodegas conforman Familia Mart\u00ednez-Bujanda: Finca Valpiedra (DOCa Rioja), Finca Antigua (DO La Mancha), Finca Montepedroso (DO Rueda), Vi\u00f1a Bujanda ...\",\"publisher\":{\"@id\":\"https:\/\/familiamartinezbujanda.com\/en\/#organization\"},\"potentialAction\":[{\"@type\":\"SearchAction\",\"target\":{\"@type\":\"EntryPoint\",\"urlTemplate\":\"https:\/\/familiamartinezbujanda.com\/en\/?s={search_term_string}\"},\"query-input\":{\"@type\":\"PropertyValueSpecification\",\"valueRequired\":true,\"valueName\":\"search_term_string\"}}],\"inLanguage\":\"en-US\"},{\"@type\":\"Organization\",\"@id\":\"https:\/\/familiamartinezbujanda.com\/en\/#organization\",\"name\":\"Familia Mart\u00ednez Bujanda\",\"url\":\"https:\/\/familiamartinezbujanda.com\/en\/\",\"logo\":{\"@type\":\"ImageObject\",\"inLanguage\":\"en-US\",\"@id\":\"https:\/\/familiamartinezbujanda.com\/en\/#\/schema\/logo\/image\/\",\"url\":\"https:\/\/www.familiamartinezbujanda.com\/wp-content\/uploads\/2022\/06\/favicon.jpg\",\"contentUrl\":\"https:\/\/www.familiamartinezbujanda.com\/wp-content\/uploads\/2022\/06\/favicon.jpg\",\"width\":512,\"height\":512,\"caption\":\"Familia Mart\u00ednez Bujanda\"},\"image\":{\"@id\":\"https:\/\/familiamartinezbujanda.com\/en\/#\/schema\/logo\/image\/\"}}]}<\/script>\n<!-- \/ Yoast SEO plugin. -->","yoast_head_json":{"title":"135th anniversary photo contest | Familia Mart\u00ednez Bujanda","robots":{"index":"index","follow":"follow","max-snippet":"max-snippet:-1","max-image-preview":"max-image-preview:large","max-video-preview":"max-video-preview:-1"},"canonical":"https:\/\/familiamartinezbujanda.com\/en\/135th-anniversary-photo-contest\/","og_locale":"en_US","og_type":"article","og_title":"135th anniversary photo contest | Familia Mart\u00ednez Bujanda","og_description":"135th anniversary photo contest 1 Family &#8211; 3 estates &#8211; 5 Generations This year we celebrate 135 years of Familia Mart\u00ednez Bujanda&#8217;s wine legacy and love for the land. For this reason, we are launching a photographic contest open to all those who wish to participate and show in images what Familia Mart\u00ednez Bujanda means [&hellip;]","og_url":"https:\/\/familiamartinezbujanda.com\/en\/135th-anniversary-photo-contest\/","og_site_name":"Familia Mart\u00ednez Bujanda","article_modified_time":"2024-05-30T08:53:50+00:00","og_image":[{"width":1024,"height":1021,"url":"https:\/\/familiamartinezbujanda.com\/wp-content\/uploads\/2024\/05\/Concurso-fotografico-Familia-Martinez-Bujanda-1024x1021.png","type":"image\/png"}],"twitter_card":"summary_large_image","twitter_misc":{"Est. reading time":"3 minutes"},"schema":{"@context":"https:\/\/schema.org","@graph":[{"@type":"WebPage","@id":"https:\/\/familiamartinezbujanda.com\/en\/135th-anniversary-photo-contest\/","url":"https:\/\/familiamartinezbujanda.com\/en\/135th-anniversary-photo-contest\/","name":"135th anniversary photo contest | Familia Mart\u00ednez Bujanda","isPartOf":{"@id":"https:\/\/familiamartinezbujanda.com\/en\/#website"},"primaryImageOfPage":{"@id":"https:\/\/familiamartinezbujanda.com\/en\/135th-anniversary-photo-contest\/#primaryimage"},"image":{"@id":"https:\/\/familiamartinezbujanda.com\/en\/135th-anniversary-photo-contest\/#primaryimage"},"thumbnailUrl":"https:\/\/familiamartinezbujanda.com\/wp-content\/uploads\/2024\/05\/Concurso-fotografico-Familia-Martinez-Bujanda.png","datePublished":"2024-05-14T11:27:12+00:00","dateModified":"2024-05-30T08:53:50+00:00","breadcrumb":{"@id":"https:\/\/familiamartinezbujanda.com\/en\/135th-anniversary-photo-contest\/#breadcrumb"},"inLanguage":"en-US","potentialAction":[{"@type":"ReadAction","target":["https:\/\/familiamartinezbujanda.com\/en\/135th-anniversary-photo-contest\/"]}]},{"@type":"ImageObject","inLanguage":"en-US","@id":"https:\/\/familiamartinezbujanda.com\/en\/135th-anniversary-photo-contest\/#primaryimage","url":"https:\/\/familiamartinezbujanda.com\/wp-content\/uploads\/2024\/05\/Concurso-fotografico-Familia-Martinez-Bujanda.png","contentUrl":"https:\/\/familiamartinezbujanda.com\/wp-content\/uploads\/2024\/05\/Concurso-fotografico-Familia-Martinez-Bujanda.png","width":2008,"height":2002},{"@type":"BreadcrumbList","@id":"https:\/\/familiamartinezbujanda.com\/en\/135th-anniversary-photo-contest\/#breadcrumb","itemListElement":[{"@type":"ListItem","position":1,"name":"Portada","item":"https:\/\/familiamartinezbujanda.com\/en\/inicio\/"},{"@type":"ListItem","position":2,"name":"135th anniversary photo contest"}]},{"@type":"WebSite","@id":"https:\/\/familiamartinezbujanda.com\/en\/#website","url":"https:\/\/familiamartinezbujanda.com\/en\/","name":"Familia Mart\u00ednez Bujanda","description":"Cinco bodegas conforman Familia Mart\u00ednez-Bujanda: Finca Valpiedra (DOCa Rioja), Finca Antigua (DO La Mancha), Finca Montepedroso (DO Rueda), Vi\u00f1a Bujanda ...","publisher":{"@id":"https:\/\/familiamartinezbujanda.com\/en\/#organization"},"potentialAction":[{"@type":"SearchAction","target":{"@type":"EntryPoint","urlTemplate":"https:\/\/familiamartinezbujanda.com\/en\/?s={search_term_string}"},"query-input":{"@type":"PropertyValueSpecification","valueRequired":true,"valueName":"search_term_string"}}],"inLanguage":"en-US"},{"@type":"Organization","@id":"https:\/\/familiamartinezbujanda.com\/en\/#organization","name":"Familia Mart\u00ednez Bujanda","url":"https:\/\/familiamartinezbujanda.com\/en\/","logo":{"@type":"ImageObject","inLanguage":"en-US","@id":"https:\/\/familiamartinezbujanda.com\/en\/#\/schema\/logo\/image\/","url":"https:\/\/www.familiamartinezbujanda.com\/wp-content\/uploads\/2022\/06\/favicon.jpg","contentUrl":"https:\/\/www.familiamartinezbujanda.com\/wp-content\/uploads\/2022\/06\/favicon.jpg","width":512,"height":512,"caption":"Familia Mart\u00ednez Bujanda"},"image":{"@id":"https:\/\/familiamartinezbujanda.com\/en\/#\/schema\/logo\/image\/"}}]}},"_links":{"self":[{"href":"https:\/\/familiamartinezbujanda.com\/en\/wp-json\/wp\/v2\/pages\/77007","targetHints":{"allow":["GET"]}}],"collection":[{"href":"https:\/\/familiamartinezbujanda.com\/en\/wp-json\/wp\/v2\/pages"}],"about":[{"href":"https:\/\/familiamartinezbujanda.com\/en\/wp-json\/wp\/v2\/types\/page"}],"author":[{"embeddable":true,"href":"https:\/\/familiamartinezbujanda.com\/en\/wp-json\/wp\/v2\/users\/3754"}],"replies":[{"embeddable":true,"href":"https:\/\/familiamartinezbujanda.com\/en\/wp-json\/wp\/v2\/comments?post=77007"}],"version-history":[{"count":0,"href":"https:\/\/familiamartinezbujanda.com\/en\/wp-json\/wp\/v2\/pages\/77007\/revisions"}],"wp:featuredmedia":[{"embeddable":true,"href":"https:\/\/familiamartinezbujanda.com\/en\/wp-json\/wp\/v2\/media\/77001"}],"wp:attachment":[{"href":"https:\/\/familiamartinezbujanda.com\/en\/wp-json\/wp\/v2\/media?parent=77007"}],"curies":[{"name":"wp","href":"https:\/\/api.w.org\/{rel}","templated":true}]}}