{"id":69745,"date":"2021-06-15T01:00:36","date_gmt":"2021-06-14T23:00:36","guid":{"rendered":"https:\/\/familiamartinezbujanda.madisonmk.agency\/tienda\/uncategorized\/finca-valpiedra-reserva-white"},"modified":"2026-03-27T14:17:55","modified_gmt":"2026-03-27T13:17:55","slug":"finca-valpiedra-reserva-blanco","status":"publish","type":"product","link":"https:\/\/familiamartinezbujanda.com\/en\/shop\/wines\/whites-and-sweets\/finca-valpiedra-reserva-blanco\/","title":{"rendered":"Finca Valpiedra Reserva Blanco"},"content":{"rendered":"<p><strong>Finca Valpiedra Reserva Blanco, (D.O.Ca. Rioja), <\/strong>is a limited edition of a <strong>white wine good for cellaring<\/strong>, one <strong>of the best whites of Rioja<\/strong>. Creamy, fresh, perfumed, with great balance between body and acidity.<\/p>\n<p>This is a <strong>reserve white wine<\/strong> that pairs very well with grilled fish and braised poultry, baked turkey and small game dishes (partridge and turtledove). This <strong>white wine from Rioja<\/strong> also goes great with medium-high cured cheeses. And if you are looking for paella wines, <strong>Finca Valpiedra Reserva Blanco<\/strong> goes great.<\/p>\n<p>Enjoy an exclusive Rioja white wine made from Viura, Garnacha Blanca, Malvas\u00eda and Maturana Blanca, fermented in stainless steel tanks and aged in French and American oak barrels for 24 months. It then spends one year in granite eggs and one year in the bottle.<\/p>\n<p>Do you want to share it? <strong>Finca Valpiedra Reserva Blanco<\/strong> is a good white wine to give as a gift.<\/p>\n","protected":false},"excerpt":{"rendered":"<p><span style=\"color: #000000;\"><strong>VINEYARD:<\/strong><\/span> Finca Valpiedra. &#8220;La Pe\u00f1a del Gato&#8221;.<br \/>\n<span style=\"color: #000000;\"><strong>VARIETY: <\/strong><\/span>Viura, Garnacha Blanca, Malvasia and Maturana Blanca.<br \/>\n<span style=\"color: #000000;\"><strong>D.O.: <\/strong><\/span>Calificada Rioja<br \/>\n<span style=\"color: #000000;\"><br \/>\n<strong>BOTTLE: <\/strong><br \/>\n<\/span>750 ml<br \/>\n<span style=\"color: #000000;\"><strong>CATEGORY: <\/strong><\/span>Reserve<br \/>\n<span style=\"color: #000000;\"><br \/>\n<strong>ALCOHOL CONTENT: <\/strong><br \/>\n<\/span>12,5% Vol<br \/>\n<span style=\"color: #000000;\"><strong>TOTAL ACIDITY: <\/strong>6,<\/span>8 g\/L. T\u00e1rtrica<br \/>\n<span style=\"color: #000000;\"><strong>HARVEST DATE: <\/strong>4th<\/span> week of September<br \/>\n<span style=\"color: #000000;\"><strong>AGING: <\/strong><\/span>24 months in French and American oak barrels and 1 year in granite egg.<\/p>\n","protected":false},"featured_media":68282,"comment_status":"open","ping_status":"closed","template":"","meta":{"iawp_total_views":89},"product_brand":[],"product_cat":[1561,2048,2042,2036],"product_tag":[2050],"class_list":{"0":"post-69745","1":"product","2":"type-product","3":"status-publish","4":"has-post-thumbnail","6":"product_cat-finca-valpiedra-en","7":"product_cat-limited-editions","8":"product_cat-reserves","9":"product_cat-whites-and-sweets","10":"product_tag-limited-edition","12":"entry","13":"has-media","15":"first","16":"instock","17":"featured","18":"taxable","19":"shipping-taxable","20":"purchasable","21":"product-type-simple","22":"col","23":"span_1_of_3","24":"owp-content-center","25":"owp-thumbs-layout-horizontal","26":"owp-btn-normal","27":"owp-tabs-layout-horizontal","28":"has-no-thumbnails"},"yoast_head":"<!-- This site is optimized with the Yoast SEO plugin v27.0 - https:\/\/yoast.com\/product\/yoast-seo-wordpress\/ -->\n<title>Finca Valpiedra Reserva Blanco | Familia Mart\u00ednez Bujanda<\/title>\n<meta name=\"description\" content=\"Finca Valpiedra Reserva Blanco: a limited edition Rioja white wine, with balance and freshness. Perfect with fish, poultry and cheese.\" \/>\n<meta name=\"robots\" content=\"index, follow, max-snippet:-1, max-image-preview:large, max-video-preview:-1\" \/>\n<link rel=\"canonical\" href=\"https:\/\/familiamartinezbujanda.com\/en\/shop\/wines\/whites-and-sweets\/finca-valpiedra-reserva-blanco\/\" \/>\n<meta property=\"og:locale\" content=\"en_US\" \/>\n<meta property=\"og:type\" content=\"article\" \/>\n<meta property=\"og:title\" content=\"Finca Valpiedra Reserva Blanco | Familia Mart\u00ednez Bujanda\" \/>\n<meta property=\"og:description\" content=\"Finca Valpiedra Reserva Blanco: a limited edition Rioja white wine, with balance and freshness. Perfect with fish, poultry and cheese.\" \/>\n<meta property=\"og:url\" content=\"https:\/\/familiamartinezbujanda.com\/en\/shop\/wines\/whites-and-sweets\/finca-valpiedra-reserva-blanco\/\" \/>\n<meta property=\"og:site_name\" content=\"Familia Mart\u00ednez Bujanda\" \/>\n<meta property=\"article:modified_time\" content=\"2026-03-27T13:17:55+00:00\" \/>\n<meta property=\"og:image\" content=\"https:\/\/familiamartinezbujanda.com\/wp-content\/uploads\/2022\/05\/finca-valpiedra-blanco.jpg\" \/>\n\t<meta property=\"og:image:width\" content=\"600\" \/>\n\t<meta property=\"og:image:height\" content=\"600\" \/>\n\t<meta property=\"og:image:type\" content=\"image\/jpeg\" \/>\n<meta name=\"twitter:card\" content=\"summary_large_image\" \/>\n<meta name=\"twitter:label1\" content=\"Est. reading time\" \/>\n\t<meta name=\"twitter:data1\" content=\"1 minute\" \/>\n<script type=\"application\/ld+json\" class=\"yoast-schema-graph\">{\"@context\":\"https:\/\/schema.org\",\"@graph\":[{\"@type\":\"WebPage\",\"@id\":\"https:\/\/familiamartinezbujanda.com\/en\/shop\/wines\/whites-and-sweets\/finca-valpiedra-reserva-blanco\/\",\"url\":\"https:\/\/familiamartinezbujanda.com\/en\/shop\/wines\/whites-and-sweets\/finca-valpiedra-reserva-blanco\/\",\"name\":\"Finca Valpiedra Reserva Blanco | Familia Mart\u00ednez Bujanda\",\"isPartOf\":{\"@id\":\"https:\/\/familiamartinezbujanda.com\/en\/#website\"},\"primaryImageOfPage\":{\"@id\":\"https:\/\/familiamartinezbujanda.com\/en\/shop\/wines\/whites-and-sweets\/finca-valpiedra-reserva-blanco\/#primaryimage\"},\"image\":{\"@id\":\"https:\/\/familiamartinezbujanda.com\/en\/shop\/wines\/whites-and-sweets\/finca-valpiedra-reserva-blanco\/#primaryimage\"},\"thumbnailUrl\":\"https:\/\/familiamartinezbujanda.com\/wp-content\/uploads\/2022\/05\/finca-valpiedra-blanco.jpg\",\"datePublished\":\"2021-06-14T23:00:36+00:00\",\"dateModified\":\"2026-03-27T13:17:55+00:00\",\"description\":\"Finca Valpiedra Reserva Blanco: a limited edition Rioja white wine, with balance and freshness. Perfect with fish, poultry and cheese.\",\"breadcrumb\":{\"@id\":\"https:\/\/familiamartinezbujanda.com\/en\/shop\/wines\/whites-and-sweets\/finca-valpiedra-reserva-blanco\/#breadcrumb\"},\"inLanguage\":\"en-US\",\"potentialAction\":[{\"@type\":\"ReadAction\",\"target\":[\"https:\/\/familiamartinezbujanda.com\/en\/shop\/wines\/whites-and-sweets\/finca-valpiedra-reserva-blanco\/\"]}]},{\"@type\":\"ImageObject\",\"inLanguage\":\"en-US\",\"@id\":\"https:\/\/familiamartinezbujanda.com\/en\/shop\/wines\/whites-and-sweets\/finca-valpiedra-reserva-blanco\/#primaryimage\",\"url\":\"https:\/\/familiamartinezbujanda.com\/wp-content\/uploads\/2022\/05\/finca-valpiedra-blanco.jpg\",\"contentUrl\":\"https:\/\/familiamartinezbujanda.com\/wp-content\/uploads\/2022\/05\/finca-valpiedra-blanco.jpg\",\"width\":600,\"height\":600},{\"@type\":\"BreadcrumbList\",\"@id\":\"https:\/\/familiamartinezbujanda.com\/en\/shop\/wines\/whites-and-sweets\/finca-valpiedra-reserva-blanco\/#breadcrumb\",\"itemListElement\":[{\"@type\":\"ListItem\",\"position\":1,\"name\":\"Portada\",\"item\":\"https:\/\/familiamartinezbujanda.com\/en\/inicio\/\"},{\"@type\":\"ListItem\",\"position\":2,\"name\":\"Tienda\",\"item\":\"https:\/\/familiamartinezbujanda.com\/en\/shop\/\"},{\"@type\":\"ListItem\",\"position\":3,\"name\":\"Finca Valpiedra Reserva Blanco\"}]},{\"@type\":\"WebSite\",\"@id\":\"https:\/\/familiamartinezbujanda.com\/en\/#website\",\"url\":\"https:\/\/familiamartinezbujanda.com\/en\/\",\"name\":\"Familia Mart\u00ednez Bujanda\",\"description\":\"Cinco bodegas conforman Familia Mart\u00ednez-Bujanda: Finca Valpiedra (DOCa Rioja), Finca Antigua (DO La Mancha), Finca Montepedroso (DO Rueda), Vi\u00f1a Bujanda ...\",\"publisher\":{\"@id\":\"https:\/\/familiamartinezbujanda.com\/en\/#organization\"},\"potentialAction\":[{\"@type\":\"SearchAction\",\"target\":{\"@type\":\"EntryPoint\",\"urlTemplate\":\"https:\/\/familiamartinezbujanda.com\/en\/?s={search_term_string}\"},\"query-input\":{\"@type\":\"PropertyValueSpecification\",\"valueRequired\":true,\"valueName\":\"search_term_string\"}}],\"inLanguage\":\"en-US\"},{\"@type\":\"Organization\",\"@id\":\"https:\/\/familiamartinezbujanda.com\/en\/#organization\",\"name\":\"Familia Mart\u00ednez Bujanda\",\"url\":\"https:\/\/familiamartinezbujanda.com\/en\/\",\"logo\":{\"@type\":\"ImageObject\",\"inLanguage\":\"en-US\",\"@id\":\"https:\/\/familiamartinezbujanda.com\/en\/#\/schema\/logo\/image\/\",\"url\":\"https:\/\/www.familiamartinezbujanda.com\/wp-content\/uploads\/2022\/06\/favicon.jpg\",\"contentUrl\":\"https:\/\/www.familiamartinezbujanda.com\/wp-content\/uploads\/2022\/06\/favicon.jpg\",\"width\":512,\"height\":512,\"caption\":\"Familia Mart\u00ednez Bujanda\"},\"image\":{\"@id\":\"https:\/\/familiamartinezbujanda.com\/en\/#\/schema\/logo\/image\/\"}}]}<\/script>\n<!-- \/ Yoast SEO plugin. -->","yoast_head_json":{"title":"Finca Valpiedra Reserva Blanco | Familia Mart\u00ednez Bujanda","description":"Finca Valpiedra Reserva Blanco: a limited edition Rioja white wine, with balance and freshness. Perfect with fish, poultry and cheese.","robots":{"index":"index","follow":"follow","max-snippet":"max-snippet:-1","max-image-preview":"max-image-preview:large","max-video-preview":"max-video-preview:-1"},"canonical":"https:\/\/familiamartinezbujanda.com\/en\/shop\/wines\/whites-and-sweets\/finca-valpiedra-reserva-blanco\/","og_locale":"en_US","og_type":"article","og_title":"Finca Valpiedra Reserva Blanco | Familia Mart\u00ednez Bujanda","og_description":"Finca Valpiedra Reserva Blanco: a limited edition Rioja white wine, with balance and freshness. Perfect with fish, poultry and cheese.","og_url":"https:\/\/familiamartinezbujanda.com\/en\/shop\/wines\/whites-and-sweets\/finca-valpiedra-reserva-blanco\/","og_site_name":"Familia Mart\u00ednez Bujanda","article_modified_time":"2026-03-27T13:17:55+00:00","og_image":[{"width":600,"height":600,"url":"https:\/\/familiamartinezbujanda.com\/wp-content\/uploads\/2022\/05\/finca-valpiedra-blanco.jpg","type":"image\/jpeg"}],"twitter_card":"summary_large_image","twitter_misc":{"Est. reading time":"1 minute"},"schema":{"@context":"https:\/\/schema.org","@graph":[{"@type":"WebPage","@id":"https:\/\/familiamartinezbujanda.com\/en\/shop\/wines\/whites-and-sweets\/finca-valpiedra-reserva-blanco\/","url":"https:\/\/familiamartinezbujanda.com\/en\/shop\/wines\/whites-and-sweets\/finca-valpiedra-reserva-blanco\/","name":"Finca Valpiedra Reserva Blanco | Familia Mart\u00ednez Bujanda","isPartOf":{"@id":"https:\/\/familiamartinezbujanda.com\/en\/#website"},"primaryImageOfPage":{"@id":"https:\/\/familiamartinezbujanda.com\/en\/shop\/wines\/whites-and-sweets\/finca-valpiedra-reserva-blanco\/#primaryimage"},"image":{"@id":"https:\/\/familiamartinezbujanda.com\/en\/shop\/wines\/whites-and-sweets\/finca-valpiedra-reserva-blanco\/#primaryimage"},"thumbnailUrl":"https:\/\/familiamartinezbujanda.com\/wp-content\/uploads\/2022\/05\/finca-valpiedra-blanco.jpg","datePublished":"2021-06-14T23:00:36+00:00","dateModified":"2026-03-27T13:17:55+00:00","description":"Finca Valpiedra Reserva Blanco: a limited edition Rioja white wine, with balance and freshness. Perfect with fish, poultry and cheese.","breadcrumb":{"@id":"https:\/\/familiamartinezbujanda.com\/en\/shop\/wines\/whites-and-sweets\/finca-valpiedra-reserva-blanco\/#breadcrumb"},"inLanguage":"en-US","potentialAction":[{"@type":"ReadAction","target":["https:\/\/familiamartinezbujanda.com\/en\/shop\/wines\/whites-and-sweets\/finca-valpiedra-reserva-blanco\/"]}]},{"@type":"ImageObject","inLanguage":"en-US","@id":"https:\/\/familiamartinezbujanda.com\/en\/shop\/wines\/whites-and-sweets\/finca-valpiedra-reserva-blanco\/#primaryimage","url":"https:\/\/familiamartinezbujanda.com\/wp-content\/uploads\/2022\/05\/finca-valpiedra-blanco.jpg","contentUrl":"https:\/\/familiamartinezbujanda.com\/wp-content\/uploads\/2022\/05\/finca-valpiedra-blanco.jpg","width":600,"height":600},{"@type":"BreadcrumbList","@id":"https:\/\/familiamartinezbujanda.com\/en\/shop\/wines\/whites-and-sweets\/finca-valpiedra-reserva-blanco\/#breadcrumb","itemListElement":[{"@type":"ListItem","position":1,"name":"Portada","item":"https:\/\/familiamartinezbujanda.com\/en\/inicio\/"},{"@type":"ListItem","position":2,"name":"Tienda","item":"https:\/\/familiamartinezbujanda.com\/en\/shop\/"},{"@type":"ListItem","position":3,"name":"Finca Valpiedra Reserva Blanco"}]},{"@type":"WebSite","@id":"https:\/\/familiamartinezbujanda.com\/en\/#website","url":"https:\/\/familiamartinezbujanda.com\/en\/","name":"Familia Mart\u00ednez Bujanda","description":"Cinco bodegas conforman Familia Mart\u00ednez-Bujanda: Finca Valpiedra (DOCa Rioja), Finca Antigua (DO La Mancha), Finca Montepedroso (DO Rueda), Vi\u00f1a Bujanda ...","publisher":{"@id":"https:\/\/familiamartinezbujanda.com\/en\/#organization"},"potentialAction":[{"@type":"SearchAction","target":{"@type":"EntryPoint","urlTemplate":"https:\/\/familiamartinezbujanda.com\/en\/?s={search_term_string}"},"query-input":{"@type":"PropertyValueSpecification","valueRequired":true,"valueName":"search_term_string"}}],"inLanguage":"en-US"},{"@type":"Organization","@id":"https:\/\/familiamartinezbujanda.com\/en\/#organization","name":"Familia Mart\u00ednez Bujanda","url":"https:\/\/familiamartinezbujanda.com\/en\/","logo":{"@type":"ImageObject","inLanguage":"en-US","@id":"https:\/\/familiamartinezbujanda.com\/en\/#\/schema\/logo\/image\/","url":"https:\/\/www.familiamartinezbujanda.com\/wp-content\/uploads\/2022\/06\/favicon.jpg","contentUrl":"https:\/\/www.familiamartinezbujanda.com\/wp-content\/uploads\/2022\/06\/favicon.jpg","width":512,"height":512,"caption":"Familia Mart\u00ednez Bujanda"},"image":{"@id":"https:\/\/familiamartinezbujanda.com\/en\/#\/schema\/logo\/image\/"}}]}},"_links":{"self":[{"href":"https:\/\/familiamartinezbujanda.com\/en\/wp-json\/wp\/v2\/product\/69745","targetHints":{"allow":["GET"]}}],"collection":[{"href":"https:\/\/familiamartinezbujanda.com\/en\/wp-json\/wp\/v2\/product"}],"about":[{"href":"https:\/\/familiamartinezbujanda.com\/en\/wp-json\/wp\/v2\/types\/product"}],"replies":[{"embeddable":true,"href":"https:\/\/familiamartinezbujanda.com\/en\/wp-json\/wp\/v2\/comments?post=69745"}],"wp:featuredmedia":[{"embeddable":true,"href":"https:\/\/familiamartinezbujanda.com\/en\/wp-json\/wp\/v2\/media\/68282"}],"wp:attachment":[{"href":"https:\/\/familiamartinezbujanda.com\/en\/wp-json\/wp\/v2\/media?parent=69745"}],"wp:term":[{"taxonomy":"product_brand","embeddable":true,"href":"https:\/\/familiamartinezbujanda.com\/en\/wp-json\/wp\/v2\/product_brand?post=69745"},{"taxonomy":"product_cat","embeddable":true,"href":"https:\/\/familiamartinezbujanda.com\/en\/wp-json\/wp\/v2\/product_cat?post=69745"},{"taxonomy":"product_tag","embeddable":true,"href":"https:\/\/familiamartinezbujanda.com\/en\/wp-json\/wp\/v2\/product_tag?post=69745"}],"curies":[{"name":"wp","href":"https:\/\/api.w.org\/{rel}","templated":true}]}}