{"id":69751,"date":"2021-05-17T02:30:04","date_gmt":"2021-05-17T00:30:04","guid":{"rendered":"https:\/\/familiamartinezbujanda.madisonmk.agency\/tienda\/uncategorized\/vina-bujanda-crianza"},"modified":"2026-03-27T15:58:38","modified_gmt":"2026-03-27T14:58:38","slug":"vina-bujanda-crianza","status":"publish","type":"product","link":"https:\/\/familiamartinezbujanda.com\/en\/shop\/wines\/crianzas-en\/vina-bujanda-crianza\/","title":{"rendered":"Vi\u00f1a Bujanda Crianza"},"content":{"rendered":"<p><strong>Vi\u00f1a Bujanda Crianza (D.O.Ca. Rioja)<\/strong> is a purple-colored crianza red wine made from Tempranillo grapes. This classic Rioja wine is aged for 12 months in American oak barrels, which gives it wonderful aromas of black fruits and tobacco.<\/p>\n<p>A wine recommended for lovers of the traditional with a broad and silky entry on the palate with a long finish.<\/p>\n","protected":false},"excerpt":{"rendered":"<p><span style=\"color: #000000;\"><strong>VINEYARD: <\/strong><\/span>Rioja Alta &amp; Rioja Alavesa<br \/>\n<span style=\"color: #000000;\"><strong>VARIETY: <\/strong><\/span>100% Tempranillo<br \/>\n<span style=\"color: #000000;\"><strong>D.O.: <\/strong><\/span>Calificada Rioja.<br \/>\n<span style=\"color: #000000;\"><strong>BOTTLE: <\/strong><\/span>750 ml<br \/>\n<span style=\"color: #000000;\"><strong>CATEGORY: <\/strong><\/span>Breeding<br \/>\n<span style=\"color: #000000;\"><strong>ALCOHOL CONTENT: <\/strong><\/span>13 % Vol.<br \/>\n<span style=\"color: #000000;\"><strong>TOTAL ACIDITY: <\/strong><\/span>5,6 g\/l. Tartaric<br \/>\n<span style=\"color: #000000;\"><strong>HARVEST DATE: <\/strong>4th<\/span>week of September 2022<br \/>\n<span style=\"color: #000000;\"><strong>AGING: <\/strong><\/span>12 months in American oak barrels.<\/p>\n","protected":false},"featured_media":68283,"comment_status":"open","ping_status":"closed","template":"","meta":{"iawp_total_views":348},"product_brand":[],"product_cat":[2046,2220,2043,2037],"product_tag":[2044],"class_list":{"0":"post-69751","1":"product","2":"type-product","3":"status-publish","4":"has-post-thumbnail","6":"product_cat-crianzas-en","7":"product_cat-reds","8":"product_cat-tempranillo-en","9":"product_cat-vina-bujanda-en","10":"product_tag-tempranillo-en","12":"entry","13":"has-media","15":"first","16":"instock","17":"taxable","18":"shipping-taxable","19":"purchasable","20":"product-type-simple","21":"col","22":"span_1_of_3","23":"owp-content-center","24":"owp-thumbs-layout-horizontal","25":"owp-btn-normal","26":"owp-tabs-layout-horizontal","27":"has-no-thumbnails"},"yoast_head":"<!-- This site is optimized with the Yoast SEO plugin v27.0 - https:\/\/yoast.com\/product\/yoast-seo-wordpress\/ -->\n<title>Vi\u00f1a Bujanda Crianza | Familia Mart\u00ednez Bujanda<\/title>\n<meta name=\"robots\" content=\"index, follow, max-snippet:-1, max-image-preview:large, max-video-preview:-1\" \/>\n<link rel=\"canonical\" href=\"https:\/\/familiamartinezbujanda.com\/en\/shop\/wines\/crianzas-en\/vina-bujanda-crianza\/\" \/>\n<meta property=\"og:locale\" content=\"en_US\" \/>\n<meta property=\"og:type\" content=\"article\" \/>\n<meta property=\"og:title\" content=\"Vi\u00f1a Bujanda Crianza | Familia Mart\u00ednez Bujanda\" \/>\n<meta property=\"og:description\" content=\"VINEYARD: Rioja Alta &amp; Rioja Alavesa VARIETY: 100% Tempranillo D.O.: Calificada Rioja. BOTTLE: 750 ml CATEGORY: Breeding ALCOHOL CONTENT: 13 % Vol. TOTAL ACIDITY: 5,6 g\/l. Tartaric HARVEST DATE: 4thweek of September 2022 AGING: 12 months in American oak barrels.\" \/>\n<meta property=\"og:url\" content=\"https:\/\/familiamartinezbujanda.com\/en\/shop\/wines\/crianzas-en\/vina-bujanda-crianza\/\" \/>\n<meta property=\"og:site_name\" content=\"Familia Mart\u00ednez Bujanda\" \/>\n<meta property=\"article:modified_time\" content=\"2026-03-27T14:58:38+00:00\" \/>\n<meta property=\"og:image\" content=\"https:\/\/familiamartinezbujanda.com\/wp-content\/uploads\/2023\/06\/vina-bujanda-export-crianza.webp\" \/>\n\t<meta property=\"og:image:width\" content=\"600\" \/>\n\t<meta property=\"og:image:height\" content=\"600\" \/>\n\t<meta property=\"og:image:type\" content=\"image\/webp\" \/>\n<meta name=\"twitter:card\" content=\"summary_large_image\" \/>\n<meta name=\"twitter:label1\" content=\"Est. reading time\" \/>\n\t<meta name=\"twitter:data1\" content=\"1 minute\" \/>\n<script type=\"application\/ld+json\" class=\"yoast-schema-graph\">{\"@context\":\"https:\/\/schema.org\",\"@graph\":[{\"@type\":\"WebPage\",\"@id\":\"https:\/\/familiamartinezbujanda.com\/en\/shop\/wines\/crianzas-en\/vina-bujanda-crianza\/\",\"url\":\"https:\/\/familiamartinezbujanda.com\/en\/shop\/wines\/crianzas-en\/vina-bujanda-crianza\/\",\"name\":\"Vi\u00f1a Bujanda Crianza | Familia Mart\u00ednez Bujanda\",\"isPartOf\":{\"@id\":\"https:\/\/familiamartinezbujanda.com\/en\/#website\"},\"primaryImageOfPage\":{\"@id\":\"https:\/\/familiamartinezbujanda.com\/en\/shop\/wines\/crianzas-en\/vina-bujanda-crianza\/#primaryimage\"},\"image\":{\"@id\":\"https:\/\/familiamartinezbujanda.com\/en\/shop\/wines\/crianzas-en\/vina-bujanda-crianza\/#primaryimage\"},\"thumbnailUrl\":\"https:\/\/familiamartinezbujanda.com\/wp-content\/uploads\/2023\/06\/vina-bujanda-export-crianza.webp\",\"datePublished\":\"2021-05-17T00:30:04+00:00\",\"dateModified\":\"2026-03-27T14:58:38+00:00\",\"breadcrumb\":{\"@id\":\"https:\/\/familiamartinezbujanda.com\/en\/shop\/wines\/crianzas-en\/vina-bujanda-crianza\/#breadcrumb\"},\"inLanguage\":\"en-US\",\"potentialAction\":[{\"@type\":\"ReadAction\",\"target\":[\"https:\/\/familiamartinezbujanda.com\/en\/shop\/wines\/crianzas-en\/vina-bujanda-crianza\/\"]}]},{\"@type\":\"ImageObject\",\"inLanguage\":\"en-US\",\"@id\":\"https:\/\/familiamartinezbujanda.com\/en\/shop\/wines\/crianzas-en\/vina-bujanda-crianza\/#primaryimage\",\"url\":\"https:\/\/familiamartinezbujanda.com\/wp-content\/uploads\/2023\/06\/vina-bujanda-export-crianza.webp\",\"contentUrl\":\"https:\/\/familiamartinezbujanda.com\/wp-content\/uploads\/2023\/06\/vina-bujanda-export-crianza.webp\",\"width\":600,\"height\":600},{\"@type\":\"BreadcrumbList\",\"@id\":\"https:\/\/familiamartinezbujanda.com\/en\/shop\/wines\/crianzas-en\/vina-bujanda-crianza\/#breadcrumb\",\"itemListElement\":[{\"@type\":\"ListItem\",\"position\":1,\"name\":\"Portada\",\"item\":\"https:\/\/familiamartinezbujanda.com\/en\/inicio\/\"},{\"@type\":\"ListItem\",\"position\":2,\"name\":\"Tienda\",\"item\":\"https:\/\/familiamartinezbujanda.com\/en\/shop\/\"},{\"@type\":\"ListItem\",\"position\":3,\"name\":\"Vi\u00f1a Bujanda Crianza\"}]},{\"@type\":\"WebSite\",\"@id\":\"https:\/\/familiamartinezbujanda.com\/en\/#website\",\"url\":\"https:\/\/familiamartinezbujanda.com\/en\/\",\"name\":\"Familia Mart\u00ednez Bujanda\",\"description\":\"Cinco bodegas conforman Familia Mart\u00ednez-Bujanda: Finca Valpiedra (DOCa Rioja), Finca Antigua (DO La Mancha), Finca Montepedroso (DO Rueda), Vi\u00f1a Bujanda ...\",\"publisher\":{\"@id\":\"https:\/\/familiamartinezbujanda.com\/en\/#organization\"},\"potentialAction\":[{\"@type\":\"SearchAction\",\"target\":{\"@type\":\"EntryPoint\",\"urlTemplate\":\"https:\/\/familiamartinezbujanda.com\/en\/?s={search_term_string}\"},\"query-input\":{\"@type\":\"PropertyValueSpecification\",\"valueRequired\":true,\"valueName\":\"search_term_string\"}}],\"inLanguage\":\"en-US\"},{\"@type\":\"Organization\",\"@id\":\"https:\/\/familiamartinezbujanda.com\/en\/#organization\",\"name\":\"Familia Mart\u00ednez Bujanda\",\"url\":\"https:\/\/familiamartinezbujanda.com\/en\/\",\"logo\":{\"@type\":\"ImageObject\",\"inLanguage\":\"en-US\",\"@id\":\"https:\/\/familiamartinezbujanda.com\/en\/#\/schema\/logo\/image\/\",\"url\":\"https:\/\/www.familiamartinezbujanda.com\/wp-content\/uploads\/2022\/06\/favicon.jpg\",\"contentUrl\":\"https:\/\/www.familiamartinezbujanda.com\/wp-content\/uploads\/2022\/06\/favicon.jpg\",\"width\":512,\"height\":512,\"caption\":\"Familia Mart\u00ednez Bujanda\"},\"image\":{\"@id\":\"https:\/\/familiamartinezbujanda.com\/en\/#\/schema\/logo\/image\/\"}}]}<\/script>\n<!-- \/ Yoast SEO plugin. -->","yoast_head_json":{"title":"Vi\u00f1a Bujanda Crianza | Familia Mart\u00ednez Bujanda","robots":{"index":"index","follow":"follow","max-snippet":"max-snippet:-1","max-image-preview":"max-image-preview:large","max-video-preview":"max-video-preview:-1"},"canonical":"https:\/\/familiamartinezbujanda.com\/en\/shop\/wines\/crianzas-en\/vina-bujanda-crianza\/","og_locale":"en_US","og_type":"article","og_title":"Vi\u00f1a Bujanda Crianza | Familia Mart\u00ednez Bujanda","og_description":"VINEYARD: Rioja Alta &amp; Rioja Alavesa VARIETY: 100% Tempranillo D.O.: Calificada Rioja. BOTTLE: 750 ml CATEGORY: Breeding ALCOHOL CONTENT: 13 % Vol. TOTAL ACIDITY: 5,6 g\/l. Tartaric HARVEST DATE: 4thweek of September 2022 AGING: 12 months in American oak barrels.","og_url":"https:\/\/familiamartinezbujanda.com\/en\/shop\/wines\/crianzas-en\/vina-bujanda-crianza\/","og_site_name":"Familia Mart\u00ednez Bujanda","article_modified_time":"2026-03-27T14:58:38+00:00","og_image":[{"width":600,"height":600,"url":"https:\/\/familiamartinezbujanda.com\/wp-content\/uploads\/2023\/06\/vina-bujanda-export-crianza.webp","type":"image\/webp"}],"twitter_card":"summary_large_image","twitter_misc":{"Est. reading time":"1 minute"},"schema":{"@context":"https:\/\/schema.org","@graph":[{"@type":"WebPage","@id":"https:\/\/familiamartinezbujanda.com\/en\/shop\/wines\/crianzas-en\/vina-bujanda-crianza\/","url":"https:\/\/familiamartinezbujanda.com\/en\/shop\/wines\/crianzas-en\/vina-bujanda-crianza\/","name":"Vi\u00f1a Bujanda Crianza | Familia Mart\u00ednez Bujanda","isPartOf":{"@id":"https:\/\/familiamartinezbujanda.com\/en\/#website"},"primaryImageOfPage":{"@id":"https:\/\/familiamartinezbujanda.com\/en\/shop\/wines\/crianzas-en\/vina-bujanda-crianza\/#primaryimage"},"image":{"@id":"https:\/\/familiamartinezbujanda.com\/en\/shop\/wines\/crianzas-en\/vina-bujanda-crianza\/#primaryimage"},"thumbnailUrl":"https:\/\/familiamartinezbujanda.com\/wp-content\/uploads\/2023\/06\/vina-bujanda-export-crianza.webp","datePublished":"2021-05-17T00:30:04+00:00","dateModified":"2026-03-27T14:58:38+00:00","breadcrumb":{"@id":"https:\/\/familiamartinezbujanda.com\/en\/shop\/wines\/crianzas-en\/vina-bujanda-crianza\/#breadcrumb"},"inLanguage":"en-US","potentialAction":[{"@type":"ReadAction","target":["https:\/\/familiamartinezbujanda.com\/en\/shop\/wines\/crianzas-en\/vina-bujanda-crianza\/"]}]},{"@type":"ImageObject","inLanguage":"en-US","@id":"https:\/\/familiamartinezbujanda.com\/en\/shop\/wines\/crianzas-en\/vina-bujanda-crianza\/#primaryimage","url":"https:\/\/familiamartinezbujanda.com\/wp-content\/uploads\/2023\/06\/vina-bujanda-export-crianza.webp","contentUrl":"https:\/\/familiamartinezbujanda.com\/wp-content\/uploads\/2023\/06\/vina-bujanda-export-crianza.webp","width":600,"height":600},{"@type":"BreadcrumbList","@id":"https:\/\/familiamartinezbujanda.com\/en\/shop\/wines\/crianzas-en\/vina-bujanda-crianza\/#breadcrumb","itemListElement":[{"@type":"ListItem","position":1,"name":"Portada","item":"https:\/\/familiamartinezbujanda.com\/en\/inicio\/"},{"@type":"ListItem","position":2,"name":"Tienda","item":"https:\/\/familiamartinezbujanda.com\/en\/shop\/"},{"@type":"ListItem","position":3,"name":"Vi\u00f1a Bujanda Crianza"}]},{"@type":"WebSite","@id":"https:\/\/familiamartinezbujanda.com\/en\/#website","url":"https:\/\/familiamartinezbujanda.com\/en\/","name":"Familia Mart\u00ednez Bujanda","description":"Cinco bodegas conforman Familia Mart\u00ednez-Bujanda: Finca Valpiedra (DOCa Rioja), Finca Antigua (DO La Mancha), Finca Montepedroso (DO Rueda), Vi\u00f1a Bujanda ...","publisher":{"@id":"https:\/\/familiamartinezbujanda.com\/en\/#organization"},"potentialAction":[{"@type":"SearchAction","target":{"@type":"EntryPoint","urlTemplate":"https:\/\/familiamartinezbujanda.com\/en\/?s={search_term_string}"},"query-input":{"@type":"PropertyValueSpecification","valueRequired":true,"valueName":"search_term_string"}}],"inLanguage":"en-US"},{"@type":"Organization","@id":"https:\/\/familiamartinezbujanda.com\/en\/#organization","name":"Familia Mart\u00ednez Bujanda","url":"https:\/\/familiamartinezbujanda.com\/en\/","logo":{"@type":"ImageObject","inLanguage":"en-US","@id":"https:\/\/familiamartinezbujanda.com\/en\/#\/schema\/logo\/image\/","url":"https:\/\/www.familiamartinezbujanda.com\/wp-content\/uploads\/2022\/06\/favicon.jpg","contentUrl":"https:\/\/www.familiamartinezbujanda.com\/wp-content\/uploads\/2022\/06\/favicon.jpg","width":512,"height":512,"caption":"Familia Mart\u00ednez Bujanda"},"image":{"@id":"https:\/\/familiamartinezbujanda.com\/en\/#\/schema\/logo\/image\/"}}]}},"_links":{"self":[{"href":"https:\/\/familiamartinezbujanda.com\/en\/wp-json\/wp\/v2\/product\/69751","targetHints":{"allow":["GET"]}}],"collection":[{"href":"https:\/\/familiamartinezbujanda.com\/en\/wp-json\/wp\/v2\/product"}],"about":[{"href":"https:\/\/familiamartinezbujanda.com\/en\/wp-json\/wp\/v2\/types\/product"}],"replies":[{"embeddable":true,"href":"https:\/\/familiamartinezbujanda.com\/en\/wp-json\/wp\/v2\/comments?post=69751"}],"wp:featuredmedia":[{"embeddable":true,"href":"https:\/\/familiamartinezbujanda.com\/en\/wp-json\/wp\/v2\/media\/68283"}],"wp:attachment":[{"href":"https:\/\/familiamartinezbujanda.com\/en\/wp-json\/wp\/v2\/media?parent=69751"}],"wp:term":[{"taxonomy":"product_brand","embeddable":true,"href":"https:\/\/familiamartinezbujanda.com\/en\/wp-json\/wp\/v2\/product_brand?post=69751"},{"taxonomy":"product_cat","embeddable":true,"href":"https:\/\/familiamartinezbujanda.com\/en\/wp-json\/wp\/v2\/product_cat?post=69751"},{"taxonomy":"product_tag","embeddable":true,"href":"https:\/\/familiamartinezbujanda.com\/en\/wp-json\/wp\/v2\/product_tag?post=69751"}],"curies":[{"name":"wp","href":"https:\/\/api.w.org\/{rel}","templated":true}]}}