{"id":69759,"date":"2021-06-11T16:00:47","date_gmt":"2021-06-11T14:00:47","guid":{"rendered":"https:\/\/familiamartinezbujanda.madisonmk.agency\/tienda\/uncategorized\/infinitus-gewurztraminer"},"modified":"2026-03-27T16:18:59","modified_gmt":"2026-03-27T15:18:59","slug":"infinitus-gewurztraminer","status":"publish","type":"product","link":"https:\/\/familiamartinezbujanda.com\/en\/shop\/wines\/whites-and-sweets\/infinitus-gewurztraminer\/","title":{"rendered":"Infinitus Gew\u00fcrztraminer"},"content":{"rendered":"<p><strong>Infinitus Gew\u00fcrztraminer <\/strong>is a very aromatic dry white wine. Made with the gew\u00fcrztraminer variety at an altitude of over 900 meters above sea level, it maintains all the flavor and essence of flowers, petals, jasmine and fruit.<\/p>\n<p>Fresh and very balanced young wine from Tierra de Castilla. Wine recommended for pairing with strong flavors such as certain cheeses, game meat and generally with spicy and \/ or spicy dishes, as it helps to clear the palate thanks to its slight sweetness.<\/p>\n","protected":false},"excerpt":{"rendered":"<p><span style=\"color: #000000;\"><strong>VINEYARD: <\/strong><\/span>Castilla La Mancha.<br \/>\n<span style=\"color: #000000;\"><strong>VARIETY: <\/strong><\/span>Gew\u00fcrztraminer.<br \/>\n<span style=\"color: #000000;\"><strong>D.O.: <\/strong><\/span>La Mancha.<br \/>\n<span style=\"color: #000000;\"><strong>BOTTLE: <\/strong><\/span>750 ml.<br \/>\n<span style=\"color: #000000;\"><strong>I.G.:<\/strong><\/span>Wine of Tierra de Castilla.<br \/>\n<span style=\"color: #000000;\"><strong>ALCOHOL CONTENT: <\/strong><\/span>12,5% Vol.<br \/>\n<span style=\"color: #000000;\"><strong>TOTAL ACIDITY: <\/strong>4,8<\/span> g\/l. Tartaric.<br \/>\n<span style=\"color: #000000;\"><strong>HARVEST DATE: <\/strong><\/span>4th week of August.<\/p>\n","protected":false},"featured_media":68739,"comment_status":"open","ping_status":"closed","template":"","meta":{"iawp_total_views":52},"product_brand":[],"product_cat":[1550,1556,2036],"product_tag":[2059],"class_list":{"0":"post-69759","1":"product","2":"type-product","3":"status-publish","4":"has-post-thumbnail","6":"product_cat-cosecheros-y-criadores-en","7":"product_cat-infinitus-en","8":"product_cat-whites-and-sweets","9":"product_tag-infinitus-en","11":"entry","12":"has-media","14":"first","15":"instock","16":"taxable","17":"shipping-taxable","18":"purchasable","19":"product-type-simple","20":"col","21":"span_1_of_3","22":"owp-content-center","23":"owp-thumbs-layout-horizontal","24":"owp-btn-normal","25":"owp-tabs-layout-horizontal","26":"has-no-thumbnails"},"yoast_head":"<!-- This site is optimized with the Yoast SEO plugin v27.0 - https:\/\/yoast.com\/product\/yoast-seo-wordpress\/ -->\n<title>Infinitus Gew\u00fcrztraminer | Familia Mart\u00ednez Bujanda<\/title>\n<meta name=\"robots\" content=\"index, follow, max-snippet:-1, max-image-preview:large, max-video-preview:-1\" \/>\n<link rel=\"canonical\" href=\"https:\/\/familiamartinezbujanda.com\/en\/shop\/wines\/whites-and-sweets\/infinitus-gewurztraminer\/\" \/>\n<meta property=\"og:locale\" content=\"en_US\" \/>\n<meta property=\"og:type\" content=\"article\" \/>\n<meta property=\"og:title\" content=\"Infinitus Gew\u00fcrztraminer | Familia Mart\u00ednez Bujanda\" \/>\n<meta property=\"og:description\" content=\"VINEYARD: Castilla La Mancha. VARIETY: Gew\u00fcrztraminer. D.O.: La Mancha. BOTTLE: 750 ml. I.G.:Wine of Tierra de Castilla. ALCOHOL CONTENT: 12,5% Vol. TOTAL ACIDITY: 4,8 g\/l. Tartaric. HARVEST DATE: 4th week of August.\" \/>\n<meta property=\"og:url\" content=\"https:\/\/familiamartinezbujanda.com\/en\/shop\/wines\/whites-and-sweets\/infinitus-gewurztraminer\/\" \/>\n<meta property=\"og:site_name\" content=\"Familia Mart\u00ednez Bujanda\" \/>\n<meta property=\"article:modified_time\" content=\"2026-03-27T15:18:59+00:00\" \/>\n<meta property=\"og:image\" content=\"https:\/\/familiamartinezbujanda.com\/wp-content\/uploads\/2021\/06\/Infinitus-Gewurztraminer.jpg\" \/>\n\t<meta property=\"og:image:width\" content=\"600\" \/>\n\t<meta property=\"og:image:height\" content=\"600\" \/>\n\t<meta property=\"og:image:type\" content=\"image\/jpeg\" \/>\n<meta name=\"twitter:card\" content=\"summary_large_image\" \/>\n<meta name=\"twitter:label1\" content=\"Est. reading time\" \/>\n\t<meta name=\"twitter:data1\" content=\"1 minute\" \/>\n<script type=\"application\/ld+json\" class=\"yoast-schema-graph\">{\"@context\":\"https:\/\/schema.org\",\"@graph\":[{\"@type\":\"WebPage\",\"@id\":\"https:\/\/familiamartinezbujanda.com\/en\/shop\/wines\/whites-and-sweets\/infinitus-gewurztraminer\/\",\"url\":\"https:\/\/familiamartinezbujanda.com\/en\/shop\/wines\/whites-and-sweets\/infinitus-gewurztraminer\/\",\"name\":\"Infinitus Gew\u00fcrztraminer | Familia Mart\u00ednez Bujanda\",\"isPartOf\":{\"@id\":\"https:\/\/familiamartinezbujanda.com\/en\/#website\"},\"primaryImageOfPage\":{\"@id\":\"https:\/\/familiamartinezbujanda.com\/en\/shop\/wines\/whites-and-sweets\/infinitus-gewurztraminer\/#primaryimage\"},\"image\":{\"@id\":\"https:\/\/familiamartinezbujanda.com\/en\/shop\/wines\/whites-and-sweets\/infinitus-gewurztraminer\/#primaryimage\"},\"thumbnailUrl\":\"https:\/\/familiamartinezbujanda.com\/wp-content\/uploads\/2021\/06\/Infinitus-Gewurztraminer.jpg\",\"datePublished\":\"2021-06-11T14:00:47+00:00\",\"dateModified\":\"2026-03-27T15:18:59+00:00\",\"breadcrumb\":{\"@id\":\"https:\/\/familiamartinezbujanda.com\/en\/shop\/wines\/whites-and-sweets\/infinitus-gewurztraminer\/#breadcrumb\"},\"inLanguage\":\"en-US\",\"potentialAction\":[{\"@type\":\"ReadAction\",\"target\":[\"https:\/\/familiamartinezbujanda.com\/en\/shop\/wines\/whites-and-sweets\/infinitus-gewurztraminer\/\"]}]},{\"@type\":\"ImageObject\",\"inLanguage\":\"en-US\",\"@id\":\"https:\/\/familiamartinezbujanda.com\/en\/shop\/wines\/whites-and-sweets\/infinitus-gewurztraminer\/#primaryimage\",\"url\":\"https:\/\/familiamartinezbujanda.com\/wp-content\/uploads\/2021\/06\/Infinitus-Gewurztraminer.jpg\",\"contentUrl\":\"https:\/\/familiamartinezbujanda.com\/wp-content\/uploads\/2021\/06\/Infinitus-Gewurztraminer.jpg\",\"width\":600,\"height\":600},{\"@type\":\"BreadcrumbList\",\"@id\":\"https:\/\/familiamartinezbujanda.com\/en\/shop\/wines\/whites-and-sweets\/infinitus-gewurztraminer\/#breadcrumb\",\"itemListElement\":[{\"@type\":\"ListItem\",\"position\":1,\"name\":\"Portada\",\"item\":\"https:\/\/familiamartinezbujanda.com\/en\/inicio\/\"},{\"@type\":\"ListItem\",\"position\":2,\"name\":\"Tienda\",\"item\":\"https:\/\/familiamartinezbujanda.com\/en\/shop\/\"},{\"@type\":\"ListItem\",\"position\":3,\"name\":\"Infinitus Gew\u00fcrztraminer\"}]},{\"@type\":\"WebSite\",\"@id\":\"https:\/\/familiamartinezbujanda.com\/en\/#website\",\"url\":\"https:\/\/familiamartinezbujanda.com\/en\/\",\"name\":\"Familia Mart\u00ednez Bujanda\",\"description\":\"Cinco bodegas conforman Familia Mart\u00ednez-Bujanda: Finca Valpiedra (DOCa Rioja), Finca Antigua (DO La Mancha), Finca Montepedroso (DO Rueda), Vi\u00f1a Bujanda ...\",\"publisher\":{\"@id\":\"https:\/\/familiamartinezbujanda.com\/en\/#organization\"},\"potentialAction\":[{\"@type\":\"SearchAction\",\"target\":{\"@type\":\"EntryPoint\",\"urlTemplate\":\"https:\/\/familiamartinezbujanda.com\/en\/?s={search_term_string}\"},\"query-input\":{\"@type\":\"PropertyValueSpecification\",\"valueRequired\":true,\"valueName\":\"search_term_string\"}}],\"inLanguage\":\"en-US\"},{\"@type\":\"Organization\",\"@id\":\"https:\/\/familiamartinezbujanda.com\/en\/#organization\",\"name\":\"Familia Mart\u00ednez Bujanda\",\"url\":\"https:\/\/familiamartinezbujanda.com\/en\/\",\"logo\":{\"@type\":\"ImageObject\",\"inLanguage\":\"en-US\",\"@id\":\"https:\/\/familiamartinezbujanda.com\/en\/#\/schema\/logo\/image\/\",\"url\":\"https:\/\/www.familiamartinezbujanda.com\/wp-content\/uploads\/2022\/06\/favicon.jpg\",\"contentUrl\":\"https:\/\/www.familiamartinezbujanda.com\/wp-content\/uploads\/2022\/06\/favicon.jpg\",\"width\":512,\"height\":512,\"caption\":\"Familia Mart\u00ednez Bujanda\"},\"image\":{\"@id\":\"https:\/\/familiamartinezbujanda.com\/en\/#\/schema\/logo\/image\/\"}}]}<\/script>\n<!-- \/ Yoast SEO plugin. -->","yoast_head_json":{"title":"Infinitus Gew\u00fcrztraminer | Familia Mart\u00ednez Bujanda","robots":{"index":"index","follow":"follow","max-snippet":"max-snippet:-1","max-image-preview":"max-image-preview:large","max-video-preview":"max-video-preview:-1"},"canonical":"https:\/\/familiamartinezbujanda.com\/en\/shop\/wines\/whites-and-sweets\/infinitus-gewurztraminer\/","og_locale":"en_US","og_type":"article","og_title":"Infinitus Gew\u00fcrztraminer | Familia Mart\u00ednez Bujanda","og_description":"VINEYARD: Castilla La Mancha. VARIETY: Gew\u00fcrztraminer. D.O.: La Mancha. BOTTLE: 750 ml. I.G.:Wine of Tierra de Castilla. ALCOHOL CONTENT: 12,5% Vol. TOTAL ACIDITY: 4,8 g\/l. Tartaric. HARVEST DATE: 4th week of August.","og_url":"https:\/\/familiamartinezbujanda.com\/en\/shop\/wines\/whites-and-sweets\/infinitus-gewurztraminer\/","og_site_name":"Familia Mart\u00ednez Bujanda","article_modified_time":"2026-03-27T15:18:59+00:00","og_image":[{"width":600,"height":600,"url":"https:\/\/familiamartinezbujanda.com\/wp-content\/uploads\/2021\/06\/Infinitus-Gewurztraminer.jpg","type":"image\/jpeg"}],"twitter_card":"summary_large_image","twitter_misc":{"Est. reading time":"1 minute"},"schema":{"@context":"https:\/\/schema.org","@graph":[{"@type":"WebPage","@id":"https:\/\/familiamartinezbujanda.com\/en\/shop\/wines\/whites-and-sweets\/infinitus-gewurztraminer\/","url":"https:\/\/familiamartinezbujanda.com\/en\/shop\/wines\/whites-and-sweets\/infinitus-gewurztraminer\/","name":"Infinitus Gew\u00fcrztraminer | Familia Mart\u00ednez Bujanda","isPartOf":{"@id":"https:\/\/familiamartinezbujanda.com\/en\/#website"},"primaryImageOfPage":{"@id":"https:\/\/familiamartinezbujanda.com\/en\/shop\/wines\/whites-and-sweets\/infinitus-gewurztraminer\/#primaryimage"},"image":{"@id":"https:\/\/familiamartinezbujanda.com\/en\/shop\/wines\/whites-and-sweets\/infinitus-gewurztraminer\/#primaryimage"},"thumbnailUrl":"https:\/\/familiamartinezbujanda.com\/wp-content\/uploads\/2021\/06\/Infinitus-Gewurztraminer.jpg","datePublished":"2021-06-11T14:00:47+00:00","dateModified":"2026-03-27T15:18:59+00:00","breadcrumb":{"@id":"https:\/\/familiamartinezbujanda.com\/en\/shop\/wines\/whites-and-sweets\/infinitus-gewurztraminer\/#breadcrumb"},"inLanguage":"en-US","potentialAction":[{"@type":"ReadAction","target":["https:\/\/familiamartinezbujanda.com\/en\/shop\/wines\/whites-and-sweets\/infinitus-gewurztraminer\/"]}]},{"@type":"ImageObject","inLanguage":"en-US","@id":"https:\/\/familiamartinezbujanda.com\/en\/shop\/wines\/whites-and-sweets\/infinitus-gewurztraminer\/#primaryimage","url":"https:\/\/familiamartinezbujanda.com\/wp-content\/uploads\/2021\/06\/Infinitus-Gewurztraminer.jpg","contentUrl":"https:\/\/familiamartinezbujanda.com\/wp-content\/uploads\/2021\/06\/Infinitus-Gewurztraminer.jpg","width":600,"height":600},{"@type":"BreadcrumbList","@id":"https:\/\/familiamartinezbujanda.com\/en\/shop\/wines\/whites-and-sweets\/infinitus-gewurztraminer\/#breadcrumb","itemListElement":[{"@type":"ListItem","position":1,"name":"Portada","item":"https:\/\/familiamartinezbujanda.com\/en\/inicio\/"},{"@type":"ListItem","position":2,"name":"Tienda","item":"https:\/\/familiamartinezbujanda.com\/en\/shop\/"},{"@type":"ListItem","position":3,"name":"Infinitus Gew\u00fcrztraminer"}]},{"@type":"WebSite","@id":"https:\/\/familiamartinezbujanda.com\/en\/#website","url":"https:\/\/familiamartinezbujanda.com\/en\/","name":"Familia Mart\u00ednez Bujanda","description":"Cinco bodegas conforman Familia Mart\u00ednez-Bujanda: Finca Valpiedra (DOCa Rioja), Finca Antigua (DO La Mancha), Finca Montepedroso (DO Rueda), Vi\u00f1a Bujanda ...","publisher":{"@id":"https:\/\/familiamartinezbujanda.com\/en\/#organization"},"potentialAction":[{"@type":"SearchAction","target":{"@type":"EntryPoint","urlTemplate":"https:\/\/familiamartinezbujanda.com\/en\/?s={search_term_string}"},"query-input":{"@type":"PropertyValueSpecification","valueRequired":true,"valueName":"search_term_string"}}],"inLanguage":"en-US"},{"@type":"Organization","@id":"https:\/\/familiamartinezbujanda.com\/en\/#organization","name":"Familia Mart\u00ednez Bujanda","url":"https:\/\/familiamartinezbujanda.com\/en\/","logo":{"@type":"ImageObject","inLanguage":"en-US","@id":"https:\/\/familiamartinezbujanda.com\/en\/#\/schema\/logo\/image\/","url":"https:\/\/www.familiamartinezbujanda.com\/wp-content\/uploads\/2022\/06\/favicon.jpg","contentUrl":"https:\/\/www.familiamartinezbujanda.com\/wp-content\/uploads\/2022\/06\/favicon.jpg","width":512,"height":512,"caption":"Familia Mart\u00ednez Bujanda"},"image":{"@id":"https:\/\/familiamartinezbujanda.com\/en\/#\/schema\/logo\/image\/"}}]}},"_links":{"self":[{"href":"https:\/\/familiamartinezbujanda.com\/en\/wp-json\/wp\/v2\/product\/69759","targetHints":{"allow":["GET"]}}],"collection":[{"href":"https:\/\/familiamartinezbujanda.com\/en\/wp-json\/wp\/v2\/product"}],"about":[{"href":"https:\/\/familiamartinezbujanda.com\/en\/wp-json\/wp\/v2\/types\/product"}],"replies":[{"embeddable":true,"href":"https:\/\/familiamartinezbujanda.com\/en\/wp-json\/wp\/v2\/comments?post=69759"}],"wp:featuredmedia":[{"embeddable":true,"href":"https:\/\/familiamartinezbujanda.com\/en\/wp-json\/wp\/v2\/media\/68739"}],"wp:attachment":[{"href":"https:\/\/familiamartinezbujanda.com\/en\/wp-json\/wp\/v2\/media?parent=69759"}],"wp:term":[{"taxonomy":"product_brand","embeddable":true,"href":"https:\/\/familiamartinezbujanda.com\/en\/wp-json\/wp\/v2\/product_brand?post=69759"},{"taxonomy":"product_cat","embeddable":true,"href":"https:\/\/familiamartinezbujanda.com\/en\/wp-json\/wp\/v2\/product_cat?post=69759"},{"taxonomy":"product_tag","embeddable":true,"href":"https:\/\/familiamartinezbujanda.com\/en\/wp-json\/wp\/v2\/product_tag?post=69759"}],"curies":[{"name":"wp","href":"https:\/\/api.w.org\/{rel}","templated":true}]}}