{"id":69761,"date":"2021-05-17T14:32:36","date_gmt":"2021-05-17T12:32:36","guid":{"rendered":"https:\/\/familiamartinezbujanda.madisonmk.agency\/tienda\/uncategorized\/infinitus-rose-tem-cab-franc"},"modified":"2026-03-27T16:23:39","modified_gmt":"2026-03-27T15:23:39","slug":"infinitus-pink-tempranillo","status":"publish","type":"product","link":"https:\/\/familiamartinezbujanda.com\/en\/shop\/wines\/roses\/infinitus-pink-tempranillo\/","title":{"rendered":"Infinitus Ros\u00e9 Tempranillo Cabernet Franc"},"content":{"rendered":"<p><strong>Infinitus Ros\u00e9 Tempranillo Cabernet Franc<\/strong> is a bright, luminous and very elegant red currant-colored ros\u00e9 wine.<\/p>\n<p>The perfectly integrated cabernet franc and tempranillo varieties make it a young, smooth and light ros\u00e9 wine ideal for pairing with pasta, fish and seafood dishes.<\/p>\n","protected":false},"excerpt":{"rendered":"<p><span style=\"color: #000000;\"><strong>VINEYARD: <\/strong><\/span>Castilla La Mancha.<br \/>\n<span style=\"color: #000000;\"><strong>VARIETY: <\/strong><\/span>Tempranillo and Cabernet Franc.<br \/>\n<span style=\"color: #000000;\"><strong>D.O.: <\/strong><\/span>La Mancha.<br \/>\n<span style=\"color: #000000;\"><strong>BOTTLE: <\/strong><\/span>750 ml.<br \/>\n<span style=\"color: #000000;\"><strong>I.G.:<\/strong><\/span>Wine of Tierra de Castilla.<br \/>\n<span style=\"color: #000000;\"><strong>ALCOHOL CONTENT: <\/strong><\/span> 12% Vol.<br \/>\n<span style=\"color: #000000;\"><strong>TOTAL ACIDITY: <\/strong>6.1<\/span> g\/l. Tartaric.<br \/>\n<span style=\"color: #000000;\"><strong>HARVEST DATE: <\/strong><\/span>2nd week of September.<\/p>\n","protected":false},"featured_media":68741,"comment_status":"open","ping_status":"closed","template":"","meta":{"iawp_total_views":123},"product_brand":[],"product_cat":[1550,1556,2051,2043],"product_tag":[2065,2059,2044],"class_list":{"0":"post-69761","1":"product","2":"type-product","3":"status-publish","4":"has-post-thumbnail","6":"product_cat-cosecheros-y-criadores-en","7":"product_cat-infinitus-en","8":"product_cat-roses","9":"product_cat-tempranillo-en","10":"product_tag-cabernet-franc-en","11":"product_tag-infinitus-en","12":"product_tag-tempranillo-en","14":"entry","15":"has-media","17":"first","18":"instock","19":"taxable","20":"shipping-taxable","21":"purchasable","22":"product-type-simple","23":"col","24":"span_1_of_3","25":"owp-content-center","26":"owp-thumbs-layout-horizontal","27":"owp-btn-normal","28":"owp-tabs-layout-horizontal","29":"has-no-thumbnails"},"yoast_head":"<!-- This site is optimized with the Yoast SEO plugin v27.0 - https:\/\/yoast.com\/product\/yoast-seo-wordpress\/ -->\n<title>Infinitus Ros\u00e9 Tempranillo Cabernet Franc | Familia Mart\u00ednez Bujanda<\/title>\n<meta name=\"robots\" content=\"index, follow, max-snippet:-1, max-image-preview:large, max-video-preview:-1\" \/>\n<link rel=\"canonical\" href=\"https:\/\/familiamartinezbujanda.com\/en\/shop\/wines\/roses\/infinitus-pink-tempranillo\/\" \/>\n<meta property=\"og:locale\" content=\"en_US\" \/>\n<meta property=\"og:type\" content=\"article\" \/>\n<meta property=\"og:title\" content=\"Infinitus Ros\u00e9 Tempranillo Cabernet Franc | Familia Mart\u00ednez Bujanda\" \/>\n<meta property=\"og:description\" content=\"VINEYARD: Castilla La Mancha. VARIETY: Tempranillo and Cabernet Franc. D.O.: La Mancha. BOTTLE: 750 ml. I.G.:Wine of Tierra de Castilla. ALCOHOL CONTENT: 12% Vol. TOTAL ACIDITY: 6.1 g\/l. Tartaric. HARVEST DATE: 2nd week of September.\" \/>\n<meta property=\"og:url\" content=\"https:\/\/familiamartinezbujanda.com\/en\/shop\/wines\/roses\/infinitus-pink-tempranillo\/\" \/>\n<meta property=\"og:site_name\" content=\"Familia Mart\u00ednez Bujanda\" \/>\n<meta property=\"article:modified_time\" content=\"2026-03-27T15:23:39+00:00\" \/>\n<meta property=\"og:image\" content=\"https:\/\/familiamartinezbujanda.com\/wp-content\/uploads\/2021\/05\/Infinitus-Rosado-Tem.jpg\" \/>\n\t<meta property=\"og:image:width\" content=\"600\" \/>\n\t<meta property=\"og:image:height\" content=\"600\" \/>\n\t<meta property=\"og:image:type\" content=\"image\/jpeg\" \/>\n<meta name=\"twitter:card\" content=\"summary_large_image\" \/>\n<meta name=\"twitter:label1\" content=\"Est. reading time\" \/>\n\t<meta name=\"twitter:data1\" content=\"1 minute\" \/>\n<script type=\"application\/ld+json\" class=\"yoast-schema-graph\">{\"@context\":\"https:\/\/schema.org\",\"@graph\":[{\"@type\":\"WebPage\",\"@id\":\"https:\/\/familiamartinezbujanda.com\/en\/shop\/wines\/roses\/infinitus-pink-tempranillo\/\",\"url\":\"https:\/\/familiamartinezbujanda.com\/en\/shop\/wines\/roses\/infinitus-pink-tempranillo\/\",\"name\":\"Infinitus Ros\u00e9 Tempranillo Cabernet Franc | Familia Mart\u00ednez Bujanda\",\"isPartOf\":{\"@id\":\"https:\/\/familiamartinezbujanda.com\/en\/#website\"},\"primaryImageOfPage\":{\"@id\":\"https:\/\/familiamartinezbujanda.com\/en\/shop\/wines\/roses\/infinitus-pink-tempranillo\/#primaryimage\"},\"image\":{\"@id\":\"https:\/\/familiamartinezbujanda.com\/en\/shop\/wines\/roses\/infinitus-pink-tempranillo\/#primaryimage\"},\"thumbnailUrl\":\"https:\/\/familiamartinezbujanda.com\/wp-content\/uploads\/2021\/05\/Infinitus-Rosado-Tem.jpg\",\"datePublished\":\"2021-05-17T12:32:36+00:00\",\"dateModified\":\"2026-03-27T15:23:39+00:00\",\"breadcrumb\":{\"@id\":\"https:\/\/familiamartinezbujanda.com\/en\/shop\/wines\/roses\/infinitus-pink-tempranillo\/#breadcrumb\"},\"inLanguage\":\"en-US\",\"potentialAction\":[{\"@type\":\"ReadAction\",\"target\":[\"https:\/\/familiamartinezbujanda.com\/en\/shop\/wines\/roses\/infinitus-pink-tempranillo\/\"]}]},{\"@type\":\"ImageObject\",\"inLanguage\":\"en-US\",\"@id\":\"https:\/\/familiamartinezbujanda.com\/en\/shop\/wines\/roses\/infinitus-pink-tempranillo\/#primaryimage\",\"url\":\"https:\/\/familiamartinezbujanda.com\/wp-content\/uploads\/2021\/05\/Infinitus-Rosado-Tem.jpg\",\"contentUrl\":\"https:\/\/familiamartinezbujanda.com\/wp-content\/uploads\/2021\/05\/Infinitus-Rosado-Tem.jpg\",\"width\":600,\"height\":600},{\"@type\":\"BreadcrumbList\",\"@id\":\"https:\/\/familiamartinezbujanda.com\/en\/shop\/wines\/roses\/infinitus-pink-tempranillo\/#breadcrumb\",\"itemListElement\":[{\"@type\":\"ListItem\",\"position\":1,\"name\":\"Portada\",\"item\":\"https:\/\/familiamartinezbujanda.com\/en\/inicio\/\"},{\"@type\":\"ListItem\",\"position\":2,\"name\":\"Tienda\",\"item\":\"https:\/\/familiamartinezbujanda.com\/en\/shop\/\"},{\"@type\":\"ListItem\",\"position\":3,\"name\":\"Infinitus Ros\u00e9 Tempranillo Cabernet Franc\"}]},{\"@type\":\"WebSite\",\"@id\":\"https:\/\/familiamartinezbujanda.com\/en\/#website\",\"url\":\"https:\/\/familiamartinezbujanda.com\/en\/\",\"name\":\"Familia Mart\u00ednez Bujanda\",\"description\":\"Cinco bodegas conforman Familia Mart\u00ednez-Bujanda: Finca Valpiedra (DOCa Rioja), Finca Antigua (DO La Mancha), Finca Montepedroso (DO Rueda), Vi\u00f1a Bujanda ...\",\"publisher\":{\"@id\":\"https:\/\/familiamartinezbujanda.com\/en\/#organization\"},\"potentialAction\":[{\"@type\":\"SearchAction\",\"target\":{\"@type\":\"EntryPoint\",\"urlTemplate\":\"https:\/\/familiamartinezbujanda.com\/en\/?s={search_term_string}\"},\"query-input\":{\"@type\":\"PropertyValueSpecification\",\"valueRequired\":true,\"valueName\":\"search_term_string\"}}],\"inLanguage\":\"en-US\"},{\"@type\":\"Organization\",\"@id\":\"https:\/\/familiamartinezbujanda.com\/en\/#organization\",\"name\":\"Familia Mart\u00ednez Bujanda\",\"url\":\"https:\/\/familiamartinezbujanda.com\/en\/\",\"logo\":{\"@type\":\"ImageObject\",\"inLanguage\":\"en-US\",\"@id\":\"https:\/\/familiamartinezbujanda.com\/en\/#\/schema\/logo\/image\/\",\"url\":\"https:\/\/www.familiamartinezbujanda.com\/wp-content\/uploads\/2022\/06\/favicon.jpg\",\"contentUrl\":\"https:\/\/www.familiamartinezbujanda.com\/wp-content\/uploads\/2022\/06\/favicon.jpg\",\"width\":512,\"height\":512,\"caption\":\"Familia Mart\u00ednez Bujanda\"},\"image\":{\"@id\":\"https:\/\/familiamartinezbujanda.com\/en\/#\/schema\/logo\/image\/\"}}]}<\/script>\n<!-- \/ Yoast SEO plugin. -->","yoast_head_json":{"title":"Infinitus Ros\u00e9 Tempranillo Cabernet Franc | Familia Mart\u00ednez Bujanda","robots":{"index":"index","follow":"follow","max-snippet":"max-snippet:-1","max-image-preview":"max-image-preview:large","max-video-preview":"max-video-preview:-1"},"canonical":"https:\/\/familiamartinezbujanda.com\/en\/shop\/wines\/roses\/infinitus-pink-tempranillo\/","og_locale":"en_US","og_type":"article","og_title":"Infinitus Ros\u00e9 Tempranillo Cabernet Franc | Familia Mart\u00ednez Bujanda","og_description":"VINEYARD: Castilla La Mancha. VARIETY: Tempranillo and Cabernet Franc. D.O.: La Mancha. BOTTLE: 750 ml. I.G.:Wine of Tierra de Castilla. ALCOHOL CONTENT: 12% Vol. TOTAL ACIDITY: 6.1 g\/l. Tartaric. HARVEST DATE: 2nd week of September.","og_url":"https:\/\/familiamartinezbujanda.com\/en\/shop\/wines\/roses\/infinitus-pink-tempranillo\/","og_site_name":"Familia Mart\u00ednez Bujanda","article_modified_time":"2026-03-27T15:23:39+00:00","og_image":[{"width":600,"height":600,"url":"https:\/\/familiamartinezbujanda.com\/wp-content\/uploads\/2021\/05\/Infinitus-Rosado-Tem.jpg","type":"image\/jpeg"}],"twitter_card":"summary_large_image","twitter_misc":{"Est. reading time":"1 minute"},"schema":{"@context":"https:\/\/schema.org","@graph":[{"@type":"WebPage","@id":"https:\/\/familiamartinezbujanda.com\/en\/shop\/wines\/roses\/infinitus-pink-tempranillo\/","url":"https:\/\/familiamartinezbujanda.com\/en\/shop\/wines\/roses\/infinitus-pink-tempranillo\/","name":"Infinitus Ros\u00e9 Tempranillo Cabernet Franc | Familia Mart\u00ednez Bujanda","isPartOf":{"@id":"https:\/\/familiamartinezbujanda.com\/en\/#website"},"primaryImageOfPage":{"@id":"https:\/\/familiamartinezbujanda.com\/en\/shop\/wines\/roses\/infinitus-pink-tempranillo\/#primaryimage"},"image":{"@id":"https:\/\/familiamartinezbujanda.com\/en\/shop\/wines\/roses\/infinitus-pink-tempranillo\/#primaryimage"},"thumbnailUrl":"https:\/\/familiamartinezbujanda.com\/wp-content\/uploads\/2021\/05\/Infinitus-Rosado-Tem.jpg","datePublished":"2021-05-17T12:32:36+00:00","dateModified":"2026-03-27T15:23:39+00:00","breadcrumb":{"@id":"https:\/\/familiamartinezbujanda.com\/en\/shop\/wines\/roses\/infinitus-pink-tempranillo\/#breadcrumb"},"inLanguage":"en-US","potentialAction":[{"@type":"ReadAction","target":["https:\/\/familiamartinezbujanda.com\/en\/shop\/wines\/roses\/infinitus-pink-tempranillo\/"]}]},{"@type":"ImageObject","inLanguage":"en-US","@id":"https:\/\/familiamartinezbujanda.com\/en\/shop\/wines\/roses\/infinitus-pink-tempranillo\/#primaryimage","url":"https:\/\/familiamartinezbujanda.com\/wp-content\/uploads\/2021\/05\/Infinitus-Rosado-Tem.jpg","contentUrl":"https:\/\/familiamartinezbujanda.com\/wp-content\/uploads\/2021\/05\/Infinitus-Rosado-Tem.jpg","width":600,"height":600},{"@type":"BreadcrumbList","@id":"https:\/\/familiamartinezbujanda.com\/en\/shop\/wines\/roses\/infinitus-pink-tempranillo\/#breadcrumb","itemListElement":[{"@type":"ListItem","position":1,"name":"Portada","item":"https:\/\/familiamartinezbujanda.com\/en\/inicio\/"},{"@type":"ListItem","position":2,"name":"Tienda","item":"https:\/\/familiamartinezbujanda.com\/en\/shop\/"},{"@type":"ListItem","position":3,"name":"Infinitus Ros\u00e9 Tempranillo Cabernet Franc"}]},{"@type":"WebSite","@id":"https:\/\/familiamartinezbujanda.com\/en\/#website","url":"https:\/\/familiamartinezbujanda.com\/en\/","name":"Familia Mart\u00ednez Bujanda","description":"Cinco bodegas conforman Familia Mart\u00ednez-Bujanda: Finca Valpiedra (DOCa Rioja), Finca Antigua (DO La Mancha), Finca Montepedroso (DO Rueda), Vi\u00f1a Bujanda ...","publisher":{"@id":"https:\/\/familiamartinezbujanda.com\/en\/#organization"},"potentialAction":[{"@type":"SearchAction","target":{"@type":"EntryPoint","urlTemplate":"https:\/\/familiamartinezbujanda.com\/en\/?s={search_term_string}"},"query-input":{"@type":"PropertyValueSpecification","valueRequired":true,"valueName":"search_term_string"}}],"inLanguage":"en-US"},{"@type":"Organization","@id":"https:\/\/familiamartinezbujanda.com\/en\/#organization","name":"Familia Mart\u00ednez Bujanda","url":"https:\/\/familiamartinezbujanda.com\/en\/","logo":{"@type":"ImageObject","inLanguage":"en-US","@id":"https:\/\/familiamartinezbujanda.com\/en\/#\/schema\/logo\/image\/","url":"https:\/\/www.familiamartinezbujanda.com\/wp-content\/uploads\/2022\/06\/favicon.jpg","contentUrl":"https:\/\/www.familiamartinezbujanda.com\/wp-content\/uploads\/2022\/06\/favicon.jpg","width":512,"height":512,"caption":"Familia Mart\u00ednez Bujanda"},"image":{"@id":"https:\/\/familiamartinezbujanda.com\/en\/#\/schema\/logo\/image\/"}}]}},"_links":{"self":[{"href":"https:\/\/familiamartinezbujanda.com\/en\/wp-json\/wp\/v2\/product\/69761","targetHints":{"allow":["GET"]}}],"collection":[{"href":"https:\/\/familiamartinezbujanda.com\/en\/wp-json\/wp\/v2\/product"}],"about":[{"href":"https:\/\/familiamartinezbujanda.com\/en\/wp-json\/wp\/v2\/types\/product"}],"replies":[{"embeddable":true,"href":"https:\/\/familiamartinezbujanda.com\/en\/wp-json\/wp\/v2\/comments?post=69761"}],"wp:featuredmedia":[{"embeddable":true,"href":"https:\/\/familiamartinezbujanda.com\/en\/wp-json\/wp\/v2\/media\/68741"}],"wp:attachment":[{"href":"https:\/\/familiamartinezbujanda.com\/en\/wp-json\/wp\/v2\/media?parent=69761"}],"wp:term":[{"taxonomy":"product_brand","embeddable":true,"href":"https:\/\/familiamartinezbujanda.com\/en\/wp-json\/wp\/v2\/product_brand?post=69761"},{"taxonomy":"product_cat","embeddable":true,"href":"https:\/\/familiamartinezbujanda.com\/en\/wp-json\/wp\/v2\/product_cat?post=69761"},{"taxonomy":"product_tag","embeddable":true,"href":"https:\/\/familiamartinezbujanda.com\/en\/wp-json\/wp\/v2\/product_tag?post=69761"}],"curies":[{"name":"wp","href":"https:\/\/api.w.org\/{rel}","templated":true}]}}