{"id":69769,"date":"2020-10-09T13:38:55","date_gmt":"2020-10-09T11:38:55","guid":{"rendered":"https:\/\/familiamartinezbujanda.madisonmk.agency\/tienda\/uncategorized\/rioja-winery-visit-finca-28-e"},"modified":"2026-04-04T17:54:20","modified_gmt":"2026-04-04T15:54:20","slug":"rioja-vineyard-and-winery-visit","status":"publish","type":"product","link":"https:\/\/familiamartinezbujanda.com\/en\/shop\/guided-tours-of-the-wineries\/visits-to-finca-valpiedra-winery\/rioja-vineyard-and-winery-visit\/","title":{"rendered":"Soul of Valpiedra: 4&#215;4 Vineyeard Experience (35 \u20ac)"},"content":{"rendered":"<ul>\n<li style=\"text-align: left;\">Rioja vineyard and winery visit. Finca Valpiedra is the <strong>main exponent of the entrepreneurial spirit<\/strong> of <a href=\"https:\/\/www.familiamartinezbujanda.com\/\">Familia Mart\u00ednez Bujanda<\/a>, who in 1994 began the construction of a winery in a privileged vineyard owned by the family. In addition, the classic <strong>Bordeaux style<\/strong> is followed, with a<em>single vineyard<\/em> and four wines made exclusively from grapes grown on the estate:<\/li>\n<li><strong>Finca Valpiedra reserve,<\/strong> our main reference. A coupage of tempranillo, graciano and maturana. An elegant, mineral and earthy wine, reflection of our terroir.<\/li>\n<li><strong>Cantos de Valpiedra crianza<\/strong>, 100% tempranillo, a fresh and fruity wine.<\/li>\n<li><strong>Petra de Valpiedra,<\/strong> a 100% Garnacha wine, a tribute to the old Rioja.<\/li>\n<li>and <strong>Finca Valpiedra Reserva Blanco, <\/strong>a rarety from the estate.<\/li>\n<\/ul>\n<p><!--more--><\/p>\n<p><span style=\"text-align: justify;\">All of them identified by the exceptional conditions of the estate for the cultivation of vines, a consequence of its microclimate and a very special type of soil composed of a layer of pebbles and limestone.<\/span><\/p>\n<p style=\"text-align: justify;\">During your visit to La Rioja you cannot miss the &#8220;Soul of Valpiedra&#8221; visit at<strong> Finca Valpiedra <\/strong>. While enjoying a <strong>natural and sustainable environment <\/strong>, you will get to know one of the wineries belonging to <strong>Grandes Pagos de Espa\u00f1a. Come visit us and we will explain it to you.<\/strong><\/p>\n<p style=\"text-align: justify;\">In summary, this visit includes a <strong>4&#215;4<\/strong> tour <strong>of the vineyard, winery visit and tasting of our <a href=\"https:\/\/www.fincavalpiedra.com\/wp-content\/uploads\/2023\/01\/CantosValpiedra19_ESP.pdf?_gl=1*znkhpp*_ga*MTUwMDc3NzU0MS4xNjc2NjI5ODAw*_up*MQ..\">Cantos de Valpiedra crianza<\/a> and <a href=\"https:\/\/www.fincavalpiedra.com\/wp-content\/uploads\/2022\/03\/FincaValpiedra_ESP15-2.pdf?_gl=1*kg7qn4*_ga*MTUwMDc3NzU0MS4xNjc2NjI5ODAw*_up*MQ..\">Finca Valpiedra reserva<\/a> wines with an aperitif.\u00a0<\/strong><\/p>\n<p style=\"text-align: justify;\">Limited seating.<\/p>\n","protected":false},"excerpt":{"rendered":"<ul>\n<li><em>\u03c8Explore<\/em> Finca Valpiedra in a truly <strong>unique way<\/strong> with our <strong>4&#215;4 vineyard tour<\/strong>, set in a privileged location within the <strong>meander<\/strong> of the <strong>Ebro River<\/strong> in <strong>Rioja Alta<\/strong>. Let yourself be guided through our <strong>pebble-stone<\/strong> vineyard as you travel across the heart of the <strong>Gran Pago<\/strong> Valpiedra estate. Along the way, you\u2019ll learn firsthand about vineyard work, the vine\u2019s annual cycle, and how the <strong>terroir<\/strong> shapes the personality of our wines. A dynamic, close-up, and distinctive experience that connects you with the true<strong> essence<\/strong> of wine: <strong>the land.<\/strong><\/li>\n<\/ul>\n<p><strong>What\u2019s included:<\/strong><\/p>\n<ul>\n<li>Welcome wine<\/li>\n<li>4&#215;4 vineyard tour and winery visit (winemaking and ageing process)<\/li>\n<li>Tasting of 2 wines: Cantos de Valpiedra Crianza and Finca Valpiedra Reserva, paired with a selection of Rioja chorizo, salchich\u00f3n, and local cheese.<\/li>\n<\/ul>\n<p><strong>Book your 4&#215;4 experience at Finca Valpiedra and experience the vineyard like never before.<\/strong><\/p>\n<hr \/>\n<p>Enhance your visit with a vineyard <a href=\"https:\/\/familiamartinezbujanda.com\/wp-content\/uploads\/2026\/03\/PICNICS-SP-ingles.pdf\"><strong>picnic<\/strong><\/a> (weather permitting) or enjoy it in the cozy shelter of the winery. <strong>One picnic per person<\/strong>,\u00a0<span style=\"color: #ff0000;\"><strong>MINIMUM RESERVATION FOR 2 ADULTS. <span style=\"color: #000000;\">Only available for morning visits.<\/span><\/strong><\/span><\/p>\n<hr \/>\n<p>For <strong>alternative time slots<\/strong>, contact us at +34 941 450 876 \/ +34 628 046 505 or email lvillegas@bujanda.com<\/p>\n","protected":false},"featured_media":68809,"comment_status":"closed","ping_status":"closed","template":"","meta":{"iawp_total_views":329},"product_brand":[],"product_cat":[2109,2072],"product_tag":[2082,2080,2078,2075,2084,2083,2085,2081,2074,2087,2079,2076,2077,2086],"class_list":{"0":"post-69769","1":"product","2":"type-product","3":"status-publish","4":"has-post-thumbnail","6":"product_cat-guided-tours-of-the-wineries","7":"product_cat-visits-to-finca-valpiedra-winery","8":"product_tag-4x4-route","9":"product_tag-cantos-de-valpiedra-en","10":"product_tag-gran-pago-de-espana-en","11":"product_tag-premium-wine-tourism","12":"product_tag-rioja-alta-route","13":"product_tag-route-through-the-vineyard","14":"product_tag-routes-through-la-rioja","15":"product_tag-unique-experience","16":"product_tag-valpiedra-estate","17":"product_tag-visits-la-rioja","18":"product_tag-visits-la-rioja-alta","19":"product_tag-wine-tasting-en","20":"product_tag-wine-tourism","21":"product_tag-winery-visit","23":"entry","24":"has-media","26":"first","27":"instock","28":"virtual","29":"sold-individually","30":"taxable","31":"purchasable","32":"product-type-booking","33":"col","34":"span_1_of_3","35":"owp-content-center","36":"owp-thumbs-layout-horizontal","37":"owp-btn-normal","38":"owp-tabs-layout-horizontal"},"yoast_head":"<!-- This site is optimized with the Yoast SEO plugin v27.0 - https:\/\/yoast.com\/product\/yoast-seo-wordpress\/ -->\n<title>Soul of Valpiedra: 4x4 Vineyeard Experience (35 \u20ac) | Familia Mart\u00ednez Bujanda<\/title>\n<meta name=\"description\" content=\"Come to visit and taste the wines of one of the Grandes Pagos de Espa\u00f1a. Includes 4x4 route through the vineyard and tasting of the most representative wines.\" \/>\n<meta name=\"robots\" content=\"index, follow, max-snippet:-1, max-image-preview:large, max-video-preview:-1\" \/>\n<link rel=\"canonical\" href=\"https:\/\/familiamartinezbujanda.com\/en\/shop\/guided-tours-of-the-wineries\/visits-to-finca-valpiedra-winery\/rioja-vineyard-and-winery-visit\/\" \/>\n<meta property=\"og:locale\" content=\"en_US\" \/>\n<meta property=\"og:type\" content=\"article\" \/>\n<meta property=\"og:title\" content=\"Soul of Valpiedra: 4x4 Vineyeard Experience (35 \u20ac) | Familia Mart\u00ednez Bujanda\" \/>\n<meta property=\"og:description\" content=\"Come to visit and taste the wines of one of the Grandes Pagos de Espa\u00f1a. Includes 4x4 route through the vineyard and tasting of the most representative wines.\" \/>\n<meta property=\"og:url\" content=\"https:\/\/familiamartinezbujanda.com\/en\/shop\/guided-tours-of-the-wineries\/visits-to-finca-valpiedra-winery\/rioja-vineyard-and-winery-visit\/\" \/>\n<meta property=\"og:site_name\" content=\"Familia Mart\u00ednez Bujanda\" \/>\n<meta property=\"article:modified_time\" content=\"2026-04-04T15:54:20+00:00\" \/>\n<meta property=\"og:image\" content=\"https:\/\/familiamartinezbujanda.com\/wp-content\/uploads\/2023\/05\/FV_MASTERCHEF_BAJA-8088-scaled-1.jpg\" \/>\n\t<meta property=\"og:image:width\" content=\"2560\" \/>\n\t<meta property=\"og:image:height\" content=\"1707\" \/>\n\t<meta property=\"og:image:type\" content=\"image\/jpeg\" \/>\n<meta name=\"twitter:card\" content=\"summary_large_image\" \/>\n<meta name=\"twitter:label1\" content=\"Est. reading time\" \/>\n\t<meta name=\"twitter:data1\" content=\"2 minutes\" \/>\n<script type=\"application\/ld+json\" class=\"yoast-schema-graph\">{\"@context\":\"https:\/\/schema.org\",\"@graph\":[{\"@type\":\"WebPage\",\"@id\":\"https:\/\/familiamartinezbujanda.com\/en\/shop\/guided-tours-of-the-wineries\/visits-to-finca-valpiedra-winery\/rioja-vineyard-and-winery-visit\/\",\"url\":\"https:\/\/familiamartinezbujanda.com\/en\/shop\/guided-tours-of-the-wineries\/visits-to-finca-valpiedra-winery\/rioja-vineyard-and-winery-visit\/\",\"name\":\"Soul of Valpiedra: 4x4 Vineyeard Experience (35 \u20ac) | Familia Mart\u00ednez Bujanda\",\"isPartOf\":{\"@id\":\"https:\/\/familiamartinezbujanda.com\/en\/#website\"},\"primaryImageOfPage\":{\"@id\":\"https:\/\/familiamartinezbujanda.com\/en\/shop\/guided-tours-of-the-wineries\/visits-to-finca-valpiedra-winery\/rioja-vineyard-and-winery-visit\/#primaryimage\"},\"image\":{\"@id\":\"https:\/\/familiamartinezbujanda.com\/en\/shop\/guided-tours-of-the-wineries\/visits-to-finca-valpiedra-winery\/rioja-vineyard-and-winery-visit\/#primaryimage\"},\"thumbnailUrl\":\"https:\/\/familiamartinezbujanda.com\/wp-content\/uploads\/2023\/05\/FV_MASTERCHEF_BAJA-8088-scaled-1.jpg\",\"datePublished\":\"2020-10-09T11:38:55+00:00\",\"dateModified\":\"2026-04-04T15:54:20+00:00\",\"description\":\"Come to visit and taste the wines of one of the Grandes Pagos de Espa\u00f1a. Includes 4x4 route through the vineyard and tasting of the most representative wines.\",\"breadcrumb\":{\"@id\":\"https:\/\/familiamartinezbujanda.com\/en\/shop\/guided-tours-of-the-wineries\/visits-to-finca-valpiedra-winery\/rioja-vineyard-and-winery-visit\/#breadcrumb\"},\"inLanguage\":\"en-US\",\"potentialAction\":[{\"@type\":\"ReadAction\",\"target\":[\"https:\/\/familiamartinezbujanda.com\/en\/shop\/guided-tours-of-the-wineries\/visits-to-finca-valpiedra-winery\/rioja-vineyard-and-winery-visit\/\"]}]},{\"@type\":\"ImageObject\",\"inLanguage\":\"en-US\",\"@id\":\"https:\/\/familiamartinezbujanda.com\/en\/shop\/guided-tours-of-the-wineries\/visits-to-finca-valpiedra-winery\/rioja-vineyard-and-winery-visit\/#primaryimage\",\"url\":\"https:\/\/familiamartinezbujanda.com\/wp-content\/uploads\/2023\/05\/FV_MASTERCHEF_BAJA-8088-scaled-1.jpg\",\"contentUrl\":\"https:\/\/familiamartinezbujanda.com\/wp-content\/uploads\/2023\/05\/FV_MASTERCHEF_BAJA-8088-scaled-1.jpg\",\"width\":2560,\"height\":1707},{\"@type\":\"BreadcrumbList\",\"@id\":\"https:\/\/familiamartinezbujanda.com\/en\/shop\/guided-tours-of-the-wineries\/visits-to-finca-valpiedra-winery\/rioja-vineyard-and-winery-visit\/#breadcrumb\",\"itemListElement\":[{\"@type\":\"ListItem\",\"position\":1,\"name\":\"Portada\",\"item\":\"https:\/\/familiamartinezbujanda.com\/en\/inicio\/\"},{\"@type\":\"ListItem\",\"position\":2,\"name\":\"Tienda\",\"item\":\"https:\/\/familiamartinezbujanda.com\/en\/shop\/\"},{\"@type\":\"ListItem\",\"position\":3,\"name\":\"Soul of Valpiedra: 4&#215;4 Vineyeard Experience (35 \u20ac)\"}]},{\"@type\":\"WebSite\",\"@id\":\"https:\/\/familiamartinezbujanda.com\/en\/#website\",\"url\":\"https:\/\/familiamartinezbujanda.com\/en\/\",\"name\":\"Familia Mart\u00ednez Bujanda\",\"description\":\"Cinco bodegas conforman Familia Mart\u00ednez-Bujanda: Finca Valpiedra (DOCa Rioja), Finca Antigua (DO La Mancha), Finca Montepedroso (DO Rueda), Vi\u00f1a Bujanda ...\",\"publisher\":{\"@id\":\"https:\/\/familiamartinezbujanda.com\/en\/#organization\"},\"potentialAction\":[{\"@type\":\"SearchAction\",\"target\":{\"@type\":\"EntryPoint\",\"urlTemplate\":\"https:\/\/familiamartinezbujanda.com\/en\/?s={search_term_string}\"},\"query-input\":{\"@type\":\"PropertyValueSpecification\",\"valueRequired\":true,\"valueName\":\"search_term_string\"}}],\"inLanguage\":\"en-US\"},{\"@type\":\"Organization\",\"@id\":\"https:\/\/familiamartinezbujanda.com\/en\/#organization\",\"name\":\"Familia Mart\u00ednez Bujanda\",\"url\":\"https:\/\/familiamartinezbujanda.com\/en\/\",\"logo\":{\"@type\":\"ImageObject\",\"inLanguage\":\"en-US\",\"@id\":\"https:\/\/familiamartinezbujanda.com\/en\/#\/schema\/logo\/image\/\",\"url\":\"https:\/\/www.familiamartinezbujanda.com\/wp-content\/uploads\/2022\/06\/favicon.jpg\",\"contentUrl\":\"https:\/\/www.familiamartinezbujanda.com\/wp-content\/uploads\/2022\/06\/favicon.jpg\",\"width\":512,\"height\":512,\"caption\":\"Familia Mart\u00ednez Bujanda\"},\"image\":{\"@id\":\"https:\/\/familiamartinezbujanda.com\/en\/#\/schema\/logo\/image\/\"}}]}<\/script>\n<!-- \/ Yoast SEO plugin. -->","yoast_head_json":{"title":"Soul of Valpiedra: 4x4 Vineyeard Experience (35 \u20ac) | Familia Mart\u00ednez Bujanda","description":"Come to visit and taste the wines of one of the Grandes Pagos de Espa\u00f1a. Includes 4x4 route through the vineyard and tasting of the most representative wines.","robots":{"index":"index","follow":"follow","max-snippet":"max-snippet:-1","max-image-preview":"max-image-preview:large","max-video-preview":"max-video-preview:-1"},"canonical":"https:\/\/familiamartinezbujanda.com\/en\/shop\/guided-tours-of-the-wineries\/visits-to-finca-valpiedra-winery\/rioja-vineyard-and-winery-visit\/","og_locale":"en_US","og_type":"article","og_title":"Soul of Valpiedra: 4x4 Vineyeard Experience (35 \u20ac) | Familia Mart\u00ednez Bujanda","og_description":"Come to visit and taste the wines of one of the Grandes Pagos de Espa\u00f1a. Includes 4x4 route through the vineyard and tasting of the most representative wines.","og_url":"https:\/\/familiamartinezbujanda.com\/en\/shop\/guided-tours-of-the-wineries\/visits-to-finca-valpiedra-winery\/rioja-vineyard-and-winery-visit\/","og_site_name":"Familia Mart\u00ednez Bujanda","article_modified_time":"2026-04-04T15:54:20+00:00","og_image":[{"width":2560,"height":1707,"url":"https:\/\/familiamartinezbujanda.com\/wp-content\/uploads\/2023\/05\/FV_MASTERCHEF_BAJA-8088-scaled-1.jpg","type":"image\/jpeg"}],"twitter_card":"summary_large_image","twitter_misc":{"Est. reading time":"2 minutes"},"schema":{"@context":"https:\/\/schema.org","@graph":[{"@type":"WebPage","@id":"https:\/\/familiamartinezbujanda.com\/en\/shop\/guided-tours-of-the-wineries\/visits-to-finca-valpiedra-winery\/rioja-vineyard-and-winery-visit\/","url":"https:\/\/familiamartinezbujanda.com\/en\/shop\/guided-tours-of-the-wineries\/visits-to-finca-valpiedra-winery\/rioja-vineyard-and-winery-visit\/","name":"Soul of Valpiedra: 4x4 Vineyeard Experience (35 \u20ac) | Familia Mart\u00ednez Bujanda","isPartOf":{"@id":"https:\/\/familiamartinezbujanda.com\/en\/#website"},"primaryImageOfPage":{"@id":"https:\/\/familiamartinezbujanda.com\/en\/shop\/guided-tours-of-the-wineries\/visits-to-finca-valpiedra-winery\/rioja-vineyard-and-winery-visit\/#primaryimage"},"image":{"@id":"https:\/\/familiamartinezbujanda.com\/en\/shop\/guided-tours-of-the-wineries\/visits-to-finca-valpiedra-winery\/rioja-vineyard-and-winery-visit\/#primaryimage"},"thumbnailUrl":"https:\/\/familiamartinezbujanda.com\/wp-content\/uploads\/2023\/05\/FV_MASTERCHEF_BAJA-8088-scaled-1.jpg","datePublished":"2020-10-09T11:38:55+00:00","dateModified":"2026-04-04T15:54:20+00:00","description":"Come to visit and taste the wines of one of the Grandes Pagos de Espa\u00f1a. Includes 4x4 route through the vineyard and tasting of the most representative wines.","breadcrumb":{"@id":"https:\/\/familiamartinezbujanda.com\/en\/shop\/guided-tours-of-the-wineries\/visits-to-finca-valpiedra-winery\/rioja-vineyard-and-winery-visit\/#breadcrumb"},"inLanguage":"en-US","potentialAction":[{"@type":"ReadAction","target":["https:\/\/familiamartinezbujanda.com\/en\/shop\/guided-tours-of-the-wineries\/visits-to-finca-valpiedra-winery\/rioja-vineyard-and-winery-visit\/"]}]},{"@type":"ImageObject","inLanguage":"en-US","@id":"https:\/\/familiamartinezbujanda.com\/en\/shop\/guided-tours-of-the-wineries\/visits-to-finca-valpiedra-winery\/rioja-vineyard-and-winery-visit\/#primaryimage","url":"https:\/\/familiamartinezbujanda.com\/wp-content\/uploads\/2023\/05\/FV_MASTERCHEF_BAJA-8088-scaled-1.jpg","contentUrl":"https:\/\/familiamartinezbujanda.com\/wp-content\/uploads\/2023\/05\/FV_MASTERCHEF_BAJA-8088-scaled-1.jpg","width":2560,"height":1707},{"@type":"BreadcrumbList","@id":"https:\/\/familiamartinezbujanda.com\/en\/shop\/guided-tours-of-the-wineries\/visits-to-finca-valpiedra-winery\/rioja-vineyard-and-winery-visit\/#breadcrumb","itemListElement":[{"@type":"ListItem","position":1,"name":"Portada","item":"https:\/\/familiamartinezbujanda.com\/en\/inicio\/"},{"@type":"ListItem","position":2,"name":"Tienda","item":"https:\/\/familiamartinezbujanda.com\/en\/shop\/"},{"@type":"ListItem","position":3,"name":"Soul of Valpiedra: 4&#215;4 Vineyeard Experience (35 \u20ac)"}]},{"@type":"WebSite","@id":"https:\/\/familiamartinezbujanda.com\/en\/#website","url":"https:\/\/familiamartinezbujanda.com\/en\/","name":"Familia Mart\u00ednez Bujanda","description":"Cinco bodegas conforman Familia Mart\u00ednez-Bujanda: Finca Valpiedra (DOCa Rioja), Finca Antigua (DO La Mancha), Finca Montepedroso (DO Rueda), Vi\u00f1a Bujanda ...","publisher":{"@id":"https:\/\/familiamartinezbujanda.com\/en\/#organization"},"potentialAction":[{"@type":"SearchAction","target":{"@type":"EntryPoint","urlTemplate":"https:\/\/familiamartinezbujanda.com\/en\/?s={search_term_string}"},"query-input":{"@type":"PropertyValueSpecification","valueRequired":true,"valueName":"search_term_string"}}],"inLanguage":"en-US"},{"@type":"Organization","@id":"https:\/\/familiamartinezbujanda.com\/en\/#organization","name":"Familia Mart\u00ednez Bujanda","url":"https:\/\/familiamartinezbujanda.com\/en\/","logo":{"@type":"ImageObject","inLanguage":"en-US","@id":"https:\/\/familiamartinezbujanda.com\/en\/#\/schema\/logo\/image\/","url":"https:\/\/www.familiamartinezbujanda.com\/wp-content\/uploads\/2022\/06\/favicon.jpg","contentUrl":"https:\/\/www.familiamartinezbujanda.com\/wp-content\/uploads\/2022\/06\/favicon.jpg","width":512,"height":512,"caption":"Familia Mart\u00ednez Bujanda"},"image":{"@id":"https:\/\/familiamartinezbujanda.com\/en\/#\/schema\/logo\/image\/"}}]}},"_links":{"self":[{"href":"https:\/\/familiamartinezbujanda.com\/en\/wp-json\/wp\/v2\/product\/69769","targetHints":{"allow":["GET"]}}],"collection":[{"href":"https:\/\/familiamartinezbujanda.com\/en\/wp-json\/wp\/v2\/product"}],"about":[{"href":"https:\/\/familiamartinezbujanda.com\/en\/wp-json\/wp\/v2\/types\/product"}],"replies":[{"embeddable":true,"href":"https:\/\/familiamartinezbujanda.com\/en\/wp-json\/wp\/v2\/comments?post=69769"}],"wp:featuredmedia":[{"embeddable":true,"href":"https:\/\/familiamartinezbujanda.com\/en\/wp-json\/wp\/v2\/media\/68809"}],"wp:attachment":[{"href":"https:\/\/familiamartinezbujanda.com\/en\/wp-json\/wp\/v2\/media?parent=69769"}],"wp:term":[{"taxonomy":"product_brand","embeddable":true,"href":"https:\/\/familiamartinezbujanda.com\/en\/wp-json\/wp\/v2\/product_brand?post=69769"},{"taxonomy":"product_cat","embeddable":true,"href":"https:\/\/familiamartinezbujanda.com\/en\/wp-json\/wp\/v2\/product_cat?post=69769"},{"taxonomy":"product_tag","embeddable":true,"href":"https:\/\/familiamartinezbujanda.com\/en\/wp-json\/wp\/v2\/product_tag?post=69769"}],"curies":[{"name":"wp","href":"https:\/\/api.w.org\/{rel}","templated":true}]}}