{"id":69801,"date":"2021-06-08T02:49:21","date_gmt":"2021-06-08T00:49:21","guid":{"rendered":"https:\/\/familiamartinezbujanda.madisonmk.agency\/tienda\/uncategorized\/valpiedra-duo-lot"},"modified":"2026-01-09T12:25:38","modified_gmt":"2026-01-09T11:25:38","slug":"pack-duo-valpiedra","status":"publish","type":"product","link":"https:\/\/familiamartinezbujanda.com\/en\/shop\/wines\/packs\/pack-duo-valpiedra\/","title":{"rendered":"Valpiedra Duo Lot"},"content":{"rendered":"<p>Lote Duo Valpiedra is perfect for you whether you want to enjoy two of the best Rioja wines or if you are looking for good wines to give as gifts.<\/p>\n<p>In this elegant case you will find 2 bottles of our best Finca Valpiedra wines, made with the tempranillo variety from our winery in the DOCa. Rioja. Familia Mart\u00ednez Bujanda follows the single vineyard style in this magnificent vineyard in Rioja Alta.  <\/p>\n<p>The lot contains:<\/p>\n<ul>\n<li>1 bottle of Finca Valpiedra Reserva<\/li>\n<li>1 bottle Cantos de Valpiedra Crianza<\/li>\n<\/ul>\n<p><strong>Finca Valpiedra Reserva (DOCa. Rioja), <\/strong>a very elegant wine, with high intensity and great complexity in aromas and flavors. It is a Rioja reserva red wine with 24 months in French oak barrels that give an ideal balance between fruit, toast, and its pleasant finish. It is one of the Rioja wines that is part of the Grandes Pagos de Espa\u00f1a and has 93 points in the Pe\u00f1\u00edn Guide.  <\/p>\n<p><strong>Cantos de Valpiedra (DOCa. Rioja)<\/strong> is a very aromatic, fresh and mineral Rioja Crianza wine, in which the Tempranillo grapes are perfectly integrated after 12 months in American and French oak barrels. It is characterized by its great balance and intensity. It has 90 points in the Pe\u00f1\u00edn Guide.  <\/p>\n","protected":false},"excerpt":{"rendered":"<p>Case of two fantastic wines from Finca Valpiedra.<\/p>\n<p>Contains:<\/p>\n<p>&#8211; 1 bottle of Finca Valpiedra reserva<br \/>\n&#8211; 1 bottle of Cantos de Valpiedra crianza.<\/p>\n","protected":false},"featured_media":68336,"comment_status":"open","ping_status":"closed","template":"","meta":{"iawp_total_views":5},"product_brand":[],"product_cat":[2070,2209,1567],"product_tag":[],"class_list":{"0":"post-69801","1":"product","2":"type-product","3":"status-publish","4":"has-post-thumbnail","6":"product_cat-packs","7":"product_cat-special-presentations","8":"product_cat-valpiedra-packs","10":"entry","11":"has-media","13":"first","14":"instock","15":"taxable","16":"shipping-taxable","17":"purchasable","18":"product-type-simple","19":"col","20":"span_1_of_3","21":"owp-content-center","22":"owp-thumbs-layout-horizontal","23":"owp-btn-normal","24":"owp-tabs-layout-horizontal","25":"has-no-thumbnails"},"yoast_head":"<!-- This site is optimized with the Yoast SEO plugin v27.0 - https:\/\/yoast.com\/product\/yoast-seo-wordpress\/ -->\n<title>Valpiedra Duo Lot | Familia Mart\u00ednez Bujanda<\/title>\n<meta name=\"robots\" content=\"index, follow, max-snippet:-1, max-image-preview:large, max-video-preview:-1\" \/>\n<link rel=\"canonical\" href=\"https:\/\/familiamartinezbujanda.com\/en\/shop\/wines\/packs\/pack-duo-valpiedra\/\" \/>\n<meta property=\"og:locale\" content=\"en_US\" \/>\n<meta property=\"og:type\" content=\"article\" \/>\n<meta property=\"og:title\" content=\"Valpiedra Duo Lot | Familia Mart\u00ednez Bujanda\" \/>\n<meta property=\"og:description\" content=\"Case of two fantastic wines from Finca Valpiedra. Contains: - 1 bottle of Finca Valpiedra reserva - 1 bottle of Cantos de Valpiedra crianza.\" \/>\n<meta property=\"og:url\" content=\"https:\/\/familiamartinezbujanda.com\/en\/shop\/wines\/packs\/pack-duo-valpiedra\/\" \/>\n<meta property=\"og:site_name\" content=\"Familia Mart\u00ednez Bujanda\" \/>\n<meta property=\"article:modified_time\" content=\"2026-01-09T11:25:38+00:00\" \/>\n<meta property=\"og:image\" content=\"https:\/\/familiamartinezbujanda.com\/wp-content\/uploads\/2022\/05\/lote-duo-valpiedra-1.jpg\" \/>\n\t<meta property=\"og:image:width\" content=\"600\" \/>\n\t<meta property=\"og:image:height\" content=\"600\" \/>\n\t<meta property=\"og:image:type\" content=\"image\/jpeg\" \/>\n<meta name=\"twitter:card\" content=\"summary_large_image\" \/>\n<meta name=\"twitter:label1\" content=\"Est. reading time\" \/>\n\t<meta name=\"twitter:data1\" content=\"1 minute\" \/>\n<script type=\"application\/ld+json\" class=\"yoast-schema-graph\">{\"@context\":\"https:\/\/schema.org\",\"@graph\":[{\"@type\":\"WebPage\",\"@id\":\"https:\/\/familiamartinezbujanda.com\/en\/shop\/wines\/packs\/pack-duo-valpiedra\/\",\"url\":\"https:\/\/familiamartinezbujanda.com\/en\/shop\/wines\/packs\/pack-duo-valpiedra\/\",\"name\":\"Valpiedra Duo Lot | Familia Mart\u00ednez Bujanda\",\"isPartOf\":{\"@id\":\"https:\/\/familiamartinezbujanda.com\/en\/#website\"},\"primaryImageOfPage\":{\"@id\":\"https:\/\/familiamartinezbujanda.com\/en\/shop\/wines\/packs\/pack-duo-valpiedra\/#primaryimage\"},\"image\":{\"@id\":\"https:\/\/familiamartinezbujanda.com\/en\/shop\/wines\/packs\/pack-duo-valpiedra\/#primaryimage\"},\"thumbnailUrl\":\"https:\/\/familiamartinezbujanda.com\/wp-content\/uploads\/2022\/05\/lote-duo-valpiedra-1.jpg\",\"datePublished\":\"2021-06-08T00:49:21+00:00\",\"dateModified\":\"2026-01-09T11:25:38+00:00\",\"breadcrumb\":{\"@id\":\"https:\/\/familiamartinezbujanda.com\/en\/shop\/wines\/packs\/pack-duo-valpiedra\/#breadcrumb\"},\"inLanguage\":\"en-US\",\"potentialAction\":[{\"@type\":\"ReadAction\",\"target\":[\"https:\/\/familiamartinezbujanda.com\/en\/shop\/wines\/packs\/pack-duo-valpiedra\/\"]}]},{\"@type\":\"ImageObject\",\"inLanguage\":\"en-US\",\"@id\":\"https:\/\/familiamartinezbujanda.com\/en\/shop\/wines\/packs\/pack-duo-valpiedra\/#primaryimage\",\"url\":\"https:\/\/familiamartinezbujanda.com\/wp-content\/uploads\/2022\/05\/lote-duo-valpiedra-1.jpg\",\"contentUrl\":\"https:\/\/familiamartinezbujanda.com\/wp-content\/uploads\/2022\/05\/lote-duo-valpiedra-1.jpg\",\"width\":600,\"height\":600},{\"@type\":\"BreadcrumbList\",\"@id\":\"https:\/\/familiamartinezbujanda.com\/en\/shop\/wines\/packs\/pack-duo-valpiedra\/#breadcrumb\",\"itemListElement\":[{\"@type\":\"ListItem\",\"position\":1,\"name\":\"Portada\",\"item\":\"https:\/\/familiamartinezbujanda.com\/en\/inicio\/\"},{\"@type\":\"ListItem\",\"position\":2,\"name\":\"Tienda\",\"item\":\"https:\/\/familiamartinezbujanda.com\/en\/shop\/\"},{\"@type\":\"ListItem\",\"position\":3,\"name\":\"Valpiedra Duo Lot\"}]},{\"@type\":\"WebSite\",\"@id\":\"https:\/\/familiamartinezbujanda.com\/en\/#website\",\"url\":\"https:\/\/familiamartinezbujanda.com\/en\/\",\"name\":\"Familia Mart\u00ednez Bujanda\",\"description\":\"Cinco bodegas conforman Familia Mart\u00ednez-Bujanda: Finca Valpiedra (DOCa Rioja), Finca Antigua (DO La Mancha), Finca Montepedroso (DO Rueda), Vi\u00f1a Bujanda ...\",\"publisher\":{\"@id\":\"https:\/\/familiamartinezbujanda.com\/en\/#organization\"},\"potentialAction\":[{\"@type\":\"SearchAction\",\"target\":{\"@type\":\"EntryPoint\",\"urlTemplate\":\"https:\/\/familiamartinezbujanda.com\/en\/?s={search_term_string}\"},\"query-input\":{\"@type\":\"PropertyValueSpecification\",\"valueRequired\":true,\"valueName\":\"search_term_string\"}}],\"inLanguage\":\"en-US\"},{\"@type\":\"Organization\",\"@id\":\"https:\/\/familiamartinezbujanda.com\/en\/#organization\",\"name\":\"Familia Mart\u00ednez Bujanda\",\"url\":\"https:\/\/familiamartinezbujanda.com\/en\/\",\"logo\":{\"@type\":\"ImageObject\",\"inLanguage\":\"en-US\",\"@id\":\"https:\/\/familiamartinezbujanda.com\/en\/#\/schema\/logo\/image\/\",\"url\":\"https:\/\/www.familiamartinezbujanda.com\/wp-content\/uploads\/2022\/06\/favicon.jpg\",\"contentUrl\":\"https:\/\/www.familiamartinezbujanda.com\/wp-content\/uploads\/2022\/06\/favicon.jpg\",\"width\":512,\"height\":512,\"caption\":\"Familia Mart\u00ednez Bujanda\"},\"image\":{\"@id\":\"https:\/\/familiamartinezbujanda.com\/en\/#\/schema\/logo\/image\/\"}}]}<\/script>\n<!-- \/ Yoast SEO plugin. -->","yoast_head_json":{"title":"Valpiedra Duo Lot | Familia Mart\u00ednez Bujanda","robots":{"index":"index","follow":"follow","max-snippet":"max-snippet:-1","max-image-preview":"max-image-preview:large","max-video-preview":"max-video-preview:-1"},"canonical":"https:\/\/familiamartinezbujanda.com\/en\/shop\/wines\/packs\/pack-duo-valpiedra\/","og_locale":"en_US","og_type":"article","og_title":"Valpiedra Duo Lot | Familia Mart\u00ednez Bujanda","og_description":"Case of two fantastic wines from Finca Valpiedra. Contains: - 1 bottle of Finca Valpiedra reserva - 1 bottle of Cantos de Valpiedra crianza.","og_url":"https:\/\/familiamartinezbujanda.com\/en\/shop\/wines\/packs\/pack-duo-valpiedra\/","og_site_name":"Familia Mart\u00ednez Bujanda","article_modified_time":"2026-01-09T11:25:38+00:00","og_image":[{"width":600,"height":600,"url":"https:\/\/familiamartinezbujanda.com\/wp-content\/uploads\/2022\/05\/lote-duo-valpiedra-1.jpg","type":"image\/jpeg"}],"twitter_card":"summary_large_image","twitter_misc":{"Est. reading time":"1 minute"},"schema":{"@context":"https:\/\/schema.org","@graph":[{"@type":"WebPage","@id":"https:\/\/familiamartinezbujanda.com\/en\/shop\/wines\/packs\/pack-duo-valpiedra\/","url":"https:\/\/familiamartinezbujanda.com\/en\/shop\/wines\/packs\/pack-duo-valpiedra\/","name":"Valpiedra Duo Lot | Familia Mart\u00ednez Bujanda","isPartOf":{"@id":"https:\/\/familiamartinezbujanda.com\/en\/#website"},"primaryImageOfPage":{"@id":"https:\/\/familiamartinezbujanda.com\/en\/shop\/wines\/packs\/pack-duo-valpiedra\/#primaryimage"},"image":{"@id":"https:\/\/familiamartinezbujanda.com\/en\/shop\/wines\/packs\/pack-duo-valpiedra\/#primaryimage"},"thumbnailUrl":"https:\/\/familiamartinezbujanda.com\/wp-content\/uploads\/2022\/05\/lote-duo-valpiedra-1.jpg","datePublished":"2021-06-08T00:49:21+00:00","dateModified":"2026-01-09T11:25:38+00:00","breadcrumb":{"@id":"https:\/\/familiamartinezbujanda.com\/en\/shop\/wines\/packs\/pack-duo-valpiedra\/#breadcrumb"},"inLanguage":"en-US","potentialAction":[{"@type":"ReadAction","target":["https:\/\/familiamartinezbujanda.com\/en\/shop\/wines\/packs\/pack-duo-valpiedra\/"]}]},{"@type":"ImageObject","inLanguage":"en-US","@id":"https:\/\/familiamartinezbujanda.com\/en\/shop\/wines\/packs\/pack-duo-valpiedra\/#primaryimage","url":"https:\/\/familiamartinezbujanda.com\/wp-content\/uploads\/2022\/05\/lote-duo-valpiedra-1.jpg","contentUrl":"https:\/\/familiamartinezbujanda.com\/wp-content\/uploads\/2022\/05\/lote-duo-valpiedra-1.jpg","width":600,"height":600},{"@type":"BreadcrumbList","@id":"https:\/\/familiamartinezbujanda.com\/en\/shop\/wines\/packs\/pack-duo-valpiedra\/#breadcrumb","itemListElement":[{"@type":"ListItem","position":1,"name":"Portada","item":"https:\/\/familiamartinezbujanda.com\/en\/inicio\/"},{"@type":"ListItem","position":2,"name":"Tienda","item":"https:\/\/familiamartinezbujanda.com\/en\/shop\/"},{"@type":"ListItem","position":3,"name":"Valpiedra Duo Lot"}]},{"@type":"WebSite","@id":"https:\/\/familiamartinezbujanda.com\/en\/#website","url":"https:\/\/familiamartinezbujanda.com\/en\/","name":"Familia Mart\u00ednez Bujanda","description":"Cinco bodegas conforman Familia Mart\u00ednez-Bujanda: Finca Valpiedra (DOCa Rioja), Finca Antigua (DO La Mancha), Finca Montepedroso (DO Rueda), Vi\u00f1a Bujanda ...","publisher":{"@id":"https:\/\/familiamartinezbujanda.com\/en\/#organization"},"potentialAction":[{"@type":"SearchAction","target":{"@type":"EntryPoint","urlTemplate":"https:\/\/familiamartinezbujanda.com\/en\/?s={search_term_string}"},"query-input":{"@type":"PropertyValueSpecification","valueRequired":true,"valueName":"search_term_string"}}],"inLanguage":"en-US"},{"@type":"Organization","@id":"https:\/\/familiamartinezbujanda.com\/en\/#organization","name":"Familia Mart\u00ednez Bujanda","url":"https:\/\/familiamartinezbujanda.com\/en\/","logo":{"@type":"ImageObject","inLanguage":"en-US","@id":"https:\/\/familiamartinezbujanda.com\/en\/#\/schema\/logo\/image\/","url":"https:\/\/www.familiamartinezbujanda.com\/wp-content\/uploads\/2022\/06\/favicon.jpg","contentUrl":"https:\/\/www.familiamartinezbujanda.com\/wp-content\/uploads\/2022\/06\/favicon.jpg","width":512,"height":512,"caption":"Familia Mart\u00ednez Bujanda"},"image":{"@id":"https:\/\/familiamartinezbujanda.com\/en\/#\/schema\/logo\/image\/"}}]}},"_links":{"self":[{"href":"https:\/\/familiamartinezbujanda.com\/en\/wp-json\/wp\/v2\/product\/69801","targetHints":{"allow":["GET"]}}],"collection":[{"href":"https:\/\/familiamartinezbujanda.com\/en\/wp-json\/wp\/v2\/product"}],"about":[{"href":"https:\/\/familiamartinezbujanda.com\/en\/wp-json\/wp\/v2\/types\/product"}],"replies":[{"embeddable":true,"href":"https:\/\/familiamartinezbujanda.com\/en\/wp-json\/wp\/v2\/comments?post=69801"}],"wp:featuredmedia":[{"embeddable":true,"href":"https:\/\/familiamartinezbujanda.com\/en\/wp-json\/wp\/v2\/media\/68336"}],"wp:attachment":[{"href":"https:\/\/familiamartinezbujanda.com\/en\/wp-json\/wp\/v2\/media?parent=69801"}],"wp:term":[{"taxonomy":"product_brand","embeddable":true,"href":"https:\/\/familiamartinezbujanda.com\/en\/wp-json\/wp\/v2\/product_brand?post=69801"},{"taxonomy":"product_cat","embeddable":true,"href":"https:\/\/familiamartinezbujanda.com\/en\/wp-json\/wp\/v2\/product_cat?post=69801"},{"taxonomy":"product_tag","embeddable":true,"href":"https:\/\/familiamartinezbujanda.com\/en\/wp-json\/wp\/v2\/product_tag?post=69801"}],"curies":[{"name":"wp","href":"https:\/\/api.w.org\/{rel}","templated":true}]}}