{"id":69803,"date":"2021-06-08T01:17:29","date_gmt":"2021-06-07T23:17:29","guid":{"rendered":"https:\/\/familiamartinezbujanda.madisonmk.agency\/tienda\/uncategorized\/clavis-magnum-signature-wine"},"modified":"2026-01-09T10:52:57","modified_gmt":"2026-01-09T09:52:57","slug":"clavis-magnum-signature-wine","status":"publish","type":"product","link":"https:\/\/familiamartinezbujanda.com\/en\/shop\/wines\/magnum-en\/clavis-magnum-signature-wine\/","title":{"rendered":"Clavis Magnum &#8211; Signature Wine"},"content":{"rendered":"<p><strong>Clavis Magnum <\/strong>is an exceptional red wine that is Finca Antigua&#8217;s most special terroir bottling.<\/p>\n<p>Pico Garbanzo is Familia Mart\u00ednez Bujanda&#8217;s most emblematic plot in its Finca Antigua vineyard. In this high quality red wine, there is a blend of varieties that results in a magnificent red wine, brilliant, complex in aromas, long in flavor and exquisitely balanced after 22 months in new French oak barrels. <\/p>\n<p>Clavis is an excellent limited edition wine (92 points Pe\u00f1\u00edn Guide). A good wine to give as a gift. <\/p>\n<p>&nbsp;<\/p>\n","protected":false},"excerpt":{"rendered":"<p><span style=\"color: #000000\"><br \/>\n  <strong>VINEYARD: <\/strong><br \/>\n<\/span>Pico Garbanzo.<br \/>\n<span style=\"color: #000000\"><br \/>\n  <strong>VARIETY: <\/strong><br \/>\n<\/span>Various.<br \/>\n<span style=\"color: #000000\"><br \/>\n  <strong>D.O.: <\/strong><br \/>\n<\/span>La Mancha.<br \/>\n<span style=\"color: #000000\"><strong>BOTTLE: <\/strong><\/span>1500 ml.<br \/>\n<span style=\"color: #000000\"><br \/>\n  <strong>CATEGORY: <\/strong><br \/>\n<\/span>Traditional.<br \/>\n<span style=\"color: #000000\"><br \/>\n  <strong>ALCOHOL CONTENT: <\/strong><br \/>\n<\/span>14% vol.<br \/>\n<span style=\"color: #000000\"><br \/>\n  <strong>TOTAL ACIDITY: <\/strong><br \/>\n<\/span>6.4 g\/l. Tartaric.<br \/>\n<span style=\"color: #000000\"><strong>HARVEST DATE: <\/strong><\/span>1st week of October 2016.<br \/>\n<span style=\"color: #000000\"><br \/>\n  <strong>AGING: <\/strong><br \/>\n<\/span>22 months in 100% new French oak barrels.<\/p>\n","protected":false},"featured_media":68326,"comment_status":"open","ping_status":"closed","template":"","meta":{"iawp_total_views":11},"product_brand":[],"product_cat":[2089,2091,2220,2209],"product_tag":[],"class_list":{"0":"post-69803","1":"product","2":"type-product","3":"status-publish","4":"has-post-thumbnail","6":"product_cat-magnum-en","7":"product_cat-magnum-fa-en","8":"product_cat-reds","9":"product_cat-special-presentations","11":"entry","12":"has-media","14":"first","15":"instock","16":"taxable","17":"shipping-taxable","18":"purchasable","19":"product-type-simple","20":"col","21":"span_1_of_3","22":"owp-content-center","23":"owp-thumbs-layout-horizontal","24":"owp-btn-normal","25":"owp-tabs-layout-horizontal","26":"has-no-thumbnails"},"yoast_head":"<!-- This site is optimized with the Yoast SEO plugin v27.0 - https:\/\/yoast.com\/product\/yoast-seo-wordpress\/ -->\n<title>Clavis Magnum - Signature Wine | Familia Mart\u00ednez Bujanda<\/title>\n<meta name=\"robots\" content=\"index, follow, max-snippet:-1, max-image-preview:large, max-video-preview:-1\" \/>\n<link rel=\"canonical\" href=\"https:\/\/familiamartinezbujanda.com\/en\/shop\/wines\/magnum-en\/clavis-magnum-signature-wine\/\" \/>\n<meta property=\"og:locale\" content=\"en_US\" \/>\n<meta property=\"og:type\" content=\"article\" \/>\n<meta property=\"og:title\" content=\"Clavis Magnum - Signature Wine | Familia Mart\u00ednez Bujanda\" \/>\n<meta property=\"og:description\" content=\"VINEYARD: Pico Garbanzo.  VARIETY: Various.  D.O.: La Mancha. BOTTLE: 1500 ml.  CATEGORY: Traditional.  ALCOHOL CONTENT: 14% vol.  TOTAL ACIDITY: 6.4 g\/l. Tartaric. HARVEST DATE: 1st week of October 2016.  AGING: 22 months in 100% new French oak barrels.\" \/>\n<meta property=\"og:url\" content=\"https:\/\/familiamartinezbujanda.com\/en\/shop\/wines\/magnum-en\/clavis-magnum-signature-wine\/\" \/>\n<meta property=\"og:site_name\" content=\"Familia Mart\u00ednez Bujanda\" \/>\n<meta property=\"article:modified_time\" content=\"2026-01-09T09:52:57+00:00\" \/>\n<meta property=\"og:image\" content=\"https:\/\/familiamartinezbujanda.com\/wp-content\/uploads\/2022\/05\/ClavisMagnum.jpg\" \/>\n\t<meta property=\"og:image:width\" content=\"550\" \/>\n\t<meta property=\"og:image:height\" content=\"528\" \/>\n\t<meta property=\"og:image:type\" content=\"image\/jpeg\" \/>\n<meta name=\"twitter:card\" content=\"summary_large_image\" \/>\n<meta name=\"twitter:label1\" content=\"Est. reading time\" \/>\n\t<meta name=\"twitter:data1\" content=\"1 minute\" \/>\n<script type=\"application\/ld+json\" class=\"yoast-schema-graph\">{\"@context\":\"https:\/\/schema.org\",\"@graph\":[{\"@type\":\"WebPage\",\"@id\":\"https:\/\/familiamartinezbujanda.com\/en\/shop\/wines\/magnum-en\/clavis-magnum-signature-wine\/\",\"url\":\"https:\/\/familiamartinezbujanda.com\/en\/shop\/wines\/magnum-en\/clavis-magnum-signature-wine\/\",\"name\":\"Clavis Magnum - Signature Wine | Familia Mart\u00ednez Bujanda\",\"isPartOf\":{\"@id\":\"https:\/\/familiamartinezbujanda.com\/en\/#website\"},\"primaryImageOfPage\":{\"@id\":\"https:\/\/familiamartinezbujanda.com\/en\/shop\/wines\/magnum-en\/clavis-magnum-signature-wine\/#primaryimage\"},\"image\":{\"@id\":\"https:\/\/familiamartinezbujanda.com\/en\/shop\/wines\/magnum-en\/clavis-magnum-signature-wine\/#primaryimage\"},\"thumbnailUrl\":\"https:\/\/familiamartinezbujanda.com\/wp-content\/uploads\/2022\/05\/ClavisMagnum.jpg\",\"datePublished\":\"2021-06-07T23:17:29+00:00\",\"dateModified\":\"2026-01-09T09:52:57+00:00\",\"breadcrumb\":{\"@id\":\"https:\/\/familiamartinezbujanda.com\/en\/shop\/wines\/magnum-en\/clavis-magnum-signature-wine\/#breadcrumb\"},\"inLanguage\":\"en-US\",\"potentialAction\":[{\"@type\":\"ReadAction\",\"target\":[\"https:\/\/familiamartinezbujanda.com\/en\/shop\/wines\/magnum-en\/clavis-magnum-signature-wine\/\"]}]},{\"@type\":\"ImageObject\",\"inLanguage\":\"en-US\",\"@id\":\"https:\/\/familiamartinezbujanda.com\/en\/shop\/wines\/magnum-en\/clavis-magnum-signature-wine\/#primaryimage\",\"url\":\"https:\/\/familiamartinezbujanda.com\/wp-content\/uploads\/2022\/05\/ClavisMagnum.jpg\",\"contentUrl\":\"https:\/\/familiamartinezbujanda.com\/wp-content\/uploads\/2022\/05\/ClavisMagnum.jpg\",\"width\":550,\"height\":528},{\"@type\":\"BreadcrumbList\",\"@id\":\"https:\/\/familiamartinezbujanda.com\/en\/shop\/wines\/magnum-en\/clavis-magnum-signature-wine\/#breadcrumb\",\"itemListElement\":[{\"@type\":\"ListItem\",\"position\":1,\"name\":\"Portada\",\"item\":\"https:\/\/familiamartinezbujanda.com\/en\/inicio\/\"},{\"@type\":\"ListItem\",\"position\":2,\"name\":\"Tienda\",\"item\":\"https:\/\/familiamartinezbujanda.com\/en\/shop\/\"},{\"@type\":\"ListItem\",\"position\":3,\"name\":\"Clavis Magnum &#8211; Signature Wine\"}]},{\"@type\":\"WebSite\",\"@id\":\"https:\/\/familiamartinezbujanda.com\/en\/#website\",\"url\":\"https:\/\/familiamartinezbujanda.com\/en\/\",\"name\":\"Familia Mart\u00ednez Bujanda\",\"description\":\"Cinco bodegas conforman Familia Mart\u00ednez-Bujanda: Finca Valpiedra (DOCa Rioja), Finca Antigua (DO La Mancha), Finca Montepedroso (DO Rueda), Vi\u00f1a Bujanda ...\",\"publisher\":{\"@id\":\"https:\/\/familiamartinezbujanda.com\/en\/#organization\"},\"potentialAction\":[{\"@type\":\"SearchAction\",\"target\":{\"@type\":\"EntryPoint\",\"urlTemplate\":\"https:\/\/familiamartinezbujanda.com\/en\/?s={search_term_string}\"},\"query-input\":{\"@type\":\"PropertyValueSpecification\",\"valueRequired\":true,\"valueName\":\"search_term_string\"}}],\"inLanguage\":\"en-US\"},{\"@type\":\"Organization\",\"@id\":\"https:\/\/familiamartinezbujanda.com\/en\/#organization\",\"name\":\"Familia Mart\u00ednez Bujanda\",\"url\":\"https:\/\/familiamartinezbujanda.com\/en\/\",\"logo\":{\"@type\":\"ImageObject\",\"inLanguage\":\"en-US\",\"@id\":\"https:\/\/familiamartinezbujanda.com\/en\/#\/schema\/logo\/image\/\",\"url\":\"https:\/\/www.familiamartinezbujanda.com\/wp-content\/uploads\/2022\/06\/favicon.jpg\",\"contentUrl\":\"https:\/\/www.familiamartinezbujanda.com\/wp-content\/uploads\/2022\/06\/favicon.jpg\",\"width\":512,\"height\":512,\"caption\":\"Familia Mart\u00ednez Bujanda\"},\"image\":{\"@id\":\"https:\/\/familiamartinezbujanda.com\/en\/#\/schema\/logo\/image\/\"}}]}<\/script>\n<!-- \/ Yoast SEO plugin. -->","yoast_head_json":{"title":"Clavis Magnum - Signature Wine | Familia Mart\u00ednez Bujanda","robots":{"index":"index","follow":"follow","max-snippet":"max-snippet:-1","max-image-preview":"max-image-preview:large","max-video-preview":"max-video-preview:-1"},"canonical":"https:\/\/familiamartinezbujanda.com\/en\/shop\/wines\/magnum-en\/clavis-magnum-signature-wine\/","og_locale":"en_US","og_type":"article","og_title":"Clavis Magnum - Signature Wine | Familia Mart\u00ednez Bujanda","og_description":"VINEYARD: Pico Garbanzo.  VARIETY: Various.  D.O.: La Mancha. BOTTLE: 1500 ml.  CATEGORY: Traditional.  ALCOHOL CONTENT: 14% vol.  TOTAL ACIDITY: 6.4 g\/l. Tartaric. HARVEST DATE: 1st week of October 2016.  AGING: 22 months in 100% new French oak barrels.","og_url":"https:\/\/familiamartinezbujanda.com\/en\/shop\/wines\/magnum-en\/clavis-magnum-signature-wine\/","og_site_name":"Familia Mart\u00ednez Bujanda","article_modified_time":"2026-01-09T09:52:57+00:00","og_image":[{"width":550,"height":528,"url":"https:\/\/familiamartinezbujanda.com\/wp-content\/uploads\/2022\/05\/ClavisMagnum.jpg","type":"image\/jpeg"}],"twitter_card":"summary_large_image","twitter_misc":{"Est. reading time":"1 minute"},"schema":{"@context":"https:\/\/schema.org","@graph":[{"@type":"WebPage","@id":"https:\/\/familiamartinezbujanda.com\/en\/shop\/wines\/magnum-en\/clavis-magnum-signature-wine\/","url":"https:\/\/familiamartinezbujanda.com\/en\/shop\/wines\/magnum-en\/clavis-magnum-signature-wine\/","name":"Clavis Magnum - Signature Wine | Familia Mart\u00ednez Bujanda","isPartOf":{"@id":"https:\/\/familiamartinezbujanda.com\/en\/#website"},"primaryImageOfPage":{"@id":"https:\/\/familiamartinezbujanda.com\/en\/shop\/wines\/magnum-en\/clavis-magnum-signature-wine\/#primaryimage"},"image":{"@id":"https:\/\/familiamartinezbujanda.com\/en\/shop\/wines\/magnum-en\/clavis-magnum-signature-wine\/#primaryimage"},"thumbnailUrl":"https:\/\/familiamartinezbujanda.com\/wp-content\/uploads\/2022\/05\/ClavisMagnum.jpg","datePublished":"2021-06-07T23:17:29+00:00","dateModified":"2026-01-09T09:52:57+00:00","breadcrumb":{"@id":"https:\/\/familiamartinezbujanda.com\/en\/shop\/wines\/magnum-en\/clavis-magnum-signature-wine\/#breadcrumb"},"inLanguage":"en-US","potentialAction":[{"@type":"ReadAction","target":["https:\/\/familiamartinezbujanda.com\/en\/shop\/wines\/magnum-en\/clavis-magnum-signature-wine\/"]}]},{"@type":"ImageObject","inLanguage":"en-US","@id":"https:\/\/familiamartinezbujanda.com\/en\/shop\/wines\/magnum-en\/clavis-magnum-signature-wine\/#primaryimage","url":"https:\/\/familiamartinezbujanda.com\/wp-content\/uploads\/2022\/05\/ClavisMagnum.jpg","contentUrl":"https:\/\/familiamartinezbujanda.com\/wp-content\/uploads\/2022\/05\/ClavisMagnum.jpg","width":550,"height":528},{"@type":"BreadcrumbList","@id":"https:\/\/familiamartinezbujanda.com\/en\/shop\/wines\/magnum-en\/clavis-magnum-signature-wine\/#breadcrumb","itemListElement":[{"@type":"ListItem","position":1,"name":"Portada","item":"https:\/\/familiamartinezbujanda.com\/en\/inicio\/"},{"@type":"ListItem","position":2,"name":"Tienda","item":"https:\/\/familiamartinezbujanda.com\/en\/shop\/"},{"@type":"ListItem","position":3,"name":"Clavis Magnum &#8211; Signature Wine"}]},{"@type":"WebSite","@id":"https:\/\/familiamartinezbujanda.com\/en\/#website","url":"https:\/\/familiamartinezbujanda.com\/en\/","name":"Familia Mart\u00ednez Bujanda","description":"Cinco bodegas conforman Familia Mart\u00ednez-Bujanda: Finca Valpiedra (DOCa Rioja), Finca Antigua (DO La Mancha), Finca Montepedroso (DO Rueda), Vi\u00f1a Bujanda ...","publisher":{"@id":"https:\/\/familiamartinezbujanda.com\/en\/#organization"},"potentialAction":[{"@type":"SearchAction","target":{"@type":"EntryPoint","urlTemplate":"https:\/\/familiamartinezbujanda.com\/en\/?s={search_term_string}"},"query-input":{"@type":"PropertyValueSpecification","valueRequired":true,"valueName":"search_term_string"}}],"inLanguage":"en-US"},{"@type":"Organization","@id":"https:\/\/familiamartinezbujanda.com\/en\/#organization","name":"Familia Mart\u00ednez Bujanda","url":"https:\/\/familiamartinezbujanda.com\/en\/","logo":{"@type":"ImageObject","inLanguage":"en-US","@id":"https:\/\/familiamartinezbujanda.com\/en\/#\/schema\/logo\/image\/","url":"https:\/\/www.familiamartinezbujanda.com\/wp-content\/uploads\/2022\/06\/favicon.jpg","contentUrl":"https:\/\/www.familiamartinezbujanda.com\/wp-content\/uploads\/2022\/06\/favicon.jpg","width":512,"height":512,"caption":"Familia Mart\u00ednez Bujanda"},"image":{"@id":"https:\/\/familiamartinezbujanda.com\/en\/#\/schema\/logo\/image\/"}}]}},"_links":{"self":[{"href":"https:\/\/familiamartinezbujanda.com\/en\/wp-json\/wp\/v2\/product\/69803","targetHints":{"allow":["GET"]}}],"collection":[{"href":"https:\/\/familiamartinezbujanda.com\/en\/wp-json\/wp\/v2\/product"}],"about":[{"href":"https:\/\/familiamartinezbujanda.com\/en\/wp-json\/wp\/v2\/types\/product"}],"replies":[{"embeddable":true,"href":"https:\/\/familiamartinezbujanda.com\/en\/wp-json\/wp\/v2\/comments?post=69803"}],"wp:featuredmedia":[{"embeddable":true,"href":"https:\/\/familiamartinezbujanda.com\/en\/wp-json\/wp\/v2\/media\/68326"}],"wp:attachment":[{"href":"https:\/\/familiamartinezbujanda.com\/en\/wp-json\/wp\/v2\/media?parent=69803"}],"wp:term":[{"taxonomy":"product_brand","embeddable":true,"href":"https:\/\/familiamartinezbujanda.com\/en\/wp-json\/wp\/v2\/product_brand?post=69803"},{"taxonomy":"product_cat","embeddable":true,"href":"https:\/\/familiamartinezbujanda.com\/en\/wp-json\/wp\/v2\/product_cat?post=69803"},{"taxonomy":"product_tag","embeddable":true,"href":"https:\/\/familiamartinezbujanda.com\/en\/wp-json\/wp\/v2\/product_tag?post=69803"}],"curies":[{"name":"wp","href":"https:\/\/api.w.org\/{rel}","templated":true}]}}