{"id":69807,"date":"2021-12-02T10:14:06","date_gmt":"2021-12-02T09:14:06","guid":{"rendered":"https:\/\/familiamartinezbujanda.madisonmk.agency\/tienda\/uncategorized\/case-lot-3-montepedroso-estate"},"modified":"2026-01-09T12:27:38","modified_gmt":"2026-01-09T11:27:38","slug":"case3-finca-montepedroso","status":"publish","type":"product","link":"https:\/\/familiamartinezbujanda.com\/en\/shop\/wines\/packs\/case3-finca-montepedroso\/","title":{"rendered":"CASE LOT 3 FINCA MONTEPEDROSO"},"content":{"rendered":"<p><strong>Finca Montepedroso<\/strong> is a<strong> Verdejo white wine<\/strong> aged for 5 months on its own lees.<\/p>\n<p>It is a very aromatic wine with notes of apricot, peach, fennel and aniseed.<\/p>\n<p>In the mouth it is long and tasty, a wine with volume and structure, as well as a very balanced acidity.<\/p>\n<p>An<strong> ideal white wine<\/strong>to drink with fresh seafood and white fish, with rice and pasta dishes, or with white meats.<\/p>\n<p>&nbsp;<\/p>\n","protected":false},"excerpt":{"rendered":"<p>A perfect gift for white wine lovers, especially for those who enjoy an authentic verdejo.<\/p>\n<p>This wine box includes <strong>3 bottles of Finca Montepedroso<\/strong>, a <strong>100% verdejo<\/strong> white wine <strong>,<\/strong> fresh, fruity and intense, ideal for any aperitif or event.<\/p>\n","protected":false},"featured_media":68338,"comment_status":"open","ping_status":"closed","template":"","meta":{"iawp_total_views":4},"product_brand":[],"product_cat":[1565,2070,2209],"product_tag":[2102,2107,2105,2104,2103,2106,2108],"class_list":{"0":"post-69807","1":"product","2":"type-product","3":"status-publish","4":"has-post-thumbnail","6":"product_cat-montepedroso-packs","7":"product_cat-packs","8":"product_cat-special-presentations","9":"product_tag-do-wheel","10":"product_tag-fruity-wine","11":"product_tag-gift","12":"product_tag-gift-ideas","13":"product_tag-montepedroso-farm","14":"product_tag-verdejo-en","15":"product_tag-white-wine","17":"entry","18":"has-media","20":"first","21":"instock","22":"taxable","23":"shipping-taxable","24":"purchasable","25":"product-type-simple","26":"col","27":"span_1_of_3","28":"owp-content-center","29":"owp-thumbs-layout-horizontal","30":"owp-btn-normal","31":"owp-tabs-layout-horizontal","32":"has-no-thumbnails"},"yoast_head":"<!-- This site is optimized with the Yoast SEO plugin v27.0 - https:\/\/yoast.com\/product\/yoast-seo-wordpress\/ -->\n<title>CASE LOT 3 FINCA MONTEPEDROSO | Familia Mart\u00ednez Bujanda<\/title>\n<meta name=\"description\" content=\"&quot;Finca Montepedroso: Verdejo white wine aged on lees, notes of apricot and fennel. Ideal with seafood, fish and white meat dishes.\" \/>\n<meta name=\"robots\" content=\"index, follow, max-snippet:-1, max-image-preview:large, max-video-preview:-1\" \/>\n<link rel=\"canonical\" href=\"https:\/\/familiamartinezbujanda.com\/en\/shop\/wines\/packs\/case3-finca-montepedroso\/\" \/>\n<meta property=\"og:locale\" content=\"en_US\" \/>\n<meta property=\"og:type\" content=\"article\" \/>\n<meta property=\"og:title\" content=\"CASE LOT 3 FINCA MONTEPEDROSO | Familia Mart\u00ednez Bujanda\" \/>\n<meta property=\"og:description\" content=\"&quot;Finca Montepedroso: Verdejo white wine aged on lees, notes of apricot and fennel. Ideal with seafood, fish and white meat dishes.\" \/>\n<meta property=\"og:url\" content=\"https:\/\/familiamartinezbujanda.com\/en\/shop\/wines\/packs\/case3-finca-montepedroso\/\" \/>\n<meta property=\"og:site_name\" content=\"Familia Mart\u00ednez Bujanda\" \/>\n<meta property=\"article:modified_time\" content=\"2026-01-09T11:27:38+00:00\" \/>\n<meta property=\"og:image\" content=\"https:\/\/familiamartinezbujanda.com\/wp-content\/uploads\/2022\/05\/lote-estuche-fm.jpg\" \/>\n\t<meta property=\"og:image:width\" content=\"600\" \/>\n\t<meta property=\"og:image:height\" content=\"600\" \/>\n\t<meta property=\"og:image:type\" content=\"image\/jpeg\" \/>\n<meta name=\"twitter:card\" content=\"summary_large_image\" \/>\n<meta name=\"twitter:label1\" content=\"Est. reading time\" \/>\n\t<meta name=\"twitter:data1\" content=\"1 minute\" \/>\n<script type=\"application\/ld+json\" class=\"yoast-schema-graph\">{\"@context\":\"https:\/\/schema.org\",\"@graph\":[{\"@type\":\"WebPage\",\"@id\":\"https:\/\/familiamartinezbujanda.com\/en\/shop\/wines\/packs\/case3-finca-montepedroso\/\",\"url\":\"https:\/\/familiamartinezbujanda.com\/en\/shop\/wines\/packs\/case3-finca-montepedroso\/\",\"name\":\"CASE LOT 3 FINCA MONTEPEDROSO | Familia Mart\u00ednez Bujanda\",\"isPartOf\":{\"@id\":\"https:\/\/familiamartinezbujanda.com\/en\/#website\"},\"primaryImageOfPage\":{\"@id\":\"https:\/\/familiamartinezbujanda.com\/en\/shop\/wines\/packs\/case3-finca-montepedroso\/#primaryimage\"},\"image\":{\"@id\":\"https:\/\/familiamartinezbujanda.com\/en\/shop\/wines\/packs\/case3-finca-montepedroso\/#primaryimage\"},\"thumbnailUrl\":\"https:\/\/familiamartinezbujanda.com\/wp-content\/uploads\/2022\/05\/lote-estuche-fm.jpg\",\"datePublished\":\"2021-12-02T09:14:06+00:00\",\"dateModified\":\"2026-01-09T11:27:38+00:00\",\"description\":\"\\\"Finca Montepedroso: Verdejo white wine aged on lees, notes of apricot and fennel. Ideal with seafood, fish and white meat dishes.\",\"breadcrumb\":{\"@id\":\"https:\/\/familiamartinezbujanda.com\/en\/shop\/wines\/packs\/case3-finca-montepedroso\/#breadcrumb\"},\"inLanguage\":\"en-US\",\"potentialAction\":[{\"@type\":\"ReadAction\",\"target\":[\"https:\/\/familiamartinezbujanda.com\/en\/shop\/wines\/packs\/case3-finca-montepedroso\/\"]}]},{\"@type\":\"ImageObject\",\"inLanguage\":\"en-US\",\"@id\":\"https:\/\/familiamartinezbujanda.com\/en\/shop\/wines\/packs\/case3-finca-montepedroso\/#primaryimage\",\"url\":\"https:\/\/familiamartinezbujanda.com\/wp-content\/uploads\/2022\/05\/lote-estuche-fm.jpg\",\"contentUrl\":\"https:\/\/familiamartinezbujanda.com\/wp-content\/uploads\/2022\/05\/lote-estuche-fm.jpg\",\"width\":600,\"height\":600},{\"@type\":\"BreadcrumbList\",\"@id\":\"https:\/\/familiamartinezbujanda.com\/en\/shop\/wines\/packs\/case3-finca-montepedroso\/#breadcrumb\",\"itemListElement\":[{\"@type\":\"ListItem\",\"position\":1,\"name\":\"Portada\",\"item\":\"https:\/\/familiamartinezbujanda.com\/en\/inicio\/\"},{\"@type\":\"ListItem\",\"position\":2,\"name\":\"Tienda\",\"item\":\"https:\/\/familiamartinezbujanda.com\/en\/shop\/\"},{\"@type\":\"ListItem\",\"position\":3,\"name\":\"CASE LOT 3 FINCA MONTEPEDROSO\"}]},{\"@type\":\"WebSite\",\"@id\":\"https:\/\/familiamartinezbujanda.com\/en\/#website\",\"url\":\"https:\/\/familiamartinezbujanda.com\/en\/\",\"name\":\"Familia Mart\u00ednez Bujanda\",\"description\":\"Cinco bodegas conforman Familia Mart\u00ednez-Bujanda: Finca Valpiedra (DOCa Rioja), Finca Antigua (DO La Mancha), Finca Montepedroso (DO Rueda), Vi\u00f1a Bujanda ...\",\"publisher\":{\"@id\":\"https:\/\/familiamartinezbujanda.com\/en\/#organization\"},\"potentialAction\":[{\"@type\":\"SearchAction\",\"target\":{\"@type\":\"EntryPoint\",\"urlTemplate\":\"https:\/\/familiamartinezbujanda.com\/en\/?s={search_term_string}\"},\"query-input\":{\"@type\":\"PropertyValueSpecification\",\"valueRequired\":true,\"valueName\":\"search_term_string\"}}],\"inLanguage\":\"en-US\"},{\"@type\":\"Organization\",\"@id\":\"https:\/\/familiamartinezbujanda.com\/en\/#organization\",\"name\":\"Familia Mart\u00ednez Bujanda\",\"url\":\"https:\/\/familiamartinezbujanda.com\/en\/\",\"logo\":{\"@type\":\"ImageObject\",\"inLanguage\":\"en-US\",\"@id\":\"https:\/\/familiamartinezbujanda.com\/en\/#\/schema\/logo\/image\/\",\"url\":\"https:\/\/www.familiamartinezbujanda.com\/wp-content\/uploads\/2022\/06\/favicon.jpg\",\"contentUrl\":\"https:\/\/www.familiamartinezbujanda.com\/wp-content\/uploads\/2022\/06\/favicon.jpg\",\"width\":512,\"height\":512,\"caption\":\"Familia Mart\u00ednez Bujanda\"},\"image\":{\"@id\":\"https:\/\/familiamartinezbujanda.com\/en\/#\/schema\/logo\/image\/\"}}]}<\/script>\n<!-- \/ Yoast SEO plugin. -->","yoast_head_json":{"title":"CASE LOT 3 FINCA MONTEPEDROSO | Familia Mart\u00ednez Bujanda","description":"\"Finca Montepedroso: Verdejo white wine aged on lees, notes of apricot and fennel. Ideal with seafood, fish and white meat dishes.","robots":{"index":"index","follow":"follow","max-snippet":"max-snippet:-1","max-image-preview":"max-image-preview:large","max-video-preview":"max-video-preview:-1"},"canonical":"https:\/\/familiamartinezbujanda.com\/en\/shop\/wines\/packs\/case3-finca-montepedroso\/","og_locale":"en_US","og_type":"article","og_title":"CASE LOT 3 FINCA MONTEPEDROSO | Familia Mart\u00ednez Bujanda","og_description":"\"Finca Montepedroso: Verdejo white wine aged on lees, notes of apricot and fennel. Ideal with seafood, fish and white meat dishes.","og_url":"https:\/\/familiamartinezbujanda.com\/en\/shop\/wines\/packs\/case3-finca-montepedroso\/","og_site_name":"Familia Mart\u00ednez Bujanda","article_modified_time":"2026-01-09T11:27:38+00:00","og_image":[{"width":600,"height":600,"url":"https:\/\/familiamartinezbujanda.com\/wp-content\/uploads\/2022\/05\/lote-estuche-fm.jpg","type":"image\/jpeg"}],"twitter_card":"summary_large_image","twitter_misc":{"Est. reading time":"1 minute"},"schema":{"@context":"https:\/\/schema.org","@graph":[{"@type":"WebPage","@id":"https:\/\/familiamartinezbujanda.com\/en\/shop\/wines\/packs\/case3-finca-montepedroso\/","url":"https:\/\/familiamartinezbujanda.com\/en\/shop\/wines\/packs\/case3-finca-montepedroso\/","name":"CASE LOT 3 FINCA MONTEPEDROSO | Familia Mart\u00ednez Bujanda","isPartOf":{"@id":"https:\/\/familiamartinezbujanda.com\/en\/#website"},"primaryImageOfPage":{"@id":"https:\/\/familiamartinezbujanda.com\/en\/shop\/wines\/packs\/case3-finca-montepedroso\/#primaryimage"},"image":{"@id":"https:\/\/familiamartinezbujanda.com\/en\/shop\/wines\/packs\/case3-finca-montepedroso\/#primaryimage"},"thumbnailUrl":"https:\/\/familiamartinezbujanda.com\/wp-content\/uploads\/2022\/05\/lote-estuche-fm.jpg","datePublished":"2021-12-02T09:14:06+00:00","dateModified":"2026-01-09T11:27:38+00:00","description":"\"Finca Montepedroso: Verdejo white wine aged on lees, notes of apricot and fennel. Ideal with seafood, fish and white meat dishes.","breadcrumb":{"@id":"https:\/\/familiamartinezbujanda.com\/en\/shop\/wines\/packs\/case3-finca-montepedroso\/#breadcrumb"},"inLanguage":"en-US","potentialAction":[{"@type":"ReadAction","target":["https:\/\/familiamartinezbujanda.com\/en\/shop\/wines\/packs\/case3-finca-montepedroso\/"]}]},{"@type":"ImageObject","inLanguage":"en-US","@id":"https:\/\/familiamartinezbujanda.com\/en\/shop\/wines\/packs\/case3-finca-montepedroso\/#primaryimage","url":"https:\/\/familiamartinezbujanda.com\/wp-content\/uploads\/2022\/05\/lote-estuche-fm.jpg","contentUrl":"https:\/\/familiamartinezbujanda.com\/wp-content\/uploads\/2022\/05\/lote-estuche-fm.jpg","width":600,"height":600},{"@type":"BreadcrumbList","@id":"https:\/\/familiamartinezbujanda.com\/en\/shop\/wines\/packs\/case3-finca-montepedroso\/#breadcrumb","itemListElement":[{"@type":"ListItem","position":1,"name":"Portada","item":"https:\/\/familiamartinezbujanda.com\/en\/inicio\/"},{"@type":"ListItem","position":2,"name":"Tienda","item":"https:\/\/familiamartinezbujanda.com\/en\/shop\/"},{"@type":"ListItem","position":3,"name":"CASE LOT 3 FINCA MONTEPEDROSO"}]},{"@type":"WebSite","@id":"https:\/\/familiamartinezbujanda.com\/en\/#website","url":"https:\/\/familiamartinezbujanda.com\/en\/","name":"Familia Mart\u00ednez Bujanda","description":"Cinco bodegas conforman Familia Mart\u00ednez-Bujanda: Finca Valpiedra (DOCa Rioja), Finca Antigua (DO La Mancha), Finca Montepedroso (DO Rueda), Vi\u00f1a Bujanda ...","publisher":{"@id":"https:\/\/familiamartinezbujanda.com\/en\/#organization"},"potentialAction":[{"@type":"SearchAction","target":{"@type":"EntryPoint","urlTemplate":"https:\/\/familiamartinezbujanda.com\/en\/?s={search_term_string}"},"query-input":{"@type":"PropertyValueSpecification","valueRequired":true,"valueName":"search_term_string"}}],"inLanguage":"en-US"},{"@type":"Organization","@id":"https:\/\/familiamartinezbujanda.com\/en\/#organization","name":"Familia Mart\u00ednez Bujanda","url":"https:\/\/familiamartinezbujanda.com\/en\/","logo":{"@type":"ImageObject","inLanguage":"en-US","@id":"https:\/\/familiamartinezbujanda.com\/en\/#\/schema\/logo\/image\/","url":"https:\/\/www.familiamartinezbujanda.com\/wp-content\/uploads\/2022\/06\/favicon.jpg","contentUrl":"https:\/\/www.familiamartinezbujanda.com\/wp-content\/uploads\/2022\/06\/favicon.jpg","width":512,"height":512,"caption":"Familia Mart\u00ednez Bujanda"},"image":{"@id":"https:\/\/familiamartinezbujanda.com\/en\/#\/schema\/logo\/image\/"}}]}},"_links":{"self":[{"href":"https:\/\/familiamartinezbujanda.com\/en\/wp-json\/wp\/v2\/product\/69807","targetHints":{"allow":["GET"]}}],"collection":[{"href":"https:\/\/familiamartinezbujanda.com\/en\/wp-json\/wp\/v2\/product"}],"about":[{"href":"https:\/\/familiamartinezbujanda.com\/en\/wp-json\/wp\/v2\/types\/product"}],"replies":[{"embeddable":true,"href":"https:\/\/familiamartinezbujanda.com\/en\/wp-json\/wp\/v2\/comments?post=69807"}],"wp:featuredmedia":[{"embeddable":true,"href":"https:\/\/familiamartinezbujanda.com\/en\/wp-json\/wp\/v2\/media\/68338"}],"wp:attachment":[{"href":"https:\/\/familiamartinezbujanda.com\/en\/wp-json\/wp\/v2\/media?parent=69807"}],"wp:term":[{"taxonomy":"product_brand","embeddable":true,"href":"https:\/\/familiamartinezbujanda.com\/en\/wp-json\/wp\/v2\/product_brand?post=69807"},{"taxonomy":"product_cat","embeddable":true,"href":"https:\/\/familiamartinezbujanda.com\/en\/wp-json\/wp\/v2\/product_cat?post=69807"},{"taxonomy":"product_tag","embeddable":true,"href":"https:\/\/familiamartinezbujanda.com\/en\/wp-json\/wp\/v2\/product_tag?post=69807"}],"curies":[{"name":"wp","href":"https:\/\/api.w.org\/{rel}","templated":true}]}}