{"id":69808,"date":"2023-03-15T15:33:16","date_gmt":"2023-03-15T14:33:16","guid":{"rendered":"https:\/\/familiamartinezbujanda.madisonmk.agency\/tienda\/uncategorized\/bag-box-ecological-candidate"},"modified":"2025-06-03T16:34:51","modified_gmt":"2025-06-03T14:34:51","slug":"ecological-candidate-bag-box","status":"publish","type":"product","link":"https:\/\/familiamartinezbujanda.com\/en\/shop\/cosecheros-y-criadores-en\/candidato-en\/ecological-candidate-bag-box\/","title":{"rendered":"CANDIDATO ECOL\u00d3GICO BAG &amp; BOX"},"content":{"rendered":"<p>Bag in Box offers great advantages:<\/p>\n<p>&#8211; Space saving<br \/>\n&#8211; Economical packaging<br \/>\n&#8211; Guarantees the quality of the wine once it has been opened<br \/>\n&#8211; Protects from direct light<br \/>\n&#8211; Maintains a constant temperature<\/p>\n<p>This innovative and practical packaging system facilitates the transport of wine, since it contains a total of 3 liters of wine, that is, the equivalent of 4 bottles.<\/p>\n","protected":false},"excerpt":{"rendered":"<p>Cosecheros y Criadores presents a new distribution format that is revolutionizing the wine market: BAG IN BOX (BIB).<\/p>\n<p>Our wine can be appreciated with all its nuances when stored in Bag in Box, as this type of packaging preserves all the characteristics of the wine intact for a long time, as it does not come into contact with air at any time.<\/p>\n<p>&nbsp;<\/p>\n","protected":false},"featured_media":68727,"comment_status":"open","ping_status":"closed","template":"","meta":{"iawp_total_views":7},"product_brand":[],"product_cat":[1551,1550,2043],"product_tag":[],"class_list":{"0":"post-69808","1":"product","2":"type-product","3":"status-publish","4":"has-post-thumbnail","6":"product_cat-candidato-en","7":"product_cat-cosecheros-y-criadores-en","8":"product_cat-tempranillo-en","10":"entry","11":"has-media","13":"first","14":"onbackorder","15":"taxable","16":"shipping-taxable","17":"product-type-simple","18":"col","19":"span_1_of_3","20":"owp-content-center","21":"owp-thumbs-layout-horizontal","22":"owp-btn-normal","23":"owp-tabs-layout-horizontal","24":"has-no-thumbnails"},"yoast_head":"<!-- This site is optimized with the Yoast SEO plugin v27.0 - https:\/\/yoast.com\/product\/yoast-seo-wordpress\/ -->\n<title>CANDIDATO ECOL\u00d3GICO BAG &amp; BOX | Familia Mart\u00ednez Bujanda<\/title>\n<meta name=\"robots\" content=\"index, follow, max-snippet:-1, max-image-preview:large, max-video-preview:-1\" \/>\n<link rel=\"canonical\" href=\"https:\/\/familiamartinezbujanda.com\/en\/shop\/cosecheros-y-criadores-en\/candidato-en\/ecological-candidate-bag-box\/\" \/>\n<meta property=\"og:locale\" content=\"en_US\" \/>\n<meta property=\"og:type\" content=\"article\" \/>\n<meta property=\"og:title\" content=\"CANDIDATO ECOL\u00d3GICO BAG &amp; BOX | Familia Mart\u00ednez Bujanda\" \/>\n<meta property=\"og:description\" content=\"Cosecheros y Criadores presents a new distribution format that is revolutionizing the wine market: BAG IN BOX (BIB).  Our wine can be appreciated with all its nuances when stored in Bag in Box, as this type of packaging preserves all the characteristics of the wine intact for a long time, as it does not come into contact with air at any time.  &nbsp;\" \/>\n<meta property=\"og:url\" content=\"https:\/\/familiamartinezbujanda.com\/en\/shop\/cosecheros-y-criadores-en\/candidato-en\/ecological-candidate-bag-box\/\" \/>\n<meta property=\"og:site_name\" content=\"Familia Mart\u00ednez Bujanda\" \/>\n<meta property=\"article:modified_time\" content=\"2025-06-03T14:34:51+00:00\" \/>\n<meta property=\"og:image\" content=\"https:\/\/familiamartinezbujanda.com\/wp-content\/uploads\/2023\/03\/bag-in-box-candidato-eco.jpg\" \/>\n\t<meta property=\"og:image:width\" content=\"650\" \/>\n\t<meta property=\"og:image:height\" content=\"650\" \/>\n\t<meta property=\"og:image:type\" content=\"image\/jpeg\" \/>\n<meta name=\"twitter:card\" content=\"summary_large_image\" \/>\n<meta name=\"twitter:label1\" content=\"Est. reading time\" \/>\n\t<meta name=\"twitter:data1\" content=\"1 minute\" \/>\n<script type=\"application\/ld+json\" class=\"yoast-schema-graph\">{\"@context\":\"https:\/\/schema.org\",\"@graph\":[{\"@type\":\"WebPage\",\"@id\":\"https:\/\/familiamartinezbujanda.com\/en\/shop\/cosecheros-y-criadores-en\/candidato-en\/ecological-candidate-bag-box\/\",\"url\":\"https:\/\/familiamartinezbujanda.com\/en\/shop\/cosecheros-y-criadores-en\/candidato-en\/ecological-candidate-bag-box\/\",\"name\":\"CANDIDATO ECOL\u00d3GICO BAG &amp; BOX | Familia Mart\u00ednez Bujanda\",\"isPartOf\":{\"@id\":\"https:\/\/familiamartinezbujanda.com\/en\/#website\"},\"primaryImageOfPage\":{\"@id\":\"https:\/\/familiamartinezbujanda.com\/en\/shop\/cosecheros-y-criadores-en\/candidato-en\/ecological-candidate-bag-box\/#primaryimage\"},\"image\":{\"@id\":\"https:\/\/familiamartinezbujanda.com\/en\/shop\/cosecheros-y-criadores-en\/candidato-en\/ecological-candidate-bag-box\/#primaryimage\"},\"thumbnailUrl\":\"https:\/\/familiamartinezbujanda.com\/wp-content\/uploads\/2023\/03\/bag-in-box-candidato-eco.jpg\",\"datePublished\":\"2023-03-15T14:33:16+00:00\",\"dateModified\":\"2025-06-03T14:34:51+00:00\",\"breadcrumb\":{\"@id\":\"https:\/\/familiamartinezbujanda.com\/en\/shop\/cosecheros-y-criadores-en\/candidato-en\/ecological-candidate-bag-box\/#breadcrumb\"},\"inLanguage\":\"en-US\",\"potentialAction\":[{\"@type\":\"ReadAction\",\"target\":[\"https:\/\/familiamartinezbujanda.com\/en\/shop\/cosecheros-y-criadores-en\/candidato-en\/ecological-candidate-bag-box\/\"]}]},{\"@type\":\"ImageObject\",\"inLanguage\":\"en-US\",\"@id\":\"https:\/\/familiamartinezbujanda.com\/en\/shop\/cosecheros-y-criadores-en\/candidato-en\/ecological-candidate-bag-box\/#primaryimage\",\"url\":\"https:\/\/familiamartinezbujanda.com\/wp-content\/uploads\/2023\/03\/bag-in-box-candidato-eco.jpg\",\"contentUrl\":\"https:\/\/familiamartinezbujanda.com\/wp-content\/uploads\/2023\/03\/bag-in-box-candidato-eco.jpg\",\"width\":650,\"height\":650},{\"@type\":\"BreadcrumbList\",\"@id\":\"https:\/\/familiamartinezbujanda.com\/en\/shop\/cosecheros-y-criadores-en\/candidato-en\/ecological-candidate-bag-box\/#breadcrumb\",\"itemListElement\":[{\"@type\":\"ListItem\",\"position\":1,\"name\":\"Portada\",\"item\":\"https:\/\/familiamartinezbujanda.com\/en\/inicio\/\"},{\"@type\":\"ListItem\",\"position\":2,\"name\":\"Tienda\",\"item\":\"https:\/\/familiamartinezbujanda.com\/en\/shop\/\"},{\"@type\":\"ListItem\",\"position\":3,\"name\":\"CANDIDATO ECOL\u00d3GICO BAG &amp; BOX\"}]},{\"@type\":\"WebSite\",\"@id\":\"https:\/\/familiamartinezbujanda.com\/en\/#website\",\"url\":\"https:\/\/familiamartinezbujanda.com\/en\/\",\"name\":\"Familia Mart\u00ednez Bujanda\",\"description\":\"Cinco bodegas conforman Familia Mart\u00ednez-Bujanda: Finca Valpiedra (DOCa Rioja), Finca Antigua (DO La Mancha), Finca Montepedroso (DO Rueda), Vi\u00f1a Bujanda ...\",\"publisher\":{\"@id\":\"https:\/\/familiamartinezbujanda.com\/en\/#organization\"},\"potentialAction\":[{\"@type\":\"SearchAction\",\"target\":{\"@type\":\"EntryPoint\",\"urlTemplate\":\"https:\/\/familiamartinezbujanda.com\/en\/?s={search_term_string}\"},\"query-input\":{\"@type\":\"PropertyValueSpecification\",\"valueRequired\":true,\"valueName\":\"search_term_string\"}}],\"inLanguage\":\"en-US\"},{\"@type\":\"Organization\",\"@id\":\"https:\/\/familiamartinezbujanda.com\/en\/#organization\",\"name\":\"Familia Mart\u00ednez Bujanda\",\"url\":\"https:\/\/familiamartinezbujanda.com\/en\/\",\"logo\":{\"@type\":\"ImageObject\",\"inLanguage\":\"en-US\",\"@id\":\"https:\/\/familiamartinezbujanda.com\/en\/#\/schema\/logo\/image\/\",\"url\":\"https:\/\/www.familiamartinezbujanda.com\/wp-content\/uploads\/2022\/06\/favicon.jpg\",\"contentUrl\":\"https:\/\/www.familiamartinezbujanda.com\/wp-content\/uploads\/2022\/06\/favicon.jpg\",\"width\":512,\"height\":512,\"caption\":\"Familia Mart\u00ednez Bujanda\"},\"image\":{\"@id\":\"https:\/\/familiamartinezbujanda.com\/en\/#\/schema\/logo\/image\/\"}}]}<\/script>\n<!-- \/ Yoast SEO plugin. -->","yoast_head_json":{"title":"CANDIDATO ECOL\u00d3GICO BAG &amp; BOX | Familia Mart\u00ednez Bujanda","robots":{"index":"index","follow":"follow","max-snippet":"max-snippet:-1","max-image-preview":"max-image-preview:large","max-video-preview":"max-video-preview:-1"},"canonical":"https:\/\/familiamartinezbujanda.com\/en\/shop\/cosecheros-y-criadores-en\/candidato-en\/ecological-candidate-bag-box\/","og_locale":"en_US","og_type":"article","og_title":"CANDIDATO ECOL\u00d3GICO BAG &amp; BOX | Familia Mart\u00ednez Bujanda","og_description":"Cosecheros y Criadores presents a new distribution format that is revolutionizing the wine market: BAG IN BOX (BIB).  Our wine can be appreciated with all its nuances when stored in Bag in Box, as this type of packaging preserves all the characteristics of the wine intact for a long time, as it does not come into contact with air at any time.  &nbsp;","og_url":"https:\/\/familiamartinezbujanda.com\/en\/shop\/cosecheros-y-criadores-en\/candidato-en\/ecological-candidate-bag-box\/","og_site_name":"Familia Mart\u00ednez Bujanda","article_modified_time":"2025-06-03T14:34:51+00:00","og_image":[{"width":650,"height":650,"url":"https:\/\/familiamartinezbujanda.com\/wp-content\/uploads\/2023\/03\/bag-in-box-candidato-eco.jpg","type":"image\/jpeg"}],"twitter_card":"summary_large_image","twitter_misc":{"Est. reading time":"1 minute"},"schema":{"@context":"https:\/\/schema.org","@graph":[{"@type":"WebPage","@id":"https:\/\/familiamartinezbujanda.com\/en\/shop\/cosecheros-y-criadores-en\/candidato-en\/ecological-candidate-bag-box\/","url":"https:\/\/familiamartinezbujanda.com\/en\/shop\/cosecheros-y-criadores-en\/candidato-en\/ecological-candidate-bag-box\/","name":"CANDIDATO ECOL\u00d3GICO BAG &amp; BOX | Familia Mart\u00ednez Bujanda","isPartOf":{"@id":"https:\/\/familiamartinezbujanda.com\/en\/#website"},"primaryImageOfPage":{"@id":"https:\/\/familiamartinezbujanda.com\/en\/shop\/cosecheros-y-criadores-en\/candidato-en\/ecological-candidate-bag-box\/#primaryimage"},"image":{"@id":"https:\/\/familiamartinezbujanda.com\/en\/shop\/cosecheros-y-criadores-en\/candidato-en\/ecological-candidate-bag-box\/#primaryimage"},"thumbnailUrl":"https:\/\/familiamartinezbujanda.com\/wp-content\/uploads\/2023\/03\/bag-in-box-candidato-eco.jpg","datePublished":"2023-03-15T14:33:16+00:00","dateModified":"2025-06-03T14:34:51+00:00","breadcrumb":{"@id":"https:\/\/familiamartinezbujanda.com\/en\/shop\/cosecheros-y-criadores-en\/candidato-en\/ecological-candidate-bag-box\/#breadcrumb"},"inLanguage":"en-US","potentialAction":[{"@type":"ReadAction","target":["https:\/\/familiamartinezbujanda.com\/en\/shop\/cosecheros-y-criadores-en\/candidato-en\/ecological-candidate-bag-box\/"]}]},{"@type":"ImageObject","inLanguage":"en-US","@id":"https:\/\/familiamartinezbujanda.com\/en\/shop\/cosecheros-y-criadores-en\/candidato-en\/ecological-candidate-bag-box\/#primaryimage","url":"https:\/\/familiamartinezbujanda.com\/wp-content\/uploads\/2023\/03\/bag-in-box-candidato-eco.jpg","contentUrl":"https:\/\/familiamartinezbujanda.com\/wp-content\/uploads\/2023\/03\/bag-in-box-candidato-eco.jpg","width":650,"height":650},{"@type":"BreadcrumbList","@id":"https:\/\/familiamartinezbujanda.com\/en\/shop\/cosecheros-y-criadores-en\/candidato-en\/ecological-candidate-bag-box\/#breadcrumb","itemListElement":[{"@type":"ListItem","position":1,"name":"Portada","item":"https:\/\/familiamartinezbujanda.com\/en\/inicio\/"},{"@type":"ListItem","position":2,"name":"Tienda","item":"https:\/\/familiamartinezbujanda.com\/en\/shop\/"},{"@type":"ListItem","position":3,"name":"CANDIDATO ECOL\u00d3GICO BAG &amp; BOX"}]},{"@type":"WebSite","@id":"https:\/\/familiamartinezbujanda.com\/en\/#website","url":"https:\/\/familiamartinezbujanda.com\/en\/","name":"Familia Mart\u00ednez Bujanda","description":"Cinco bodegas conforman Familia Mart\u00ednez-Bujanda: Finca Valpiedra (DOCa Rioja), Finca Antigua (DO La Mancha), Finca Montepedroso (DO Rueda), Vi\u00f1a Bujanda ...","publisher":{"@id":"https:\/\/familiamartinezbujanda.com\/en\/#organization"},"potentialAction":[{"@type":"SearchAction","target":{"@type":"EntryPoint","urlTemplate":"https:\/\/familiamartinezbujanda.com\/en\/?s={search_term_string}"},"query-input":{"@type":"PropertyValueSpecification","valueRequired":true,"valueName":"search_term_string"}}],"inLanguage":"en-US"},{"@type":"Organization","@id":"https:\/\/familiamartinezbujanda.com\/en\/#organization","name":"Familia Mart\u00ednez Bujanda","url":"https:\/\/familiamartinezbujanda.com\/en\/","logo":{"@type":"ImageObject","inLanguage":"en-US","@id":"https:\/\/familiamartinezbujanda.com\/en\/#\/schema\/logo\/image\/","url":"https:\/\/www.familiamartinezbujanda.com\/wp-content\/uploads\/2022\/06\/favicon.jpg","contentUrl":"https:\/\/www.familiamartinezbujanda.com\/wp-content\/uploads\/2022\/06\/favicon.jpg","width":512,"height":512,"caption":"Familia Mart\u00ednez Bujanda"},"image":{"@id":"https:\/\/familiamartinezbujanda.com\/en\/#\/schema\/logo\/image\/"}}]}},"_links":{"self":[{"href":"https:\/\/familiamartinezbujanda.com\/en\/wp-json\/wp\/v2\/product\/69808","targetHints":{"allow":["GET"]}}],"collection":[{"href":"https:\/\/familiamartinezbujanda.com\/en\/wp-json\/wp\/v2\/product"}],"about":[{"href":"https:\/\/familiamartinezbujanda.com\/en\/wp-json\/wp\/v2\/types\/product"}],"replies":[{"embeddable":true,"href":"https:\/\/familiamartinezbujanda.com\/en\/wp-json\/wp\/v2\/comments?post=69808"}],"wp:featuredmedia":[{"embeddable":true,"href":"https:\/\/familiamartinezbujanda.com\/en\/wp-json\/wp\/v2\/media\/68727"}],"wp:attachment":[{"href":"https:\/\/familiamartinezbujanda.com\/en\/wp-json\/wp\/v2\/media?parent=69808"}],"wp:term":[{"taxonomy":"product_brand","embeddable":true,"href":"https:\/\/familiamartinezbujanda.com\/en\/wp-json\/wp\/v2\/product_brand?post=69808"},{"taxonomy":"product_cat","embeddable":true,"href":"https:\/\/familiamartinezbujanda.com\/en\/wp-json\/wp\/v2\/product_cat?post=69808"},{"taxonomy":"product_tag","embeddable":true,"href":"https:\/\/familiamartinezbujanda.com\/en\/wp-json\/wp\/v2\/product_tag?post=69808"}],"curies":[{"name":"wp","href":"https:\/\/api.w.org\/{rel}","templated":true}]}}