{"id":69815,"date":"2021-12-05T13:13:04","date_gmt":"2021-12-05T12:13:04","guid":{"rendered":"https:\/\/familiamartinezbujanda.madisonmk.agency\/tienda\/uncategorized\/varietal-crianza-case-lot"},"modified":"2026-01-09T12:32:44","modified_gmt":"2026-01-09T11:32:44","slug":"case-breeding-varietals","status":"publish","type":"product","link":"https:\/\/familiamartinezbujanda.com\/en\/shop\/wines\/single-varietals-with-barrels\/case-breeding-varietals\/","title":{"rendered":"VARIETAL CRIANZA CASE LOT"},"content":{"rendered":"<p><strong>Finca Antigua<\/strong>, located at 900 mt altitude in Los Hinojos, Cuenca, grows national and international varieties. They are grown in independent plots, which makes the collection of <strong>single-varietal reds<\/strong> we produce very interesting.<\/p>\n<p>In this box you will taste 3 of the varieties we grow. Creative, innovative wines that convey the character of the estate.<\/p>\n<p><strong>Finca Antigua Cabernet Sauvignon Crianza <\/strong>is a <strong>Cabernet Sauvignon varietal red wine,<\/strong> with a bright cherry color, fresh balsamic and mineral aromas after 10 months of aging in American oak barrels. Robust and well-structured, this elegant crianza wine has well-balanced tannins and acidity.<\/p>\n<p><strong>Finca Antigua Tempranillo Crianza <\/strong>is a very balanced <strong>Tempranillo red wine<\/strong> aged for 10 months in American oak barrels. It is a wine of complex quality, long and elegant with nuances and aromas of red fruits. A good wine, very concentrated and persistent, ideal for pairing with ham, cheese, red meats and white meats. <\/p>\n<p><strong>Finca Antigua Merlot Crianza <\/strong>is a<strong> bright, crystalline red wine<\/strong> with powerful floral and toasty aromas. Cherry red in color with violet hues, it is a well-structured and round wine. The aging of the Merlot grape for 11 months in French oak barrels gives it a silky, balanced and very fresh taste. Wine recommended for oily fish, red meats and spicy dishes.<\/p>\n<p>&nbsp;<\/p>\n<p>&nbsp;<\/p>\n","protected":false},"excerpt":{"rendered":"<p>Personalized Finca Antigua cardboard box with 3 single-varietal bottles from the<strong> Crianza red<\/strong> collection.<\/p>\n<p>This lot includes:<\/p>\n<p>1 bottle<strong> Finca Antigua Cabernet Sauvignon<\/strong><\/p>\n<p>1 bottle <strong>Finca Antigua Tempranillo<\/strong><\/p>\n<p>1 bottle <strong>Finca Antigua Merlot<\/strong><\/p>\n","protected":false},"featured_media":68339,"comment_status":"open","ping_status":"closed","template":"","meta":{"iawp_total_views":14},"product_brand":[],"product_cat":[1562,2070,2068,2209],"product_tag":[2120,2122,2119,2121,2123,2124,2094,2118],"class_list":{"0":"post-69815","1":"product","2":"type-product","3":"status-publish","4":"has-post-thumbnail","6":"product_cat-antigua-packs","7":"product_cat-packs","8":"product_cat-single-varietals-with-barrels","9":"product_cat-special-presentations","10":"product_tag-crianza-varietal-case","11":"product_tag-crianza-wine","12":"product_tag-do-la-mancha-en","13":"product_tag-finca-antigua-en","14":"product_tag-fruity-wines","15":"product_tag-innovative-wines","16":"product_tag-red-wine","17":"product_tag-varietal-collection","19":"entry","20":"has-media","22":"first","23":"instock","24":"taxable","25":"shipping-taxable","26":"purchasable","27":"product-type-simple","28":"col","29":"span_1_of_3","30":"owp-content-center","31":"owp-thumbs-layout-horizontal","32":"owp-btn-normal","33":"owp-tabs-layout-horizontal","34":"has-no-thumbnails"},"yoast_head":"<!-- This site is optimized with the Yoast SEO plugin v27.0 - https:\/\/yoast.com\/product\/yoast-seo-wordpress\/ -->\n<title>VARIETAL CRIANZA CASE LOT | Familia Mart\u00ednez Bujanda<\/title>\n<meta name=\"description\" content=\"Finca Antigua Case: Cabernet Sauvignon Crianza, Tempranillo Crianza and Merlot Crianza. Discover the variety and character of these unique wines from Cuenca.\" \/>\n<meta name=\"robots\" content=\"index, follow, max-snippet:-1, max-image-preview:large, max-video-preview:-1\" \/>\n<link rel=\"canonical\" href=\"https:\/\/familiamartinezbujanda.com\/en\/shop\/wines\/single-varietals-with-barrels\/case-breeding-varietals\/\" \/>\n<meta property=\"og:locale\" content=\"en_US\" \/>\n<meta property=\"og:type\" content=\"article\" \/>\n<meta property=\"og:title\" content=\"VARIETAL CRIANZA CASE LOT | Familia Mart\u00ednez Bujanda\" \/>\n<meta property=\"og:description\" content=\"Finca Antigua Case: Cabernet Sauvignon Crianza, Tempranillo Crianza and Merlot Crianza. Discover the variety and character of these unique wines from Cuenca.\" \/>\n<meta property=\"og:url\" content=\"https:\/\/familiamartinezbujanda.com\/en\/shop\/wines\/single-varietals-with-barrels\/case-breeding-varietals\/\" \/>\n<meta property=\"og:site_name\" content=\"Familia Mart\u00ednez Bujanda\" \/>\n<meta property=\"article:modified_time\" content=\"2026-01-09T11:32:44+00:00\" \/>\n<meta property=\"og:image\" content=\"https:\/\/familiamartinezbujanda.com\/wp-content\/uploads\/2022\/05\/lote-estuche-crianza-varietales.jpg\" \/>\n\t<meta property=\"og:image:width\" content=\"600\" \/>\n\t<meta property=\"og:image:height\" content=\"600\" \/>\n\t<meta property=\"og:image:type\" content=\"image\/jpeg\" \/>\n<meta name=\"twitter:card\" content=\"summary_large_image\" \/>\n<meta name=\"twitter:label1\" content=\"Est. reading time\" \/>\n\t<meta name=\"twitter:data1\" content=\"1 minute\" \/>\n<script type=\"application\/ld+json\" class=\"yoast-schema-graph\">{\"@context\":\"https:\/\/schema.org\",\"@graph\":[{\"@type\":\"WebPage\",\"@id\":\"https:\/\/familiamartinezbujanda.com\/en\/shop\/wines\/single-varietals-with-barrels\/case-breeding-varietals\/\",\"url\":\"https:\/\/familiamartinezbujanda.com\/en\/shop\/wines\/single-varietals-with-barrels\/case-breeding-varietals\/\",\"name\":\"VARIETAL CRIANZA CASE LOT | Familia Mart\u00ednez Bujanda\",\"isPartOf\":{\"@id\":\"https:\/\/familiamartinezbujanda.com\/en\/#website\"},\"primaryImageOfPage\":{\"@id\":\"https:\/\/familiamartinezbujanda.com\/en\/shop\/wines\/single-varietals-with-barrels\/case-breeding-varietals\/#primaryimage\"},\"image\":{\"@id\":\"https:\/\/familiamartinezbujanda.com\/en\/shop\/wines\/single-varietals-with-barrels\/case-breeding-varietals\/#primaryimage\"},\"thumbnailUrl\":\"https:\/\/familiamartinezbujanda.com\/wp-content\/uploads\/2022\/05\/lote-estuche-crianza-varietales.jpg\",\"datePublished\":\"2021-12-05T12:13:04+00:00\",\"dateModified\":\"2026-01-09T11:32:44+00:00\",\"description\":\"Finca Antigua Case: Cabernet Sauvignon Crianza, Tempranillo Crianza and Merlot Crianza. Discover the variety and character of these unique wines from Cuenca.\",\"breadcrumb\":{\"@id\":\"https:\/\/familiamartinezbujanda.com\/en\/shop\/wines\/single-varietals-with-barrels\/case-breeding-varietals\/#breadcrumb\"},\"inLanguage\":\"en-US\",\"potentialAction\":[{\"@type\":\"ReadAction\",\"target\":[\"https:\/\/familiamartinezbujanda.com\/en\/shop\/wines\/single-varietals-with-barrels\/case-breeding-varietals\/\"]}]},{\"@type\":\"ImageObject\",\"inLanguage\":\"en-US\",\"@id\":\"https:\/\/familiamartinezbujanda.com\/en\/shop\/wines\/single-varietals-with-barrels\/case-breeding-varietals\/#primaryimage\",\"url\":\"https:\/\/familiamartinezbujanda.com\/wp-content\/uploads\/2022\/05\/lote-estuche-crianza-varietales.jpg\",\"contentUrl\":\"https:\/\/familiamartinezbujanda.com\/wp-content\/uploads\/2022\/05\/lote-estuche-crianza-varietales.jpg\",\"width\":600,\"height\":600},{\"@type\":\"BreadcrumbList\",\"@id\":\"https:\/\/familiamartinezbujanda.com\/en\/shop\/wines\/single-varietals-with-barrels\/case-breeding-varietals\/#breadcrumb\",\"itemListElement\":[{\"@type\":\"ListItem\",\"position\":1,\"name\":\"Portada\",\"item\":\"https:\/\/familiamartinezbujanda.com\/en\/inicio\/\"},{\"@type\":\"ListItem\",\"position\":2,\"name\":\"Tienda\",\"item\":\"https:\/\/familiamartinezbujanda.com\/en\/shop\/\"},{\"@type\":\"ListItem\",\"position\":3,\"name\":\"VARIETAL CRIANZA CASE LOT\"}]},{\"@type\":\"WebSite\",\"@id\":\"https:\/\/familiamartinezbujanda.com\/en\/#website\",\"url\":\"https:\/\/familiamartinezbujanda.com\/en\/\",\"name\":\"Familia Mart\u00ednez Bujanda\",\"description\":\"Cinco bodegas conforman Familia Mart\u00ednez-Bujanda: Finca Valpiedra (DOCa Rioja), Finca Antigua (DO La Mancha), Finca Montepedroso (DO Rueda), Vi\u00f1a Bujanda ...\",\"publisher\":{\"@id\":\"https:\/\/familiamartinezbujanda.com\/en\/#organization\"},\"potentialAction\":[{\"@type\":\"SearchAction\",\"target\":{\"@type\":\"EntryPoint\",\"urlTemplate\":\"https:\/\/familiamartinezbujanda.com\/en\/?s={search_term_string}\"},\"query-input\":{\"@type\":\"PropertyValueSpecification\",\"valueRequired\":true,\"valueName\":\"search_term_string\"}}],\"inLanguage\":\"en-US\"},{\"@type\":\"Organization\",\"@id\":\"https:\/\/familiamartinezbujanda.com\/en\/#organization\",\"name\":\"Familia Mart\u00ednez Bujanda\",\"url\":\"https:\/\/familiamartinezbujanda.com\/en\/\",\"logo\":{\"@type\":\"ImageObject\",\"inLanguage\":\"en-US\",\"@id\":\"https:\/\/familiamartinezbujanda.com\/en\/#\/schema\/logo\/image\/\",\"url\":\"https:\/\/www.familiamartinezbujanda.com\/wp-content\/uploads\/2022\/06\/favicon.jpg\",\"contentUrl\":\"https:\/\/www.familiamartinezbujanda.com\/wp-content\/uploads\/2022\/06\/favicon.jpg\",\"width\":512,\"height\":512,\"caption\":\"Familia Mart\u00ednez Bujanda\"},\"image\":{\"@id\":\"https:\/\/familiamartinezbujanda.com\/en\/#\/schema\/logo\/image\/\"}}]}<\/script>\n<!-- \/ Yoast SEO plugin. -->","yoast_head_json":{"title":"VARIETAL CRIANZA CASE LOT | Familia Mart\u00ednez Bujanda","description":"Finca Antigua Case: Cabernet Sauvignon Crianza, Tempranillo Crianza and Merlot Crianza. Discover the variety and character of these unique wines from Cuenca.","robots":{"index":"index","follow":"follow","max-snippet":"max-snippet:-1","max-image-preview":"max-image-preview:large","max-video-preview":"max-video-preview:-1"},"canonical":"https:\/\/familiamartinezbujanda.com\/en\/shop\/wines\/single-varietals-with-barrels\/case-breeding-varietals\/","og_locale":"en_US","og_type":"article","og_title":"VARIETAL CRIANZA CASE LOT | Familia Mart\u00ednez Bujanda","og_description":"Finca Antigua Case: Cabernet Sauvignon Crianza, Tempranillo Crianza and Merlot Crianza. Discover the variety and character of these unique wines from Cuenca.","og_url":"https:\/\/familiamartinezbujanda.com\/en\/shop\/wines\/single-varietals-with-barrels\/case-breeding-varietals\/","og_site_name":"Familia Mart\u00ednez Bujanda","article_modified_time":"2026-01-09T11:32:44+00:00","og_image":[{"width":600,"height":600,"url":"https:\/\/familiamartinezbujanda.com\/wp-content\/uploads\/2022\/05\/lote-estuche-crianza-varietales.jpg","type":"image\/jpeg"}],"twitter_card":"summary_large_image","twitter_misc":{"Est. reading time":"1 minute"},"schema":{"@context":"https:\/\/schema.org","@graph":[{"@type":"WebPage","@id":"https:\/\/familiamartinezbujanda.com\/en\/shop\/wines\/single-varietals-with-barrels\/case-breeding-varietals\/","url":"https:\/\/familiamartinezbujanda.com\/en\/shop\/wines\/single-varietals-with-barrels\/case-breeding-varietals\/","name":"VARIETAL CRIANZA CASE LOT | Familia Mart\u00ednez Bujanda","isPartOf":{"@id":"https:\/\/familiamartinezbujanda.com\/en\/#website"},"primaryImageOfPage":{"@id":"https:\/\/familiamartinezbujanda.com\/en\/shop\/wines\/single-varietals-with-barrels\/case-breeding-varietals\/#primaryimage"},"image":{"@id":"https:\/\/familiamartinezbujanda.com\/en\/shop\/wines\/single-varietals-with-barrels\/case-breeding-varietals\/#primaryimage"},"thumbnailUrl":"https:\/\/familiamartinezbujanda.com\/wp-content\/uploads\/2022\/05\/lote-estuche-crianza-varietales.jpg","datePublished":"2021-12-05T12:13:04+00:00","dateModified":"2026-01-09T11:32:44+00:00","description":"Finca Antigua Case: Cabernet Sauvignon Crianza, Tempranillo Crianza and Merlot Crianza. Discover the variety and character of these unique wines from Cuenca.","breadcrumb":{"@id":"https:\/\/familiamartinezbujanda.com\/en\/shop\/wines\/single-varietals-with-barrels\/case-breeding-varietals\/#breadcrumb"},"inLanguage":"en-US","potentialAction":[{"@type":"ReadAction","target":["https:\/\/familiamartinezbujanda.com\/en\/shop\/wines\/single-varietals-with-barrels\/case-breeding-varietals\/"]}]},{"@type":"ImageObject","inLanguage":"en-US","@id":"https:\/\/familiamartinezbujanda.com\/en\/shop\/wines\/single-varietals-with-barrels\/case-breeding-varietals\/#primaryimage","url":"https:\/\/familiamartinezbujanda.com\/wp-content\/uploads\/2022\/05\/lote-estuche-crianza-varietales.jpg","contentUrl":"https:\/\/familiamartinezbujanda.com\/wp-content\/uploads\/2022\/05\/lote-estuche-crianza-varietales.jpg","width":600,"height":600},{"@type":"BreadcrumbList","@id":"https:\/\/familiamartinezbujanda.com\/en\/shop\/wines\/single-varietals-with-barrels\/case-breeding-varietals\/#breadcrumb","itemListElement":[{"@type":"ListItem","position":1,"name":"Portada","item":"https:\/\/familiamartinezbujanda.com\/en\/inicio\/"},{"@type":"ListItem","position":2,"name":"Tienda","item":"https:\/\/familiamartinezbujanda.com\/en\/shop\/"},{"@type":"ListItem","position":3,"name":"VARIETAL CRIANZA CASE LOT"}]},{"@type":"WebSite","@id":"https:\/\/familiamartinezbujanda.com\/en\/#website","url":"https:\/\/familiamartinezbujanda.com\/en\/","name":"Familia Mart\u00ednez Bujanda","description":"Cinco bodegas conforman Familia Mart\u00ednez-Bujanda: Finca Valpiedra (DOCa Rioja), Finca Antigua (DO La Mancha), Finca Montepedroso (DO Rueda), Vi\u00f1a Bujanda ...","publisher":{"@id":"https:\/\/familiamartinezbujanda.com\/en\/#organization"},"potentialAction":[{"@type":"SearchAction","target":{"@type":"EntryPoint","urlTemplate":"https:\/\/familiamartinezbujanda.com\/en\/?s={search_term_string}"},"query-input":{"@type":"PropertyValueSpecification","valueRequired":true,"valueName":"search_term_string"}}],"inLanguage":"en-US"},{"@type":"Organization","@id":"https:\/\/familiamartinezbujanda.com\/en\/#organization","name":"Familia Mart\u00ednez Bujanda","url":"https:\/\/familiamartinezbujanda.com\/en\/","logo":{"@type":"ImageObject","inLanguage":"en-US","@id":"https:\/\/familiamartinezbujanda.com\/en\/#\/schema\/logo\/image\/","url":"https:\/\/www.familiamartinezbujanda.com\/wp-content\/uploads\/2022\/06\/favicon.jpg","contentUrl":"https:\/\/www.familiamartinezbujanda.com\/wp-content\/uploads\/2022\/06\/favicon.jpg","width":512,"height":512,"caption":"Familia Mart\u00ednez Bujanda"},"image":{"@id":"https:\/\/familiamartinezbujanda.com\/en\/#\/schema\/logo\/image\/"}}]}},"_links":{"self":[{"href":"https:\/\/familiamartinezbujanda.com\/en\/wp-json\/wp\/v2\/product\/69815","targetHints":{"allow":["GET"]}}],"collection":[{"href":"https:\/\/familiamartinezbujanda.com\/en\/wp-json\/wp\/v2\/product"}],"about":[{"href":"https:\/\/familiamartinezbujanda.com\/en\/wp-json\/wp\/v2\/types\/product"}],"replies":[{"embeddable":true,"href":"https:\/\/familiamartinezbujanda.com\/en\/wp-json\/wp\/v2\/comments?post=69815"}],"wp:featuredmedia":[{"embeddable":true,"href":"https:\/\/familiamartinezbujanda.com\/en\/wp-json\/wp\/v2\/media\/68339"}],"wp:attachment":[{"href":"https:\/\/familiamartinezbujanda.com\/en\/wp-json\/wp\/v2\/media?parent=69815"}],"wp:term":[{"taxonomy":"product_brand","embeddable":true,"href":"https:\/\/familiamartinezbujanda.com\/en\/wp-json\/wp\/v2\/product_brand?post=69815"},{"taxonomy":"product_cat","embeddable":true,"href":"https:\/\/familiamartinezbujanda.com\/en\/wp-json\/wp\/v2\/product_cat?post=69815"},{"taxonomy":"product_tag","embeddable":true,"href":"https:\/\/familiamartinezbujanda.com\/en\/wp-json\/wp\/v2\/product_tag?post=69815"}],"curies":[{"name":"wp","href":"https:\/\/api.w.org\/{rel}","templated":true}]}}