{"id":69816,"date":"2023-03-15T13:55:40","date_gmt":"2023-03-15T12:55:40","guid":{"rendered":"https:\/\/familiamartinezbujanda.madisonmk.agency\/tienda\/uncategorized\/casa-solar-3-months-in-barrel"},"modified":"2023-06-13T12:18:34","modified_gmt":"2023-06-13T10:18:34","slug":"casa-solar-3-months-in-barrel","status":"publish","type":"product","link":"https:\/\/familiamartinezbujanda.com\/en\/shop\/cosecheros-y-criadores-en\/casa-solar-en\/casa-solar-3-months-in-barrel\/","title":{"rendered":"CASA SOLAR 3 MONTHS IN BARREL"},"content":{"rendered":"","protected":false},"excerpt":{"rendered":"<div class=\"gg-infobox \">\n<h4>YEAR: 2018<\/h4>\n<\/div>\n<div class=\"gg-infobox \">\n<h4>I.G: Tierra de Castilla Wine<\/h4>\n<\/div>\n<div class=\"gg-infobox \">\n<h4>VARIETY: Tempranillo<\/h4>\n<\/div>\n<div class=\"gg-infobox \">\n<h4>PAIRING: Meats, saut\u00e9ed fish and cured cheeses<\/h4>\n<\/div>\n","protected":false},"featured_media":68719,"comment_status":"open","ping_status":"closed","template":"","meta":{"iawp_total_views":5},"product_brand":[],"product_cat":[1555,1550,2043],"product_tag":[],"class_list":{"0":"post-69816","1":"product","2":"type-product","3":"status-publish","4":"has-post-thumbnail","6":"product_cat-casa-solar-en","7":"product_cat-cosecheros-y-criadores-en","8":"product_cat-tempranillo-en","10":"entry","11":"has-media","13":"first","14":"instock","15":"taxable","16":"shipping-taxable","17":"product-type-simple","18":"col","19":"span_1_of_3","20":"owp-content-center","21":"owp-thumbs-layout-horizontal","22":"owp-btn-normal","23":"owp-tabs-layout-horizontal","24":"has-no-thumbnails"},"yoast_head":"<!-- This site is optimized with the Yoast SEO plugin v27.0 - https:\/\/yoast.com\/product\/yoast-seo-wordpress\/ -->\n<title>CASA SOLAR 3 MONTHS IN BARREL | Familia Mart\u00ednez Bujanda<\/title>\n<meta name=\"robots\" content=\"index, follow, max-snippet:-1, max-image-preview:large, max-video-preview:-1\" \/>\n<link rel=\"canonical\" href=\"https:\/\/familiamartinezbujanda.com\/en\/shop\/cosecheros-y-criadores-en\/casa-solar-en\/casa-solar-3-months-in-barrel\/\" \/>\n<meta property=\"og:locale\" content=\"en_US\" \/>\n<meta property=\"og:type\" content=\"article\" \/>\n<meta property=\"og:title\" content=\"CASA SOLAR 3 MONTHS IN BARREL | Familia Mart\u00ednez Bujanda\" \/>\n<meta property=\"og:description\" content=\"YEAR: 2018   I.G: Tierra de Castilla Wine   VARIETY: Tempranillo   PAIRING: Meats, saut\u00e9ed fish and cured cheeses\" \/>\n<meta property=\"og:url\" content=\"https:\/\/familiamartinezbujanda.com\/en\/shop\/cosecheros-y-criadores-en\/casa-solar-en\/casa-solar-3-months-in-barrel\/\" \/>\n<meta property=\"og:site_name\" content=\"Familia Mart\u00ednez Bujanda\" \/>\n<meta property=\"article:modified_time\" content=\"2023-06-13T10:18:34+00:00\" \/>\n<meta property=\"og:image\" content=\"https:\/\/familiamartinezbujanda.com\/wp-content\/uploads\/2023\/03\/CasaSolar-3meses.jpg\" \/>\n\t<meta property=\"og:image:width\" content=\"650\" \/>\n\t<meta property=\"og:image:height\" content=\"650\" \/>\n\t<meta property=\"og:image:type\" content=\"image\/jpeg\" \/>\n<meta name=\"twitter:card\" content=\"summary_large_image\" \/>\n<script type=\"application\/ld+json\" class=\"yoast-schema-graph\">{\"@context\":\"https:\/\/schema.org\",\"@graph\":[{\"@type\":\"WebPage\",\"@id\":\"https:\/\/familiamartinezbujanda.com\/en\/shop\/cosecheros-y-criadores-en\/casa-solar-en\/casa-solar-3-months-in-barrel\/\",\"url\":\"https:\/\/familiamartinezbujanda.com\/en\/shop\/cosecheros-y-criadores-en\/casa-solar-en\/casa-solar-3-months-in-barrel\/\",\"name\":\"CASA SOLAR 3 MONTHS IN BARREL | Familia Mart\u00ednez Bujanda\",\"isPartOf\":{\"@id\":\"https:\/\/familiamartinezbujanda.com\/en\/#website\"},\"primaryImageOfPage\":{\"@id\":\"https:\/\/familiamartinezbujanda.com\/en\/shop\/cosecheros-y-criadores-en\/casa-solar-en\/casa-solar-3-months-in-barrel\/#primaryimage\"},\"image\":{\"@id\":\"https:\/\/familiamartinezbujanda.com\/en\/shop\/cosecheros-y-criadores-en\/casa-solar-en\/casa-solar-3-months-in-barrel\/#primaryimage\"},\"thumbnailUrl\":\"https:\/\/familiamartinezbujanda.com\/wp-content\/uploads\/2023\/03\/CasaSolar-3meses.jpg\",\"datePublished\":\"2023-03-15T12:55:40+00:00\",\"dateModified\":\"2023-06-13T10:18:34+00:00\",\"breadcrumb\":{\"@id\":\"https:\/\/familiamartinezbujanda.com\/en\/shop\/cosecheros-y-criadores-en\/casa-solar-en\/casa-solar-3-months-in-barrel\/#breadcrumb\"},\"inLanguage\":\"en-US\",\"potentialAction\":[{\"@type\":\"ReadAction\",\"target\":[\"https:\/\/familiamartinezbujanda.com\/en\/shop\/cosecheros-y-criadores-en\/casa-solar-en\/casa-solar-3-months-in-barrel\/\"]}]},{\"@type\":\"ImageObject\",\"inLanguage\":\"en-US\",\"@id\":\"https:\/\/familiamartinezbujanda.com\/en\/shop\/cosecheros-y-criadores-en\/casa-solar-en\/casa-solar-3-months-in-barrel\/#primaryimage\",\"url\":\"https:\/\/familiamartinezbujanda.com\/wp-content\/uploads\/2023\/03\/CasaSolar-3meses.jpg\",\"contentUrl\":\"https:\/\/familiamartinezbujanda.com\/wp-content\/uploads\/2023\/03\/CasaSolar-3meses.jpg\",\"width\":650,\"height\":650,\"caption\":\"Casa Solar 3 Meses en Barrica\"},{\"@type\":\"BreadcrumbList\",\"@id\":\"https:\/\/familiamartinezbujanda.com\/en\/shop\/cosecheros-y-criadores-en\/casa-solar-en\/casa-solar-3-months-in-barrel\/#breadcrumb\",\"itemListElement\":[{\"@type\":\"ListItem\",\"position\":1,\"name\":\"Portada\",\"item\":\"https:\/\/familiamartinezbujanda.com\/en\/inicio\/\"},{\"@type\":\"ListItem\",\"position\":2,\"name\":\"Tienda\",\"item\":\"https:\/\/familiamartinezbujanda.com\/en\/shop\/\"},{\"@type\":\"ListItem\",\"position\":3,\"name\":\"CASA SOLAR 3 MONTHS IN BARREL\"}]},{\"@type\":\"WebSite\",\"@id\":\"https:\/\/familiamartinezbujanda.com\/en\/#website\",\"url\":\"https:\/\/familiamartinezbujanda.com\/en\/\",\"name\":\"Familia Mart\u00ednez Bujanda\",\"description\":\"Cinco bodegas conforman Familia Mart\u00ednez-Bujanda: Finca Valpiedra (DOCa Rioja), Finca Antigua (DO La Mancha), Finca Montepedroso (DO Rueda), Vi\u00f1a Bujanda ...\",\"publisher\":{\"@id\":\"https:\/\/familiamartinezbujanda.com\/en\/#organization\"},\"potentialAction\":[{\"@type\":\"SearchAction\",\"target\":{\"@type\":\"EntryPoint\",\"urlTemplate\":\"https:\/\/familiamartinezbujanda.com\/en\/?s={search_term_string}\"},\"query-input\":{\"@type\":\"PropertyValueSpecification\",\"valueRequired\":true,\"valueName\":\"search_term_string\"}}],\"inLanguage\":\"en-US\"},{\"@type\":\"Organization\",\"@id\":\"https:\/\/familiamartinezbujanda.com\/en\/#organization\",\"name\":\"Familia Mart\u00ednez Bujanda\",\"url\":\"https:\/\/familiamartinezbujanda.com\/en\/\",\"logo\":{\"@type\":\"ImageObject\",\"inLanguage\":\"en-US\",\"@id\":\"https:\/\/familiamartinezbujanda.com\/en\/#\/schema\/logo\/image\/\",\"url\":\"https:\/\/www.familiamartinezbujanda.com\/wp-content\/uploads\/2022\/06\/favicon.jpg\",\"contentUrl\":\"https:\/\/www.familiamartinezbujanda.com\/wp-content\/uploads\/2022\/06\/favicon.jpg\",\"width\":512,\"height\":512,\"caption\":\"Familia Mart\u00ednez Bujanda\"},\"image\":{\"@id\":\"https:\/\/familiamartinezbujanda.com\/en\/#\/schema\/logo\/image\/\"}}]}<\/script>\n<!-- \/ Yoast SEO plugin. -->","yoast_head_json":{"title":"CASA SOLAR 3 MONTHS IN BARREL | Familia Mart\u00ednez Bujanda","robots":{"index":"index","follow":"follow","max-snippet":"max-snippet:-1","max-image-preview":"max-image-preview:large","max-video-preview":"max-video-preview:-1"},"canonical":"https:\/\/familiamartinezbujanda.com\/en\/shop\/cosecheros-y-criadores-en\/casa-solar-en\/casa-solar-3-months-in-barrel\/","og_locale":"en_US","og_type":"article","og_title":"CASA SOLAR 3 MONTHS IN BARREL | Familia Mart\u00ednez Bujanda","og_description":"YEAR: 2018   I.G: Tierra de Castilla Wine   VARIETY: Tempranillo   PAIRING: Meats, saut\u00e9ed fish and cured cheeses","og_url":"https:\/\/familiamartinezbujanda.com\/en\/shop\/cosecheros-y-criadores-en\/casa-solar-en\/casa-solar-3-months-in-barrel\/","og_site_name":"Familia Mart\u00ednez Bujanda","article_modified_time":"2023-06-13T10:18:34+00:00","og_image":[{"width":650,"height":650,"url":"https:\/\/familiamartinezbujanda.com\/wp-content\/uploads\/2023\/03\/CasaSolar-3meses.jpg","type":"image\/jpeg"}],"twitter_card":"summary_large_image","schema":{"@context":"https:\/\/schema.org","@graph":[{"@type":"WebPage","@id":"https:\/\/familiamartinezbujanda.com\/en\/shop\/cosecheros-y-criadores-en\/casa-solar-en\/casa-solar-3-months-in-barrel\/","url":"https:\/\/familiamartinezbujanda.com\/en\/shop\/cosecheros-y-criadores-en\/casa-solar-en\/casa-solar-3-months-in-barrel\/","name":"CASA SOLAR 3 MONTHS IN BARREL | Familia Mart\u00ednez Bujanda","isPartOf":{"@id":"https:\/\/familiamartinezbujanda.com\/en\/#website"},"primaryImageOfPage":{"@id":"https:\/\/familiamartinezbujanda.com\/en\/shop\/cosecheros-y-criadores-en\/casa-solar-en\/casa-solar-3-months-in-barrel\/#primaryimage"},"image":{"@id":"https:\/\/familiamartinezbujanda.com\/en\/shop\/cosecheros-y-criadores-en\/casa-solar-en\/casa-solar-3-months-in-barrel\/#primaryimage"},"thumbnailUrl":"https:\/\/familiamartinezbujanda.com\/wp-content\/uploads\/2023\/03\/CasaSolar-3meses.jpg","datePublished":"2023-03-15T12:55:40+00:00","dateModified":"2023-06-13T10:18:34+00:00","breadcrumb":{"@id":"https:\/\/familiamartinezbujanda.com\/en\/shop\/cosecheros-y-criadores-en\/casa-solar-en\/casa-solar-3-months-in-barrel\/#breadcrumb"},"inLanguage":"en-US","potentialAction":[{"@type":"ReadAction","target":["https:\/\/familiamartinezbujanda.com\/en\/shop\/cosecheros-y-criadores-en\/casa-solar-en\/casa-solar-3-months-in-barrel\/"]}]},{"@type":"ImageObject","inLanguage":"en-US","@id":"https:\/\/familiamartinezbujanda.com\/en\/shop\/cosecheros-y-criadores-en\/casa-solar-en\/casa-solar-3-months-in-barrel\/#primaryimage","url":"https:\/\/familiamartinezbujanda.com\/wp-content\/uploads\/2023\/03\/CasaSolar-3meses.jpg","contentUrl":"https:\/\/familiamartinezbujanda.com\/wp-content\/uploads\/2023\/03\/CasaSolar-3meses.jpg","width":650,"height":650,"caption":"Casa Solar 3 Meses en Barrica"},{"@type":"BreadcrumbList","@id":"https:\/\/familiamartinezbujanda.com\/en\/shop\/cosecheros-y-criadores-en\/casa-solar-en\/casa-solar-3-months-in-barrel\/#breadcrumb","itemListElement":[{"@type":"ListItem","position":1,"name":"Portada","item":"https:\/\/familiamartinezbujanda.com\/en\/inicio\/"},{"@type":"ListItem","position":2,"name":"Tienda","item":"https:\/\/familiamartinezbujanda.com\/en\/shop\/"},{"@type":"ListItem","position":3,"name":"CASA SOLAR 3 MONTHS IN BARREL"}]},{"@type":"WebSite","@id":"https:\/\/familiamartinezbujanda.com\/en\/#website","url":"https:\/\/familiamartinezbujanda.com\/en\/","name":"Familia Mart\u00ednez Bujanda","description":"Cinco bodegas conforman Familia Mart\u00ednez-Bujanda: Finca Valpiedra (DOCa Rioja), Finca Antigua (DO La Mancha), Finca Montepedroso (DO Rueda), Vi\u00f1a Bujanda ...","publisher":{"@id":"https:\/\/familiamartinezbujanda.com\/en\/#organization"},"potentialAction":[{"@type":"SearchAction","target":{"@type":"EntryPoint","urlTemplate":"https:\/\/familiamartinezbujanda.com\/en\/?s={search_term_string}"},"query-input":{"@type":"PropertyValueSpecification","valueRequired":true,"valueName":"search_term_string"}}],"inLanguage":"en-US"},{"@type":"Organization","@id":"https:\/\/familiamartinezbujanda.com\/en\/#organization","name":"Familia Mart\u00ednez Bujanda","url":"https:\/\/familiamartinezbujanda.com\/en\/","logo":{"@type":"ImageObject","inLanguage":"en-US","@id":"https:\/\/familiamartinezbujanda.com\/en\/#\/schema\/logo\/image\/","url":"https:\/\/www.familiamartinezbujanda.com\/wp-content\/uploads\/2022\/06\/favicon.jpg","contentUrl":"https:\/\/www.familiamartinezbujanda.com\/wp-content\/uploads\/2022\/06\/favicon.jpg","width":512,"height":512,"caption":"Familia Mart\u00ednez Bujanda"},"image":{"@id":"https:\/\/familiamartinezbujanda.com\/en\/#\/schema\/logo\/image\/"}}]}},"_links":{"self":[{"href":"https:\/\/familiamartinezbujanda.com\/en\/wp-json\/wp\/v2\/product\/69816","targetHints":{"allow":["GET"]}}],"collection":[{"href":"https:\/\/familiamartinezbujanda.com\/en\/wp-json\/wp\/v2\/product"}],"about":[{"href":"https:\/\/familiamartinezbujanda.com\/en\/wp-json\/wp\/v2\/types\/product"}],"replies":[{"embeddable":true,"href":"https:\/\/familiamartinezbujanda.com\/en\/wp-json\/wp\/v2\/comments?post=69816"}],"wp:featuredmedia":[{"embeddable":true,"href":"https:\/\/familiamartinezbujanda.com\/en\/wp-json\/wp\/v2\/media\/68719"}],"wp:attachment":[{"href":"https:\/\/familiamartinezbujanda.com\/en\/wp-json\/wp\/v2\/media?parent=69816"}],"wp:term":[{"taxonomy":"product_brand","embeddable":true,"href":"https:\/\/familiamartinezbujanda.com\/en\/wp-json\/wp\/v2\/product_brand?post=69816"},{"taxonomy":"product_cat","embeddable":true,"href":"https:\/\/familiamartinezbujanda.com\/en\/wp-json\/wp\/v2\/product_cat?post=69816"},{"taxonomy":"product_tag","embeddable":true,"href":"https:\/\/familiamartinezbujanda.com\/en\/wp-json\/wp\/v2\/product_tag?post=69816"}],"curies":[{"name":"wp","href":"https:\/\/api.w.org\/{rel}","templated":true}]}}