{"id":69817,"date":"2021-06-08T02:08:02","date_gmt":"2021-06-08T00:08:02","guid":{"rendered":"https:\/\/familiamartinezbujanda.madisonmk.agency\/tienda\/uncategorized\/vina-bujanda-crianza-magnum"},"modified":"2026-01-09T11:03:45","modified_gmt":"2026-01-09T10:03:45","slug":"vina-bujanda-crianza-magnum","status":"publish","type":"product","link":"https:\/\/familiamartinezbujanda.com\/en\/shop\/wines\/magnum-en\/vina-bujanda-crianza-magnum\/","title":{"rendered":"Vi\u00f1a Bujanda Crianza Magnum"},"content":{"rendered":"<p><strong>Vi\u00f1a Bujanda Crianza Magnum (D.O.Ca. Rioja) <\/strong>is a purple-colored crianza red wine made from Tempranillo grapes. This classic Rioja wine is aged for 12 months in American oak barrels, which gives it wonderful aromas of black fruits and tobacco. <\/p>\n<p>A wine recommended for lovers of the traditional with a broad and silky entry on the palate with a long finish.<\/p>\n<p>&nbsp;<\/p>\n","protected":false},"excerpt":{"rendered":"<p><span style=\"color: #000000\"><strong>VINEYARD: <\/strong><\/span>Rioja Alta &amp; Rioja Alavesa.<br \/>\n<span style=\"color: #000000\"><strong>VARIETY: <\/strong><\/span>100% Tempranillo<br \/>\n<span style=\"color: #000000\"><strong>D.O.: <\/strong><\/span>Calificada Rioja.<br \/>\n<span style=\"color: #000000\"><strong>BOTTLE: <\/strong><\/span>1500 ml.<br \/>\n<span style=\"color: #000000\"><br \/>\n  <strong>CATEGORY: <\/strong><br \/>\n<\/span>Breeding.<br \/>\n<span style=\"color: #000000\"><br \/>\n  <strong>ALCOHOL CONTENT: <\/strong><br \/>\n<\/span>13.5% v\/v.<br \/>\n<span style=\"color: #000000\"><br \/>\n  <strong>TOTAL ACIDITY: <\/strong><br \/>\n<\/span>5.2 g\/l. Tartaric.<br \/>\n<span style=\"color: #000000\"><strong>HARVEST DATE: <\/strong><\/span>3rd week of September 2021.<br \/>\n<span style=\"color: #000000\"><br \/>\n  <strong>AGING: <\/strong><br \/>\n<\/span>12 months in American oak barrels.<\/p>\n","protected":false},"featured_media":68334,"comment_status":"open","ping_status":"closed","template":"","meta":{"iawp_total_views":21},"product_brand":[],"product_cat":[2089,2125,2220,2209],"product_tag":[],"class_list":{"0":"post-69817","1":"product","2":"type-product","3":"status-publish","4":"has-post-thumbnail","6":"product_cat-magnum-en","7":"product_cat-magnum-vb-en","8":"product_cat-reds","9":"product_cat-special-presentations","11":"entry","12":"has-media","14":"first","15":"instock","16":"taxable","17":"shipping-taxable","18":"purchasable","19":"product-type-simple","20":"col","21":"span_1_of_3","22":"owp-content-center","23":"owp-thumbs-layout-horizontal","24":"owp-btn-normal","25":"owp-tabs-layout-horizontal","26":"has-no-thumbnails"},"yoast_head":"<!-- This site is optimized with the Yoast SEO plugin v27.0 - https:\/\/yoast.com\/product\/yoast-seo-wordpress\/ -->\n<title>Vi\u00f1a Bujanda Crianza Magnum | Familia Mart\u00ednez Bujanda<\/title>\n<meta name=\"robots\" content=\"index, follow, max-snippet:-1, max-image-preview:large, max-video-preview:-1\" \/>\n<link rel=\"canonical\" href=\"https:\/\/familiamartinezbujanda.com\/en\/shop\/wines\/magnum-en\/vina-bujanda-crianza-magnum\/\" \/>\n<meta property=\"og:locale\" content=\"en_US\" \/>\n<meta property=\"og:type\" content=\"article\" \/>\n<meta property=\"og:title\" content=\"Vi\u00f1a Bujanda Crianza Magnum | Familia Mart\u00ednez Bujanda\" \/>\n<meta property=\"og:description\" content=\"VINEYARD: Rioja Alta &amp; Rioja Alavesa. VARIETY: 100% Tempranillo D.O.: Calificada Rioja. BOTTLE: 1500 ml.  CATEGORY: Breeding.  ALCOHOL CONTENT: 13.5% v\/v.  TOTAL ACIDITY: 5.2 g\/l. Tartaric. HARVEST DATE: 3rd week of September 2021.  AGING: 12 months in American oak barrels.\" \/>\n<meta property=\"og:url\" content=\"https:\/\/familiamartinezbujanda.com\/en\/shop\/wines\/magnum-en\/vina-bujanda-crianza-magnum\/\" \/>\n<meta property=\"og:site_name\" content=\"Familia Mart\u00ednez Bujanda\" \/>\n<meta property=\"article:modified_time\" content=\"2026-01-09T10:03:45+00:00\" \/>\n<meta property=\"og:image\" content=\"https:\/\/familiamartinezbujanda.com\/wp-content\/uploads\/2022\/05\/Vina-Bujanda-Crianza-Magnum.jpg\" \/>\n\t<meta property=\"og:image:width\" content=\"600\" \/>\n\t<meta property=\"og:image:height\" content=\"600\" \/>\n\t<meta property=\"og:image:type\" content=\"image\/jpeg\" \/>\n<meta name=\"twitter:card\" content=\"summary_large_image\" \/>\n<meta name=\"twitter:label1\" content=\"Est. reading time\" \/>\n\t<meta name=\"twitter:data1\" content=\"1 minute\" \/>\n<script type=\"application\/ld+json\" class=\"yoast-schema-graph\">{\"@context\":\"https:\/\/schema.org\",\"@graph\":[{\"@type\":\"WebPage\",\"@id\":\"https:\/\/familiamartinezbujanda.com\/en\/shop\/wines\/magnum-en\/vina-bujanda-crianza-magnum\/\",\"url\":\"https:\/\/familiamartinezbujanda.com\/en\/shop\/wines\/magnum-en\/vina-bujanda-crianza-magnum\/\",\"name\":\"Vi\u00f1a Bujanda Crianza Magnum | Familia Mart\u00ednez Bujanda\",\"isPartOf\":{\"@id\":\"https:\/\/familiamartinezbujanda.com\/en\/#website\"},\"primaryImageOfPage\":{\"@id\":\"https:\/\/familiamartinezbujanda.com\/en\/shop\/wines\/magnum-en\/vina-bujanda-crianza-magnum\/#primaryimage\"},\"image\":{\"@id\":\"https:\/\/familiamartinezbujanda.com\/en\/shop\/wines\/magnum-en\/vina-bujanda-crianza-magnum\/#primaryimage\"},\"thumbnailUrl\":\"https:\/\/familiamartinezbujanda.com\/wp-content\/uploads\/2022\/05\/Vina-Bujanda-Crianza-Magnum.jpg\",\"datePublished\":\"2021-06-08T00:08:02+00:00\",\"dateModified\":\"2026-01-09T10:03:45+00:00\",\"breadcrumb\":{\"@id\":\"https:\/\/familiamartinezbujanda.com\/en\/shop\/wines\/magnum-en\/vina-bujanda-crianza-magnum\/#breadcrumb\"},\"inLanguage\":\"en-US\",\"potentialAction\":[{\"@type\":\"ReadAction\",\"target\":[\"https:\/\/familiamartinezbujanda.com\/en\/shop\/wines\/magnum-en\/vina-bujanda-crianza-magnum\/\"]}]},{\"@type\":\"ImageObject\",\"inLanguage\":\"en-US\",\"@id\":\"https:\/\/familiamartinezbujanda.com\/en\/shop\/wines\/magnum-en\/vina-bujanda-crianza-magnum\/#primaryimage\",\"url\":\"https:\/\/familiamartinezbujanda.com\/wp-content\/uploads\/2022\/05\/Vina-Bujanda-Crianza-Magnum.jpg\",\"contentUrl\":\"https:\/\/familiamartinezbujanda.com\/wp-content\/uploads\/2022\/05\/Vina-Bujanda-Crianza-Magnum.jpg\",\"width\":600,\"height\":600},{\"@type\":\"BreadcrumbList\",\"@id\":\"https:\/\/familiamartinezbujanda.com\/en\/shop\/wines\/magnum-en\/vina-bujanda-crianza-magnum\/#breadcrumb\",\"itemListElement\":[{\"@type\":\"ListItem\",\"position\":1,\"name\":\"Portada\",\"item\":\"https:\/\/familiamartinezbujanda.com\/en\/inicio\/\"},{\"@type\":\"ListItem\",\"position\":2,\"name\":\"Tienda\",\"item\":\"https:\/\/familiamartinezbujanda.com\/en\/shop\/\"},{\"@type\":\"ListItem\",\"position\":3,\"name\":\"Vi\u00f1a Bujanda Crianza Magnum\"}]},{\"@type\":\"WebSite\",\"@id\":\"https:\/\/familiamartinezbujanda.com\/en\/#website\",\"url\":\"https:\/\/familiamartinezbujanda.com\/en\/\",\"name\":\"Familia Mart\u00ednez Bujanda\",\"description\":\"Cinco bodegas conforman Familia Mart\u00ednez-Bujanda: Finca Valpiedra (DOCa Rioja), Finca Antigua (DO La Mancha), Finca Montepedroso (DO Rueda), Vi\u00f1a Bujanda ...\",\"publisher\":{\"@id\":\"https:\/\/familiamartinezbujanda.com\/en\/#organization\"},\"potentialAction\":[{\"@type\":\"SearchAction\",\"target\":{\"@type\":\"EntryPoint\",\"urlTemplate\":\"https:\/\/familiamartinezbujanda.com\/en\/?s={search_term_string}\"},\"query-input\":{\"@type\":\"PropertyValueSpecification\",\"valueRequired\":true,\"valueName\":\"search_term_string\"}}],\"inLanguage\":\"en-US\"},{\"@type\":\"Organization\",\"@id\":\"https:\/\/familiamartinezbujanda.com\/en\/#organization\",\"name\":\"Familia Mart\u00ednez Bujanda\",\"url\":\"https:\/\/familiamartinezbujanda.com\/en\/\",\"logo\":{\"@type\":\"ImageObject\",\"inLanguage\":\"en-US\",\"@id\":\"https:\/\/familiamartinezbujanda.com\/en\/#\/schema\/logo\/image\/\",\"url\":\"https:\/\/www.familiamartinezbujanda.com\/wp-content\/uploads\/2022\/06\/favicon.jpg\",\"contentUrl\":\"https:\/\/www.familiamartinezbujanda.com\/wp-content\/uploads\/2022\/06\/favicon.jpg\",\"width\":512,\"height\":512,\"caption\":\"Familia Mart\u00ednez Bujanda\"},\"image\":{\"@id\":\"https:\/\/familiamartinezbujanda.com\/en\/#\/schema\/logo\/image\/\"}}]}<\/script>\n<!-- \/ Yoast SEO plugin. -->","yoast_head_json":{"title":"Vi\u00f1a Bujanda Crianza Magnum | Familia Mart\u00ednez Bujanda","robots":{"index":"index","follow":"follow","max-snippet":"max-snippet:-1","max-image-preview":"max-image-preview:large","max-video-preview":"max-video-preview:-1"},"canonical":"https:\/\/familiamartinezbujanda.com\/en\/shop\/wines\/magnum-en\/vina-bujanda-crianza-magnum\/","og_locale":"en_US","og_type":"article","og_title":"Vi\u00f1a Bujanda Crianza Magnum | Familia Mart\u00ednez Bujanda","og_description":"VINEYARD: Rioja Alta &amp; Rioja Alavesa. VARIETY: 100% Tempranillo D.O.: Calificada Rioja. BOTTLE: 1500 ml.  CATEGORY: Breeding.  ALCOHOL CONTENT: 13.5% v\/v.  TOTAL ACIDITY: 5.2 g\/l. Tartaric. HARVEST DATE: 3rd week of September 2021.  AGING: 12 months in American oak barrels.","og_url":"https:\/\/familiamartinezbujanda.com\/en\/shop\/wines\/magnum-en\/vina-bujanda-crianza-magnum\/","og_site_name":"Familia Mart\u00ednez Bujanda","article_modified_time":"2026-01-09T10:03:45+00:00","og_image":[{"width":600,"height":600,"url":"https:\/\/familiamartinezbujanda.com\/wp-content\/uploads\/2022\/05\/Vina-Bujanda-Crianza-Magnum.jpg","type":"image\/jpeg"}],"twitter_card":"summary_large_image","twitter_misc":{"Est. reading time":"1 minute"},"schema":{"@context":"https:\/\/schema.org","@graph":[{"@type":"WebPage","@id":"https:\/\/familiamartinezbujanda.com\/en\/shop\/wines\/magnum-en\/vina-bujanda-crianza-magnum\/","url":"https:\/\/familiamartinezbujanda.com\/en\/shop\/wines\/magnum-en\/vina-bujanda-crianza-magnum\/","name":"Vi\u00f1a Bujanda Crianza Magnum | Familia Mart\u00ednez Bujanda","isPartOf":{"@id":"https:\/\/familiamartinezbujanda.com\/en\/#website"},"primaryImageOfPage":{"@id":"https:\/\/familiamartinezbujanda.com\/en\/shop\/wines\/magnum-en\/vina-bujanda-crianza-magnum\/#primaryimage"},"image":{"@id":"https:\/\/familiamartinezbujanda.com\/en\/shop\/wines\/magnum-en\/vina-bujanda-crianza-magnum\/#primaryimage"},"thumbnailUrl":"https:\/\/familiamartinezbujanda.com\/wp-content\/uploads\/2022\/05\/Vina-Bujanda-Crianza-Magnum.jpg","datePublished":"2021-06-08T00:08:02+00:00","dateModified":"2026-01-09T10:03:45+00:00","breadcrumb":{"@id":"https:\/\/familiamartinezbujanda.com\/en\/shop\/wines\/magnum-en\/vina-bujanda-crianza-magnum\/#breadcrumb"},"inLanguage":"en-US","potentialAction":[{"@type":"ReadAction","target":["https:\/\/familiamartinezbujanda.com\/en\/shop\/wines\/magnum-en\/vina-bujanda-crianza-magnum\/"]}]},{"@type":"ImageObject","inLanguage":"en-US","@id":"https:\/\/familiamartinezbujanda.com\/en\/shop\/wines\/magnum-en\/vina-bujanda-crianza-magnum\/#primaryimage","url":"https:\/\/familiamartinezbujanda.com\/wp-content\/uploads\/2022\/05\/Vina-Bujanda-Crianza-Magnum.jpg","contentUrl":"https:\/\/familiamartinezbujanda.com\/wp-content\/uploads\/2022\/05\/Vina-Bujanda-Crianza-Magnum.jpg","width":600,"height":600},{"@type":"BreadcrumbList","@id":"https:\/\/familiamartinezbujanda.com\/en\/shop\/wines\/magnum-en\/vina-bujanda-crianza-magnum\/#breadcrumb","itemListElement":[{"@type":"ListItem","position":1,"name":"Portada","item":"https:\/\/familiamartinezbujanda.com\/en\/inicio\/"},{"@type":"ListItem","position":2,"name":"Tienda","item":"https:\/\/familiamartinezbujanda.com\/en\/shop\/"},{"@type":"ListItem","position":3,"name":"Vi\u00f1a Bujanda Crianza Magnum"}]},{"@type":"WebSite","@id":"https:\/\/familiamartinezbujanda.com\/en\/#website","url":"https:\/\/familiamartinezbujanda.com\/en\/","name":"Familia Mart\u00ednez Bujanda","description":"Cinco bodegas conforman Familia Mart\u00ednez-Bujanda: Finca Valpiedra (DOCa Rioja), Finca Antigua (DO La Mancha), Finca Montepedroso (DO Rueda), Vi\u00f1a Bujanda ...","publisher":{"@id":"https:\/\/familiamartinezbujanda.com\/en\/#organization"},"potentialAction":[{"@type":"SearchAction","target":{"@type":"EntryPoint","urlTemplate":"https:\/\/familiamartinezbujanda.com\/en\/?s={search_term_string}"},"query-input":{"@type":"PropertyValueSpecification","valueRequired":true,"valueName":"search_term_string"}}],"inLanguage":"en-US"},{"@type":"Organization","@id":"https:\/\/familiamartinezbujanda.com\/en\/#organization","name":"Familia Mart\u00ednez Bujanda","url":"https:\/\/familiamartinezbujanda.com\/en\/","logo":{"@type":"ImageObject","inLanguage":"en-US","@id":"https:\/\/familiamartinezbujanda.com\/en\/#\/schema\/logo\/image\/","url":"https:\/\/www.familiamartinezbujanda.com\/wp-content\/uploads\/2022\/06\/favicon.jpg","contentUrl":"https:\/\/www.familiamartinezbujanda.com\/wp-content\/uploads\/2022\/06\/favicon.jpg","width":512,"height":512,"caption":"Familia Mart\u00ednez Bujanda"},"image":{"@id":"https:\/\/familiamartinezbujanda.com\/en\/#\/schema\/logo\/image\/"}}]}},"_links":{"self":[{"href":"https:\/\/familiamartinezbujanda.com\/en\/wp-json\/wp\/v2\/product\/69817","targetHints":{"allow":["GET"]}}],"collection":[{"href":"https:\/\/familiamartinezbujanda.com\/en\/wp-json\/wp\/v2\/product"}],"about":[{"href":"https:\/\/familiamartinezbujanda.com\/en\/wp-json\/wp\/v2\/types\/product"}],"replies":[{"embeddable":true,"href":"https:\/\/familiamartinezbujanda.com\/en\/wp-json\/wp\/v2\/comments?post=69817"}],"wp:featuredmedia":[{"embeddable":true,"href":"https:\/\/familiamartinezbujanda.com\/en\/wp-json\/wp\/v2\/media\/68334"}],"wp:attachment":[{"href":"https:\/\/familiamartinezbujanda.com\/en\/wp-json\/wp\/v2\/media?parent=69817"}],"wp:term":[{"taxonomy":"product_brand","embeddable":true,"href":"https:\/\/familiamartinezbujanda.com\/en\/wp-json\/wp\/v2\/product_brand?post=69817"},{"taxonomy":"product_cat","embeddable":true,"href":"https:\/\/familiamartinezbujanda.com\/en\/wp-json\/wp\/v2\/product_cat?post=69817"},{"taxonomy":"product_tag","embeddable":true,"href":"https:\/\/familiamartinezbujanda.com\/en\/wp-json\/wp\/v2\/product_tag?post=69817"}],"curies":[{"name":"wp","href":"https:\/\/api.w.org\/{rel}","templated":true}]}}