{"id":69818,"date":"2022-11-24T09:07:24","date_gmt":"2022-11-24T08:07:24","guid":{"rendered":"https:\/\/familiamartinezbujanda.madisonmk.agency\/tienda\/uncategorized\/lot-3-magnum-fa-wines"},"modified":"2026-01-09T12:16:44","modified_gmt":"2026-01-09T11:16:44","slug":"lot-3-magnum-wines-fa","status":"publish","type":"product","link":"https:\/\/familiamartinezbujanda.com\/en\/shop\/wines\/packs\/lot-3-magnum-wines-fa\/","title":{"rendered":"LOT *3 Magnum FA wines"},"content":{"rendered":"<p>Are you thinking of giving wine as a gift? Give great wines for great moments.<\/p>\n<p>The lot consists of a magnum format bottle of each of the following wines:<\/p>\n<p><strong>Finca Antigua Crianza \u00danico (D.O. La Mancha)<\/strong>, a red Crianza wine with an intense ruby color, very aromatic, fresh and long, is a blend of the best red grapes: Tempranillo, Cabernet Sauvignon, Merlot and Syrah aged for 15 months in American and French oak barrels.<\/p>\n<p><strong>Finca Antigua Reserva (D.O. La Mancha)<\/strong> is a red wine with brightness, balance, power, elegance and complexity, made from Cabernet Sauvignon, Merlot and Syrah, carefully aged for 22 months in French oak barrels, which gives this reserve wine a special character. (90 points Pe\u00f1\u00edn Guide)<\/p>\n<p><strong>Finca Antigua Tempranillo Crianza (D.O. La Mancha) <\/strong>is a very balanced Tempranillo red wine aged for 10 months in American oak barrels. A complex, long and elegant quality wine with nuances and aromas of red fruits. A good wine, very concentrated and persistent, ideal for pairing with ham, cheese, red meats and white meats.<\/p>\n","protected":false},"excerpt":{"rendered":"<p>Are you thinking of giving wine as a gift? Give great wines for great moments.<\/p>\n<p>The crianza red wine and reserve wine produced at Finca Antigua in magnum format, with a coupage of our best red varieties: tempranillo, cabernet sauvignon, merlot, syrah. And our white wine Finca Antigua Tempranillo crianza.<\/p>\n<p>The terroirs of Familia Mart\u00ednez Bujanda in D.O. La Mancha presented in its maximum expression.<\/p>\n<p>The lot contains:<\/p>\n<p>1 bottle Magnum (1,5 l.) Finca Antigua Crianza \u00danico<\/p>\n<p>1 Magnum bottle (1,5 l.) Finca Antigua Reserva<\/p>\n<p>1 bottle Magnum (1,5 l.) Finca Antigua Tempranillo crianza<\/p>\n","protected":false},"featured_media":68689,"comment_status":"open","ping_status":"closed","template":"","meta":{"iawp_total_views":13},"product_brand":[],"product_cat":[2089,2070,2209],"product_tag":[],"class_list":{"0":"post-69818","1":"product","2":"type-product","3":"status-publish","4":"has-post-thumbnail","6":"product_cat-magnum-en","7":"product_cat-packs","8":"product_cat-special-presentations","10":"entry","11":"has-media","13":"first","14":"instock","15":"taxable","16":"shipping-taxable","17":"purchasable","18":"product-type-simple","19":"col","20":"span_1_of_3","21":"owp-content-center","22":"owp-thumbs-layout-horizontal","23":"owp-btn-normal","24":"owp-tabs-layout-horizontal","25":"has-no-thumbnails"},"yoast_head":"<!-- This site is optimized with the Yoast SEO plugin v27.0 - https:\/\/yoast.com\/product\/yoast-seo-wordpress\/ -->\n<title>LOT *3 Magnum FA wines | Familia Mart\u00ednez Bujanda<\/title>\n<meta name=\"robots\" content=\"index, follow, max-snippet:-1, max-image-preview:large, max-video-preview:-1\" \/>\n<link rel=\"canonical\" href=\"https:\/\/familiamartinezbujanda.com\/en\/shop\/wines\/packs\/lot-3-magnum-wines-fa\/\" \/>\n<meta property=\"og:locale\" content=\"en_US\" \/>\n<meta property=\"og:type\" content=\"article\" \/>\n<meta property=\"og:title\" content=\"LOT *3 Magnum FA wines | Familia Mart\u00ednez Bujanda\" \/>\n<meta property=\"og:description\" content=\"Are you thinking of giving wine as a gift? Give great wines for great moments. The crianza red wine and reserve wine produced at Finca Antigua in magnum format, with a coupage of our best red varieties: tempranillo, cabernet sauvignon, merlot, syrah. And our white wine Finca Antigua Tempranillo crianza. The terroirs of Familia Mart\u00ednez Bujanda in D.O. La Mancha presented in its maximum expression. The lot contains: 1 bottle Magnum (1,5 l.) Finca Antigua Crianza \u00danico 1 Magnum bottle (1,5 l.) Finca Antigua Reserva 1 bottle Magnum (1,5 l.) Finca Antigua Tempranillo crianza\" \/>\n<meta property=\"og:url\" content=\"https:\/\/familiamartinezbujanda.com\/en\/shop\/wines\/packs\/lot-3-magnum-wines-fa\/\" \/>\n<meta property=\"og:site_name\" content=\"Familia Mart\u00ednez Bujanda\" \/>\n<meta property=\"article:modified_time\" content=\"2026-01-09T11:16:44+00:00\" \/>\n<meta property=\"og:image\" content=\"https:\/\/familiamartinezbujanda.com\/wp-content\/uploads\/2023\/03\/FA_estuche-lujo-3-magnum.png\" \/>\n\t<meta property=\"og:image:width\" content=\"376\" \/>\n\t<meta property=\"og:image:height\" content=\"485\" \/>\n\t<meta property=\"og:image:type\" content=\"image\/png\" \/>\n<meta name=\"twitter:card\" content=\"summary_large_image\" \/>\n<meta name=\"twitter:label1\" content=\"Est. reading time\" \/>\n\t<meta name=\"twitter:data1\" content=\"1 minute\" \/>\n<script type=\"application\/ld+json\" class=\"yoast-schema-graph\">{\"@context\":\"https:\/\/schema.org\",\"@graph\":[{\"@type\":\"WebPage\",\"@id\":\"https:\/\/familiamartinezbujanda.com\/en\/shop\/wines\/packs\/lot-3-magnum-wines-fa\/\",\"url\":\"https:\/\/familiamartinezbujanda.com\/en\/shop\/wines\/packs\/lot-3-magnum-wines-fa\/\",\"name\":\"LOT *3 Magnum FA wines | Familia Mart\u00ednez Bujanda\",\"isPartOf\":{\"@id\":\"https:\/\/familiamartinezbujanda.com\/en\/#website\"},\"primaryImageOfPage\":{\"@id\":\"https:\/\/familiamartinezbujanda.com\/en\/shop\/wines\/packs\/lot-3-magnum-wines-fa\/#primaryimage\"},\"image\":{\"@id\":\"https:\/\/familiamartinezbujanda.com\/en\/shop\/wines\/packs\/lot-3-magnum-wines-fa\/#primaryimage\"},\"thumbnailUrl\":\"https:\/\/familiamartinezbujanda.com\/wp-content\/uploads\/2023\/03\/FA_estuche-lujo-3-magnum.png\",\"datePublished\":\"2022-11-24T08:07:24+00:00\",\"dateModified\":\"2026-01-09T11:16:44+00:00\",\"breadcrumb\":{\"@id\":\"https:\/\/familiamartinezbujanda.com\/en\/shop\/wines\/packs\/lot-3-magnum-wines-fa\/#breadcrumb\"},\"inLanguage\":\"en-US\",\"potentialAction\":[{\"@type\":\"ReadAction\",\"target\":[\"https:\/\/familiamartinezbujanda.com\/en\/shop\/wines\/packs\/lot-3-magnum-wines-fa\/\"]}]},{\"@type\":\"ImageObject\",\"inLanguage\":\"en-US\",\"@id\":\"https:\/\/familiamartinezbujanda.com\/en\/shop\/wines\/packs\/lot-3-magnum-wines-fa\/#primaryimage\",\"url\":\"https:\/\/familiamartinezbujanda.com\/wp-content\/uploads\/2023\/03\/FA_estuche-lujo-3-magnum.png\",\"contentUrl\":\"https:\/\/familiamartinezbujanda.com\/wp-content\/uploads\/2023\/03\/FA_estuche-lujo-3-magnum.png\",\"width\":376,\"height\":485},{\"@type\":\"BreadcrumbList\",\"@id\":\"https:\/\/familiamartinezbujanda.com\/en\/shop\/wines\/packs\/lot-3-magnum-wines-fa\/#breadcrumb\",\"itemListElement\":[{\"@type\":\"ListItem\",\"position\":1,\"name\":\"Portada\",\"item\":\"https:\/\/familiamartinezbujanda.com\/en\/inicio\/\"},{\"@type\":\"ListItem\",\"position\":2,\"name\":\"Tienda\",\"item\":\"https:\/\/familiamartinezbujanda.com\/en\/shop\/\"},{\"@type\":\"ListItem\",\"position\":3,\"name\":\"LOT *3 Magnum FA wines\"}]},{\"@type\":\"WebSite\",\"@id\":\"https:\/\/familiamartinezbujanda.com\/en\/#website\",\"url\":\"https:\/\/familiamartinezbujanda.com\/en\/\",\"name\":\"Familia Mart\u00ednez Bujanda\",\"description\":\"Cinco bodegas conforman Familia Mart\u00ednez-Bujanda: Finca Valpiedra (DOCa Rioja), Finca Antigua (DO La Mancha), Finca Montepedroso (DO Rueda), Vi\u00f1a Bujanda ...\",\"publisher\":{\"@id\":\"https:\/\/familiamartinezbujanda.com\/en\/#organization\"},\"potentialAction\":[{\"@type\":\"SearchAction\",\"target\":{\"@type\":\"EntryPoint\",\"urlTemplate\":\"https:\/\/familiamartinezbujanda.com\/en\/?s={search_term_string}\"},\"query-input\":{\"@type\":\"PropertyValueSpecification\",\"valueRequired\":true,\"valueName\":\"search_term_string\"}}],\"inLanguage\":\"en-US\"},{\"@type\":\"Organization\",\"@id\":\"https:\/\/familiamartinezbujanda.com\/en\/#organization\",\"name\":\"Familia Mart\u00ednez Bujanda\",\"url\":\"https:\/\/familiamartinezbujanda.com\/en\/\",\"logo\":{\"@type\":\"ImageObject\",\"inLanguage\":\"en-US\",\"@id\":\"https:\/\/familiamartinezbujanda.com\/en\/#\/schema\/logo\/image\/\",\"url\":\"https:\/\/www.familiamartinezbujanda.com\/wp-content\/uploads\/2022\/06\/favicon.jpg\",\"contentUrl\":\"https:\/\/www.familiamartinezbujanda.com\/wp-content\/uploads\/2022\/06\/favicon.jpg\",\"width\":512,\"height\":512,\"caption\":\"Familia Mart\u00ednez Bujanda\"},\"image\":{\"@id\":\"https:\/\/familiamartinezbujanda.com\/en\/#\/schema\/logo\/image\/\"}}]}<\/script>\n<!-- \/ Yoast SEO plugin. -->","yoast_head_json":{"title":"LOT *3 Magnum FA wines | Familia Mart\u00ednez Bujanda","robots":{"index":"index","follow":"follow","max-snippet":"max-snippet:-1","max-image-preview":"max-image-preview:large","max-video-preview":"max-video-preview:-1"},"canonical":"https:\/\/familiamartinezbujanda.com\/en\/shop\/wines\/packs\/lot-3-magnum-wines-fa\/","og_locale":"en_US","og_type":"article","og_title":"LOT *3 Magnum FA wines | Familia Mart\u00ednez Bujanda","og_description":"Are you thinking of giving wine as a gift? Give great wines for great moments. The crianza red wine and reserve wine produced at Finca Antigua in magnum format, with a coupage of our best red varieties: tempranillo, cabernet sauvignon, merlot, syrah. And our white wine Finca Antigua Tempranillo crianza. The terroirs of Familia Mart\u00ednez Bujanda in D.O. La Mancha presented in its maximum expression. The lot contains: 1 bottle Magnum (1,5 l.) Finca Antigua Crianza \u00danico 1 Magnum bottle (1,5 l.) Finca Antigua Reserva 1 bottle Magnum (1,5 l.) Finca Antigua Tempranillo crianza","og_url":"https:\/\/familiamartinezbujanda.com\/en\/shop\/wines\/packs\/lot-3-magnum-wines-fa\/","og_site_name":"Familia Mart\u00ednez Bujanda","article_modified_time":"2026-01-09T11:16:44+00:00","og_image":[{"width":376,"height":485,"url":"https:\/\/familiamartinezbujanda.com\/wp-content\/uploads\/2023\/03\/FA_estuche-lujo-3-magnum.png","type":"image\/png"}],"twitter_card":"summary_large_image","twitter_misc":{"Est. reading time":"1 minute"},"schema":{"@context":"https:\/\/schema.org","@graph":[{"@type":"WebPage","@id":"https:\/\/familiamartinezbujanda.com\/en\/shop\/wines\/packs\/lot-3-magnum-wines-fa\/","url":"https:\/\/familiamartinezbujanda.com\/en\/shop\/wines\/packs\/lot-3-magnum-wines-fa\/","name":"LOT *3 Magnum FA wines | Familia Mart\u00ednez Bujanda","isPartOf":{"@id":"https:\/\/familiamartinezbujanda.com\/en\/#website"},"primaryImageOfPage":{"@id":"https:\/\/familiamartinezbujanda.com\/en\/shop\/wines\/packs\/lot-3-magnum-wines-fa\/#primaryimage"},"image":{"@id":"https:\/\/familiamartinezbujanda.com\/en\/shop\/wines\/packs\/lot-3-magnum-wines-fa\/#primaryimage"},"thumbnailUrl":"https:\/\/familiamartinezbujanda.com\/wp-content\/uploads\/2023\/03\/FA_estuche-lujo-3-magnum.png","datePublished":"2022-11-24T08:07:24+00:00","dateModified":"2026-01-09T11:16:44+00:00","breadcrumb":{"@id":"https:\/\/familiamartinezbujanda.com\/en\/shop\/wines\/packs\/lot-3-magnum-wines-fa\/#breadcrumb"},"inLanguage":"en-US","potentialAction":[{"@type":"ReadAction","target":["https:\/\/familiamartinezbujanda.com\/en\/shop\/wines\/packs\/lot-3-magnum-wines-fa\/"]}]},{"@type":"ImageObject","inLanguage":"en-US","@id":"https:\/\/familiamartinezbujanda.com\/en\/shop\/wines\/packs\/lot-3-magnum-wines-fa\/#primaryimage","url":"https:\/\/familiamartinezbujanda.com\/wp-content\/uploads\/2023\/03\/FA_estuche-lujo-3-magnum.png","contentUrl":"https:\/\/familiamartinezbujanda.com\/wp-content\/uploads\/2023\/03\/FA_estuche-lujo-3-magnum.png","width":376,"height":485},{"@type":"BreadcrumbList","@id":"https:\/\/familiamartinezbujanda.com\/en\/shop\/wines\/packs\/lot-3-magnum-wines-fa\/#breadcrumb","itemListElement":[{"@type":"ListItem","position":1,"name":"Portada","item":"https:\/\/familiamartinezbujanda.com\/en\/inicio\/"},{"@type":"ListItem","position":2,"name":"Tienda","item":"https:\/\/familiamartinezbujanda.com\/en\/shop\/"},{"@type":"ListItem","position":3,"name":"LOT *3 Magnum FA wines"}]},{"@type":"WebSite","@id":"https:\/\/familiamartinezbujanda.com\/en\/#website","url":"https:\/\/familiamartinezbujanda.com\/en\/","name":"Familia Mart\u00ednez Bujanda","description":"Cinco bodegas conforman Familia Mart\u00ednez-Bujanda: Finca Valpiedra (DOCa Rioja), Finca Antigua (DO La Mancha), Finca Montepedroso (DO Rueda), Vi\u00f1a Bujanda ...","publisher":{"@id":"https:\/\/familiamartinezbujanda.com\/en\/#organization"},"potentialAction":[{"@type":"SearchAction","target":{"@type":"EntryPoint","urlTemplate":"https:\/\/familiamartinezbujanda.com\/en\/?s={search_term_string}"},"query-input":{"@type":"PropertyValueSpecification","valueRequired":true,"valueName":"search_term_string"}}],"inLanguage":"en-US"},{"@type":"Organization","@id":"https:\/\/familiamartinezbujanda.com\/en\/#organization","name":"Familia Mart\u00ednez Bujanda","url":"https:\/\/familiamartinezbujanda.com\/en\/","logo":{"@type":"ImageObject","inLanguage":"en-US","@id":"https:\/\/familiamartinezbujanda.com\/en\/#\/schema\/logo\/image\/","url":"https:\/\/www.familiamartinezbujanda.com\/wp-content\/uploads\/2022\/06\/favicon.jpg","contentUrl":"https:\/\/www.familiamartinezbujanda.com\/wp-content\/uploads\/2022\/06\/favicon.jpg","width":512,"height":512,"caption":"Familia Mart\u00ednez Bujanda"},"image":{"@id":"https:\/\/familiamartinezbujanda.com\/en\/#\/schema\/logo\/image\/"}}]}},"_links":{"self":[{"href":"https:\/\/familiamartinezbujanda.com\/en\/wp-json\/wp\/v2\/product\/69818","targetHints":{"allow":["GET"]}}],"collection":[{"href":"https:\/\/familiamartinezbujanda.com\/en\/wp-json\/wp\/v2\/product"}],"about":[{"href":"https:\/\/familiamartinezbujanda.com\/en\/wp-json\/wp\/v2\/types\/product"}],"replies":[{"embeddable":true,"href":"https:\/\/familiamartinezbujanda.com\/en\/wp-json\/wp\/v2\/comments?post=69818"}],"wp:featuredmedia":[{"embeddable":true,"href":"https:\/\/familiamartinezbujanda.com\/en\/wp-json\/wp\/v2\/media\/68689"}],"wp:attachment":[{"href":"https:\/\/familiamartinezbujanda.com\/en\/wp-json\/wp\/v2\/media?parent=69818"}],"wp:term":[{"taxonomy":"product_brand","embeddable":true,"href":"https:\/\/familiamartinezbujanda.com\/en\/wp-json\/wp\/v2\/product_brand?post=69818"},{"taxonomy":"product_cat","embeddable":true,"href":"https:\/\/familiamartinezbujanda.com\/en\/wp-json\/wp\/v2\/product_cat?post=69818"},{"taxonomy":"product_tag","embeddable":true,"href":"https:\/\/familiamartinezbujanda.com\/en\/wp-json\/wp\/v2\/product_tag?post=69818"}],"curies":[{"name":"wp","href":"https:\/\/api.w.org\/{rel}","templated":true}]}}