{"id":69821,"date":"2021-06-08T02:45:05","date_gmt":"2021-06-08T00:45:05","guid":{"rendered":"https:\/\/familiamartinezbujanda.madisonmk.agency\/tienda\/uncategorized\/lot-3-magnum-with-luxury-case"},"modified":"2026-01-09T12:15:34","modified_gmt":"2026-01-09T11:15:34","slug":"pack-3-magnum-with-luxury-case","status":"publish","type":"product","link":"https:\/\/familiamartinezbujanda.com\/en\/shop\/wines\/packs\/pack-3-magnum-with-luxury-case\/","title":{"rendered":"LOT *3 Magnum with Luxury Case"},"content":{"rendered":"<p>Are you thinking of giving wine as a gift? Give great wines for great moments.<\/p>\n<p>The lot consists of a magnum format bottle of each of the following wines:<\/p>\n<p><strong>Finca Antigua Crianza \u00danico (D.O. La Mancha)<\/strong>, a red Crianza wine with an intense ruby color, very aromatic, fresh and long, is a blend of the best red grapes: Tempranillo, Cabernet Sauvignon, Merlot and Syrah aged for 15 months in American and French oak barrels.<\/p>\n<p><strong>Finca Antigua Reserva (D.O. La Mancha)<\/strong> is a red wine with brightness, balance, power, elegance and complexity, made from Cabernet Sauvignon, Merlot and Syrah, carefully aged for 22 months in French oak barrels, which gives this reserve wine a special character. (90 points Pe\u00f1\u00edn Guide)<\/p>\n<p><strong>Finca Montepedroso Verdejo on lees (D.O. Rueda)<\/strong> is a clean and aromatic white wine from Rueda. Velvety, a great example of fruity wines made from the Verdejo grape, with a long and elegant flavor. A modern classic in Rueda wine and the best choice for a white wine gift.<\/p>\n","protected":false},"excerpt":{"rendered":"<p>Are you thinking of giving wine as a gift? Give great wines for great moments.<\/p>\n<p>The crianza red wine and reserve wine produced at Finca Antigua in magnum format, with a coupage of our best red varieties: tempranillo, cabernet sauvignon, merlot, syrah. And our white wine Finca Antigua Montepedroso Verdejo on lees.<\/p>\n<p>The terroirs of Familia Mart\u00ednez Bujanda in D.O. La Mancha and D.O. Rueda presented in their maximum expression.<\/p>\n<p>The lot contains:<\/p>\n<p>1 bottle Magnum (1,5 l.) Finca Antigua Crianza \u00danico<\/p>\n<p>1 Magnum bottle (1,5 l.) Finca Antigua Reserva<\/p>\n<p>1 bottle Magnum (1.5 l.) Finca Montepedroso<\/p>\n","protected":false},"featured_media":68335,"comment_status":"open","ping_status":"closed","template":"","meta":{"iawp_total_views":4},"product_brand":[],"product_cat":[1562,1565,2070,2209],"product_tag":[],"class_list":{"0":"post-69821","1":"product","2":"type-product","3":"status-publish","4":"has-post-thumbnail","6":"product_cat-antigua-packs","7":"product_cat-montepedroso-packs","8":"product_cat-packs","9":"product_cat-special-presentations","11":"entry","12":"has-media","14":"first","15":"instock","16":"taxable","17":"shipping-taxable","18":"purchasable","19":"product-type-simple","20":"col","21":"span_1_of_3","22":"owp-content-center","23":"owp-thumbs-layout-horizontal","24":"owp-btn-normal","25":"owp-tabs-layout-horizontal","26":"has-no-thumbnails"},"yoast_head":"<!-- This site is optimized with the Yoast SEO plugin v27.0 - https:\/\/yoast.com\/product\/yoast-seo-wordpress\/ -->\n<title>LOT *3 Magnum with Luxury Case | Familia Mart\u00ednez Bujanda<\/title>\n<meta name=\"robots\" content=\"index, follow, max-snippet:-1, max-image-preview:large, max-video-preview:-1\" \/>\n<link rel=\"canonical\" href=\"https:\/\/familiamartinezbujanda.com\/en\/shop\/wines\/packs\/pack-3-magnum-with-luxury-case\/\" \/>\n<meta property=\"og:locale\" content=\"en_US\" \/>\n<meta property=\"og:type\" content=\"article\" \/>\n<meta property=\"og:title\" content=\"LOT *3 Magnum with Luxury Case | Familia Mart\u00ednez Bujanda\" \/>\n<meta property=\"og:description\" content=\"Are you thinking of giving wine as a gift? Give great wines for great moments. The crianza red wine and reserve wine produced at Finca Antigua in magnum format, with a coupage of our best red varieties: tempranillo, cabernet sauvignon, merlot, syrah. And our white wine Finca Antigua Montepedroso Verdejo on lees. The terroirs of Familia Mart\u00ednez Bujanda in D.O. La Mancha and D.O. Rueda presented in their maximum expression. The lot contains: 1 bottle Magnum (1,5 l.) Finca Antigua Crianza \u00danico 1 Magnum bottle (1,5 l.) Finca Antigua Reserva 1 bottle Magnum (1.5 l.) Finca Montepedroso\" \/>\n<meta property=\"og:url\" content=\"https:\/\/familiamartinezbujanda.com\/en\/shop\/wines\/packs\/pack-3-magnum-with-luxury-case\/\" \/>\n<meta property=\"og:site_name\" content=\"Familia Mart\u00ednez Bujanda\" \/>\n<meta property=\"article:modified_time\" content=\"2026-01-09T11:15:34+00:00\" \/>\n<meta property=\"og:image\" content=\"https:\/\/familiamartinezbujanda.com\/wp-content\/uploads\/2022\/05\/Lote-3-Magnum-con-Estuche-de-Lujo.jpg\" \/>\n\t<meta property=\"og:image:width\" content=\"600\" \/>\n\t<meta property=\"og:image:height\" content=\"600\" \/>\n\t<meta property=\"og:image:type\" content=\"image\/jpeg\" \/>\n<meta name=\"twitter:card\" content=\"summary_large_image\" \/>\n<meta name=\"twitter:label1\" content=\"Est. reading time\" \/>\n\t<meta name=\"twitter:data1\" content=\"1 minute\" \/>\n<script type=\"application\/ld+json\" class=\"yoast-schema-graph\">{\"@context\":\"https:\/\/schema.org\",\"@graph\":[{\"@type\":\"WebPage\",\"@id\":\"https:\/\/familiamartinezbujanda.com\/en\/shop\/wines\/packs\/pack-3-magnum-with-luxury-case\/\",\"url\":\"https:\/\/familiamartinezbujanda.com\/en\/shop\/wines\/packs\/pack-3-magnum-with-luxury-case\/\",\"name\":\"LOT *3 Magnum with Luxury Case | Familia Mart\u00ednez Bujanda\",\"isPartOf\":{\"@id\":\"https:\/\/familiamartinezbujanda.com\/en\/#website\"},\"primaryImageOfPage\":{\"@id\":\"https:\/\/familiamartinezbujanda.com\/en\/shop\/wines\/packs\/pack-3-magnum-with-luxury-case\/#primaryimage\"},\"image\":{\"@id\":\"https:\/\/familiamartinezbujanda.com\/en\/shop\/wines\/packs\/pack-3-magnum-with-luxury-case\/#primaryimage\"},\"thumbnailUrl\":\"https:\/\/familiamartinezbujanda.com\/wp-content\/uploads\/2022\/05\/Lote-3-Magnum-con-Estuche-de-Lujo.jpg\",\"datePublished\":\"2021-06-08T00:45:05+00:00\",\"dateModified\":\"2026-01-09T11:15:34+00:00\",\"breadcrumb\":{\"@id\":\"https:\/\/familiamartinezbujanda.com\/en\/shop\/wines\/packs\/pack-3-magnum-with-luxury-case\/#breadcrumb\"},\"inLanguage\":\"en-US\",\"potentialAction\":[{\"@type\":\"ReadAction\",\"target\":[\"https:\/\/familiamartinezbujanda.com\/en\/shop\/wines\/packs\/pack-3-magnum-with-luxury-case\/\"]}]},{\"@type\":\"ImageObject\",\"inLanguage\":\"en-US\",\"@id\":\"https:\/\/familiamartinezbujanda.com\/en\/shop\/wines\/packs\/pack-3-magnum-with-luxury-case\/#primaryimage\",\"url\":\"https:\/\/familiamartinezbujanda.com\/wp-content\/uploads\/2022\/05\/Lote-3-Magnum-con-Estuche-de-Lujo.jpg\",\"contentUrl\":\"https:\/\/familiamartinezbujanda.com\/wp-content\/uploads\/2022\/05\/Lote-3-Magnum-con-Estuche-de-Lujo.jpg\",\"width\":600,\"height\":600},{\"@type\":\"BreadcrumbList\",\"@id\":\"https:\/\/familiamartinezbujanda.com\/en\/shop\/wines\/packs\/pack-3-magnum-with-luxury-case\/#breadcrumb\",\"itemListElement\":[{\"@type\":\"ListItem\",\"position\":1,\"name\":\"Portada\",\"item\":\"https:\/\/familiamartinezbujanda.com\/en\/inicio\/\"},{\"@type\":\"ListItem\",\"position\":2,\"name\":\"Tienda\",\"item\":\"https:\/\/familiamartinezbujanda.com\/en\/shop\/\"},{\"@type\":\"ListItem\",\"position\":3,\"name\":\"LOT *3 Magnum with Luxury Case\"}]},{\"@type\":\"WebSite\",\"@id\":\"https:\/\/familiamartinezbujanda.com\/en\/#website\",\"url\":\"https:\/\/familiamartinezbujanda.com\/en\/\",\"name\":\"Familia Mart\u00ednez Bujanda\",\"description\":\"Cinco bodegas conforman Familia Mart\u00ednez-Bujanda: Finca Valpiedra (DOCa Rioja), Finca Antigua (DO La Mancha), Finca Montepedroso (DO Rueda), Vi\u00f1a Bujanda ...\",\"publisher\":{\"@id\":\"https:\/\/familiamartinezbujanda.com\/en\/#organization\"},\"potentialAction\":[{\"@type\":\"SearchAction\",\"target\":{\"@type\":\"EntryPoint\",\"urlTemplate\":\"https:\/\/familiamartinezbujanda.com\/en\/?s={search_term_string}\"},\"query-input\":{\"@type\":\"PropertyValueSpecification\",\"valueRequired\":true,\"valueName\":\"search_term_string\"}}],\"inLanguage\":\"en-US\"},{\"@type\":\"Organization\",\"@id\":\"https:\/\/familiamartinezbujanda.com\/en\/#organization\",\"name\":\"Familia Mart\u00ednez Bujanda\",\"url\":\"https:\/\/familiamartinezbujanda.com\/en\/\",\"logo\":{\"@type\":\"ImageObject\",\"inLanguage\":\"en-US\",\"@id\":\"https:\/\/familiamartinezbujanda.com\/en\/#\/schema\/logo\/image\/\",\"url\":\"https:\/\/www.familiamartinezbujanda.com\/wp-content\/uploads\/2022\/06\/favicon.jpg\",\"contentUrl\":\"https:\/\/www.familiamartinezbujanda.com\/wp-content\/uploads\/2022\/06\/favicon.jpg\",\"width\":512,\"height\":512,\"caption\":\"Familia Mart\u00ednez Bujanda\"},\"image\":{\"@id\":\"https:\/\/familiamartinezbujanda.com\/en\/#\/schema\/logo\/image\/\"}}]}<\/script>\n<!-- \/ Yoast SEO plugin. -->","yoast_head_json":{"title":"LOT *3 Magnum with Luxury Case | Familia Mart\u00ednez Bujanda","robots":{"index":"index","follow":"follow","max-snippet":"max-snippet:-1","max-image-preview":"max-image-preview:large","max-video-preview":"max-video-preview:-1"},"canonical":"https:\/\/familiamartinezbujanda.com\/en\/shop\/wines\/packs\/pack-3-magnum-with-luxury-case\/","og_locale":"en_US","og_type":"article","og_title":"LOT *3 Magnum with Luxury Case | Familia Mart\u00ednez Bujanda","og_description":"Are you thinking of giving wine as a gift? Give great wines for great moments. The crianza red wine and reserve wine produced at Finca Antigua in magnum format, with a coupage of our best red varieties: tempranillo, cabernet sauvignon, merlot, syrah. And our white wine Finca Antigua Montepedroso Verdejo on lees. The terroirs of Familia Mart\u00ednez Bujanda in D.O. La Mancha and D.O. Rueda presented in their maximum expression. The lot contains: 1 bottle Magnum (1,5 l.) Finca Antigua Crianza \u00danico 1 Magnum bottle (1,5 l.) Finca Antigua Reserva 1 bottle Magnum (1.5 l.) Finca Montepedroso","og_url":"https:\/\/familiamartinezbujanda.com\/en\/shop\/wines\/packs\/pack-3-magnum-with-luxury-case\/","og_site_name":"Familia Mart\u00ednez Bujanda","article_modified_time":"2026-01-09T11:15:34+00:00","og_image":[{"width":600,"height":600,"url":"https:\/\/familiamartinezbujanda.com\/wp-content\/uploads\/2022\/05\/Lote-3-Magnum-con-Estuche-de-Lujo.jpg","type":"image\/jpeg"}],"twitter_card":"summary_large_image","twitter_misc":{"Est. reading time":"1 minute"},"schema":{"@context":"https:\/\/schema.org","@graph":[{"@type":"WebPage","@id":"https:\/\/familiamartinezbujanda.com\/en\/shop\/wines\/packs\/pack-3-magnum-with-luxury-case\/","url":"https:\/\/familiamartinezbujanda.com\/en\/shop\/wines\/packs\/pack-3-magnum-with-luxury-case\/","name":"LOT *3 Magnum with Luxury Case | Familia Mart\u00ednez Bujanda","isPartOf":{"@id":"https:\/\/familiamartinezbujanda.com\/en\/#website"},"primaryImageOfPage":{"@id":"https:\/\/familiamartinezbujanda.com\/en\/shop\/wines\/packs\/pack-3-magnum-with-luxury-case\/#primaryimage"},"image":{"@id":"https:\/\/familiamartinezbujanda.com\/en\/shop\/wines\/packs\/pack-3-magnum-with-luxury-case\/#primaryimage"},"thumbnailUrl":"https:\/\/familiamartinezbujanda.com\/wp-content\/uploads\/2022\/05\/Lote-3-Magnum-con-Estuche-de-Lujo.jpg","datePublished":"2021-06-08T00:45:05+00:00","dateModified":"2026-01-09T11:15:34+00:00","breadcrumb":{"@id":"https:\/\/familiamartinezbujanda.com\/en\/shop\/wines\/packs\/pack-3-magnum-with-luxury-case\/#breadcrumb"},"inLanguage":"en-US","potentialAction":[{"@type":"ReadAction","target":["https:\/\/familiamartinezbujanda.com\/en\/shop\/wines\/packs\/pack-3-magnum-with-luxury-case\/"]}]},{"@type":"ImageObject","inLanguage":"en-US","@id":"https:\/\/familiamartinezbujanda.com\/en\/shop\/wines\/packs\/pack-3-magnum-with-luxury-case\/#primaryimage","url":"https:\/\/familiamartinezbujanda.com\/wp-content\/uploads\/2022\/05\/Lote-3-Magnum-con-Estuche-de-Lujo.jpg","contentUrl":"https:\/\/familiamartinezbujanda.com\/wp-content\/uploads\/2022\/05\/Lote-3-Magnum-con-Estuche-de-Lujo.jpg","width":600,"height":600},{"@type":"BreadcrumbList","@id":"https:\/\/familiamartinezbujanda.com\/en\/shop\/wines\/packs\/pack-3-magnum-with-luxury-case\/#breadcrumb","itemListElement":[{"@type":"ListItem","position":1,"name":"Portada","item":"https:\/\/familiamartinezbujanda.com\/en\/inicio\/"},{"@type":"ListItem","position":2,"name":"Tienda","item":"https:\/\/familiamartinezbujanda.com\/en\/shop\/"},{"@type":"ListItem","position":3,"name":"LOT *3 Magnum with Luxury Case"}]},{"@type":"WebSite","@id":"https:\/\/familiamartinezbujanda.com\/en\/#website","url":"https:\/\/familiamartinezbujanda.com\/en\/","name":"Familia Mart\u00ednez Bujanda","description":"Cinco bodegas conforman Familia Mart\u00ednez-Bujanda: Finca Valpiedra (DOCa Rioja), Finca Antigua (DO La Mancha), Finca Montepedroso (DO Rueda), Vi\u00f1a Bujanda ...","publisher":{"@id":"https:\/\/familiamartinezbujanda.com\/en\/#organization"},"potentialAction":[{"@type":"SearchAction","target":{"@type":"EntryPoint","urlTemplate":"https:\/\/familiamartinezbujanda.com\/en\/?s={search_term_string}"},"query-input":{"@type":"PropertyValueSpecification","valueRequired":true,"valueName":"search_term_string"}}],"inLanguage":"en-US"},{"@type":"Organization","@id":"https:\/\/familiamartinezbujanda.com\/en\/#organization","name":"Familia Mart\u00ednez Bujanda","url":"https:\/\/familiamartinezbujanda.com\/en\/","logo":{"@type":"ImageObject","inLanguage":"en-US","@id":"https:\/\/familiamartinezbujanda.com\/en\/#\/schema\/logo\/image\/","url":"https:\/\/www.familiamartinezbujanda.com\/wp-content\/uploads\/2022\/06\/favicon.jpg","contentUrl":"https:\/\/www.familiamartinezbujanda.com\/wp-content\/uploads\/2022\/06\/favicon.jpg","width":512,"height":512,"caption":"Familia Mart\u00ednez Bujanda"},"image":{"@id":"https:\/\/familiamartinezbujanda.com\/en\/#\/schema\/logo\/image\/"}}]}},"_links":{"self":[{"href":"https:\/\/familiamartinezbujanda.com\/en\/wp-json\/wp\/v2\/product\/69821","targetHints":{"allow":["GET"]}}],"collection":[{"href":"https:\/\/familiamartinezbujanda.com\/en\/wp-json\/wp\/v2\/product"}],"about":[{"href":"https:\/\/familiamartinezbujanda.com\/en\/wp-json\/wp\/v2\/types\/product"}],"replies":[{"embeddable":true,"href":"https:\/\/familiamartinezbujanda.com\/en\/wp-json\/wp\/v2\/comments?post=69821"}],"wp:featuredmedia":[{"embeddable":true,"href":"https:\/\/familiamartinezbujanda.com\/en\/wp-json\/wp\/v2\/media\/68335"}],"wp:attachment":[{"href":"https:\/\/familiamartinezbujanda.com\/en\/wp-json\/wp\/v2\/media?parent=69821"}],"wp:term":[{"taxonomy":"product_brand","embeddable":true,"href":"https:\/\/familiamartinezbujanda.com\/en\/wp-json\/wp\/v2\/product_brand?post=69821"},{"taxonomy":"product_cat","embeddable":true,"href":"https:\/\/familiamartinezbujanda.com\/en\/wp-json\/wp\/v2\/product_cat?post=69821"},{"taxonomy":"product_tag","embeddable":true,"href":"https:\/\/familiamartinezbujanda.com\/en\/wp-json\/wp\/v2\/product_tag?post=69821"}],"curies":[{"name":"wp","href":"https:\/\/api.w.org\/{rel}","templated":true}]}}