{"id":69823,"date":"2021-12-15T14:03:11","date_gmt":"2021-12-15T13:03:11","guid":{"rendered":"https:\/\/familiamartinezbujanda.madisonmk.agency\/tienda\/uncategorized\/white-batch-on-lees"},"modified":"2026-01-09T12:19:32","modified_gmt":"2026-01-09T11:19:32","slug":"whites-over-lias","status":"publish","type":"product","link":"https:\/\/familiamartinezbujanda.com\/en\/shop\/wines\/whites-and-sweets\/whites-over-lias\/","title":{"rendered":"WHITE BATCH ON LEES"},"content":{"rendered":"<p><strong>Finca Antigua<\/strong> in Los Hinojosos in Cuenca and <strong>Finca Montepedroso<\/strong> in Rueda are estates located in the best enclaves of each appellation. With ideal conditions for <strong>growing Viura and Verdejo grapes<\/strong> respectively, they give our white wines on lees a fruity, fresh character, with a very balanced acidity and good volume.<\/p>\n<p>Quality <strong>white wines<\/strong> whose nuances and aromas linger on the palate and envelop you. In addition, they are good wines to enjoy in the following years with all their splendor. If you are a white wine lover, you can&#8217;t miss them.<\/p>\n<p><strong>Finca Montepedroso Verdejo on lees<\/strong> is a clean and aromatic white wine from Rueda. Aterciopelado, a great example of fruity wines made from the Verdejo grape.<\/p>\n<p>Good wine with a long and elegant taste. A modern classic Rueda wine that pairs perfectly with white meats, fish, seafood and sushi. <\/p>\n<p><strong>Finca Antigua Viura on lees<\/strong> is a fruity white wine aged on lees and made with the Viura grape variety, which gives it a delicate aroma of stone fruits and flowers and a correct acidity.<\/p>\n<p>A good white wine with great brightness, volume and body, of a wonderful pale yellow color with hints of green. It is a fresh wine ideal for pairing with fish, seafood, rice dishes and salads.<\/p>\n<p>&nbsp;<\/p>\n<p>&nbsp;<\/p>\n","protected":false},"excerpt":{"rendered":"<p>This lot contains a selection of our whites on lees:<\/p>\n<p>3 bot. <strong>Finca Montepedroso<\/strong> verdejo on lees,<strong> DO Rueda<\/strong>.<\/p>\n<p>3 bot. <strong>Finca Antigua<\/strong> viura on lees, <strong>DO La Mancha<\/strong>.<\/p>\n<p>If you are a white wine lover, this is your lot!<\/p>\n","protected":false},"featured_media":68343,"comment_status":"open","ping_status":"closed","template":"","meta":{"iawp_total_views":10},"product_brand":[],"product_cat":[1562,1565,2070,2036],"product_tag":[2119,2102,2123,2128,2111,2106,2126,2112,2108,2127,2129],"class_list":{"0":"post-69823","1":"product","2":"type-product","3":"status-publish","4":"has-post-thumbnail","6":"product_cat-antigua-packs","7":"product_cat-montepedroso-packs","8":"product_cat-packs","9":"product_cat-whites-and-sweets","10":"product_tag-do-la-mancha-en","11":"product_tag-do-wheel","12":"product_tag-fruity-wines","13":"product_tag-gifts","14":"product_tag-martinez-bujanda-family","15":"product_tag-verdejo-en","16":"product_tag-viura-en","17":"product_tag-wheel","18":"product_tag-white-wine","19":"product_tag-whites","20":"product_tag-wine-on-lees","22":"entry","23":"has-media","25":"first","26":"instock","27":"taxable","28":"shipping-taxable","29":"purchasable","30":"product-type-simple","31":"col","32":"span_1_of_3","33":"owp-content-center","34":"owp-thumbs-layout-horizontal","35":"owp-btn-normal","36":"owp-tabs-layout-horizontal","37":"has-no-thumbnails"},"yoast_head":"<!-- This site is optimized with the Yoast SEO plugin v27.0 - https:\/\/yoast.com\/product\/yoast-seo-wordpress\/ -->\n<title>WHITE BATCH ON LEES | Familia Mart\u00ednez Bujanda<\/title>\n<meta name=\"description\" content=\"Discover our special white wines: Finca Antigua Viura on lees and Finca Montepedroso Verdejo on lees. Enjoy its freshness.\" \/>\n<meta name=\"robots\" content=\"index, follow, max-snippet:-1, max-image-preview:large, max-video-preview:-1\" \/>\n<link rel=\"canonical\" href=\"https:\/\/familiamartinezbujanda.com\/en\/shop\/wines\/whites-and-sweets\/whites-over-lias\/\" \/>\n<meta property=\"og:locale\" content=\"en_US\" \/>\n<meta property=\"og:type\" content=\"article\" \/>\n<meta property=\"og:title\" content=\"WHITE BATCH ON LEES | Familia Mart\u00ednez Bujanda\" \/>\n<meta property=\"og:description\" content=\"Discover our special white wines: Finca Antigua Viura on lees and Finca Montepedroso Verdejo on lees. Enjoy its freshness.\" \/>\n<meta property=\"og:url\" content=\"https:\/\/familiamartinezbujanda.com\/en\/shop\/wines\/whites-and-sweets\/whites-over-lias\/\" \/>\n<meta property=\"og:site_name\" content=\"Familia Mart\u00ednez Bujanda\" \/>\n<meta property=\"article:modified_time\" content=\"2026-01-09T11:19:32+00:00\" \/>\n<meta property=\"og:image\" content=\"https:\/\/familiamartinezbujanda.com\/wp-content\/uploads\/2022\/05\/lote-blancos-sobre-lias.jpg\" \/>\n\t<meta property=\"og:image:width\" content=\"600\" \/>\n\t<meta property=\"og:image:height\" content=\"600\" \/>\n\t<meta property=\"og:image:type\" content=\"image\/jpeg\" \/>\n<meta name=\"twitter:card\" content=\"summary_large_image\" \/>\n<meta name=\"twitter:label1\" content=\"Est. reading time\" \/>\n\t<meta name=\"twitter:data1\" content=\"1 minute\" \/>\n<script type=\"application\/ld+json\" class=\"yoast-schema-graph\">{\"@context\":\"https:\/\/schema.org\",\"@graph\":[{\"@type\":\"WebPage\",\"@id\":\"https:\/\/familiamartinezbujanda.com\/en\/shop\/wines\/whites-and-sweets\/whites-over-lias\/\",\"url\":\"https:\/\/familiamartinezbujanda.com\/en\/shop\/wines\/whites-and-sweets\/whites-over-lias\/\",\"name\":\"WHITE BATCH ON LEES | Familia Mart\u00ednez Bujanda\",\"isPartOf\":{\"@id\":\"https:\/\/familiamartinezbujanda.com\/en\/#website\"},\"primaryImageOfPage\":{\"@id\":\"https:\/\/familiamartinezbujanda.com\/en\/shop\/wines\/whites-and-sweets\/whites-over-lias\/#primaryimage\"},\"image\":{\"@id\":\"https:\/\/familiamartinezbujanda.com\/en\/shop\/wines\/whites-and-sweets\/whites-over-lias\/#primaryimage\"},\"thumbnailUrl\":\"https:\/\/familiamartinezbujanda.com\/wp-content\/uploads\/2022\/05\/lote-blancos-sobre-lias.jpg\",\"datePublished\":\"2021-12-15T13:03:11+00:00\",\"dateModified\":\"2026-01-09T11:19:32+00:00\",\"description\":\"Discover our special white wines: Finca Antigua Viura on lees and Finca Montepedroso Verdejo on lees. Enjoy its freshness.\",\"breadcrumb\":{\"@id\":\"https:\/\/familiamartinezbujanda.com\/en\/shop\/wines\/whites-and-sweets\/whites-over-lias\/#breadcrumb\"},\"inLanguage\":\"en-US\",\"potentialAction\":[{\"@type\":\"ReadAction\",\"target\":[\"https:\/\/familiamartinezbujanda.com\/en\/shop\/wines\/whites-and-sweets\/whites-over-lias\/\"]}]},{\"@type\":\"ImageObject\",\"inLanguage\":\"en-US\",\"@id\":\"https:\/\/familiamartinezbujanda.com\/en\/shop\/wines\/whites-and-sweets\/whites-over-lias\/#primaryimage\",\"url\":\"https:\/\/familiamartinezbujanda.com\/wp-content\/uploads\/2022\/05\/lote-blancos-sobre-lias.jpg\",\"contentUrl\":\"https:\/\/familiamartinezbujanda.com\/wp-content\/uploads\/2022\/05\/lote-blancos-sobre-lias.jpg\",\"width\":600,\"height\":600},{\"@type\":\"BreadcrumbList\",\"@id\":\"https:\/\/familiamartinezbujanda.com\/en\/shop\/wines\/whites-and-sweets\/whites-over-lias\/#breadcrumb\",\"itemListElement\":[{\"@type\":\"ListItem\",\"position\":1,\"name\":\"Portada\",\"item\":\"https:\/\/familiamartinezbujanda.com\/en\/inicio\/\"},{\"@type\":\"ListItem\",\"position\":2,\"name\":\"Tienda\",\"item\":\"https:\/\/familiamartinezbujanda.com\/en\/shop\/\"},{\"@type\":\"ListItem\",\"position\":3,\"name\":\"WHITE BATCH ON LEES\"}]},{\"@type\":\"WebSite\",\"@id\":\"https:\/\/familiamartinezbujanda.com\/en\/#website\",\"url\":\"https:\/\/familiamartinezbujanda.com\/en\/\",\"name\":\"Familia Mart\u00ednez Bujanda\",\"description\":\"Cinco bodegas conforman Familia Mart\u00ednez-Bujanda: Finca Valpiedra (DOCa Rioja), Finca Antigua (DO La Mancha), Finca Montepedroso (DO Rueda), Vi\u00f1a Bujanda ...\",\"publisher\":{\"@id\":\"https:\/\/familiamartinezbujanda.com\/en\/#organization\"},\"potentialAction\":[{\"@type\":\"SearchAction\",\"target\":{\"@type\":\"EntryPoint\",\"urlTemplate\":\"https:\/\/familiamartinezbujanda.com\/en\/?s={search_term_string}\"},\"query-input\":{\"@type\":\"PropertyValueSpecification\",\"valueRequired\":true,\"valueName\":\"search_term_string\"}}],\"inLanguage\":\"en-US\"},{\"@type\":\"Organization\",\"@id\":\"https:\/\/familiamartinezbujanda.com\/en\/#organization\",\"name\":\"Familia Mart\u00ednez Bujanda\",\"url\":\"https:\/\/familiamartinezbujanda.com\/en\/\",\"logo\":{\"@type\":\"ImageObject\",\"inLanguage\":\"en-US\",\"@id\":\"https:\/\/familiamartinezbujanda.com\/en\/#\/schema\/logo\/image\/\",\"url\":\"https:\/\/www.familiamartinezbujanda.com\/wp-content\/uploads\/2022\/06\/favicon.jpg\",\"contentUrl\":\"https:\/\/www.familiamartinezbujanda.com\/wp-content\/uploads\/2022\/06\/favicon.jpg\",\"width\":512,\"height\":512,\"caption\":\"Familia Mart\u00ednez Bujanda\"},\"image\":{\"@id\":\"https:\/\/familiamartinezbujanda.com\/en\/#\/schema\/logo\/image\/\"}}]}<\/script>\n<!-- \/ Yoast SEO plugin. -->","yoast_head_json":{"title":"WHITE BATCH ON LEES | Familia Mart\u00ednez Bujanda","description":"Discover our special white wines: Finca Antigua Viura on lees and Finca Montepedroso Verdejo on lees. Enjoy its freshness.","robots":{"index":"index","follow":"follow","max-snippet":"max-snippet:-1","max-image-preview":"max-image-preview:large","max-video-preview":"max-video-preview:-1"},"canonical":"https:\/\/familiamartinezbujanda.com\/en\/shop\/wines\/whites-and-sweets\/whites-over-lias\/","og_locale":"en_US","og_type":"article","og_title":"WHITE BATCH ON LEES | Familia Mart\u00ednez Bujanda","og_description":"Discover our special white wines: Finca Antigua Viura on lees and Finca Montepedroso Verdejo on lees. Enjoy its freshness.","og_url":"https:\/\/familiamartinezbujanda.com\/en\/shop\/wines\/whites-and-sweets\/whites-over-lias\/","og_site_name":"Familia Mart\u00ednez Bujanda","article_modified_time":"2026-01-09T11:19:32+00:00","og_image":[{"width":600,"height":600,"url":"https:\/\/familiamartinezbujanda.com\/wp-content\/uploads\/2022\/05\/lote-blancos-sobre-lias.jpg","type":"image\/jpeg"}],"twitter_card":"summary_large_image","twitter_misc":{"Est. reading time":"1 minute"},"schema":{"@context":"https:\/\/schema.org","@graph":[{"@type":"WebPage","@id":"https:\/\/familiamartinezbujanda.com\/en\/shop\/wines\/whites-and-sweets\/whites-over-lias\/","url":"https:\/\/familiamartinezbujanda.com\/en\/shop\/wines\/whites-and-sweets\/whites-over-lias\/","name":"WHITE BATCH ON LEES | Familia Mart\u00ednez Bujanda","isPartOf":{"@id":"https:\/\/familiamartinezbujanda.com\/en\/#website"},"primaryImageOfPage":{"@id":"https:\/\/familiamartinezbujanda.com\/en\/shop\/wines\/whites-and-sweets\/whites-over-lias\/#primaryimage"},"image":{"@id":"https:\/\/familiamartinezbujanda.com\/en\/shop\/wines\/whites-and-sweets\/whites-over-lias\/#primaryimage"},"thumbnailUrl":"https:\/\/familiamartinezbujanda.com\/wp-content\/uploads\/2022\/05\/lote-blancos-sobre-lias.jpg","datePublished":"2021-12-15T13:03:11+00:00","dateModified":"2026-01-09T11:19:32+00:00","description":"Discover our special white wines: Finca Antigua Viura on lees and Finca Montepedroso Verdejo on lees. Enjoy its freshness.","breadcrumb":{"@id":"https:\/\/familiamartinezbujanda.com\/en\/shop\/wines\/whites-and-sweets\/whites-over-lias\/#breadcrumb"},"inLanguage":"en-US","potentialAction":[{"@type":"ReadAction","target":["https:\/\/familiamartinezbujanda.com\/en\/shop\/wines\/whites-and-sweets\/whites-over-lias\/"]}]},{"@type":"ImageObject","inLanguage":"en-US","@id":"https:\/\/familiamartinezbujanda.com\/en\/shop\/wines\/whites-and-sweets\/whites-over-lias\/#primaryimage","url":"https:\/\/familiamartinezbujanda.com\/wp-content\/uploads\/2022\/05\/lote-blancos-sobre-lias.jpg","contentUrl":"https:\/\/familiamartinezbujanda.com\/wp-content\/uploads\/2022\/05\/lote-blancos-sobre-lias.jpg","width":600,"height":600},{"@type":"BreadcrumbList","@id":"https:\/\/familiamartinezbujanda.com\/en\/shop\/wines\/whites-and-sweets\/whites-over-lias\/#breadcrumb","itemListElement":[{"@type":"ListItem","position":1,"name":"Portada","item":"https:\/\/familiamartinezbujanda.com\/en\/inicio\/"},{"@type":"ListItem","position":2,"name":"Tienda","item":"https:\/\/familiamartinezbujanda.com\/en\/shop\/"},{"@type":"ListItem","position":3,"name":"WHITE BATCH ON LEES"}]},{"@type":"WebSite","@id":"https:\/\/familiamartinezbujanda.com\/en\/#website","url":"https:\/\/familiamartinezbujanda.com\/en\/","name":"Familia Mart\u00ednez Bujanda","description":"Cinco bodegas conforman Familia Mart\u00ednez-Bujanda: Finca Valpiedra (DOCa Rioja), Finca Antigua (DO La Mancha), Finca Montepedroso (DO Rueda), Vi\u00f1a Bujanda ...","publisher":{"@id":"https:\/\/familiamartinezbujanda.com\/en\/#organization"},"potentialAction":[{"@type":"SearchAction","target":{"@type":"EntryPoint","urlTemplate":"https:\/\/familiamartinezbujanda.com\/en\/?s={search_term_string}"},"query-input":{"@type":"PropertyValueSpecification","valueRequired":true,"valueName":"search_term_string"}}],"inLanguage":"en-US"},{"@type":"Organization","@id":"https:\/\/familiamartinezbujanda.com\/en\/#organization","name":"Familia Mart\u00ednez Bujanda","url":"https:\/\/familiamartinezbujanda.com\/en\/","logo":{"@type":"ImageObject","inLanguage":"en-US","@id":"https:\/\/familiamartinezbujanda.com\/en\/#\/schema\/logo\/image\/","url":"https:\/\/www.familiamartinezbujanda.com\/wp-content\/uploads\/2022\/06\/favicon.jpg","contentUrl":"https:\/\/www.familiamartinezbujanda.com\/wp-content\/uploads\/2022\/06\/favicon.jpg","width":512,"height":512,"caption":"Familia Mart\u00ednez Bujanda"},"image":{"@id":"https:\/\/familiamartinezbujanda.com\/en\/#\/schema\/logo\/image\/"}}]}},"_links":{"self":[{"href":"https:\/\/familiamartinezbujanda.com\/en\/wp-json\/wp\/v2\/product\/69823","targetHints":{"allow":["GET"]}}],"collection":[{"href":"https:\/\/familiamartinezbujanda.com\/en\/wp-json\/wp\/v2\/product"}],"about":[{"href":"https:\/\/familiamartinezbujanda.com\/en\/wp-json\/wp\/v2\/types\/product"}],"replies":[{"embeddable":true,"href":"https:\/\/familiamartinezbujanda.com\/en\/wp-json\/wp\/v2\/comments?post=69823"}],"wp:featuredmedia":[{"embeddable":true,"href":"https:\/\/familiamartinezbujanda.com\/en\/wp-json\/wp\/v2\/media\/68343"}],"wp:attachment":[{"href":"https:\/\/familiamartinezbujanda.com\/en\/wp-json\/wp\/v2\/media?parent=69823"}],"wp:term":[{"taxonomy":"product_brand","embeddable":true,"href":"https:\/\/familiamartinezbujanda.com\/en\/wp-json\/wp\/v2\/product_brand?post=69823"},{"taxonomy":"product_cat","embeddable":true,"href":"https:\/\/familiamartinezbujanda.com\/en\/wp-json\/wp\/v2\/product_cat?post=69823"},{"taxonomy":"product_tag","embeddable":true,"href":"https:\/\/familiamartinezbujanda.com\/en\/wp-json\/wp\/v2\/product_tag?post=69823"}],"curies":[{"name":"wp","href":"https:\/\/api.w.org\/{rel}","templated":true}]}}