{"id":69824,"date":"2021-05-14T08:24:57","date_gmt":"2021-05-14T06:24:57","guid":{"rendered":"https:\/\/familiamartinezbujanda.madisonmk.agency\/tienda\/uncategorized\/infinitus-cabernet-sauvignon"},"modified":"2026-01-09T10:51:00","modified_gmt":"2026-01-09T09:51:00","slug":"infinitus-cabernet-sauvignon","status":"publish","type":"product","link":"https:\/\/familiamartinezbujanda.com\/en\/shop\/wines\/young\/infinitus-cabernet-sauvignon\/","title":{"rendered":"Infinitus Cabernet Sauvignon"},"content":{"rendered":"<p><strong>Infinitus Cabernet Sauvignon<\/strong> is an organic red wine with a deep garnet color. Fresh and silky, it is characterized by its great volume and structure. <\/p>\n<p>A young wine made from Cabernet Sauvignon, which gives it an intense floral aroma with herbaceous aftertaste, ideal for pairing with red meats, game, p\u00e2t\u00e9s and fatty cheeses.<\/p>\n","protected":false},"excerpt":{"rendered":"<p><span style=\"color: #000000\"><br \/>\n  <strong>VINEYARD: <\/strong><br \/>\n<\/span>Castilla &#8211; La Mancha.<br \/>\n<span style=\"color: #000000\"><br \/>\n  <strong>VARIETY: <\/strong><br \/>\n<\/span>Cabernet Sauvignon.<br \/>\n<span style=\"color: #000000\"><strong>I.G.:<\/strong><\/span>Wine of Tierra de Castilla.<br \/>\n<span style=\"color: #000000\"><strong>BOTTLE: <\/strong><\/span>750 ml.<br \/>\n<span style=\"color: #000000\"><br \/>\n  <strong>TYPE: <\/strong><br \/>\n<\/span>Ecological red.<br \/>\n<span style=\"color: #000000\"><br \/>\n  <strong>ALCOHOL CONTENT: <\/strong><br \/>\n<\/span>13.5% v\/v.<br \/>\n<span style=\"color: #000000\"><br \/>\n  <strong>TOTAL ACIDITY: <\/strong><br \/>\n<\/span>5.5 g\/l. Tartaric.<br \/>\n<span style=\"color: #000000\"><br \/>\n  <strong>HARVEST DATE: <\/strong><br \/>\n<\/span>4th week of September.<\/p>\n","protected":false},"featured_media":68743,"comment_status":"open","ping_status":"closed","template":"","meta":{"iawp_total_views":76},"product_brand":[],"product_cat":[1550,1556,2220,2047],"product_tag":[2059],"class_list":{"0":"post-69824","1":"product","2":"type-product","3":"status-publish","4":"has-post-thumbnail","6":"product_cat-cosecheros-y-criadores-en","7":"product_cat-infinitus-en","8":"product_cat-reds","9":"product_cat-young","10":"product_tag-infinitus-en","12":"entry","13":"has-media","15":"first","16":"outofstock","17":"taxable","18":"shipping-taxable","19":"purchasable","20":"product-type-simple","21":"col","22":"span_1_of_3","23":"owp-content-center","24":"owp-thumbs-layout-horizontal","25":"owp-btn-normal","26":"owp-tabs-layout-horizontal","27":"has-no-thumbnails"},"yoast_head":"<!-- This site is optimized with the Yoast SEO plugin v27.0 - https:\/\/yoast.com\/product\/yoast-seo-wordpress\/ -->\n<title>Infinitus Cabernet Sauvignon | Familia Mart\u00ednez Bujanda<\/title>\n<meta name=\"robots\" content=\"index, follow, max-snippet:-1, max-image-preview:large, max-video-preview:-1\" \/>\n<link rel=\"canonical\" href=\"https:\/\/familiamartinezbujanda.com\/en\/shop\/wines\/young\/infinitus-cabernet-sauvignon\/\" \/>\n<meta property=\"og:locale\" content=\"en_US\" \/>\n<meta property=\"og:type\" content=\"article\" \/>\n<meta property=\"og:title\" content=\"Infinitus Cabernet Sauvignon | Familia Mart\u00ednez Bujanda\" \/>\n<meta property=\"og:description\" content=\"VINEYARD: Castilla - La Mancha.  VARIETY: Cabernet Sauvignon. I.G.:Wine of Tierra de Castilla. BOTTLE: 750 ml.  TYPE: Ecological red.  ALCOHOL CONTENT: 13.5% v\/v.  TOTAL ACIDITY: 5.5 g\/l. Tartaric.   HARVEST DATE: 4th week of September.\" \/>\n<meta property=\"og:url\" content=\"https:\/\/familiamartinezbujanda.com\/en\/shop\/wines\/young\/infinitus-cabernet-sauvignon\/\" \/>\n<meta property=\"og:site_name\" content=\"Familia Mart\u00ednez Bujanda\" \/>\n<meta property=\"article:modified_time\" content=\"2026-01-09T09:51:00+00:00\" \/>\n<meta property=\"og:image\" content=\"https:\/\/familiamartinezbujanda.com\/wp-content\/uploads\/2021\/05\/Infinitus-Cabernet-Sauvignon.jpg\" \/>\n\t<meta property=\"og:image:width\" content=\"600\" \/>\n\t<meta property=\"og:image:height\" content=\"600\" \/>\n\t<meta property=\"og:image:type\" content=\"image\/jpeg\" \/>\n<meta name=\"twitter:card\" content=\"summary_large_image\" \/>\n<meta name=\"twitter:label1\" content=\"Est. reading time\" \/>\n\t<meta name=\"twitter:data1\" content=\"1 minute\" \/>\n<script type=\"application\/ld+json\" class=\"yoast-schema-graph\">{\"@context\":\"https:\/\/schema.org\",\"@graph\":[{\"@type\":\"WebPage\",\"@id\":\"https:\/\/familiamartinezbujanda.com\/en\/shop\/wines\/young\/infinitus-cabernet-sauvignon\/\",\"url\":\"https:\/\/familiamartinezbujanda.com\/en\/shop\/wines\/young\/infinitus-cabernet-sauvignon\/\",\"name\":\"Infinitus Cabernet Sauvignon | Familia Mart\u00ednez Bujanda\",\"isPartOf\":{\"@id\":\"https:\/\/familiamartinezbujanda.com\/en\/#website\"},\"primaryImageOfPage\":{\"@id\":\"https:\/\/familiamartinezbujanda.com\/en\/shop\/wines\/young\/infinitus-cabernet-sauvignon\/#primaryimage\"},\"image\":{\"@id\":\"https:\/\/familiamartinezbujanda.com\/en\/shop\/wines\/young\/infinitus-cabernet-sauvignon\/#primaryimage\"},\"thumbnailUrl\":\"https:\/\/familiamartinezbujanda.com\/wp-content\/uploads\/2021\/05\/Infinitus-Cabernet-Sauvignon.jpg\",\"datePublished\":\"2021-05-14T06:24:57+00:00\",\"dateModified\":\"2026-01-09T09:51:00+00:00\",\"breadcrumb\":{\"@id\":\"https:\/\/familiamartinezbujanda.com\/en\/shop\/wines\/young\/infinitus-cabernet-sauvignon\/#breadcrumb\"},\"inLanguage\":\"en-US\",\"potentialAction\":[{\"@type\":\"ReadAction\",\"target\":[\"https:\/\/familiamartinezbujanda.com\/en\/shop\/wines\/young\/infinitus-cabernet-sauvignon\/\"]}]},{\"@type\":\"ImageObject\",\"inLanguage\":\"en-US\",\"@id\":\"https:\/\/familiamartinezbujanda.com\/en\/shop\/wines\/young\/infinitus-cabernet-sauvignon\/#primaryimage\",\"url\":\"https:\/\/familiamartinezbujanda.com\/wp-content\/uploads\/2021\/05\/Infinitus-Cabernet-Sauvignon.jpg\",\"contentUrl\":\"https:\/\/familiamartinezbujanda.com\/wp-content\/uploads\/2021\/05\/Infinitus-Cabernet-Sauvignon.jpg\",\"width\":600,\"height\":600},{\"@type\":\"BreadcrumbList\",\"@id\":\"https:\/\/familiamartinezbujanda.com\/en\/shop\/wines\/young\/infinitus-cabernet-sauvignon\/#breadcrumb\",\"itemListElement\":[{\"@type\":\"ListItem\",\"position\":1,\"name\":\"Portada\",\"item\":\"https:\/\/familiamartinezbujanda.com\/en\/inicio\/\"},{\"@type\":\"ListItem\",\"position\":2,\"name\":\"Tienda\",\"item\":\"https:\/\/familiamartinezbujanda.com\/en\/shop\/\"},{\"@type\":\"ListItem\",\"position\":3,\"name\":\"Infinitus Cabernet Sauvignon\"}]},{\"@type\":\"WebSite\",\"@id\":\"https:\/\/familiamartinezbujanda.com\/en\/#website\",\"url\":\"https:\/\/familiamartinezbujanda.com\/en\/\",\"name\":\"Familia Mart\u00ednez Bujanda\",\"description\":\"Cinco bodegas conforman Familia Mart\u00ednez-Bujanda: Finca Valpiedra (DOCa Rioja), Finca Antigua (DO La Mancha), Finca Montepedroso (DO Rueda), Vi\u00f1a Bujanda ...\",\"publisher\":{\"@id\":\"https:\/\/familiamartinezbujanda.com\/en\/#organization\"},\"potentialAction\":[{\"@type\":\"SearchAction\",\"target\":{\"@type\":\"EntryPoint\",\"urlTemplate\":\"https:\/\/familiamartinezbujanda.com\/en\/?s={search_term_string}\"},\"query-input\":{\"@type\":\"PropertyValueSpecification\",\"valueRequired\":true,\"valueName\":\"search_term_string\"}}],\"inLanguage\":\"en-US\"},{\"@type\":\"Organization\",\"@id\":\"https:\/\/familiamartinezbujanda.com\/en\/#organization\",\"name\":\"Familia Mart\u00ednez Bujanda\",\"url\":\"https:\/\/familiamartinezbujanda.com\/en\/\",\"logo\":{\"@type\":\"ImageObject\",\"inLanguage\":\"en-US\",\"@id\":\"https:\/\/familiamartinezbujanda.com\/en\/#\/schema\/logo\/image\/\",\"url\":\"https:\/\/www.familiamartinezbujanda.com\/wp-content\/uploads\/2022\/06\/favicon.jpg\",\"contentUrl\":\"https:\/\/www.familiamartinezbujanda.com\/wp-content\/uploads\/2022\/06\/favicon.jpg\",\"width\":512,\"height\":512,\"caption\":\"Familia Mart\u00ednez Bujanda\"},\"image\":{\"@id\":\"https:\/\/familiamartinezbujanda.com\/en\/#\/schema\/logo\/image\/\"}}]}<\/script>\n<!-- \/ Yoast SEO plugin. -->","yoast_head_json":{"title":"Infinitus Cabernet Sauvignon | Familia Mart\u00ednez Bujanda","robots":{"index":"index","follow":"follow","max-snippet":"max-snippet:-1","max-image-preview":"max-image-preview:large","max-video-preview":"max-video-preview:-1"},"canonical":"https:\/\/familiamartinezbujanda.com\/en\/shop\/wines\/young\/infinitus-cabernet-sauvignon\/","og_locale":"en_US","og_type":"article","og_title":"Infinitus Cabernet Sauvignon | Familia Mart\u00ednez Bujanda","og_description":"VINEYARD: Castilla - La Mancha.  VARIETY: Cabernet Sauvignon. I.G.:Wine of Tierra de Castilla. BOTTLE: 750 ml.  TYPE: Ecological red.  ALCOHOL CONTENT: 13.5% v\/v.  TOTAL ACIDITY: 5.5 g\/l. Tartaric.   HARVEST DATE: 4th week of September.","og_url":"https:\/\/familiamartinezbujanda.com\/en\/shop\/wines\/young\/infinitus-cabernet-sauvignon\/","og_site_name":"Familia Mart\u00ednez Bujanda","article_modified_time":"2026-01-09T09:51:00+00:00","og_image":[{"width":600,"height":600,"url":"https:\/\/familiamartinezbujanda.com\/wp-content\/uploads\/2021\/05\/Infinitus-Cabernet-Sauvignon.jpg","type":"image\/jpeg"}],"twitter_card":"summary_large_image","twitter_misc":{"Est. reading time":"1 minute"},"schema":{"@context":"https:\/\/schema.org","@graph":[{"@type":"WebPage","@id":"https:\/\/familiamartinezbujanda.com\/en\/shop\/wines\/young\/infinitus-cabernet-sauvignon\/","url":"https:\/\/familiamartinezbujanda.com\/en\/shop\/wines\/young\/infinitus-cabernet-sauvignon\/","name":"Infinitus Cabernet Sauvignon | Familia Mart\u00ednez Bujanda","isPartOf":{"@id":"https:\/\/familiamartinezbujanda.com\/en\/#website"},"primaryImageOfPage":{"@id":"https:\/\/familiamartinezbujanda.com\/en\/shop\/wines\/young\/infinitus-cabernet-sauvignon\/#primaryimage"},"image":{"@id":"https:\/\/familiamartinezbujanda.com\/en\/shop\/wines\/young\/infinitus-cabernet-sauvignon\/#primaryimage"},"thumbnailUrl":"https:\/\/familiamartinezbujanda.com\/wp-content\/uploads\/2021\/05\/Infinitus-Cabernet-Sauvignon.jpg","datePublished":"2021-05-14T06:24:57+00:00","dateModified":"2026-01-09T09:51:00+00:00","breadcrumb":{"@id":"https:\/\/familiamartinezbujanda.com\/en\/shop\/wines\/young\/infinitus-cabernet-sauvignon\/#breadcrumb"},"inLanguage":"en-US","potentialAction":[{"@type":"ReadAction","target":["https:\/\/familiamartinezbujanda.com\/en\/shop\/wines\/young\/infinitus-cabernet-sauvignon\/"]}]},{"@type":"ImageObject","inLanguage":"en-US","@id":"https:\/\/familiamartinezbujanda.com\/en\/shop\/wines\/young\/infinitus-cabernet-sauvignon\/#primaryimage","url":"https:\/\/familiamartinezbujanda.com\/wp-content\/uploads\/2021\/05\/Infinitus-Cabernet-Sauvignon.jpg","contentUrl":"https:\/\/familiamartinezbujanda.com\/wp-content\/uploads\/2021\/05\/Infinitus-Cabernet-Sauvignon.jpg","width":600,"height":600},{"@type":"BreadcrumbList","@id":"https:\/\/familiamartinezbujanda.com\/en\/shop\/wines\/young\/infinitus-cabernet-sauvignon\/#breadcrumb","itemListElement":[{"@type":"ListItem","position":1,"name":"Portada","item":"https:\/\/familiamartinezbujanda.com\/en\/inicio\/"},{"@type":"ListItem","position":2,"name":"Tienda","item":"https:\/\/familiamartinezbujanda.com\/en\/shop\/"},{"@type":"ListItem","position":3,"name":"Infinitus Cabernet Sauvignon"}]},{"@type":"WebSite","@id":"https:\/\/familiamartinezbujanda.com\/en\/#website","url":"https:\/\/familiamartinezbujanda.com\/en\/","name":"Familia Mart\u00ednez Bujanda","description":"Cinco bodegas conforman Familia Mart\u00ednez-Bujanda: Finca Valpiedra (DOCa Rioja), Finca Antigua (DO La Mancha), Finca Montepedroso (DO Rueda), Vi\u00f1a Bujanda ...","publisher":{"@id":"https:\/\/familiamartinezbujanda.com\/en\/#organization"},"potentialAction":[{"@type":"SearchAction","target":{"@type":"EntryPoint","urlTemplate":"https:\/\/familiamartinezbujanda.com\/en\/?s={search_term_string}"},"query-input":{"@type":"PropertyValueSpecification","valueRequired":true,"valueName":"search_term_string"}}],"inLanguage":"en-US"},{"@type":"Organization","@id":"https:\/\/familiamartinezbujanda.com\/en\/#organization","name":"Familia Mart\u00ednez Bujanda","url":"https:\/\/familiamartinezbujanda.com\/en\/","logo":{"@type":"ImageObject","inLanguage":"en-US","@id":"https:\/\/familiamartinezbujanda.com\/en\/#\/schema\/logo\/image\/","url":"https:\/\/www.familiamartinezbujanda.com\/wp-content\/uploads\/2022\/06\/favicon.jpg","contentUrl":"https:\/\/www.familiamartinezbujanda.com\/wp-content\/uploads\/2022\/06\/favicon.jpg","width":512,"height":512,"caption":"Familia Mart\u00ednez Bujanda"},"image":{"@id":"https:\/\/familiamartinezbujanda.com\/en\/#\/schema\/logo\/image\/"}}]}},"_links":{"self":[{"href":"https:\/\/familiamartinezbujanda.com\/en\/wp-json\/wp\/v2\/product\/69824","targetHints":{"allow":["GET"]}}],"collection":[{"href":"https:\/\/familiamartinezbujanda.com\/en\/wp-json\/wp\/v2\/product"}],"about":[{"href":"https:\/\/familiamartinezbujanda.com\/en\/wp-json\/wp\/v2\/types\/product"}],"replies":[{"embeddable":true,"href":"https:\/\/familiamartinezbujanda.com\/en\/wp-json\/wp\/v2\/comments?post=69824"}],"wp:featuredmedia":[{"embeddable":true,"href":"https:\/\/familiamartinezbujanda.com\/en\/wp-json\/wp\/v2\/media\/68743"}],"wp:attachment":[{"href":"https:\/\/familiamartinezbujanda.com\/en\/wp-json\/wp\/v2\/media?parent=69824"}],"wp:term":[{"taxonomy":"product_brand","embeddable":true,"href":"https:\/\/familiamartinezbujanda.com\/en\/wp-json\/wp\/v2\/product_brand?post=69824"},{"taxonomy":"product_cat","embeddable":true,"href":"https:\/\/familiamartinezbujanda.com\/en\/wp-json\/wp\/v2\/product_cat?post=69824"},{"taxonomy":"product_tag","embeddable":true,"href":"https:\/\/familiamartinezbujanda.com\/en\/wp-json\/wp\/v2\/product_tag?post=69824"}],"curies":[{"name":"wp","href":"https:\/\/api.w.org\/{rel}","templated":true}]}}