{"id":69843,"date":"2021-06-13T01:00:57","date_gmt":"2021-06-12T23:00:57","guid":{"rendered":"https:\/\/familiamartinezbujanda.madisonmk.agency\/tienda\/uncategorized\/finca-montepedroso-verdejo-magnum"},"modified":"2026-01-09T11:28:56","modified_gmt":"2026-01-09T10:28:56","slug":"finca-montepedroso-verdejo-magnum","status":"publish","type":"product","link":"https:\/\/familiamartinezbujanda.com\/en\/shop\/wines\/magnum-en\/finca-montepedroso-verdejo-magnum\/","title":{"rendered":"Finca Montepedroso Verdejo Magnum"},"content":{"rendered":"<p><strong>Finca Montepedroso Verdejo on lees Magnum (D.O. Rueda)<\/strong> is a clean, aromatic, high quality white wine from Rueda obtained by aging on lees. Aterciopelado, a great example of fruity wines made from the Verdejo grape. <\/p>\n<p>Good wine with a long and elegant taste. A modern classic Rueda wine that pairs perfectly with white meats, fish, seafood and sushi. <\/p>\n<p><span style=\"color: #000000\"><strong>HARVEST REPORT:<\/strong><\/span><br \/>\nAfter an extraordinarily dry year 2019 has been one of those rare occasions when we have been forced to use our irrigation system as was the case in 2012. This has resulted in a lower yield per hectare, which has made it possible to obtain a more balanced, fresh grape, full of nuances. <\/p>\n<p>As a result, this is a very good concentrated Verdejo wine, full of nuances and with great cellaring capacity.<\/p>\n","protected":false},"excerpt":{"rendered":"<p><span style=\"color: #000000\"><strong>VINEYARD:<\/strong><\/span> Finca Montepedroso.<br \/>\n<span style=\"color: #000000\"><strong>VARIETY: <\/strong><\/span>100% Verdejo.<br \/>\n<span style=\"color: #000000\"><br \/>\n  <strong>D.O.: <\/strong><br \/>\n<\/span>Rueda.<br \/>\n<span style=\"color: #000000\"><strong>BOTTLE: <\/strong><\/span>1500 ml.<br \/>\n<span style=\"color: #000000\"><strong>CATEGORY: <\/strong><\/span>Young.<br \/>\n<span style=\"color: #000000\"><br \/>\n  <strong>ALCOHOL CONTENT: <\/strong><br \/>\n<\/span>12.5% Vol.<br \/>\n<span style=\"color: #000000\"><br \/>\n  <strong>TOTAL ACIDITY: <\/strong><br \/>\n<\/span>5.5 g\/L. Tartaric.<br \/>\n<span style=\"color: #000000\"><strong>HARVEST DATE: <\/strong><\/span>2nd week of September 2024.<br \/>\n<span style=\"color: #000000\"><br \/>\n  <strong>AGING: <\/strong><br \/>\n<\/span>Five months on lees with weekly stirring.<\/p>\n","protected":false},"featured_media":68330,"comment_status":"open","ping_status":"closed","template":"","meta":{"iawp_total_views":7},"product_brand":[],"product_cat":[2089,2131,2209],"product_tag":[2055],"class_list":{"0":"post-69843","1":"product","2":"type-product","3":"status-publish","4":"has-post-thumbnail","6":"product_cat-magnum-en","7":"product_cat-magnum-mp-en","8":"product_cat-special-presentations","9":"product_tag-100-verdejo-en","11":"entry","12":"has-media","14":"first","15":"instock","16":"taxable","17":"shipping-taxable","18":"purchasable","19":"product-type-simple","20":"col","21":"span_1_of_3","22":"owp-content-center","23":"owp-thumbs-layout-horizontal","24":"owp-btn-normal","25":"owp-tabs-layout-horizontal","26":"has-no-thumbnails"},"yoast_head":"<!-- This site is optimized with the Yoast SEO plugin v27.0 - https:\/\/yoast.com\/product\/yoast-seo-wordpress\/ -->\n<title>Finca Montepedroso Verdejo Magnum | Familia Mart\u00ednez Bujanda<\/title>\n<meta name=\"robots\" content=\"index, follow, max-snippet:-1, max-image-preview:large, max-video-preview:-1\" \/>\n<link rel=\"canonical\" href=\"https:\/\/familiamartinezbujanda.com\/en\/shop\/wines\/magnum-en\/finca-montepedroso-verdejo-magnum\/\" \/>\n<meta property=\"og:locale\" content=\"en_US\" \/>\n<meta property=\"og:type\" content=\"article\" \/>\n<meta property=\"og:title\" content=\"Finca Montepedroso Verdejo Magnum | Familia Mart\u00ednez Bujanda\" \/>\n<meta property=\"og:description\" content=\"VINEYARD: Finca Montepedroso. VARIETY: 100% Verdejo.  D.O.: Rueda. BOTTLE: 1500 ml. CATEGORY: Young.  ALCOHOL CONTENT: 12.5% Vol.  TOTAL ACIDITY: 5.5 g\/L. Tartaric. HARVEST DATE: 2nd week of September 2024.  AGING: Five months on lees with weekly stirring.\" \/>\n<meta property=\"og:url\" content=\"https:\/\/familiamartinezbujanda.com\/en\/shop\/wines\/magnum-en\/finca-montepedroso-verdejo-magnum\/\" \/>\n<meta property=\"og:site_name\" content=\"Familia Mart\u00ednez Bujanda\" \/>\n<meta property=\"article:modified_time\" content=\"2026-01-09T10:28:56+00:00\" \/>\n<meta property=\"og:image\" content=\"https:\/\/familiamartinezbujanda.com\/wp-content\/uploads\/2022\/05\/Finca-Montepedroso-Verdejo-Magnum.jpg\" \/>\n\t<meta property=\"og:image:width\" content=\"600\" \/>\n\t<meta property=\"og:image:height\" content=\"600\" \/>\n\t<meta property=\"og:image:type\" content=\"image\/jpeg\" \/>\n<meta name=\"twitter:card\" content=\"summary_large_image\" \/>\n<meta name=\"twitter:label1\" content=\"Est. reading time\" \/>\n\t<meta name=\"twitter:data1\" content=\"1 minute\" \/>\n<script type=\"application\/ld+json\" class=\"yoast-schema-graph\">{\"@context\":\"https:\/\/schema.org\",\"@graph\":[{\"@type\":\"WebPage\",\"@id\":\"https:\/\/familiamartinezbujanda.com\/en\/shop\/wines\/magnum-en\/finca-montepedroso-verdejo-magnum\/\",\"url\":\"https:\/\/familiamartinezbujanda.com\/en\/shop\/wines\/magnum-en\/finca-montepedroso-verdejo-magnum\/\",\"name\":\"Finca Montepedroso Verdejo Magnum | Familia Mart\u00ednez Bujanda\",\"isPartOf\":{\"@id\":\"https:\/\/familiamartinezbujanda.com\/en\/#website\"},\"primaryImageOfPage\":{\"@id\":\"https:\/\/familiamartinezbujanda.com\/en\/shop\/wines\/magnum-en\/finca-montepedroso-verdejo-magnum\/#primaryimage\"},\"image\":{\"@id\":\"https:\/\/familiamartinezbujanda.com\/en\/shop\/wines\/magnum-en\/finca-montepedroso-verdejo-magnum\/#primaryimage\"},\"thumbnailUrl\":\"https:\/\/familiamartinezbujanda.com\/wp-content\/uploads\/2022\/05\/Finca-Montepedroso-Verdejo-Magnum.jpg\",\"datePublished\":\"2021-06-12T23:00:57+00:00\",\"dateModified\":\"2026-01-09T10:28:56+00:00\",\"breadcrumb\":{\"@id\":\"https:\/\/familiamartinezbujanda.com\/en\/shop\/wines\/magnum-en\/finca-montepedroso-verdejo-magnum\/#breadcrumb\"},\"inLanguage\":\"en-US\",\"potentialAction\":[{\"@type\":\"ReadAction\",\"target\":[\"https:\/\/familiamartinezbujanda.com\/en\/shop\/wines\/magnum-en\/finca-montepedroso-verdejo-magnum\/\"]}]},{\"@type\":\"ImageObject\",\"inLanguage\":\"en-US\",\"@id\":\"https:\/\/familiamartinezbujanda.com\/en\/shop\/wines\/magnum-en\/finca-montepedroso-verdejo-magnum\/#primaryimage\",\"url\":\"https:\/\/familiamartinezbujanda.com\/wp-content\/uploads\/2022\/05\/Finca-Montepedroso-Verdejo-Magnum.jpg\",\"contentUrl\":\"https:\/\/familiamartinezbujanda.com\/wp-content\/uploads\/2022\/05\/Finca-Montepedroso-Verdejo-Magnum.jpg\",\"width\":600,\"height\":600},{\"@type\":\"BreadcrumbList\",\"@id\":\"https:\/\/familiamartinezbujanda.com\/en\/shop\/wines\/magnum-en\/finca-montepedroso-verdejo-magnum\/#breadcrumb\",\"itemListElement\":[{\"@type\":\"ListItem\",\"position\":1,\"name\":\"Portada\",\"item\":\"https:\/\/familiamartinezbujanda.com\/en\/inicio\/\"},{\"@type\":\"ListItem\",\"position\":2,\"name\":\"Tienda\",\"item\":\"https:\/\/familiamartinezbujanda.com\/en\/shop\/\"},{\"@type\":\"ListItem\",\"position\":3,\"name\":\"Finca Montepedroso Verdejo Magnum\"}]},{\"@type\":\"WebSite\",\"@id\":\"https:\/\/familiamartinezbujanda.com\/en\/#website\",\"url\":\"https:\/\/familiamartinezbujanda.com\/en\/\",\"name\":\"Familia Mart\u00ednez Bujanda\",\"description\":\"Cinco bodegas conforman Familia Mart\u00ednez-Bujanda: Finca Valpiedra (DOCa Rioja), Finca Antigua (DO La Mancha), Finca Montepedroso (DO Rueda), Vi\u00f1a Bujanda ...\",\"publisher\":{\"@id\":\"https:\/\/familiamartinezbujanda.com\/en\/#organization\"},\"potentialAction\":[{\"@type\":\"SearchAction\",\"target\":{\"@type\":\"EntryPoint\",\"urlTemplate\":\"https:\/\/familiamartinezbujanda.com\/en\/?s={search_term_string}\"},\"query-input\":{\"@type\":\"PropertyValueSpecification\",\"valueRequired\":true,\"valueName\":\"search_term_string\"}}],\"inLanguage\":\"en-US\"},{\"@type\":\"Organization\",\"@id\":\"https:\/\/familiamartinezbujanda.com\/en\/#organization\",\"name\":\"Familia Mart\u00ednez Bujanda\",\"url\":\"https:\/\/familiamartinezbujanda.com\/en\/\",\"logo\":{\"@type\":\"ImageObject\",\"inLanguage\":\"en-US\",\"@id\":\"https:\/\/familiamartinezbujanda.com\/en\/#\/schema\/logo\/image\/\",\"url\":\"https:\/\/www.familiamartinezbujanda.com\/wp-content\/uploads\/2022\/06\/favicon.jpg\",\"contentUrl\":\"https:\/\/www.familiamartinezbujanda.com\/wp-content\/uploads\/2022\/06\/favicon.jpg\",\"width\":512,\"height\":512,\"caption\":\"Familia Mart\u00ednez Bujanda\"},\"image\":{\"@id\":\"https:\/\/familiamartinezbujanda.com\/en\/#\/schema\/logo\/image\/\"}}]}<\/script>\n<!-- \/ Yoast SEO plugin. -->","yoast_head_json":{"title":"Finca Montepedroso Verdejo Magnum | Familia Mart\u00ednez Bujanda","robots":{"index":"index","follow":"follow","max-snippet":"max-snippet:-1","max-image-preview":"max-image-preview:large","max-video-preview":"max-video-preview:-1"},"canonical":"https:\/\/familiamartinezbujanda.com\/en\/shop\/wines\/magnum-en\/finca-montepedroso-verdejo-magnum\/","og_locale":"en_US","og_type":"article","og_title":"Finca Montepedroso Verdejo Magnum | Familia Mart\u00ednez Bujanda","og_description":"VINEYARD: Finca Montepedroso. VARIETY: 100% Verdejo.  D.O.: Rueda. BOTTLE: 1500 ml. CATEGORY: Young.  ALCOHOL CONTENT: 12.5% Vol.  TOTAL ACIDITY: 5.5 g\/L. Tartaric. HARVEST DATE: 2nd week of September 2024.  AGING: Five months on lees with weekly stirring.","og_url":"https:\/\/familiamartinezbujanda.com\/en\/shop\/wines\/magnum-en\/finca-montepedroso-verdejo-magnum\/","og_site_name":"Familia Mart\u00ednez Bujanda","article_modified_time":"2026-01-09T10:28:56+00:00","og_image":[{"width":600,"height":600,"url":"https:\/\/familiamartinezbujanda.com\/wp-content\/uploads\/2022\/05\/Finca-Montepedroso-Verdejo-Magnum.jpg","type":"image\/jpeg"}],"twitter_card":"summary_large_image","twitter_misc":{"Est. reading time":"1 minute"},"schema":{"@context":"https:\/\/schema.org","@graph":[{"@type":"WebPage","@id":"https:\/\/familiamartinezbujanda.com\/en\/shop\/wines\/magnum-en\/finca-montepedroso-verdejo-magnum\/","url":"https:\/\/familiamartinezbujanda.com\/en\/shop\/wines\/magnum-en\/finca-montepedroso-verdejo-magnum\/","name":"Finca Montepedroso Verdejo Magnum | Familia Mart\u00ednez Bujanda","isPartOf":{"@id":"https:\/\/familiamartinezbujanda.com\/en\/#website"},"primaryImageOfPage":{"@id":"https:\/\/familiamartinezbujanda.com\/en\/shop\/wines\/magnum-en\/finca-montepedroso-verdejo-magnum\/#primaryimage"},"image":{"@id":"https:\/\/familiamartinezbujanda.com\/en\/shop\/wines\/magnum-en\/finca-montepedroso-verdejo-magnum\/#primaryimage"},"thumbnailUrl":"https:\/\/familiamartinezbujanda.com\/wp-content\/uploads\/2022\/05\/Finca-Montepedroso-Verdejo-Magnum.jpg","datePublished":"2021-06-12T23:00:57+00:00","dateModified":"2026-01-09T10:28:56+00:00","breadcrumb":{"@id":"https:\/\/familiamartinezbujanda.com\/en\/shop\/wines\/magnum-en\/finca-montepedroso-verdejo-magnum\/#breadcrumb"},"inLanguage":"en-US","potentialAction":[{"@type":"ReadAction","target":["https:\/\/familiamartinezbujanda.com\/en\/shop\/wines\/magnum-en\/finca-montepedroso-verdejo-magnum\/"]}]},{"@type":"ImageObject","inLanguage":"en-US","@id":"https:\/\/familiamartinezbujanda.com\/en\/shop\/wines\/magnum-en\/finca-montepedroso-verdejo-magnum\/#primaryimage","url":"https:\/\/familiamartinezbujanda.com\/wp-content\/uploads\/2022\/05\/Finca-Montepedroso-Verdejo-Magnum.jpg","contentUrl":"https:\/\/familiamartinezbujanda.com\/wp-content\/uploads\/2022\/05\/Finca-Montepedroso-Verdejo-Magnum.jpg","width":600,"height":600},{"@type":"BreadcrumbList","@id":"https:\/\/familiamartinezbujanda.com\/en\/shop\/wines\/magnum-en\/finca-montepedroso-verdejo-magnum\/#breadcrumb","itemListElement":[{"@type":"ListItem","position":1,"name":"Portada","item":"https:\/\/familiamartinezbujanda.com\/en\/inicio\/"},{"@type":"ListItem","position":2,"name":"Tienda","item":"https:\/\/familiamartinezbujanda.com\/en\/shop\/"},{"@type":"ListItem","position":3,"name":"Finca Montepedroso Verdejo Magnum"}]},{"@type":"WebSite","@id":"https:\/\/familiamartinezbujanda.com\/en\/#website","url":"https:\/\/familiamartinezbujanda.com\/en\/","name":"Familia Mart\u00ednez Bujanda","description":"Cinco bodegas conforman Familia Mart\u00ednez-Bujanda: Finca Valpiedra (DOCa Rioja), Finca Antigua (DO La Mancha), Finca Montepedroso (DO Rueda), Vi\u00f1a Bujanda ...","publisher":{"@id":"https:\/\/familiamartinezbujanda.com\/en\/#organization"},"potentialAction":[{"@type":"SearchAction","target":{"@type":"EntryPoint","urlTemplate":"https:\/\/familiamartinezbujanda.com\/en\/?s={search_term_string}"},"query-input":{"@type":"PropertyValueSpecification","valueRequired":true,"valueName":"search_term_string"}}],"inLanguage":"en-US"},{"@type":"Organization","@id":"https:\/\/familiamartinezbujanda.com\/en\/#organization","name":"Familia Mart\u00ednez Bujanda","url":"https:\/\/familiamartinezbujanda.com\/en\/","logo":{"@type":"ImageObject","inLanguage":"en-US","@id":"https:\/\/familiamartinezbujanda.com\/en\/#\/schema\/logo\/image\/","url":"https:\/\/www.familiamartinezbujanda.com\/wp-content\/uploads\/2022\/06\/favicon.jpg","contentUrl":"https:\/\/www.familiamartinezbujanda.com\/wp-content\/uploads\/2022\/06\/favicon.jpg","width":512,"height":512,"caption":"Familia Mart\u00ednez Bujanda"},"image":{"@id":"https:\/\/familiamartinezbujanda.com\/en\/#\/schema\/logo\/image\/"}}]}},"_links":{"self":[{"href":"https:\/\/familiamartinezbujanda.com\/en\/wp-json\/wp\/v2\/product\/69843","targetHints":{"allow":["GET"]}}],"collection":[{"href":"https:\/\/familiamartinezbujanda.com\/en\/wp-json\/wp\/v2\/product"}],"about":[{"href":"https:\/\/familiamartinezbujanda.com\/en\/wp-json\/wp\/v2\/types\/product"}],"replies":[{"embeddable":true,"href":"https:\/\/familiamartinezbujanda.com\/en\/wp-json\/wp\/v2\/comments?post=69843"}],"wp:featuredmedia":[{"embeddable":true,"href":"https:\/\/familiamartinezbujanda.com\/en\/wp-json\/wp\/v2\/media\/68330"}],"wp:attachment":[{"href":"https:\/\/familiamartinezbujanda.com\/en\/wp-json\/wp\/v2\/media?parent=69843"}],"wp:term":[{"taxonomy":"product_brand","embeddable":true,"href":"https:\/\/familiamartinezbujanda.com\/en\/wp-json\/wp\/v2\/product_brand?post=69843"},{"taxonomy":"product_cat","embeddable":true,"href":"https:\/\/familiamartinezbujanda.com\/en\/wp-json\/wp\/v2\/product_cat?post=69843"},{"taxonomy":"product_tag","embeddable":true,"href":"https:\/\/familiamartinezbujanda.com\/en\/wp-json\/wp\/v2\/product_tag?post=69843"}],"curies":[{"name":"wp","href":"https:\/\/api.w.org\/{rel}","templated":true}]}}