{"id":69851,"date":"2021-12-11T16:57:04","date_gmt":"2021-12-11T15:57:04","guid":{"rendered":"https:\/\/familiamartinezbujanda.madisonmk.agency\/tienda\/uncategorized\/lot-collection-crianza-varietals-finca-antigua"},"modified":"2025-11-18T11:40:58","modified_gmt":"2025-11-18T10:40:58","slug":"collection-breeding-varietals","status":"publish","type":"product","link":"https:\/\/familiamartinezbujanda.com\/en\/shop\/wines\/crianzas-en\/collection-breeding-varietals\/","title":{"rendered":"LOT COLLECTION CRIANZA COLLECTION VARIETALS FINCA ANTIGUA"},"content":{"rendered":"<p><strong>Finca Antigua<\/strong> is located in Los Hinojosos, Cuenca, at an altitude of 900 m above sea level. A farm that is committed to sustainability and care for the environment. Innovative wines are produced, creative wines with body and personality.  <\/p>\n<p>This lot is a true reflection of the plots where their grapes are grown and consists of the following fine wines:<\/p>\n<p><strong>Finca Antigua Tempranillo Crianza <\/strong>is a very balanced <strong>Tempranillo red wine<\/strong> aged for 10 months in American oak barrels. A complex, long and elegant quality wine with nuances and aromas of red fruits. A good wine, very concentrated and persistent, ideal for pairing with ham, cheese, red meats and white meats.  <\/p>\n<p><strong>Finca Antigua Merlot Crianza <\/strong>is a<strong> bright, crystalline red wine<\/strong> with powerful floral and toasted aromas. Cherry red in color with violet hues, it is a well-structured and round wine. The <g id=\"gid_2\">aging of the Merlot grape<\/g> for 11 months in French oak barrels gives it a silky, balanced and very fresh taste. Wine recommended for oily fish, red meats and spicy dishes.   <\/p>\n<p><strong>Finca Antigua Syrah Crianza <\/strong>is a<strong> red wine made from Syrah<\/strong>, with an intense purple color and aromas of spices, cedar and clove. This <g id=\"gid_2\">Syrah wine<\/g> stands out for its aromatic intensity of violets and licorice, with hints of ripe red fruits. <g id=\"gid_3\">Aged<\/g> for 12 months in French oak barrels to give creaminess, polish the tannin and maintain acidity. Spectacular tasty finish in the mouth, it is a quality wine rated with 90 points in the Pe\u00f1\u00edn Guide.  <\/p>\n<p><strong>Finca Antigua Cabernet Sauvignon Crianza <\/strong>is a red <strong>Cabernet Sauvignon<\/strong> varietal wine, with a bright cherry color and fresh balsamic and mineral aromas after 10 months of aging in<strong> American oak barrels<\/strong>. Robust and well-structured, this elegant crianza wine has well-balanced tannins and acidity. <\/p>\n<p><strong>Finca Antigua Petit Verdot Crianza <\/strong>is a <strong>Crianza red wine<\/strong> made from Petit Verdot and aged for 10 months in French oak barrels. It is a good wine of brightness and high intensity with aromas of underbrush, plum and cherry. Elegant and suggestive wine with fine tannins, structured, full-bodied, bright and with high intensity. A tasty wine aged for 10 months in French oak.   <\/p>\n<p><strong>Finca Antigua Garnacha Crianza <\/strong>is a red wine made from 100%<strong> Grenache, silky, purple in color with bright highlights<\/strong>. Fresh wine with complex floral and undergrowth aromas with light toasted notes from the 10-month aging in American oak barrels. Good velvety wine with balanced structure and acidity and a long finish. Wine recommended for pairing with cured cheeses, white meats and legumes.  <\/p>\n<p>&nbsp;<\/p>\n<p>&nbsp;<\/p>\n<p>&nbsp;<\/p>\n<p>&nbsp;<\/p>\n<p>&nbsp;<\/p>\n<p>&nbsp;<\/p>\n","protected":false},"excerpt":{"rendered":"<p>This box contains a bottle of each of the varietal wines we grow at Finca Antigua, in Los Hinojos, Cuenca. Tasting the different grape varieties, a way to distinguish colors, aromas and flavors of each variety. <\/p>\n<p>1 bottle of <strong>Finca Antigua Tempranillo<\/strong><\/p>\n<p>1 bottle of<strong> Finca Antigua Merlot<\/strong><\/p>\n<p>1 bottle of <strong>Finca Antigua Syrah<\/strong><\/p>\n<p>1 bottle of<strong> Finca Antigua Cabernet<\/strong><\/p>\n<p>1 bottle of<strong> Finca Antigua Petit Verdot<\/strong><\/p>\n<p>1 bottle of <strong>Finca Antigua Garnacha<\/strong><\/p>\n","protected":false},"featured_media":68342,"comment_status":"open","ping_status":"closed","template":"","meta":{"iawp_total_views":8},"product_brand":[],"product_cat":[1562,2046,2070,2068],"product_tag":[],"class_list":{"0":"post-69851","1":"product","2":"type-product","3":"status-publish","4":"has-post-thumbnail","6":"product_cat-antigua-packs","7":"product_cat-crianzas-en","8":"product_cat-packs","9":"product_cat-single-varietals-with-barrels","11":"entry","12":"has-media","14":"first","15":"instock","16":"taxable","17":"shipping-taxable","18":"purchasable","19":"product-type-simple","20":"col","21":"span_1_of_3","22":"owp-content-center","23":"owp-thumbs-layout-horizontal","24":"owp-btn-normal","25":"owp-tabs-layout-horizontal","26":"has-no-thumbnails"},"yoast_head":"<!-- This site is optimized with the Yoast SEO plugin v27.0 - https:\/\/yoast.com\/product\/yoast-seo-wordpress\/ -->\n<title>LOT COLLECTION CRIANZA COLLECTION VARIETALS FINCA ANTIGUA | Familia Mart\u00ednez Bujanda<\/title>\n<meta name=\"description\" content=\"Discover the range of Finca Antigua Crianza wines: Tempranillo, Merlot, Syrah, Cabernet Sauvignon, Petit Verdot and Garnacha. Unique flavors in every bottle\" \/>\n<meta name=\"robots\" content=\"index, follow, max-snippet:-1, max-image-preview:large, max-video-preview:-1\" \/>\n<link rel=\"canonical\" href=\"https:\/\/familiamartinezbujanda.com\/en\/shop\/wines\/crianzas-en\/collection-breeding-varietals\/\" \/>\n<meta property=\"og:locale\" content=\"en_US\" \/>\n<meta property=\"og:type\" content=\"article\" \/>\n<meta property=\"og:title\" content=\"LOT COLLECTION CRIANZA COLLECTION VARIETALS FINCA ANTIGUA | Familia Mart\u00ednez Bujanda\" \/>\n<meta property=\"og:description\" content=\"Discover the range of Finca Antigua Crianza wines: Tempranillo, Merlot, Syrah, Cabernet Sauvignon, Petit Verdot and Garnacha. Unique flavors in every bottle\" \/>\n<meta property=\"og:url\" content=\"https:\/\/familiamartinezbujanda.com\/en\/shop\/wines\/crianzas-en\/collection-breeding-varietals\/\" \/>\n<meta property=\"og:site_name\" content=\"Familia Mart\u00ednez Bujanda\" \/>\n<meta property=\"article:modified_time\" content=\"2025-11-18T10:40:58+00:00\" \/>\n<meta property=\"og:image\" content=\"https:\/\/familiamartinezbujanda.com\/wp-content\/uploads\/2022\/05\/coleccion-crianza-varietales.jpg\" \/>\n\t<meta property=\"og:image:width\" content=\"600\" \/>\n\t<meta property=\"og:image:height\" content=\"600\" \/>\n\t<meta property=\"og:image:type\" content=\"image\/jpeg\" \/>\n<meta name=\"twitter:card\" content=\"summary_large_image\" \/>\n<meta name=\"twitter:label1\" content=\"Est. reading time\" \/>\n\t<meta name=\"twitter:data1\" content=\"2 minutes\" \/>\n<script type=\"application\/ld+json\" class=\"yoast-schema-graph\">{\"@context\":\"https:\/\/schema.org\",\"@graph\":[{\"@type\":\"WebPage\",\"@id\":\"https:\/\/familiamartinezbujanda.com\/en\/shop\/wines\/crianzas-en\/collection-breeding-varietals\/\",\"url\":\"https:\/\/familiamartinezbujanda.com\/en\/shop\/wines\/crianzas-en\/collection-breeding-varietals\/\",\"name\":\"LOT COLLECTION CRIANZA COLLECTION VARIETALS FINCA ANTIGUA | Familia Mart\u00ednez Bujanda\",\"isPartOf\":{\"@id\":\"https:\/\/familiamartinezbujanda.com\/en\/#website\"},\"primaryImageOfPage\":{\"@id\":\"https:\/\/familiamartinezbujanda.com\/en\/shop\/wines\/crianzas-en\/collection-breeding-varietals\/#primaryimage\"},\"image\":{\"@id\":\"https:\/\/familiamartinezbujanda.com\/en\/shop\/wines\/crianzas-en\/collection-breeding-varietals\/#primaryimage\"},\"thumbnailUrl\":\"https:\/\/familiamartinezbujanda.com\/wp-content\/uploads\/2022\/05\/coleccion-crianza-varietales.jpg\",\"datePublished\":\"2021-12-11T15:57:04+00:00\",\"dateModified\":\"2025-11-18T10:40:58+00:00\",\"description\":\"Discover the range of Finca Antigua Crianza wines: Tempranillo, Merlot, Syrah, Cabernet Sauvignon, Petit Verdot and Garnacha. Unique flavors in every bottle\",\"breadcrumb\":{\"@id\":\"https:\/\/familiamartinezbujanda.com\/en\/shop\/wines\/crianzas-en\/collection-breeding-varietals\/#breadcrumb\"},\"inLanguage\":\"en-US\",\"potentialAction\":[{\"@type\":\"ReadAction\",\"target\":[\"https:\/\/familiamartinezbujanda.com\/en\/shop\/wines\/crianzas-en\/collection-breeding-varietals\/\"]}]},{\"@type\":\"ImageObject\",\"inLanguage\":\"en-US\",\"@id\":\"https:\/\/familiamartinezbujanda.com\/en\/shop\/wines\/crianzas-en\/collection-breeding-varietals\/#primaryimage\",\"url\":\"https:\/\/familiamartinezbujanda.com\/wp-content\/uploads\/2022\/05\/coleccion-crianza-varietales.jpg\",\"contentUrl\":\"https:\/\/familiamartinezbujanda.com\/wp-content\/uploads\/2022\/05\/coleccion-crianza-varietales.jpg\",\"width\":600,\"height\":600},{\"@type\":\"BreadcrumbList\",\"@id\":\"https:\/\/familiamartinezbujanda.com\/en\/shop\/wines\/crianzas-en\/collection-breeding-varietals\/#breadcrumb\",\"itemListElement\":[{\"@type\":\"ListItem\",\"position\":1,\"name\":\"Portada\",\"item\":\"https:\/\/familiamartinezbujanda.com\/en\/inicio\/\"},{\"@type\":\"ListItem\",\"position\":2,\"name\":\"Tienda\",\"item\":\"https:\/\/familiamartinezbujanda.com\/en\/shop\/\"},{\"@type\":\"ListItem\",\"position\":3,\"name\":\"LOT COLLECTION CRIANZA COLLECTION VARIETALS FINCA ANTIGUA\"}]},{\"@type\":\"WebSite\",\"@id\":\"https:\/\/familiamartinezbujanda.com\/en\/#website\",\"url\":\"https:\/\/familiamartinezbujanda.com\/en\/\",\"name\":\"Familia Mart\u00ednez Bujanda\",\"description\":\"Cinco bodegas conforman Familia Mart\u00ednez-Bujanda: Finca Valpiedra (DOCa Rioja), Finca Antigua (DO La Mancha), Finca Montepedroso (DO Rueda), Vi\u00f1a Bujanda ...\",\"publisher\":{\"@id\":\"https:\/\/familiamartinezbujanda.com\/en\/#organization\"},\"potentialAction\":[{\"@type\":\"SearchAction\",\"target\":{\"@type\":\"EntryPoint\",\"urlTemplate\":\"https:\/\/familiamartinezbujanda.com\/en\/?s={search_term_string}\"},\"query-input\":{\"@type\":\"PropertyValueSpecification\",\"valueRequired\":true,\"valueName\":\"search_term_string\"}}],\"inLanguage\":\"en-US\"},{\"@type\":\"Organization\",\"@id\":\"https:\/\/familiamartinezbujanda.com\/en\/#organization\",\"name\":\"Familia Mart\u00ednez Bujanda\",\"url\":\"https:\/\/familiamartinezbujanda.com\/en\/\",\"logo\":{\"@type\":\"ImageObject\",\"inLanguage\":\"en-US\",\"@id\":\"https:\/\/familiamartinezbujanda.com\/en\/#\/schema\/logo\/image\/\",\"url\":\"https:\/\/www.familiamartinezbujanda.com\/wp-content\/uploads\/2022\/06\/favicon.jpg\",\"contentUrl\":\"https:\/\/www.familiamartinezbujanda.com\/wp-content\/uploads\/2022\/06\/favicon.jpg\",\"width\":512,\"height\":512,\"caption\":\"Familia Mart\u00ednez Bujanda\"},\"image\":{\"@id\":\"https:\/\/familiamartinezbujanda.com\/en\/#\/schema\/logo\/image\/\"}}]}<\/script>\n<!-- \/ Yoast SEO plugin. -->","yoast_head_json":{"title":"LOT COLLECTION CRIANZA COLLECTION VARIETALS FINCA ANTIGUA | Familia Mart\u00ednez Bujanda","description":"Discover the range of Finca Antigua Crianza wines: Tempranillo, Merlot, Syrah, Cabernet Sauvignon, Petit Verdot and Garnacha. Unique flavors in every bottle","robots":{"index":"index","follow":"follow","max-snippet":"max-snippet:-1","max-image-preview":"max-image-preview:large","max-video-preview":"max-video-preview:-1"},"canonical":"https:\/\/familiamartinezbujanda.com\/en\/shop\/wines\/crianzas-en\/collection-breeding-varietals\/","og_locale":"en_US","og_type":"article","og_title":"LOT COLLECTION CRIANZA COLLECTION VARIETALS FINCA ANTIGUA | Familia Mart\u00ednez Bujanda","og_description":"Discover the range of Finca Antigua Crianza wines: Tempranillo, Merlot, Syrah, Cabernet Sauvignon, Petit Verdot and Garnacha. Unique flavors in every bottle","og_url":"https:\/\/familiamartinezbujanda.com\/en\/shop\/wines\/crianzas-en\/collection-breeding-varietals\/","og_site_name":"Familia Mart\u00ednez Bujanda","article_modified_time":"2025-11-18T10:40:58+00:00","og_image":[{"width":600,"height":600,"url":"https:\/\/familiamartinezbujanda.com\/wp-content\/uploads\/2022\/05\/coleccion-crianza-varietales.jpg","type":"image\/jpeg"}],"twitter_card":"summary_large_image","twitter_misc":{"Est. reading time":"2 minutes"},"schema":{"@context":"https:\/\/schema.org","@graph":[{"@type":"WebPage","@id":"https:\/\/familiamartinezbujanda.com\/en\/shop\/wines\/crianzas-en\/collection-breeding-varietals\/","url":"https:\/\/familiamartinezbujanda.com\/en\/shop\/wines\/crianzas-en\/collection-breeding-varietals\/","name":"LOT COLLECTION CRIANZA COLLECTION VARIETALS FINCA ANTIGUA | Familia Mart\u00ednez Bujanda","isPartOf":{"@id":"https:\/\/familiamartinezbujanda.com\/en\/#website"},"primaryImageOfPage":{"@id":"https:\/\/familiamartinezbujanda.com\/en\/shop\/wines\/crianzas-en\/collection-breeding-varietals\/#primaryimage"},"image":{"@id":"https:\/\/familiamartinezbujanda.com\/en\/shop\/wines\/crianzas-en\/collection-breeding-varietals\/#primaryimage"},"thumbnailUrl":"https:\/\/familiamartinezbujanda.com\/wp-content\/uploads\/2022\/05\/coleccion-crianza-varietales.jpg","datePublished":"2021-12-11T15:57:04+00:00","dateModified":"2025-11-18T10:40:58+00:00","description":"Discover the range of Finca Antigua Crianza wines: Tempranillo, Merlot, Syrah, Cabernet Sauvignon, Petit Verdot and Garnacha. Unique flavors in every bottle","breadcrumb":{"@id":"https:\/\/familiamartinezbujanda.com\/en\/shop\/wines\/crianzas-en\/collection-breeding-varietals\/#breadcrumb"},"inLanguage":"en-US","potentialAction":[{"@type":"ReadAction","target":["https:\/\/familiamartinezbujanda.com\/en\/shop\/wines\/crianzas-en\/collection-breeding-varietals\/"]}]},{"@type":"ImageObject","inLanguage":"en-US","@id":"https:\/\/familiamartinezbujanda.com\/en\/shop\/wines\/crianzas-en\/collection-breeding-varietals\/#primaryimage","url":"https:\/\/familiamartinezbujanda.com\/wp-content\/uploads\/2022\/05\/coleccion-crianza-varietales.jpg","contentUrl":"https:\/\/familiamartinezbujanda.com\/wp-content\/uploads\/2022\/05\/coleccion-crianza-varietales.jpg","width":600,"height":600},{"@type":"BreadcrumbList","@id":"https:\/\/familiamartinezbujanda.com\/en\/shop\/wines\/crianzas-en\/collection-breeding-varietals\/#breadcrumb","itemListElement":[{"@type":"ListItem","position":1,"name":"Portada","item":"https:\/\/familiamartinezbujanda.com\/en\/inicio\/"},{"@type":"ListItem","position":2,"name":"Tienda","item":"https:\/\/familiamartinezbujanda.com\/en\/shop\/"},{"@type":"ListItem","position":3,"name":"LOT COLLECTION CRIANZA COLLECTION VARIETALS FINCA ANTIGUA"}]},{"@type":"WebSite","@id":"https:\/\/familiamartinezbujanda.com\/en\/#website","url":"https:\/\/familiamartinezbujanda.com\/en\/","name":"Familia Mart\u00ednez Bujanda","description":"Cinco bodegas conforman Familia Mart\u00ednez-Bujanda: Finca Valpiedra (DOCa Rioja), Finca Antigua (DO La Mancha), Finca Montepedroso (DO Rueda), Vi\u00f1a Bujanda ...","publisher":{"@id":"https:\/\/familiamartinezbujanda.com\/en\/#organization"},"potentialAction":[{"@type":"SearchAction","target":{"@type":"EntryPoint","urlTemplate":"https:\/\/familiamartinezbujanda.com\/en\/?s={search_term_string}"},"query-input":{"@type":"PropertyValueSpecification","valueRequired":true,"valueName":"search_term_string"}}],"inLanguage":"en-US"},{"@type":"Organization","@id":"https:\/\/familiamartinezbujanda.com\/en\/#organization","name":"Familia Mart\u00ednez Bujanda","url":"https:\/\/familiamartinezbujanda.com\/en\/","logo":{"@type":"ImageObject","inLanguage":"en-US","@id":"https:\/\/familiamartinezbujanda.com\/en\/#\/schema\/logo\/image\/","url":"https:\/\/www.familiamartinezbujanda.com\/wp-content\/uploads\/2022\/06\/favicon.jpg","contentUrl":"https:\/\/www.familiamartinezbujanda.com\/wp-content\/uploads\/2022\/06\/favicon.jpg","width":512,"height":512,"caption":"Familia Mart\u00ednez Bujanda"},"image":{"@id":"https:\/\/familiamartinezbujanda.com\/en\/#\/schema\/logo\/image\/"}}]}},"_links":{"self":[{"href":"https:\/\/familiamartinezbujanda.com\/en\/wp-json\/wp\/v2\/product\/69851","targetHints":{"allow":["GET"]}}],"collection":[{"href":"https:\/\/familiamartinezbujanda.com\/en\/wp-json\/wp\/v2\/product"}],"about":[{"href":"https:\/\/familiamartinezbujanda.com\/en\/wp-json\/wp\/v2\/types\/product"}],"replies":[{"embeddable":true,"href":"https:\/\/familiamartinezbujanda.com\/en\/wp-json\/wp\/v2\/comments?post=69851"}],"wp:featuredmedia":[{"embeddable":true,"href":"https:\/\/familiamartinezbujanda.com\/en\/wp-json\/wp\/v2\/media\/68342"}],"wp:attachment":[{"href":"https:\/\/familiamartinezbujanda.com\/en\/wp-json\/wp\/v2\/media?parent=69851"}],"wp:term":[{"taxonomy":"product_brand","embeddable":true,"href":"https:\/\/familiamartinezbujanda.com\/en\/wp-json\/wp\/v2\/product_brand?post=69851"},{"taxonomy":"product_cat","embeddable":true,"href":"https:\/\/familiamartinezbujanda.com\/en\/wp-json\/wp\/v2\/product_cat?post=69851"},{"taxonomy":"product_tag","embeddable":true,"href":"https:\/\/familiamartinezbujanda.com\/en\/wp-json\/wp\/v2\/product_tag?post=69851"}],"curies":[{"name":"wp","href":"https:\/\/api.w.org\/{rel}","templated":true}]}}