{"id":69854,"date":"2021-12-15T14:15:17","date_gmt":"2021-12-15T13:15:17","guid":{"rendered":"https:\/\/familiamartinezbujanda.madisonmk.agency\/tienda\/uncategorized\/old-farm-lot-in-penin"},"modified":"2026-01-09T12:33:43","modified_gmt":"2026-01-09T11:33:43","slug":"finca-antigua-in-penin","status":"publish","type":"product","link":"https:\/\/familiamartinezbujanda.com\/en\/shop\/wines\/packs\/finca-antigua-in-penin\/","title":{"rendered":"FINCA ANTIGUA IN PE\u00d1\u00cdN LOT"},"content":{"rendered":"<p>Finca Antigua in Los Hinojosos (Cuenca) is located at an altitude of 900 meters. It has a continental climate characterized by long, cold winters and short, hot summers, which helps our grapes to achieve a balanced ripening.<\/p>\n<p>With 421 hectares of vineyards and cultivating national and international varieties, we produce a range of varietal wines that bring their maximum expression. These singular wines are the result of plots that, each with its own characteristics, give the wine a very personal character.<\/p>\n<p>And for the occasion we have prepared a batch of great wines that have achieved a high score in the Pe\u00f1\u00edn guide:<\/p>\n<p><strong>Clavis <\/strong>&#8211; a signature wine, the result of the combination of 8 grape varieties&#8230; an excellent wine with a lot of body. Limited edition.<\/p>\n<p><strong>Finca Antigua Syrah <\/strong>&#8211; a 100% barrel-aged Syrah, one of the varietals in the collection.<\/p>\n<p><strong>Finca Antigua Reserva<\/strong> &#8211; a blend of syrah, cabernet and merlot with a French touch.<\/p>\n<p><strong>Finca Antigua Moscatel<\/strong> &#8211; a naturally sweet wine that will surprise you.<\/p>\n","protected":false},"excerpt":{"rendered":"<p>Selection of great wines from Finca Antigua (Los Hinojosos, Cuenca) that have achieved a high score in the prestigious Pe\u00f1\u00edn Guide. Try them and give us your own assessment.<\/p>\n<p>This lot contains:<\/p>\n<p>1* Clavis<\/p>\n<p>1* Finca Antigua Reserva<\/p>\n<p>1* Finca Antigua Syrah crianza<\/p>\n<p>1* Finca Antigua Naturally Sweet Moscatel<\/p>\n","protected":false},"featured_media":68344,"comment_status":"open","ping_status":"closed","template":"","meta":{"iawp_total_views":8},"product_brand":[],"product_cat":[1562,2070],"product_tag":[2119,2121,2134,2111,2136,2138,2135,2137],"class_list":{"0":"post-69854","1":"product","2":"type-product","3":"status-publish","4":"has-post-thumbnail","6":"product_cat-antigua-packs","7":"product_cat-packs","8":"product_tag-do-la-mancha-en","9":"product_tag-finca-antigua-en","10":"product_tag-high-scores","11":"product_tag-martinez-bujanda-family","12":"product_tag-penin-score","13":"product_tag-special-wines","14":"product_tag-wine-lot","15":"product_tag-wine-selection","17":"entry","18":"has-media","20":"first","21":"instock","22":"taxable","23":"shipping-taxable","24":"purchasable","25":"product-type-simple","26":"col","27":"span_1_of_3","28":"owp-content-center","29":"owp-thumbs-layout-horizontal","30":"owp-btn-normal","31":"owp-tabs-layout-horizontal","32":"has-no-thumbnails"},"yoast_head":"<!-- This site is optimized with the Yoast SEO plugin v27.0 - https:\/\/yoast.com\/product\/yoast-seo-wordpress\/ -->\n<title>FINCA ANTIGUA IN PE\u00d1\u00cdN LOT | Familia Mart\u00ednez Bujanda<\/title>\n<meta name=\"description\" content=\"Lot old estate in Pe\u00f1\u00edn. Pack of 4 wines from the best vintages and with the best awards.\" \/>\n<meta name=\"robots\" content=\"index, follow, max-snippet:-1, max-image-preview:large, max-video-preview:-1\" \/>\n<link rel=\"canonical\" href=\"https:\/\/familiamartinezbujanda.com\/en\/shop\/wines\/packs\/finca-antigua-in-penin\/\" \/>\n<meta property=\"og:locale\" content=\"en_US\" \/>\n<meta property=\"og:type\" content=\"article\" \/>\n<meta property=\"og:title\" content=\"FINCA ANTIGUA IN PE\u00d1\u00cdN LOT | Familia Mart\u00ednez Bujanda\" \/>\n<meta property=\"og:description\" content=\"Lot old estate in Pe\u00f1\u00edn. Pack of 4 wines from the best vintages and with the best awards.\" \/>\n<meta property=\"og:url\" content=\"https:\/\/familiamartinezbujanda.com\/en\/shop\/wines\/packs\/finca-antigua-in-penin\/\" \/>\n<meta property=\"og:site_name\" content=\"Familia Mart\u00ednez Bujanda\" \/>\n<meta property=\"article:modified_time\" content=\"2026-01-09T11:33:43+00:00\" \/>\n<meta property=\"og:image\" content=\"https:\/\/familiamartinezbujanda.com\/wp-content\/uploads\/2022\/05\/lote-finca-antigua-penin.jpg\" \/>\n\t<meta property=\"og:image:width\" content=\"600\" \/>\n\t<meta property=\"og:image:height\" content=\"600\" \/>\n\t<meta property=\"og:image:type\" content=\"image\/jpeg\" \/>\n<meta name=\"twitter:card\" content=\"summary_large_image\" \/>\n<meta name=\"twitter:label1\" content=\"Est. reading time\" \/>\n\t<meta name=\"twitter:data1\" content=\"1 minute\" \/>\n<script type=\"application\/ld+json\" class=\"yoast-schema-graph\">{\"@context\":\"https:\/\/schema.org\",\"@graph\":[{\"@type\":\"WebPage\",\"@id\":\"https:\/\/familiamartinezbujanda.com\/en\/shop\/wines\/packs\/finca-antigua-in-penin\/\",\"url\":\"https:\/\/familiamartinezbujanda.com\/en\/shop\/wines\/packs\/finca-antigua-in-penin\/\",\"name\":\"FINCA ANTIGUA IN PE\u00d1\u00cdN LOT | Familia Mart\u00ednez Bujanda\",\"isPartOf\":{\"@id\":\"https:\/\/familiamartinezbujanda.com\/en\/#website\"},\"primaryImageOfPage\":{\"@id\":\"https:\/\/familiamartinezbujanda.com\/en\/shop\/wines\/packs\/finca-antigua-in-penin\/#primaryimage\"},\"image\":{\"@id\":\"https:\/\/familiamartinezbujanda.com\/en\/shop\/wines\/packs\/finca-antigua-in-penin\/#primaryimage\"},\"thumbnailUrl\":\"https:\/\/familiamartinezbujanda.com\/wp-content\/uploads\/2022\/05\/lote-finca-antigua-penin.jpg\",\"datePublished\":\"2021-12-15T13:15:17+00:00\",\"dateModified\":\"2026-01-09T11:33:43+00:00\",\"description\":\"Lot old estate in Pe\u00f1\u00edn. Pack of 4 wines from the best vintages and with the best awards.\",\"breadcrumb\":{\"@id\":\"https:\/\/familiamartinezbujanda.com\/en\/shop\/wines\/packs\/finca-antigua-in-penin\/#breadcrumb\"},\"inLanguage\":\"en-US\",\"potentialAction\":[{\"@type\":\"ReadAction\",\"target\":[\"https:\/\/familiamartinezbujanda.com\/en\/shop\/wines\/packs\/finca-antigua-in-penin\/\"]}]},{\"@type\":\"ImageObject\",\"inLanguage\":\"en-US\",\"@id\":\"https:\/\/familiamartinezbujanda.com\/en\/shop\/wines\/packs\/finca-antigua-in-penin\/#primaryimage\",\"url\":\"https:\/\/familiamartinezbujanda.com\/wp-content\/uploads\/2022\/05\/lote-finca-antigua-penin.jpg\",\"contentUrl\":\"https:\/\/familiamartinezbujanda.com\/wp-content\/uploads\/2022\/05\/lote-finca-antigua-penin.jpg\",\"width\":600,\"height\":600},{\"@type\":\"BreadcrumbList\",\"@id\":\"https:\/\/familiamartinezbujanda.com\/en\/shop\/wines\/packs\/finca-antigua-in-penin\/#breadcrumb\",\"itemListElement\":[{\"@type\":\"ListItem\",\"position\":1,\"name\":\"Portada\",\"item\":\"https:\/\/familiamartinezbujanda.com\/en\/inicio\/\"},{\"@type\":\"ListItem\",\"position\":2,\"name\":\"Tienda\",\"item\":\"https:\/\/familiamartinezbujanda.com\/en\/shop\/\"},{\"@type\":\"ListItem\",\"position\":3,\"name\":\"FINCA ANTIGUA IN PE\u00d1\u00cdN LOT\"}]},{\"@type\":\"WebSite\",\"@id\":\"https:\/\/familiamartinezbujanda.com\/en\/#website\",\"url\":\"https:\/\/familiamartinezbujanda.com\/en\/\",\"name\":\"Familia Mart\u00ednez Bujanda\",\"description\":\"Cinco bodegas conforman Familia Mart\u00ednez-Bujanda: Finca Valpiedra (DOCa Rioja), Finca Antigua (DO La Mancha), Finca Montepedroso (DO Rueda), Vi\u00f1a Bujanda ...\",\"publisher\":{\"@id\":\"https:\/\/familiamartinezbujanda.com\/en\/#organization\"},\"potentialAction\":[{\"@type\":\"SearchAction\",\"target\":{\"@type\":\"EntryPoint\",\"urlTemplate\":\"https:\/\/familiamartinezbujanda.com\/en\/?s={search_term_string}\"},\"query-input\":{\"@type\":\"PropertyValueSpecification\",\"valueRequired\":true,\"valueName\":\"search_term_string\"}}],\"inLanguage\":\"en-US\"},{\"@type\":\"Organization\",\"@id\":\"https:\/\/familiamartinezbujanda.com\/en\/#organization\",\"name\":\"Familia Mart\u00ednez Bujanda\",\"url\":\"https:\/\/familiamartinezbujanda.com\/en\/\",\"logo\":{\"@type\":\"ImageObject\",\"inLanguage\":\"en-US\",\"@id\":\"https:\/\/familiamartinezbujanda.com\/en\/#\/schema\/logo\/image\/\",\"url\":\"https:\/\/www.familiamartinezbujanda.com\/wp-content\/uploads\/2022\/06\/favicon.jpg\",\"contentUrl\":\"https:\/\/www.familiamartinezbujanda.com\/wp-content\/uploads\/2022\/06\/favicon.jpg\",\"width\":512,\"height\":512,\"caption\":\"Familia Mart\u00ednez Bujanda\"},\"image\":{\"@id\":\"https:\/\/familiamartinezbujanda.com\/en\/#\/schema\/logo\/image\/\"}}]}<\/script>\n<!-- \/ Yoast SEO plugin. -->","yoast_head_json":{"title":"FINCA ANTIGUA IN PE\u00d1\u00cdN LOT | Familia Mart\u00ednez Bujanda","description":"Lot old estate in Pe\u00f1\u00edn. Pack of 4 wines from the best vintages and with the best awards.","robots":{"index":"index","follow":"follow","max-snippet":"max-snippet:-1","max-image-preview":"max-image-preview:large","max-video-preview":"max-video-preview:-1"},"canonical":"https:\/\/familiamartinezbujanda.com\/en\/shop\/wines\/packs\/finca-antigua-in-penin\/","og_locale":"en_US","og_type":"article","og_title":"FINCA ANTIGUA IN PE\u00d1\u00cdN LOT | Familia Mart\u00ednez Bujanda","og_description":"Lot old estate in Pe\u00f1\u00edn. Pack of 4 wines from the best vintages and with the best awards.","og_url":"https:\/\/familiamartinezbujanda.com\/en\/shop\/wines\/packs\/finca-antigua-in-penin\/","og_site_name":"Familia Mart\u00ednez Bujanda","article_modified_time":"2026-01-09T11:33:43+00:00","og_image":[{"width":600,"height":600,"url":"https:\/\/familiamartinezbujanda.com\/wp-content\/uploads\/2022\/05\/lote-finca-antigua-penin.jpg","type":"image\/jpeg"}],"twitter_card":"summary_large_image","twitter_misc":{"Est. reading time":"1 minute"},"schema":{"@context":"https:\/\/schema.org","@graph":[{"@type":"WebPage","@id":"https:\/\/familiamartinezbujanda.com\/en\/shop\/wines\/packs\/finca-antigua-in-penin\/","url":"https:\/\/familiamartinezbujanda.com\/en\/shop\/wines\/packs\/finca-antigua-in-penin\/","name":"FINCA ANTIGUA IN PE\u00d1\u00cdN LOT | Familia Mart\u00ednez Bujanda","isPartOf":{"@id":"https:\/\/familiamartinezbujanda.com\/en\/#website"},"primaryImageOfPage":{"@id":"https:\/\/familiamartinezbujanda.com\/en\/shop\/wines\/packs\/finca-antigua-in-penin\/#primaryimage"},"image":{"@id":"https:\/\/familiamartinezbujanda.com\/en\/shop\/wines\/packs\/finca-antigua-in-penin\/#primaryimage"},"thumbnailUrl":"https:\/\/familiamartinezbujanda.com\/wp-content\/uploads\/2022\/05\/lote-finca-antigua-penin.jpg","datePublished":"2021-12-15T13:15:17+00:00","dateModified":"2026-01-09T11:33:43+00:00","description":"Lot old estate in Pe\u00f1\u00edn. Pack of 4 wines from the best vintages and with the best awards.","breadcrumb":{"@id":"https:\/\/familiamartinezbujanda.com\/en\/shop\/wines\/packs\/finca-antigua-in-penin\/#breadcrumb"},"inLanguage":"en-US","potentialAction":[{"@type":"ReadAction","target":["https:\/\/familiamartinezbujanda.com\/en\/shop\/wines\/packs\/finca-antigua-in-penin\/"]}]},{"@type":"ImageObject","inLanguage":"en-US","@id":"https:\/\/familiamartinezbujanda.com\/en\/shop\/wines\/packs\/finca-antigua-in-penin\/#primaryimage","url":"https:\/\/familiamartinezbujanda.com\/wp-content\/uploads\/2022\/05\/lote-finca-antigua-penin.jpg","contentUrl":"https:\/\/familiamartinezbujanda.com\/wp-content\/uploads\/2022\/05\/lote-finca-antigua-penin.jpg","width":600,"height":600},{"@type":"BreadcrumbList","@id":"https:\/\/familiamartinezbujanda.com\/en\/shop\/wines\/packs\/finca-antigua-in-penin\/#breadcrumb","itemListElement":[{"@type":"ListItem","position":1,"name":"Portada","item":"https:\/\/familiamartinezbujanda.com\/en\/inicio\/"},{"@type":"ListItem","position":2,"name":"Tienda","item":"https:\/\/familiamartinezbujanda.com\/en\/shop\/"},{"@type":"ListItem","position":3,"name":"FINCA ANTIGUA IN PE\u00d1\u00cdN LOT"}]},{"@type":"WebSite","@id":"https:\/\/familiamartinezbujanda.com\/en\/#website","url":"https:\/\/familiamartinezbujanda.com\/en\/","name":"Familia Mart\u00ednez Bujanda","description":"Cinco bodegas conforman Familia Mart\u00ednez-Bujanda: Finca Valpiedra (DOCa Rioja), Finca Antigua (DO La Mancha), Finca Montepedroso (DO Rueda), Vi\u00f1a Bujanda ...","publisher":{"@id":"https:\/\/familiamartinezbujanda.com\/en\/#organization"},"potentialAction":[{"@type":"SearchAction","target":{"@type":"EntryPoint","urlTemplate":"https:\/\/familiamartinezbujanda.com\/en\/?s={search_term_string}"},"query-input":{"@type":"PropertyValueSpecification","valueRequired":true,"valueName":"search_term_string"}}],"inLanguage":"en-US"},{"@type":"Organization","@id":"https:\/\/familiamartinezbujanda.com\/en\/#organization","name":"Familia Mart\u00ednez Bujanda","url":"https:\/\/familiamartinezbujanda.com\/en\/","logo":{"@type":"ImageObject","inLanguage":"en-US","@id":"https:\/\/familiamartinezbujanda.com\/en\/#\/schema\/logo\/image\/","url":"https:\/\/www.familiamartinezbujanda.com\/wp-content\/uploads\/2022\/06\/favicon.jpg","contentUrl":"https:\/\/www.familiamartinezbujanda.com\/wp-content\/uploads\/2022\/06\/favicon.jpg","width":512,"height":512,"caption":"Familia Mart\u00ednez Bujanda"},"image":{"@id":"https:\/\/familiamartinezbujanda.com\/en\/#\/schema\/logo\/image\/"}}]}},"_links":{"self":[{"href":"https:\/\/familiamartinezbujanda.com\/en\/wp-json\/wp\/v2\/product\/69854","targetHints":{"allow":["GET"]}}],"collection":[{"href":"https:\/\/familiamartinezbujanda.com\/en\/wp-json\/wp\/v2\/product"}],"about":[{"href":"https:\/\/familiamartinezbujanda.com\/en\/wp-json\/wp\/v2\/types\/product"}],"replies":[{"embeddable":true,"href":"https:\/\/familiamartinezbujanda.com\/en\/wp-json\/wp\/v2\/comments?post=69854"}],"wp:featuredmedia":[{"embeddable":true,"href":"https:\/\/familiamartinezbujanda.com\/en\/wp-json\/wp\/v2\/media\/68344"}],"wp:attachment":[{"href":"https:\/\/familiamartinezbujanda.com\/en\/wp-json\/wp\/v2\/media?parent=69854"}],"wp:term":[{"taxonomy":"product_brand","embeddable":true,"href":"https:\/\/familiamartinezbujanda.com\/en\/wp-json\/wp\/v2\/product_brand?post=69854"},{"taxonomy":"product_cat","embeddable":true,"href":"https:\/\/familiamartinezbujanda.com\/en\/wp-json\/wp\/v2\/product_cat?post=69854"},{"taxonomy":"product_tag","embeddable":true,"href":"https:\/\/familiamartinezbujanda.com\/en\/wp-json\/wp\/v2\/product_tag?post=69854"}],"curies":[{"name":"wp","href":"https:\/\/api.w.org\/{rel}","templated":true}]}}