{"id":69855,"date":"2023-05-04T11:29:52","date_gmt":"2023-05-04T09:29:52","guid":{"rendered":"https:\/\/familiamartinezbujanda.madisonmk.agency\/tienda\/uncategorized\/visit-tasting-and-picnic-in-the-vineyard-72-e-person"},"modified":"2026-04-16T17:04:24","modified_gmt":"2026-04-16T15:04:24","slug":"flavors-of-the-ebro","status":"publish","type":"product","link":"https:\/\/familiamartinezbujanda.com\/en\/shop\/guided-tours-of-the-wineries\/visits-to-finca-valpiedra-winery\/flavors-of-the-ebro\/","title":{"rendered":"Flavors of the Ebro: Tasting and picnic by de Riverside (80 \u20ac\/person)"},"content":{"rendered":"<h3>Flavors of the Ebro: Tasting and picnic by de Riverside<\/h3>\n<p>Flavors of the Ebro is a premium wine tourism experience at Finca Valpiedra, one of the wineries of Familia Mart\u00ednez Bujanda, located in the heart of La Rioja Alta. Founded in 1999, the estate is part of the Asociaci\u00f3n Grandes Pagos de Espa\u00f1a, an exclusive group of wineries known for their unique vineyards and commitment to expressing authentic terroirs.<\/p>\n<p>Finca Valpiedra follows a classic Bordeaux style, producing wines from a single estate vineyard. Its range includes Finca Valpiedra (its flagship reserve wine), Cantos de Valpiedra (crianza), Petra de Valpiedra (a limited edition 100% Garnacha), and Finca Valpiedra Reserva Blanco, a rare white wine. All wines reflect the estate\u2019s distinctive stony soils and unique microclimate, which shape their character and quality.<\/p>\n<p>This experience blends nature, culture, and gastronomy. It begins with a welcome wine followed by a guided tour of the winery, where visitors learn about the winemaking process. Guests then explore the vineyard\u2014either by 4&#215;4 vehicle or on foot\u2014discovering the characteristics of the soil, grape varieties, and the vine\u2019s vegetative cycle.<\/p>\n<p>The visit concludes with an outdoor tasting of two of the estate\u2019s most representative wines: Cantos de Valpiedra Crianza and Finca Valpiedra Reserva. Finally, participants enjoy a picnic on the banks of the Ebro River, surrounded by a unique natural landscape.<\/p>\n<p>In case of bad weather, the picnic is moved indoors. Overall, this experience offers a complete and sustainable way to discover the world of wine in an exceptional setting.<\/p>\n<p>&nbsp;<\/p>\n<p style=\"text-align: justify;\">*The 4&#215;4 has capacity for 6 people plus the guide. If the group is larger, it can be done on foot or with the help of the client&#8217;s vehicle.<\/p>\n<p style=\"text-align: justify;\">** In case of bad weather, it would be moved to a space inside the winery.<\/p>\n<p style=\"text-align: center;\">\n","protected":false},"excerpt":{"rendered":"<p>Enjoy a different kind of experience at <strong>Finca Valpiedra<\/strong>, where wine, nature, and landscape come together in a <strong>unique setting<\/strong> in Rioja Alta.<\/p>\n<p>Your visit begins at the winery, where you\u2019ll discover the winemaking and ageing processes behind our wines, along with the<strong> <em>Gran Pago<\/em> <\/strong>concept that defines our <strong>identity<\/strong>.<\/p>\n<p>Next, you\u2019ll explore our vineyards in a <strong>4&#215;4<\/strong>, venturing into this <strong>singular landscape<\/strong> shaped by the <strong>Ebro River meander<\/strong>, and learning how the natural environment influences each wine.<\/p>\n<p>The highlight of the experience awaits outdoors: a guided tasting of our most representative wines surrounded by vineyards and nature.<\/p>\n<p>To complete the experience, you\u2019ll enjoy a <a href=\"https:\/\/familiamartinezbujanda.com\/wp-content\/uploads\/2026\/03\/PICNICS-SP-ingles.pdf\"><strong>picnic<\/strong><\/a> by the banks of the Ebro River, in a peaceful and privileged setting\u2014perfect for unwinding and savouring Rioja at your own pace.<\/p>\n<p><em>**Subject to weather conditions. In case of bad weather, the experience will be moved indoors within the winery.<\/em><\/p>\n<p><strong>Book your visit and enjoy an unforgettable wine tasting and picnic by the Ebro River.<\/strong><\/p>\n","protected":false},"featured_media":68795,"comment_status":"closed","ping_status":"closed","template":"","meta":{"iawp_total_views":171},"product_brand":[],"product_cat":[2109,2072],"product_tag":[],"class_list":{"0":"post-69855","1":"product","2":"type-product","3":"status-publish","4":"has-post-thumbnail","6":"product_cat-guided-tours-of-the-wineries","7":"product_cat-visits-to-finca-valpiedra-winery","9":"entry","10":"has-media","12":"first","13":"instock","14":"virtual","15":"sold-individually","16":"taxable","17":"purchasable","18":"product-type-booking","19":"col","20":"span_1_of_3","21":"owp-content-center","22":"owp-thumbs-layout-horizontal","23":"owp-btn-normal","24":"owp-tabs-layout-horizontal"},"yoast_head":"<!-- This site is optimized with the Yoast SEO plugin v27.0 - https:\/\/yoast.com\/product\/yoast-seo-wordpress\/ -->\n<title>Flavors of the Ebro: Tasting and picnic by de Riverside (80 \u20ac\/person) | Familia Mart\u00ednez Bujanda<\/title>\n<meta name=\"description\" content=\"Discover Finca Valpiedra in La Rioja: winery tour, vineyard experience, premium wine tasting, and a riverside picnic by the Ebro in a unique setting.\" \/>\n<meta name=\"robots\" content=\"index, follow, max-snippet:-1, max-image-preview:large, max-video-preview:-1\" \/>\n<link rel=\"canonical\" href=\"https:\/\/familiamartinezbujanda.com\/en\/shop\/guided-tours-of-the-wineries\/visits-to-finca-valpiedra-winery\/flavors-of-the-ebro\/\" \/>\n<meta property=\"og:locale\" content=\"en_US\" \/>\n<meta property=\"og:type\" content=\"article\" \/>\n<meta property=\"og:title\" content=\"Flavors of the Ebro: Tasting and picnic by de Riverside (80 \u20ac\/person) | Familia Mart\u00ednez Bujanda\" \/>\n<meta property=\"og:description\" content=\"Discover Finca Valpiedra in La Rioja: winery tour, vineyard experience, premium wine tasting, and a riverside picnic by the Ebro in a unique setting.\" \/>\n<meta property=\"og:url\" content=\"https:\/\/familiamartinezbujanda.com\/en\/shop\/guided-tours-of-the-wineries\/visits-to-finca-valpiedra-winery\/flavors-of-the-ebro\/\" \/>\n<meta property=\"og:site_name\" content=\"Familia Mart\u00ednez Bujanda\" \/>\n<meta property=\"article:modified_time\" content=\"2026-04-16T15:04:24+00:00\" \/>\n<meta property=\"og:image\" content=\"https:\/\/familiamartinezbujanda.com\/wp-content\/uploads\/2023\/05\/visita-pergola.jpeg\" \/>\n\t<meta property=\"og:image:width\" content=\"1024\" \/>\n\t<meta property=\"og:image:height\" content=\"682\" \/>\n\t<meta property=\"og:image:type\" content=\"image\/jpeg\" \/>\n<meta name=\"twitter:card\" content=\"summary_large_image\" \/>\n<meta name=\"twitter:label1\" content=\"Est. reading time\" \/>\n\t<meta name=\"twitter:data1\" content=\"2 minutes\" \/>\n<script type=\"application\/ld+json\" class=\"yoast-schema-graph\">{\"@context\":\"https:\/\/schema.org\",\"@graph\":[{\"@type\":\"WebPage\",\"@id\":\"https:\/\/familiamartinezbujanda.com\/en\/shop\/guided-tours-of-the-wineries\/visits-to-finca-valpiedra-winery\/flavors-of-the-ebro\/\",\"url\":\"https:\/\/familiamartinezbujanda.com\/en\/shop\/guided-tours-of-the-wineries\/visits-to-finca-valpiedra-winery\/flavors-of-the-ebro\/\",\"name\":\"Flavors of the Ebro: Tasting and picnic by de Riverside (80 \u20ac\/person) | Familia Mart\u00ednez Bujanda\",\"isPartOf\":{\"@id\":\"https:\/\/familiamartinezbujanda.com\/en\/#website\"},\"primaryImageOfPage\":{\"@id\":\"https:\/\/familiamartinezbujanda.com\/en\/shop\/guided-tours-of-the-wineries\/visits-to-finca-valpiedra-winery\/flavors-of-the-ebro\/#primaryimage\"},\"image\":{\"@id\":\"https:\/\/familiamartinezbujanda.com\/en\/shop\/guided-tours-of-the-wineries\/visits-to-finca-valpiedra-winery\/flavors-of-the-ebro\/#primaryimage\"},\"thumbnailUrl\":\"https:\/\/familiamartinezbujanda.com\/wp-content\/uploads\/2023\/05\/visita-pergola.jpeg\",\"datePublished\":\"2023-05-04T09:29:52+00:00\",\"dateModified\":\"2026-04-16T15:04:24+00:00\",\"description\":\"Discover Finca Valpiedra in La Rioja: winery tour, vineyard experience, premium wine tasting, and a riverside picnic by the Ebro in a unique setting.\",\"breadcrumb\":{\"@id\":\"https:\/\/familiamartinezbujanda.com\/en\/shop\/guided-tours-of-the-wineries\/visits-to-finca-valpiedra-winery\/flavors-of-the-ebro\/#breadcrumb\"},\"inLanguage\":\"en-US\",\"potentialAction\":[{\"@type\":\"ReadAction\",\"target\":[\"https:\/\/familiamartinezbujanda.com\/en\/shop\/guided-tours-of-the-wineries\/visits-to-finca-valpiedra-winery\/flavors-of-the-ebro\/\"]}]},{\"@type\":\"ImageObject\",\"inLanguage\":\"en-US\",\"@id\":\"https:\/\/familiamartinezbujanda.com\/en\/shop\/guided-tours-of-the-wineries\/visits-to-finca-valpiedra-winery\/flavors-of-the-ebro\/#primaryimage\",\"url\":\"https:\/\/familiamartinezbujanda.com\/wp-content\/uploads\/2023\/05\/visita-pergola.jpeg\",\"contentUrl\":\"https:\/\/familiamartinezbujanda.com\/wp-content\/uploads\/2023\/05\/visita-pergola.jpeg\",\"width\":1024,\"height\":682},{\"@type\":\"BreadcrumbList\",\"@id\":\"https:\/\/familiamartinezbujanda.com\/en\/shop\/guided-tours-of-the-wineries\/visits-to-finca-valpiedra-winery\/flavors-of-the-ebro\/#breadcrumb\",\"itemListElement\":[{\"@type\":\"ListItem\",\"position\":1,\"name\":\"Portada\",\"item\":\"https:\/\/familiamartinezbujanda.com\/en\/inicio\/\"},{\"@type\":\"ListItem\",\"position\":2,\"name\":\"Tienda\",\"item\":\"https:\/\/familiamartinezbujanda.com\/en\/shop\/\"},{\"@type\":\"ListItem\",\"position\":3,\"name\":\"Flavors of the Ebro: Tasting and picnic by de Riverside (80 \u20ac\/person)\"}]},{\"@type\":\"WebSite\",\"@id\":\"https:\/\/familiamartinezbujanda.com\/en\/#website\",\"url\":\"https:\/\/familiamartinezbujanda.com\/en\/\",\"name\":\"Familia Mart\u00ednez Bujanda\",\"description\":\"Cinco bodegas conforman Familia Mart\u00ednez-Bujanda: Finca Valpiedra (DOCa Rioja), Finca Antigua (DO La Mancha), Finca Montepedroso (DO Rueda), Vi\u00f1a Bujanda ...\",\"publisher\":{\"@id\":\"https:\/\/familiamartinezbujanda.com\/en\/#organization\"},\"potentialAction\":[{\"@type\":\"SearchAction\",\"target\":{\"@type\":\"EntryPoint\",\"urlTemplate\":\"https:\/\/familiamartinezbujanda.com\/en\/?s={search_term_string}\"},\"query-input\":{\"@type\":\"PropertyValueSpecification\",\"valueRequired\":true,\"valueName\":\"search_term_string\"}}],\"inLanguage\":\"en-US\"},{\"@type\":\"Organization\",\"@id\":\"https:\/\/familiamartinezbujanda.com\/en\/#organization\",\"name\":\"Familia Mart\u00ednez Bujanda\",\"url\":\"https:\/\/familiamartinezbujanda.com\/en\/\",\"logo\":{\"@type\":\"ImageObject\",\"inLanguage\":\"en-US\",\"@id\":\"https:\/\/familiamartinezbujanda.com\/en\/#\/schema\/logo\/image\/\",\"url\":\"https:\/\/www.familiamartinezbujanda.com\/wp-content\/uploads\/2022\/06\/favicon.jpg\",\"contentUrl\":\"https:\/\/www.familiamartinezbujanda.com\/wp-content\/uploads\/2022\/06\/favicon.jpg\",\"width\":512,\"height\":512,\"caption\":\"Familia Mart\u00ednez Bujanda\"},\"image\":{\"@id\":\"https:\/\/familiamartinezbujanda.com\/en\/#\/schema\/logo\/image\/\"}}]}<\/script>\n<!-- \/ Yoast SEO plugin. -->","yoast_head_json":{"title":"Flavors of the Ebro: Tasting and picnic by de Riverside (80 \u20ac\/person) | Familia Mart\u00ednez Bujanda","description":"Discover Finca Valpiedra in La Rioja: winery tour, vineyard experience, premium wine tasting, and a riverside picnic by the Ebro in a unique setting.","robots":{"index":"index","follow":"follow","max-snippet":"max-snippet:-1","max-image-preview":"max-image-preview:large","max-video-preview":"max-video-preview:-1"},"canonical":"https:\/\/familiamartinezbujanda.com\/en\/shop\/guided-tours-of-the-wineries\/visits-to-finca-valpiedra-winery\/flavors-of-the-ebro\/","og_locale":"en_US","og_type":"article","og_title":"Flavors of the Ebro: Tasting and picnic by de Riverside (80 \u20ac\/person) | Familia Mart\u00ednez Bujanda","og_description":"Discover Finca Valpiedra in La Rioja: winery tour, vineyard experience, premium wine tasting, and a riverside picnic by the Ebro in a unique setting.","og_url":"https:\/\/familiamartinezbujanda.com\/en\/shop\/guided-tours-of-the-wineries\/visits-to-finca-valpiedra-winery\/flavors-of-the-ebro\/","og_site_name":"Familia Mart\u00ednez Bujanda","article_modified_time":"2026-04-16T15:04:24+00:00","og_image":[{"width":1024,"height":682,"url":"https:\/\/familiamartinezbujanda.com\/wp-content\/uploads\/2023\/05\/visita-pergola.jpeg","type":"image\/jpeg"}],"twitter_card":"summary_large_image","twitter_misc":{"Est. reading time":"2 minutes"},"schema":{"@context":"https:\/\/schema.org","@graph":[{"@type":"WebPage","@id":"https:\/\/familiamartinezbujanda.com\/en\/shop\/guided-tours-of-the-wineries\/visits-to-finca-valpiedra-winery\/flavors-of-the-ebro\/","url":"https:\/\/familiamartinezbujanda.com\/en\/shop\/guided-tours-of-the-wineries\/visits-to-finca-valpiedra-winery\/flavors-of-the-ebro\/","name":"Flavors of the Ebro: Tasting and picnic by de Riverside (80 \u20ac\/person) | Familia Mart\u00ednez Bujanda","isPartOf":{"@id":"https:\/\/familiamartinezbujanda.com\/en\/#website"},"primaryImageOfPage":{"@id":"https:\/\/familiamartinezbujanda.com\/en\/shop\/guided-tours-of-the-wineries\/visits-to-finca-valpiedra-winery\/flavors-of-the-ebro\/#primaryimage"},"image":{"@id":"https:\/\/familiamartinezbujanda.com\/en\/shop\/guided-tours-of-the-wineries\/visits-to-finca-valpiedra-winery\/flavors-of-the-ebro\/#primaryimage"},"thumbnailUrl":"https:\/\/familiamartinezbujanda.com\/wp-content\/uploads\/2023\/05\/visita-pergola.jpeg","datePublished":"2023-05-04T09:29:52+00:00","dateModified":"2026-04-16T15:04:24+00:00","description":"Discover Finca Valpiedra in La Rioja: winery tour, vineyard experience, premium wine tasting, and a riverside picnic by the Ebro in a unique setting.","breadcrumb":{"@id":"https:\/\/familiamartinezbujanda.com\/en\/shop\/guided-tours-of-the-wineries\/visits-to-finca-valpiedra-winery\/flavors-of-the-ebro\/#breadcrumb"},"inLanguage":"en-US","potentialAction":[{"@type":"ReadAction","target":["https:\/\/familiamartinezbujanda.com\/en\/shop\/guided-tours-of-the-wineries\/visits-to-finca-valpiedra-winery\/flavors-of-the-ebro\/"]}]},{"@type":"ImageObject","inLanguage":"en-US","@id":"https:\/\/familiamartinezbujanda.com\/en\/shop\/guided-tours-of-the-wineries\/visits-to-finca-valpiedra-winery\/flavors-of-the-ebro\/#primaryimage","url":"https:\/\/familiamartinezbujanda.com\/wp-content\/uploads\/2023\/05\/visita-pergola.jpeg","contentUrl":"https:\/\/familiamartinezbujanda.com\/wp-content\/uploads\/2023\/05\/visita-pergola.jpeg","width":1024,"height":682},{"@type":"BreadcrumbList","@id":"https:\/\/familiamartinezbujanda.com\/en\/shop\/guided-tours-of-the-wineries\/visits-to-finca-valpiedra-winery\/flavors-of-the-ebro\/#breadcrumb","itemListElement":[{"@type":"ListItem","position":1,"name":"Portada","item":"https:\/\/familiamartinezbujanda.com\/en\/inicio\/"},{"@type":"ListItem","position":2,"name":"Tienda","item":"https:\/\/familiamartinezbujanda.com\/en\/shop\/"},{"@type":"ListItem","position":3,"name":"Flavors of the Ebro: Tasting and picnic by de Riverside (80 \u20ac\/person)"}]},{"@type":"WebSite","@id":"https:\/\/familiamartinezbujanda.com\/en\/#website","url":"https:\/\/familiamartinezbujanda.com\/en\/","name":"Familia Mart\u00ednez Bujanda","description":"Cinco bodegas conforman Familia Mart\u00ednez-Bujanda: Finca Valpiedra (DOCa Rioja), Finca Antigua (DO La Mancha), Finca Montepedroso (DO Rueda), Vi\u00f1a Bujanda ...","publisher":{"@id":"https:\/\/familiamartinezbujanda.com\/en\/#organization"},"potentialAction":[{"@type":"SearchAction","target":{"@type":"EntryPoint","urlTemplate":"https:\/\/familiamartinezbujanda.com\/en\/?s={search_term_string}"},"query-input":{"@type":"PropertyValueSpecification","valueRequired":true,"valueName":"search_term_string"}}],"inLanguage":"en-US"},{"@type":"Organization","@id":"https:\/\/familiamartinezbujanda.com\/en\/#organization","name":"Familia Mart\u00ednez Bujanda","url":"https:\/\/familiamartinezbujanda.com\/en\/","logo":{"@type":"ImageObject","inLanguage":"en-US","@id":"https:\/\/familiamartinezbujanda.com\/en\/#\/schema\/logo\/image\/","url":"https:\/\/www.familiamartinezbujanda.com\/wp-content\/uploads\/2022\/06\/favicon.jpg","contentUrl":"https:\/\/www.familiamartinezbujanda.com\/wp-content\/uploads\/2022\/06\/favicon.jpg","width":512,"height":512,"caption":"Familia Mart\u00ednez Bujanda"},"image":{"@id":"https:\/\/familiamartinezbujanda.com\/en\/#\/schema\/logo\/image\/"}}]}},"_links":{"self":[{"href":"https:\/\/familiamartinezbujanda.com\/en\/wp-json\/wp\/v2\/product\/69855","targetHints":{"allow":["GET"]}}],"collection":[{"href":"https:\/\/familiamartinezbujanda.com\/en\/wp-json\/wp\/v2\/product"}],"about":[{"href":"https:\/\/familiamartinezbujanda.com\/en\/wp-json\/wp\/v2\/types\/product"}],"replies":[{"embeddable":true,"href":"https:\/\/familiamartinezbujanda.com\/en\/wp-json\/wp\/v2\/comments?post=69855"}],"wp:featuredmedia":[{"embeddable":true,"href":"https:\/\/familiamartinezbujanda.com\/en\/wp-json\/wp\/v2\/media\/68795"}],"wp:attachment":[{"href":"https:\/\/familiamartinezbujanda.com\/en\/wp-json\/wp\/v2\/media?parent=69855"}],"wp:term":[{"taxonomy":"product_brand","embeddable":true,"href":"https:\/\/familiamartinezbujanda.com\/en\/wp-json\/wp\/v2\/product_brand?post=69855"},{"taxonomy":"product_cat","embeddable":true,"href":"https:\/\/familiamartinezbujanda.com\/en\/wp-json\/wp\/v2\/product_cat?post=69855"},{"taxonomy":"product_tag","embeddable":true,"href":"https:\/\/familiamartinezbujanda.com\/en\/wp-json\/wp\/v2\/product_tag?post=69855"}],"curies":[{"name":"wp","href":"https:\/\/api.w.org\/{rel}","templated":true}]}}