{"id":69860,"date":"2023-05-03T16:04:18","date_gmt":"2023-05-03T14:04:18","guid":{"rendered":"https:\/\/familiamartinezbujanda.madisonmk.agency\/tienda\/uncategorized\/visit-el-palomar-30-e-person"},"modified":"2026-03-19T13:36:35","modified_gmt":"2026-03-19T12:36:35","slug":"tour2","status":"publish","type":"product","link":"https:\/\/familiamartinezbujanda.com\/en\/shop\/guided-tours-of-the-wineries\/visits-to-finca-antigua-winery\/tour2\/","title":{"rendered":"Tour 2 &#8211; El Palomar (33 \u20ac\/person)."},"content":{"rendered":"<p>Discover our El Palomar vineyard\u2014do you know why it\u2019s called that? Come and we\u2019ll tell you, but first we\u2019ll stop at our lookout point so you can enjoy the views of our vineyards.<\/p>\n<p>We\u2019ll also offer you a tasting of three of our most iconic wines paired with a cheese appetizer, followed by a delicious cold lunch perfectly complemented by one of our finest wines, a Finca Antigua Reserva. If you\u2019d like a little more, round out your meal with the add-on: Spanish omelet and a sweet dessert.<\/p>\n<p>Don\u2019t miss out\u2014come visit us. We\u2019ll be waiting for you with open arms.<\/p>\n<p>&nbsp;<\/p>\n","protected":false},"excerpt":{"rendered":"<p>What does the tour include?<\/p>\n<ul>\n<li>Welcome and photo souvenir of the visit<\/li>\n<li>Stop at the viewpoint overlooking the vineyards.<\/li>\n<li>Tour of the winery and visit to the vineyard<\/li>\n<li>Commented tasting of 3 wines in open space<\/li>\n<li>Cold lunch after the tasting paired with one of our best wines.<\/li>\n<li>Children between 6 and 17 years old, grape juice with appetizer, price 14\u20ac.<\/li>\n<\/ul>\n<p><strong>For reservations less than one day in advance, please contact us directly.<\/strong><\/p>\n<p>Do you have any doubts? Don&#8217;t worry, you can contact us at <a href=\"mailto:rmartin@fincaantigua.com\">rmartin@fincaantigua.com<\/a><\/p>\n","protected":false},"featured_media":68751,"comment_status":"closed","ping_status":"closed","template":"","meta":{"iawp_total_views":19},"product_brand":[],"product_cat":[2109,2130],"product_tag":[],"class_list":{"0":"post-69860","1":"product","2":"type-product","3":"status-publish","4":"has-post-thumbnail","6":"product_cat-guided-tours-of-the-wineries","7":"product_cat-visits-to-finca-antigua-winery","9":"entry","10":"has-media","12":"first","13":"instock","14":"virtual","15":"sold-individually","16":"taxable","17":"purchasable","18":"product-type-booking","19":"col","20":"span_1_of_3","21":"owp-content-center","22":"owp-thumbs-layout-horizontal","23":"owp-btn-normal","24":"owp-tabs-layout-horizontal","25":"has-no-thumbnails"},"yoast_head":"<!-- This site is optimized with the Yoast SEO plugin v27.0 - https:\/\/yoast.com\/product\/yoast-seo-wordpress\/ -->\n<title>Tour 2 - El Palomar (33 \u20ac\/person). | Familia Mart\u00ednez Bujanda<\/title>\n<meta name=\"robots\" content=\"index, follow, max-snippet:-1, max-image-preview:large, max-video-preview:-1\" \/>\n<link rel=\"canonical\" href=\"https:\/\/familiamartinezbujanda.com\/en\/shop\/guided-tours-of-the-wineries\/visits-to-finca-antigua-winery\/tour2\/\" \/>\n<meta property=\"og:locale\" content=\"en_US\" \/>\n<meta property=\"og:type\" content=\"article\" \/>\n<meta property=\"og:title\" content=\"Tour 2 - El Palomar (33 \u20ac\/person). | Familia Mart\u00ednez Bujanda\" \/>\n<meta property=\"og:description\" content=\"What does the tour include?   Welcome and photo souvenir of the visit  Stop at the viewpoint overlooking the vineyards.  Tour of the winery and visit to the vineyard  Commented tasting of 3 wines in open space  Cold lunch after the tasting paired with one of our best wines.  Children between 6 and 17 years old, grape juice with appetizer, price 14\u20ac.  For reservations less than one day in advance, please contact us directly.  Do you have any doubts? Don&#039;t worry, you can contact us at rmartin@fincaantigua.com\" \/>\n<meta property=\"og:url\" content=\"https:\/\/familiamartinezbujanda.com\/en\/shop\/guided-tours-of-the-wineries\/visits-to-finca-antigua-winery\/tour2\/\" \/>\n<meta property=\"og:site_name\" content=\"Familia Mart\u00ednez Bujanda\" \/>\n<meta property=\"article:modified_time\" content=\"2026-03-19T12:36:35+00:00\" \/>\n<meta property=\"og:image\" content=\"https:\/\/familiamartinezbujanda.com\/wp-content\/uploads\/2023\/05\/9O0A8932-2048x1365-1.jpg\" \/>\n\t<meta property=\"og:image:width\" content=\"2048\" \/>\n\t<meta property=\"og:image:height\" content=\"1365\" \/>\n\t<meta property=\"og:image:type\" content=\"image\/jpeg\" \/>\n<meta name=\"twitter:card\" content=\"summary_large_image\" \/>\n<meta name=\"twitter:label1\" content=\"Est. reading time\" \/>\n\t<meta name=\"twitter:data1\" content=\"1 minute\" \/>\n<script type=\"application\/ld+json\" class=\"yoast-schema-graph\">{\"@context\":\"https:\/\/schema.org\",\"@graph\":[{\"@type\":\"WebPage\",\"@id\":\"https:\/\/familiamartinezbujanda.com\/en\/shop\/guided-tours-of-the-wineries\/visits-to-finca-antigua-winery\/tour2\/\",\"url\":\"https:\/\/familiamartinezbujanda.com\/en\/shop\/guided-tours-of-the-wineries\/visits-to-finca-antigua-winery\/tour2\/\",\"name\":\"Tour 2 - El Palomar (33 \u20ac\/person). | Familia Mart\u00ednez Bujanda\",\"isPartOf\":{\"@id\":\"https:\/\/familiamartinezbujanda.com\/en\/#website\"},\"primaryImageOfPage\":{\"@id\":\"https:\/\/familiamartinezbujanda.com\/en\/shop\/guided-tours-of-the-wineries\/visits-to-finca-antigua-winery\/tour2\/#primaryimage\"},\"image\":{\"@id\":\"https:\/\/familiamartinezbujanda.com\/en\/shop\/guided-tours-of-the-wineries\/visits-to-finca-antigua-winery\/tour2\/#primaryimage\"},\"thumbnailUrl\":\"https:\/\/familiamartinezbujanda.com\/wp-content\/uploads\/2023\/05\/9O0A8932-2048x1365-1.jpg\",\"datePublished\":\"2023-05-03T14:04:18+00:00\",\"dateModified\":\"2026-03-19T12:36:35+00:00\",\"breadcrumb\":{\"@id\":\"https:\/\/familiamartinezbujanda.com\/en\/shop\/guided-tours-of-the-wineries\/visits-to-finca-antigua-winery\/tour2\/#breadcrumb\"},\"inLanguage\":\"en-US\",\"potentialAction\":[{\"@type\":\"ReadAction\",\"target\":[\"https:\/\/familiamartinezbujanda.com\/en\/shop\/guided-tours-of-the-wineries\/visits-to-finca-antigua-winery\/tour2\/\"]}]},{\"@type\":\"ImageObject\",\"inLanguage\":\"en-US\",\"@id\":\"https:\/\/familiamartinezbujanda.com\/en\/shop\/guided-tours-of-the-wineries\/visits-to-finca-antigua-winery\/tour2\/#primaryimage\",\"url\":\"https:\/\/familiamartinezbujanda.com\/wp-content\/uploads\/2023\/05\/9O0A8932-2048x1365-1.jpg\",\"contentUrl\":\"https:\/\/familiamartinezbujanda.com\/wp-content\/uploads\/2023\/05\/9O0A8932-2048x1365-1.jpg\",\"width\":2048,\"height\":1365},{\"@type\":\"BreadcrumbList\",\"@id\":\"https:\/\/familiamartinezbujanda.com\/en\/shop\/guided-tours-of-the-wineries\/visits-to-finca-antigua-winery\/tour2\/#breadcrumb\",\"itemListElement\":[{\"@type\":\"ListItem\",\"position\":1,\"name\":\"Portada\",\"item\":\"https:\/\/familiamartinezbujanda.com\/en\/inicio\/\"},{\"@type\":\"ListItem\",\"position\":2,\"name\":\"Tienda\",\"item\":\"https:\/\/familiamartinezbujanda.com\/en\/shop\/\"},{\"@type\":\"ListItem\",\"position\":3,\"name\":\"Tour 2 &#8211; El Palomar (33 \u20ac\/person).\"}]},{\"@type\":\"WebSite\",\"@id\":\"https:\/\/familiamartinezbujanda.com\/en\/#website\",\"url\":\"https:\/\/familiamartinezbujanda.com\/en\/\",\"name\":\"Familia Mart\u00ednez Bujanda\",\"description\":\"Cinco bodegas conforman Familia Mart\u00ednez-Bujanda: Finca Valpiedra (DOCa Rioja), Finca Antigua (DO La Mancha), Finca Montepedroso (DO Rueda), Vi\u00f1a Bujanda ...\",\"publisher\":{\"@id\":\"https:\/\/familiamartinezbujanda.com\/en\/#organization\"},\"potentialAction\":[{\"@type\":\"SearchAction\",\"target\":{\"@type\":\"EntryPoint\",\"urlTemplate\":\"https:\/\/familiamartinezbujanda.com\/en\/?s={search_term_string}\"},\"query-input\":{\"@type\":\"PropertyValueSpecification\",\"valueRequired\":true,\"valueName\":\"search_term_string\"}}],\"inLanguage\":\"en-US\"},{\"@type\":\"Organization\",\"@id\":\"https:\/\/familiamartinezbujanda.com\/en\/#organization\",\"name\":\"Familia Mart\u00ednez Bujanda\",\"url\":\"https:\/\/familiamartinezbujanda.com\/en\/\",\"logo\":{\"@type\":\"ImageObject\",\"inLanguage\":\"en-US\",\"@id\":\"https:\/\/familiamartinezbujanda.com\/en\/#\/schema\/logo\/image\/\",\"url\":\"https:\/\/www.familiamartinezbujanda.com\/wp-content\/uploads\/2022\/06\/favicon.jpg\",\"contentUrl\":\"https:\/\/www.familiamartinezbujanda.com\/wp-content\/uploads\/2022\/06\/favicon.jpg\",\"width\":512,\"height\":512,\"caption\":\"Familia Mart\u00ednez Bujanda\"},\"image\":{\"@id\":\"https:\/\/familiamartinezbujanda.com\/en\/#\/schema\/logo\/image\/\"}}]}<\/script>\n<!-- \/ Yoast SEO plugin. -->","yoast_head_json":{"title":"Tour 2 - El Palomar (33 \u20ac\/person). | Familia Mart\u00ednez Bujanda","robots":{"index":"index","follow":"follow","max-snippet":"max-snippet:-1","max-image-preview":"max-image-preview:large","max-video-preview":"max-video-preview:-1"},"canonical":"https:\/\/familiamartinezbujanda.com\/en\/shop\/guided-tours-of-the-wineries\/visits-to-finca-antigua-winery\/tour2\/","og_locale":"en_US","og_type":"article","og_title":"Tour 2 - El Palomar (33 \u20ac\/person). | Familia Mart\u00ednez Bujanda","og_description":"What does the tour include?   Welcome and photo souvenir of the visit  Stop at the viewpoint overlooking the vineyards.  Tour of the winery and visit to the vineyard  Commented tasting of 3 wines in open space  Cold lunch after the tasting paired with one of our best wines.  Children between 6 and 17 years old, grape juice with appetizer, price 14\u20ac.  For reservations less than one day in advance, please contact us directly.  Do you have any doubts? Don't worry, you can contact us at rmartin@fincaantigua.com","og_url":"https:\/\/familiamartinezbujanda.com\/en\/shop\/guided-tours-of-the-wineries\/visits-to-finca-antigua-winery\/tour2\/","og_site_name":"Familia Mart\u00ednez Bujanda","article_modified_time":"2026-03-19T12:36:35+00:00","og_image":[{"width":2048,"height":1365,"url":"https:\/\/familiamartinezbujanda.com\/wp-content\/uploads\/2023\/05\/9O0A8932-2048x1365-1.jpg","type":"image\/jpeg"}],"twitter_card":"summary_large_image","twitter_misc":{"Est. reading time":"1 minute"},"schema":{"@context":"https:\/\/schema.org","@graph":[{"@type":"WebPage","@id":"https:\/\/familiamartinezbujanda.com\/en\/shop\/guided-tours-of-the-wineries\/visits-to-finca-antigua-winery\/tour2\/","url":"https:\/\/familiamartinezbujanda.com\/en\/shop\/guided-tours-of-the-wineries\/visits-to-finca-antigua-winery\/tour2\/","name":"Tour 2 - El Palomar (33 \u20ac\/person). | Familia Mart\u00ednez Bujanda","isPartOf":{"@id":"https:\/\/familiamartinezbujanda.com\/en\/#website"},"primaryImageOfPage":{"@id":"https:\/\/familiamartinezbujanda.com\/en\/shop\/guided-tours-of-the-wineries\/visits-to-finca-antigua-winery\/tour2\/#primaryimage"},"image":{"@id":"https:\/\/familiamartinezbujanda.com\/en\/shop\/guided-tours-of-the-wineries\/visits-to-finca-antigua-winery\/tour2\/#primaryimage"},"thumbnailUrl":"https:\/\/familiamartinezbujanda.com\/wp-content\/uploads\/2023\/05\/9O0A8932-2048x1365-1.jpg","datePublished":"2023-05-03T14:04:18+00:00","dateModified":"2026-03-19T12:36:35+00:00","breadcrumb":{"@id":"https:\/\/familiamartinezbujanda.com\/en\/shop\/guided-tours-of-the-wineries\/visits-to-finca-antigua-winery\/tour2\/#breadcrumb"},"inLanguage":"en-US","potentialAction":[{"@type":"ReadAction","target":["https:\/\/familiamartinezbujanda.com\/en\/shop\/guided-tours-of-the-wineries\/visits-to-finca-antigua-winery\/tour2\/"]}]},{"@type":"ImageObject","inLanguage":"en-US","@id":"https:\/\/familiamartinezbujanda.com\/en\/shop\/guided-tours-of-the-wineries\/visits-to-finca-antigua-winery\/tour2\/#primaryimage","url":"https:\/\/familiamartinezbujanda.com\/wp-content\/uploads\/2023\/05\/9O0A8932-2048x1365-1.jpg","contentUrl":"https:\/\/familiamartinezbujanda.com\/wp-content\/uploads\/2023\/05\/9O0A8932-2048x1365-1.jpg","width":2048,"height":1365},{"@type":"BreadcrumbList","@id":"https:\/\/familiamartinezbujanda.com\/en\/shop\/guided-tours-of-the-wineries\/visits-to-finca-antigua-winery\/tour2\/#breadcrumb","itemListElement":[{"@type":"ListItem","position":1,"name":"Portada","item":"https:\/\/familiamartinezbujanda.com\/en\/inicio\/"},{"@type":"ListItem","position":2,"name":"Tienda","item":"https:\/\/familiamartinezbujanda.com\/en\/shop\/"},{"@type":"ListItem","position":3,"name":"Tour 2 &#8211; El Palomar (33 \u20ac\/person)."}]},{"@type":"WebSite","@id":"https:\/\/familiamartinezbujanda.com\/en\/#website","url":"https:\/\/familiamartinezbujanda.com\/en\/","name":"Familia Mart\u00ednez Bujanda","description":"Cinco bodegas conforman Familia Mart\u00ednez-Bujanda: Finca Valpiedra (DOCa Rioja), Finca Antigua (DO La Mancha), Finca Montepedroso (DO Rueda), Vi\u00f1a Bujanda ...","publisher":{"@id":"https:\/\/familiamartinezbujanda.com\/en\/#organization"},"potentialAction":[{"@type":"SearchAction","target":{"@type":"EntryPoint","urlTemplate":"https:\/\/familiamartinezbujanda.com\/en\/?s={search_term_string}"},"query-input":{"@type":"PropertyValueSpecification","valueRequired":true,"valueName":"search_term_string"}}],"inLanguage":"en-US"},{"@type":"Organization","@id":"https:\/\/familiamartinezbujanda.com\/en\/#organization","name":"Familia Mart\u00ednez Bujanda","url":"https:\/\/familiamartinezbujanda.com\/en\/","logo":{"@type":"ImageObject","inLanguage":"en-US","@id":"https:\/\/familiamartinezbujanda.com\/en\/#\/schema\/logo\/image\/","url":"https:\/\/www.familiamartinezbujanda.com\/wp-content\/uploads\/2022\/06\/favicon.jpg","contentUrl":"https:\/\/www.familiamartinezbujanda.com\/wp-content\/uploads\/2022\/06\/favicon.jpg","width":512,"height":512,"caption":"Familia Mart\u00ednez Bujanda"},"image":{"@id":"https:\/\/familiamartinezbujanda.com\/en\/#\/schema\/logo\/image\/"}}]}},"_links":{"self":[{"href":"https:\/\/familiamartinezbujanda.com\/en\/wp-json\/wp\/v2\/product\/69860","targetHints":{"allow":["GET"]}}],"collection":[{"href":"https:\/\/familiamartinezbujanda.com\/en\/wp-json\/wp\/v2\/product"}],"about":[{"href":"https:\/\/familiamartinezbujanda.com\/en\/wp-json\/wp\/v2\/types\/product"}],"replies":[{"embeddable":true,"href":"https:\/\/familiamartinezbujanda.com\/en\/wp-json\/wp\/v2\/comments?post=69860"}],"wp:featuredmedia":[{"embeddable":true,"href":"https:\/\/familiamartinezbujanda.com\/en\/wp-json\/wp\/v2\/media\/68751"}],"wp:attachment":[{"href":"https:\/\/familiamartinezbujanda.com\/en\/wp-json\/wp\/v2\/media?parent=69860"}],"wp:term":[{"taxonomy":"product_brand","embeddable":true,"href":"https:\/\/familiamartinezbujanda.com\/en\/wp-json\/wp\/v2\/product_brand?post=69860"},{"taxonomy":"product_cat","embeddable":true,"href":"https:\/\/familiamartinezbujanda.com\/en\/wp-json\/wp\/v2\/product_cat?post=69860"},{"taxonomy":"product_tag","embeddable":true,"href":"https:\/\/familiamartinezbujanda.com\/en\/wp-json\/wp\/v2\/product_tag?post=69860"}],"curies":[{"name":"wp","href":"https:\/\/api.w.org\/{rel}","templated":true}]}}