{"id":69864,"date":"2023-05-08T15:29:35","date_gmt":"2023-05-08T13:29:35","guid":{"rendered":"https:\/\/familiamartinezbujanda.madisonmk.agency\/tienda\/uncategorized\/finca-antigua-merlot-crianza"},"modified":"2026-03-27T15:26:45","modified_gmt":"2026-03-27T14:26:45","slug":"finca-antigua-merlot-crianza","status":"publish","type":"product","link":"https:\/\/familiamartinezbujanda.com\/en\/shop\/wines\/crianzas-en\/finca-antigua-merlot-crianza\/","title":{"rendered":"Finca Antigua Merlot Crianza"},"content":{"rendered":"<p><strong>Finca Antigua Merlot Crianza <\/strong>is a<strong> bright, crystalline red<\/strong> wine with powerful floral and toasted aromas. <strong>Cherry red in color<\/strong> with violet hues, it is a well-structured and round wine.<\/p>\n<p>The<strong> aging<\/strong> of the <strong>Merlot grape<\/strong> for 11 months in French oak barrels gives it a silky, balanced and very fresh taste. Wine recommended for oily fish, red meats and spicy dishes.<\/p>\n","protected":false},"excerpt":{"rendered":"<p><span style=\"color: #000000;\"><strong>VINEYARD: <\/strong><\/span>Sierra de La Higuera ( 40 Has).<br \/>\n<span style=\"color: #000000;\"><strong>VARIETY: <\/strong><\/span>100% Merlot<br \/>\n<span style=\"color: #000000;\"><strong>D.O.: <\/strong><\/span>La Mancha.<br \/>\n<span style=\"color: #000000;\"><strong>BOTTLE: <\/strong><\/span>750 ml.<br \/>\n<span style=\"color: #000000;\"><strong>ALCOHOL CONTENT: <\/strong><\/span>14% Vol.<br \/>\n<span style=\"color: #000000;\"><strong>TOTAL ACIDITY: <\/strong><\/span> 5,45 g\/l. Tartaric.<br \/>\n<span style=\"color: #000000;\"><strong>HARVEST DATE: <\/strong><\/span>1st week of September 2020.<br \/>\n<span style=\"color: #000000;\"><strong>AGING: <\/strong><\/span>11 months in French oak barrels.<\/p>\n<div id=\"gtx-trans\" style=\"position: absolute; left: 335px; top: 127px;\">\n<div class=\"gtx-trans-icon\"><\/div>\n<\/div>\n","protected":false},"featured_media":68805,"comment_status":"open","ping_status":"closed","template":"","meta":{"iawp_total_views":50},"product_brand":[],"product_cat":[2046,1559,2220,2068],"product_tag":[],"class_list":{"0":"post-69864","1":"product","2":"type-product","3":"status-publish","4":"has-post-thumbnail","6":"product_cat-crianzas-en","7":"product_cat-finca-antigua-en","8":"product_cat-reds","9":"product_cat-single-varietals-with-barrels","11":"entry","12":"has-media","14":"first","15":"instock","16":"taxable","17":"shipping-taxable","18":"purchasable","19":"product-type-simple","20":"col","21":"span_1_of_3","22":"owp-content-center","23":"owp-thumbs-layout-horizontal","24":"owp-btn-normal","25":"owp-tabs-layout-horizontal","26":"has-no-thumbnails"},"yoast_head":"<!-- This site is optimized with the Yoast SEO plugin v27.0 - https:\/\/yoast.com\/product\/yoast-seo-wordpress\/ -->\n<title>Finca Antigua Merlot Crianza | Familia Mart\u00ednez Bujanda<\/title>\n<meta name=\"description\" content=\"Wine of Finca Antigua Merlot Crianza of our Bodegas Sierra de la Higuera, 100% Garnacha. With D.O. La Mancha.\" \/>\n<meta name=\"robots\" content=\"index, follow, max-snippet:-1, max-image-preview:large, max-video-preview:-1\" \/>\n<link rel=\"canonical\" href=\"https:\/\/familiamartinezbujanda.com\/en\/shop\/wines\/crianzas-en\/finca-antigua-merlot-crianza\/\" \/>\n<meta property=\"og:locale\" content=\"en_US\" \/>\n<meta property=\"og:type\" content=\"article\" \/>\n<meta property=\"og:title\" content=\"Finca Antigua Merlot Crianza | Familia Mart\u00ednez Bujanda\" \/>\n<meta property=\"og:description\" content=\"Wine of Finca Antigua Merlot Crianza of our Bodegas Sierra de la Higuera, 100% Garnacha. With D.O. La Mancha.\" \/>\n<meta property=\"og:url\" content=\"https:\/\/familiamartinezbujanda.com\/en\/shop\/wines\/crianzas-en\/finca-antigua-merlot-crianza\/\" \/>\n<meta property=\"og:site_name\" content=\"Familia Mart\u00ednez Bujanda\" \/>\n<meta property=\"article:modified_time\" content=\"2026-03-27T14:26:45+00:00\" \/>\n<meta property=\"og:image\" content=\"https:\/\/familiamartinezbujanda.com\/wp-content\/uploads\/2023\/05\/finca-antigua-crianza-merlot.jpg\" \/>\n\t<meta property=\"og:image:width\" content=\"600\" \/>\n\t<meta property=\"og:image:height\" content=\"600\" \/>\n\t<meta property=\"og:image:type\" content=\"image\/jpeg\" \/>\n<meta name=\"twitter:card\" content=\"summary_large_image\" \/>\n<meta name=\"twitter:label1\" content=\"Est. reading time\" \/>\n\t<meta name=\"twitter:data1\" content=\"1 minute\" \/>\n<script type=\"application\/ld+json\" class=\"yoast-schema-graph\">{\"@context\":\"https:\/\/schema.org\",\"@graph\":[{\"@type\":\"WebPage\",\"@id\":\"https:\/\/familiamartinezbujanda.com\/en\/shop\/wines\/crianzas-en\/finca-antigua-merlot-crianza\/\",\"url\":\"https:\/\/familiamartinezbujanda.com\/en\/shop\/wines\/crianzas-en\/finca-antigua-merlot-crianza\/\",\"name\":\"Finca Antigua Merlot Crianza | Familia Mart\u00ednez Bujanda\",\"isPartOf\":{\"@id\":\"https:\/\/familiamartinezbujanda.com\/en\/#website\"},\"primaryImageOfPage\":{\"@id\":\"https:\/\/familiamartinezbujanda.com\/en\/shop\/wines\/crianzas-en\/finca-antigua-merlot-crianza\/#primaryimage\"},\"image\":{\"@id\":\"https:\/\/familiamartinezbujanda.com\/en\/shop\/wines\/crianzas-en\/finca-antigua-merlot-crianza\/#primaryimage\"},\"thumbnailUrl\":\"https:\/\/familiamartinezbujanda.com\/wp-content\/uploads\/2023\/05\/finca-antigua-crianza-merlot.jpg\",\"datePublished\":\"2023-05-08T13:29:35+00:00\",\"dateModified\":\"2026-03-27T14:26:45+00:00\",\"description\":\"Wine of Finca Antigua Merlot Crianza of our Bodegas Sierra de la Higuera, 100% Garnacha. With D.O. La Mancha.\",\"breadcrumb\":{\"@id\":\"https:\/\/familiamartinezbujanda.com\/en\/shop\/wines\/crianzas-en\/finca-antigua-merlot-crianza\/#breadcrumb\"},\"inLanguage\":\"en-US\",\"potentialAction\":[{\"@type\":\"ReadAction\",\"target\":[\"https:\/\/familiamartinezbujanda.com\/en\/shop\/wines\/crianzas-en\/finca-antigua-merlot-crianza\/\"]}]},{\"@type\":\"ImageObject\",\"inLanguage\":\"en-US\",\"@id\":\"https:\/\/familiamartinezbujanda.com\/en\/shop\/wines\/crianzas-en\/finca-antigua-merlot-crianza\/#primaryimage\",\"url\":\"https:\/\/familiamartinezbujanda.com\/wp-content\/uploads\/2023\/05\/finca-antigua-crianza-merlot.jpg\",\"contentUrl\":\"https:\/\/familiamartinezbujanda.com\/wp-content\/uploads\/2023\/05\/finca-antigua-crianza-merlot.jpg\",\"width\":600,\"height\":600,\"caption\":\"Finca Antigua Crianza Merlot\"},{\"@type\":\"BreadcrumbList\",\"@id\":\"https:\/\/familiamartinezbujanda.com\/en\/shop\/wines\/crianzas-en\/finca-antigua-merlot-crianza\/#breadcrumb\",\"itemListElement\":[{\"@type\":\"ListItem\",\"position\":1,\"name\":\"Portada\",\"item\":\"https:\/\/familiamartinezbujanda.com\/en\/inicio\/\"},{\"@type\":\"ListItem\",\"position\":2,\"name\":\"Tienda\",\"item\":\"https:\/\/familiamartinezbujanda.com\/en\/shop\/\"},{\"@type\":\"ListItem\",\"position\":3,\"name\":\"Finca Antigua Merlot Crianza\"}]},{\"@type\":\"WebSite\",\"@id\":\"https:\/\/familiamartinezbujanda.com\/en\/#website\",\"url\":\"https:\/\/familiamartinezbujanda.com\/en\/\",\"name\":\"Familia Mart\u00ednez Bujanda\",\"description\":\"Cinco bodegas conforman Familia Mart\u00ednez-Bujanda: Finca Valpiedra (DOCa Rioja), Finca Antigua (DO La Mancha), Finca Montepedroso (DO Rueda), Vi\u00f1a Bujanda ...\",\"publisher\":{\"@id\":\"https:\/\/familiamartinezbujanda.com\/en\/#organization\"},\"potentialAction\":[{\"@type\":\"SearchAction\",\"target\":{\"@type\":\"EntryPoint\",\"urlTemplate\":\"https:\/\/familiamartinezbujanda.com\/en\/?s={search_term_string}\"},\"query-input\":{\"@type\":\"PropertyValueSpecification\",\"valueRequired\":true,\"valueName\":\"search_term_string\"}}],\"inLanguage\":\"en-US\"},{\"@type\":\"Organization\",\"@id\":\"https:\/\/familiamartinezbujanda.com\/en\/#organization\",\"name\":\"Familia Mart\u00ednez Bujanda\",\"url\":\"https:\/\/familiamartinezbujanda.com\/en\/\",\"logo\":{\"@type\":\"ImageObject\",\"inLanguage\":\"en-US\",\"@id\":\"https:\/\/familiamartinezbujanda.com\/en\/#\/schema\/logo\/image\/\",\"url\":\"https:\/\/www.familiamartinezbujanda.com\/wp-content\/uploads\/2022\/06\/favicon.jpg\",\"contentUrl\":\"https:\/\/www.familiamartinezbujanda.com\/wp-content\/uploads\/2022\/06\/favicon.jpg\",\"width\":512,\"height\":512,\"caption\":\"Familia Mart\u00ednez Bujanda\"},\"image\":{\"@id\":\"https:\/\/familiamartinezbujanda.com\/en\/#\/schema\/logo\/image\/\"}}]}<\/script>\n<!-- \/ Yoast SEO plugin. -->","yoast_head_json":{"title":"Finca Antigua Merlot Crianza | Familia Mart\u00ednez Bujanda","description":"Wine of Finca Antigua Merlot Crianza of our Bodegas Sierra de la Higuera, 100% Garnacha. With D.O. La Mancha.","robots":{"index":"index","follow":"follow","max-snippet":"max-snippet:-1","max-image-preview":"max-image-preview:large","max-video-preview":"max-video-preview:-1"},"canonical":"https:\/\/familiamartinezbujanda.com\/en\/shop\/wines\/crianzas-en\/finca-antigua-merlot-crianza\/","og_locale":"en_US","og_type":"article","og_title":"Finca Antigua Merlot Crianza | Familia Mart\u00ednez Bujanda","og_description":"Wine of Finca Antigua Merlot Crianza of our Bodegas Sierra de la Higuera, 100% Garnacha. With D.O. La Mancha.","og_url":"https:\/\/familiamartinezbujanda.com\/en\/shop\/wines\/crianzas-en\/finca-antigua-merlot-crianza\/","og_site_name":"Familia Mart\u00ednez Bujanda","article_modified_time":"2026-03-27T14:26:45+00:00","og_image":[{"width":600,"height":600,"url":"https:\/\/familiamartinezbujanda.com\/wp-content\/uploads\/2023\/05\/finca-antigua-crianza-merlot.jpg","type":"image\/jpeg"}],"twitter_card":"summary_large_image","twitter_misc":{"Est. reading time":"1 minute"},"schema":{"@context":"https:\/\/schema.org","@graph":[{"@type":"WebPage","@id":"https:\/\/familiamartinezbujanda.com\/en\/shop\/wines\/crianzas-en\/finca-antigua-merlot-crianza\/","url":"https:\/\/familiamartinezbujanda.com\/en\/shop\/wines\/crianzas-en\/finca-antigua-merlot-crianza\/","name":"Finca Antigua Merlot Crianza | Familia Mart\u00ednez Bujanda","isPartOf":{"@id":"https:\/\/familiamartinezbujanda.com\/en\/#website"},"primaryImageOfPage":{"@id":"https:\/\/familiamartinezbujanda.com\/en\/shop\/wines\/crianzas-en\/finca-antigua-merlot-crianza\/#primaryimage"},"image":{"@id":"https:\/\/familiamartinezbujanda.com\/en\/shop\/wines\/crianzas-en\/finca-antigua-merlot-crianza\/#primaryimage"},"thumbnailUrl":"https:\/\/familiamartinezbujanda.com\/wp-content\/uploads\/2023\/05\/finca-antigua-crianza-merlot.jpg","datePublished":"2023-05-08T13:29:35+00:00","dateModified":"2026-03-27T14:26:45+00:00","description":"Wine of Finca Antigua Merlot Crianza of our Bodegas Sierra de la Higuera, 100% Garnacha. With D.O. La Mancha.","breadcrumb":{"@id":"https:\/\/familiamartinezbujanda.com\/en\/shop\/wines\/crianzas-en\/finca-antigua-merlot-crianza\/#breadcrumb"},"inLanguage":"en-US","potentialAction":[{"@type":"ReadAction","target":["https:\/\/familiamartinezbujanda.com\/en\/shop\/wines\/crianzas-en\/finca-antigua-merlot-crianza\/"]}]},{"@type":"ImageObject","inLanguage":"en-US","@id":"https:\/\/familiamartinezbujanda.com\/en\/shop\/wines\/crianzas-en\/finca-antigua-merlot-crianza\/#primaryimage","url":"https:\/\/familiamartinezbujanda.com\/wp-content\/uploads\/2023\/05\/finca-antigua-crianza-merlot.jpg","contentUrl":"https:\/\/familiamartinezbujanda.com\/wp-content\/uploads\/2023\/05\/finca-antigua-crianza-merlot.jpg","width":600,"height":600,"caption":"Finca Antigua Crianza Merlot"},{"@type":"BreadcrumbList","@id":"https:\/\/familiamartinezbujanda.com\/en\/shop\/wines\/crianzas-en\/finca-antigua-merlot-crianza\/#breadcrumb","itemListElement":[{"@type":"ListItem","position":1,"name":"Portada","item":"https:\/\/familiamartinezbujanda.com\/en\/inicio\/"},{"@type":"ListItem","position":2,"name":"Tienda","item":"https:\/\/familiamartinezbujanda.com\/en\/shop\/"},{"@type":"ListItem","position":3,"name":"Finca Antigua Merlot Crianza"}]},{"@type":"WebSite","@id":"https:\/\/familiamartinezbujanda.com\/en\/#website","url":"https:\/\/familiamartinezbujanda.com\/en\/","name":"Familia Mart\u00ednez Bujanda","description":"Cinco bodegas conforman Familia Mart\u00ednez-Bujanda: Finca Valpiedra (DOCa Rioja), Finca Antigua (DO La Mancha), Finca Montepedroso (DO Rueda), Vi\u00f1a Bujanda ...","publisher":{"@id":"https:\/\/familiamartinezbujanda.com\/en\/#organization"},"potentialAction":[{"@type":"SearchAction","target":{"@type":"EntryPoint","urlTemplate":"https:\/\/familiamartinezbujanda.com\/en\/?s={search_term_string}"},"query-input":{"@type":"PropertyValueSpecification","valueRequired":true,"valueName":"search_term_string"}}],"inLanguage":"en-US"},{"@type":"Organization","@id":"https:\/\/familiamartinezbujanda.com\/en\/#organization","name":"Familia Mart\u00ednez Bujanda","url":"https:\/\/familiamartinezbujanda.com\/en\/","logo":{"@type":"ImageObject","inLanguage":"en-US","@id":"https:\/\/familiamartinezbujanda.com\/en\/#\/schema\/logo\/image\/","url":"https:\/\/www.familiamartinezbujanda.com\/wp-content\/uploads\/2022\/06\/favicon.jpg","contentUrl":"https:\/\/www.familiamartinezbujanda.com\/wp-content\/uploads\/2022\/06\/favicon.jpg","width":512,"height":512,"caption":"Familia Mart\u00ednez Bujanda"},"image":{"@id":"https:\/\/familiamartinezbujanda.com\/en\/#\/schema\/logo\/image\/"}}]}},"_links":{"self":[{"href":"https:\/\/familiamartinezbujanda.com\/en\/wp-json\/wp\/v2\/product\/69864","targetHints":{"allow":["GET"]}}],"collection":[{"href":"https:\/\/familiamartinezbujanda.com\/en\/wp-json\/wp\/v2\/product"}],"about":[{"href":"https:\/\/familiamartinezbujanda.com\/en\/wp-json\/wp\/v2\/types\/product"}],"replies":[{"embeddable":true,"href":"https:\/\/familiamartinezbujanda.com\/en\/wp-json\/wp\/v2\/comments?post=69864"}],"wp:featuredmedia":[{"embeddable":true,"href":"https:\/\/familiamartinezbujanda.com\/en\/wp-json\/wp\/v2\/media\/68805"}],"wp:attachment":[{"href":"https:\/\/familiamartinezbujanda.com\/en\/wp-json\/wp\/v2\/media?parent=69864"}],"wp:term":[{"taxonomy":"product_brand","embeddable":true,"href":"https:\/\/familiamartinezbujanda.com\/en\/wp-json\/wp\/v2\/product_brand?post=69864"},{"taxonomy":"product_cat","embeddable":true,"href":"https:\/\/familiamartinezbujanda.com\/en\/wp-json\/wp\/v2\/product_cat?post=69864"},{"taxonomy":"product_tag","embeddable":true,"href":"https:\/\/familiamartinezbujanda.com\/en\/wp-json\/wp\/v2\/product_tag?post=69864"}],"curies":[{"name":"wp","href":"https:\/\/api.w.org\/{rel}","templated":true}]}}