{"id":69867,"date":"2023-05-04T09:16:49","date_gmt":"2023-05-04T07:16:49","guid":{"rendered":"https:\/\/familiamartinezbujanda.madisonmk.agency\/tienda\/uncategorized\/picnic-by-the-vineyard"},"modified":"2026-01-08T14:06:37","modified_gmt":"2026-01-08T13:06:37","slug":"picnic-by-the-vineyard","status":"publish","type":"product","link":"https:\/\/familiamartinezbujanda.com\/en\/shop\/guided-tours-of-the-wineries\/visits-to-finca-montepedroso-winery\/picnic-by-the-vineyard\/","title":{"rendered":"Visit and Picnic by the vineyard"},"content":{"rendered":"","protected":false},"excerpt":{"rendered":"<ul>\n<li>Visit Montepedroso + Picnic next to the vineyard: 50\u20ac.<\/li>\n<li>Children from 10 to 17 years old: Visit + Picnic: 33\u20ac<\/li>\n<\/ul>\n<p>1 picnic per person. Minimum reserve 2.<\/p>\n<p>Includes menu and bottle of wine (1 bottle for every 2 persons).<\/p>\n<p>April to October.<\/p>\n<p>The picnic will be held outdoors. If weather conditions do not allow it, it will be moved inside the winery.<\/p>\n<p>*Reservations are required.<\/p>\n<p>Limited units.<\/p>\n<p><b>Contact the winery at 983.868.977\/644.257.073 (WhatsApp and Telegram only) or at montepedroso@bujanda.com for other after-hours options.<\/b><\/p>\n","protected":false},"featured_media":68778,"comment_status":"closed","ping_status":"closed","template":"","meta":{"iawp_total_views":8},"product_brand":[],"product_cat":[2110],"product_tag":[],"class_list":{"0":"post-69867","1":"product","2":"type-product","3":"status-publish","4":"has-post-thumbnail","6":"product_cat-visits-to-finca-montepedroso-winery","8":"entry","9":"has-media","11":"first","12":"instock","13":"virtual","14":"sold-individually","15":"taxable","16":"purchasable","17":"product-type-booking","18":"col","19":"span_1_of_3","20":"owp-content-center","21":"owp-thumbs-layout-horizontal","22":"owp-btn-normal","23":"owp-tabs-layout-horizontal","24":"has-no-thumbnails"},"yoast_head":"<!-- This site is optimized with the Yoast SEO plugin v27.0 - https:\/\/yoast.com\/product\/yoast-seo-wordpress\/ -->\n<title>Visit and Picnic by the vineyard | Familia Mart\u00ednez Bujanda<\/title>\n<meta name=\"robots\" content=\"index, follow, max-snippet:-1, max-image-preview:large, max-video-preview:-1\" \/>\n<link rel=\"canonical\" href=\"https:\/\/familiamartinezbujanda.com\/en\/shop\/guided-tours-of-the-wineries\/visits-to-finca-montepedroso-winery\/picnic-by-the-vineyard\/\" \/>\n<meta property=\"og:locale\" content=\"en_US\" \/>\n<meta property=\"og:type\" content=\"article\" \/>\n<meta property=\"og:title\" content=\"Visit and Picnic by the vineyard | Familia Mart\u00ednez Bujanda\" \/>\n<meta property=\"og:description\" content=\"Visit Montepedroso + Picnic next to the vineyard: 50\u20ac.  Children from 10 to 17 years old: Visit + Picnic: 33\u20ac  1 picnic per person. Minimum reserve 2.  Includes menu and bottle of wine (1 bottle for every 2 persons).  April to October.  The picnic will be held outdoors. If weather conditions do not allow it, it will be moved inside the winery.  *Reservations are required.  Limited units.  Contact the winery at 983.868.977\/644.257.073 (WhatsApp and Telegram only) or at montepedroso@bujanda.com for other after-hours options.\" \/>\n<meta property=\"og:url\" content=\"https:\/\/familiamartinezbujanda.com\/en\/shop\/guided-tours-of-the-wineries\/visits-to-finca-montepedroso-winery\/picnic-by-the-vineyard\/\" \/>\n<meta property=\"og:site_name\" content=\"Familia Mart\u00ednez Bujanda\" \/>\n<meta property=\"article:modified_time\" content=\"2026-01-08T13:06:37+00:00\" \/>\n<meta property=\"og:image\" content=\"https:\/\/familiamartinezbujanda.com\/wp-content\/uploads\/2023\/05\/Home-Historia.jpg\" \/>\n\t<meta property=\"og:image:width\" content=\"285\" \/>\n\t<meta property=\"og:image:height\" content=\"350\" \/>\n\t<meta property=\"og:image:type\" content=\"image\/jpeg\" \/>\n<meta name=\"twitter:card\" content=\"summary_large_image\" \/>\n<meta name=\"twitter:label1\" content=\"Est. reading time\" \/>\n\t<meta name=\"twitter:data1\" content=\"1 minute\" \/>\n<script type=\"application\/ld+json\" class=\"yoast-schema-graph\">{\"@context\":\"https:\/\/schema.org\",\"@graph\":[{\"@type\":\"WebPage\",\"@id\":\"https:\/\/familiamartinezbujanda.com\/en\/shop\/guided-tours-of-the-wineries\/visits-to-finca-montepedroso-winery\/picnic-by-the-vineyard\/\",\"url\":\"https:\/\/familiamartinezbujanda.com\/en\/shop\/guided-tours-of-the-wineries\/visits-to-finca-montepedroso-winery\/picnic-by-the-vineyard\/\",\"name\":\"Visit and Picnic by the vineyard | Familia Mart\u00ednez Bujanda\",\"isPartOf\":{\"@id\":\"https:\/\/familiamartinezbujanda.com\/en\/#website\"},\"primaryImageOfPage\":{\"@id\":\"https:\/\/familiamartinezbujanda.com\/en\/shop\/guided-tours-of-the-wineries\/visits-to-finca-montepedroso-winery\/picnic-by-the-vineyard\/#primaryimage\"},\"image\":{\"@id\":\"https:\/\/familiamartinezbujanda.com\/en\/shop\/guided-tours-of-the-wineries\/visits-to-finca-montepedroso-winery\/picnic-by-the-vineyard\/#primaryimage\"},\"thumbnailUrl\":\"https:\/\/familiamartinezbujanda.com\/wp-content\/uploads\/2023\/05\/Home-Historia.jpg\",\"datePublished\":\"2023-05-04T07:16:49+00:00\",\"dateModified\":\"2026-01-08T13:06:37+00:00\",\"breadcrumb\":{\"@id\":\"https:\/\/familiamartinezbujanda.com\/en\/shop\/guided-tours-of-the-wineries\/visits-to-finca-montepedroso-winery\/picnic-by-the-vineyard\/#breadcrumb\"},\"inLanguage\":\"en-US\",\"potentialAction\":[{\"@type\":\"ReadAction\",\"target\":[\"https:\/\/familiamartinezbujanda.com\/en\/shop\/guided-tours-of-the-wineries\/visits-to-finca-montepedroso-winery\/picnic-by-the-vineyard\/\"]}]},{\"@type\":\"ImageObject\",\"inLanguage\":\"en-US\",\"@id\":\"https:\/\/familiamartinezbujanda.com\/en\/shop\/guided-tours-of-the-wineries\/visits-to-finca-montepedroso-winery\/picnic-by-the-vineyard\/#primaryimage\",\"url\":\"https:\/\/familiamartinezbujanda.com\/wp-content\/uploads\/2023\/05\/Home-Historia.jpg\",\"contentUrl\":\"https:\/\/familiamartinezbujanda.com\/wp-content\/uploads\/2023\/05\/Home-Historia.jpg\",\"width\":285,\"height\":350},{\"@type\":\"BreadcrumbList\",\"@id\":\"https:\/\/familiamartinezbujanda.com\/en\/shop\/guided-tours-of-the-wineries\/visits-to-finca-montepedroso-winery\/picnic-by-the-vineyard\/#breadcrumb\",\"itemListElement\":[{\"@type\":\"ListItem\",\"position\":1,\"name\":\"Portada\",\"item\":\"https:\/\/familiamartinezbujanda.com\/en\/inicio\/\"},{\"@type\":\"ListItem\",\"position\":2,\"name\":\"Tienda\",\"item\":\"https:\/\/familiamartinezbujanda.com\/en\/shop\/\"},{\"@type\":\"ListItem\",\"position\":3,\"name\":\"Visit and Picnic by the vineyard\"}]},{\"@type\":\"WebSite\",\"@id\":\"https:\/\/familiamartinezbujanda.com\/en\/#website\",\"url\":\"https:\/\/familiamartinezbujanda.com\/en\/\",\"name\":\"Familia Mart\u00ednez Bujanda\",\"description\":\"Cinco bodegas conforman Familia Mart\u00ednez-Bujanda: Finca Valpiedra (DOCa Rioja), Finca Antigua (DO La Mancha), Finca Montepedroso (DO Rueda), Vi\u00f1a Bujanda ...\",\"publisher\":{\"@id\":\"https:\/\/familiamartinezbujanda.com\/en\/#organization\"},\"potentialAction\":[{\"@type\":\"SearchAction\",\"target\":{\"@type\":\"EntryPoint\",\"urlTemplate\":\"https:\/\/familiamartinezbujanda.com\/en\/?s={search_term_string}\"},\"query-input\":{\"@type\":\"PropertyValueSpecification\",\"valueRequired\":true,\"valueName\":\"search_term_string\"}}],\"inLanguage\":\"en-US\"},{\"@type\":\"Organization\",\"@id\":\"https:\/\/familiamartinezbujanda.com\/en\/#organization\",\"name\":\"Familia Mart\u00ednez Bujanda\",\"url\":\"https:\/\/familiamartinezbujanda.com\/en\/\",\"logo\":{\"@type\":\"ImageObject\",\"inLanguage\":\"en-US\",\"@id\":\"https:\/\/familiamartinezbujanda.com\/en\/#\/schema\/logo\/image\/\",\"url\":\"https:\/\/www.familiamartinezbujanda.com\/wp-content\/uploads\/2022\/06\/favicon.jpg\",\"contentUrl\":\"https:\/\/www.familiamartinezbujanda.com\/wp-content\/uploads\/2022\/06\/favicon.jpg\",\"width\":512,\"height\":512,\"caption\":\"Familia Mart\u00ednez Bujanda\"},\"image\":{\"@id\":\"https:\/\/familiamartinezbujanda.com\/en\/#\/schema\/logo\/image\/\"}}]}<\/script>\n<!-- \/ Yoast SEO plugin. -->","yoast_head_json":{"title":"Visit and Picnic by the vineyard | Familia Mart\u00ednez Bujanda","robots":{"index":"index","follow":"follow","max-snippet":"max-snippet:-1","max-image-preview":"max-image-preview:large","max-video-preview":"max-video-preview:-1"},"canonical":"https:\/\/familiamartinezbujanda.com\/en\/shop\/guided-tours-of-the-wineries\/visits-to-finca-montepedroso-winery\/picnic-by-the-vineyard\/","og_locale":"en_US","og_type":"article","og_title":"Visit and Picnic by the vineyard | Familia Mart\u00ednez Bujanda","og_description":"Visit Montepedroso + Picnic next to the vineyard: 50\u20ac.  Children from 10 to 17 years old: Visit + Picnic: 33\u20ac  1 picnic per person. Minimum reserve 2.  Includes menu and bottle of wine (1 bottle for every 2 persons).  April to October.  The picnic will be held outdoors. If weather conditions do not allow it, it will be moved inside the winery.  *Reservations are required.  Limited units.  Contact the winery at 983.868.977\/644.257.073 (WhatsApp and Telegram only) or at montepedroso@bujanda.com for other after-hours options.","og_url":"https:\/\/familiamartinezbujanda.com\/en\/shop\/guided-tours-of-the-wineries\/visits-to-finca-montepedroso-winery\/picnic-by-the-vineyard\/","og_site_name":"Familia Mart\u00ednez Bujanda","article_modified_time":"2026-01-08T13:06:37+00:00","og_image":[{"width":285,"height":350,"url":"https:\/\/familiamartinezbujanda.com\/wp-content\/uploads\/2023\/05\/Home-Historia.jpg","type":"image\/jpeg"}],"twitter_card":"summary_large_image","twitter_misc":{"Est. reading time":"1 minute"},"schema":{"@context":"https:\/\/schema.org","@graph":[{"@type":"WebPage","@id":"https:\/\/familiamartinezbujanda.com\/en\/shop\/guided-tours-of-the-wineries\/visits-to-finca-montepedroso-winery\/picnic-by-the-vineyard\/","url":"https:\/\/familiamartinezbujanda.com\/en\/shop\/guided-tours-of-the-wineries\/visits-to-finca-montepedroso-winery\/picnic-by-the-vineyard\/","name":"Visit and Picnic by the vineyard | Familia Mart\u00ednez Bujanda","isPartOf":{"@id":"https:\/\/familiamartinezbujanda.com\/en\/#website"},"primaryImageOfPage":{"@id":"https:\/\/familiamartinezbujanda.com\/en\/shop\/guided-tours-of-the-wineries\/visits-to-finca-montepedroso-winery\/picnic-by-the-vineyard\/#primaryimage"},"image":{"@id":"https:\/\/familiamartinezbujanda.com\/en\/shop\/guided-tours-of-the-wineries\/visits-to-finca-montepedroso-winery\/picnic-by-the-vineyard\/#primaryimage"},"thumbnailUrl":"https:\/\/familiamartinezbujanda.com\/wp-content\/uploads\/2023\/05\/Home-Historia.jpg","datePublished":"2023-05-04T07:16:49+00:00","dateModified":"2026-01-08T13:06:37+00:00","breadcrumb":{"@id":"https:\/\/familiamartinezbujanda.com\/en\/shop\/guided-tours-of-the-wineries\/visits-to-finca-montepedroso-winery\/picnic-by-the-vineyard\/#breadcrumb"},"inLanguage":"en-US","potentialAction":[{"@type":"ReadAction","target":["https:\/\/familiamartinezbujanda.com\/en\/shop\/guided-tours-of-the-wineries\/visits-to-finca-montepedroso-winery\/picnic-by-the-vineyard\/"]}]},{"@type":"ImageObject","inLanguage":"en-US","@id":"https:\/\/familiamartinezbujanda.com\/en\/shop\/guided-tours-of-the-wineries\/visits-to-finca-montepedroso-winery\/picnic-by-the-vineyard\/#primaryimage","url":"https:\/\/familiamartinezbujanda.com\/wp-content\/uploads\/2023\/05\/Home-Historia.jpg","contentUrl":"https:\/\/familiamartinezbujanda.com\/wp-content\/uploads\/2023\/05\/Home-Historia.jpg","width":285,"height":350},{"@type":"BreadcrumbList","@id":"https:\/\/familiamartinezbujanda.com\/en\/shop\/guided-tours-of-the-wineries\/visits-to-finca-montepedroso-winery\/picnic-by-the-vineyard\/#breadcrumb","itemListElement":[{"@type":"ListItem","position":1,"name":"Portada","item":"https:\/\/familiamartinezbujanda.com\/en\/inicio\/"},{"@type":"ListItem","position":2,"name":"Tienda","item":"https:\/\/familiamartinezbujanda.com\/en\/shop\/"},{"@type":"ListItem","position":3,"name":"Visit and Picnic by the vineyard"}]},{"@type":"WebSite","@id":"https:\/\/familiamartinezbujanda.com\/en\/#website","url":"https:\/\/familiamartinezbujanda.com\/en\/","name":"Familia Mart\u00ednez Bujanda","description":"Cinco bodegas conforman Familia Mart\u00ednez-Bujanda: Finca Valpiedra (DOCa Rioja), Finca Antigua (DO La Mancha), Finca Montepedroso (DO Rueda), Vi\u00f1a Bujanda ...","publisher":{"@id":"https:\/\/familiamartinezbujanda.com\/en\/#organization"},"potentialAction":[{"@type":"SearchAction","target":{"@type":"EntryPoint","urlTemplate":"https:\/\/familiamartinezbujanda.com\/en\/?s={search_term_string}"},"query-input":{"@type":"PropertyValueSpecification","valueRequired":true,"valueName":"search_term_string"}}],"inLanguage":"en-US"},{"@type":"Organization","@id":"https:\/\/familiamartinezbujanda.com\/en\/#organization","name":"Familia Mart\u00ednez Bujanda","url":"https:\/\/familiamartinezbujanda.com\/en\/","logo":{"@type":"ImageObject","inLanguage":"en-US","@id":"https:\/\/familiamartinezbujanda.com\/en\/#\/schema\/logo\/image\/","url":"https:\/\/www.familiamartinezbujanda.com\/wp-content\/uploads\/2022\/06\/favicon.jpg","contentUrl":"https:\/\/www.familiamartinezbujanda.com\/wp-content\/uploads\/2022\/06\/favicon.jpg","width":512,"height":512,"caption":"Familia Mart\u00ednez Bujanda"},"image":{"@id":"https:\/\/familiamartinezbujanda.com\/en\/#\/schema\/logo\/image\/"}}]}},"_links":{"self":[{"href":"https:\/\/familiamartinezbujanda.com\/en\/wp-json\/wp\/v2\/product\/69867","targetHints":{"allow":["GET"]}}],"collection":[{"href":"https:\/\/familiamartinezbujanda.com\/en\/wp-json\/wp\/v2\/product"}],"about":[{"href":"https:\/\/familiamartinezbujanda.com\/en\/wp-json\/wp\/v2\/types\/product"}],"replies":[{"embeddable":true,"href":"https:\/\/familiamartinezbujanda.com\/en\/wp-json\/wp\/v2\/comments?post=69867"}],"wp:featuredmedia":[{"embeddable":true,"href":"https:\/\/familiamartinezbujanda.com\/en\/wp-json\/wp\/v2\/media\/68778"}],"wp:attachment":[{"href":"https:\/\/familiamartinezbujanda.com\/en\/wp-json\/wp\/v2\/media?parent=69867"}],"wp:term":[{"taxonomy":"product_brand","embeddable":true,"href":"https:\/\/familiamartinezbujanda.com\/en\/wp-json\/wp\/v2\/product_brand?post=69867"},{"taxonomy":"product_cat","embeddable":true,"href":"https:\/\/familiamartinezbujanda.com\/en\/wp-json\/wp\/v2\/product_cat?post=69867"},{"taxonomy":"product_tag","embeddable":true,"href":"https:\/\/familiamartinezbujanda.com\/en\/wp-json\/wp\/v2\/product_tag?post=69867"}],"curies":[{"name":"wp","href":"https:\/\/api.w.org\/{rel}","templated":true}]}}