{"id":71360,"date":"2023-05-05T14:04:40","date_gmt":"2023-05-05T12:04:40","guid":{"rendered":"https:\/\/familiamartinezbujanda.com\/tienda\/uncategorized\/mothers-day-with-finca-valpiedra-special"},"modified":"2025-05-25T13:50:19","modified_gmt":"2025-05-25T11:50:19","slug":"mothers-day-with-finca-valpiedra-special","status":"publish","type":"product","link":"https:\/\/familiamartinezbujanda.com\/en\/shop\/mothers-day-especial\/mothers-day-with-finca-valpiedra-special\/","title":{"rendered":"Mother&#8217;s Day Special with Finca Valpiedra"},"content":{"rendered":"<p><strong>Mother&#8217;s Day<\/strong> Special with <a href=\"https:\/\/www.fincavalpiedra.com\/\"><br \/>\n  <strong>Valpiedra Estate<\/strong><br \/>\n<\/a>. A high quality wine for mom!<\/p>\n<p><strong><a href=\"https:\/\/www.fincavalpiedra.com\/wp-content\/uploads\/2022\/07\/FincaValpiedra_Blanco-ESP17.pdf\">Finca Valpiedra blanco reserva<\/a>, (D.O.Ca. Rioja), <\/strong>is a limited edition of a <strong>white wine good for cellaring<\/strong>, one <strong>of the best whites of Rioja<\/strong>. It is made with Viura grapes from vines over 100 years old and contributions of <strong>Malvasia, Grenache and white Maturana<\/strong> located in the <strong>Pe\u00f1a del Gato plot<\/strong>. A creamy, fresh, perfumed wine, with great balance between body and acidity.<\/p>\n<p>This is a reserve white wine that pairs very well with grilled fish and braised poultry, baked turkey and small game dishes (partridge and turtledove). This white wine from Rioja also goes great with medium-high cured cheeses. And if you are looking for paella wines, <strong>Finca Valpiedra Reserva Blanco<\/strong> goes great.<\/p>\n<p>Enjoy an exclusive Rioja white wine made from Viura, Garnacha Blanca, Malvas\u00eda and Maturana Blanca, fermented in French and American oak barrels and aged for 24 months.<\/p>\n<p style=\"text-align: left;\">Do you want to share it?<strong> Finca Valpiedra Reserva Blanco<\/strong> is a good white wine to give as a gift. We suggest other options <a href=\"https:\/\/shopfamiliamartinezbujanda.com\/categoria-producto\/especial-dia-de-la-madre\/\">here<\/a>.<\/p>\n<p style=\"text-align: center;\"><iframe style=\"border: none; overflow: hidden;\" src=\"https:\/\/www.facebook.com\/plugins\/video.php?height=317&amp;href=https%3A%2F%2Fwww.facebook.com%2FFincaValpiedra%2Fvideos%2F313791343547374%2F&amp;show_text=false&amp;width=560&amp;t=0\" width=\"600\" height=\"400\" frameborder=\"0\" scrolling=\"no\" allowfullscreen=\"allowfullscreen\" data-mce-fragment=\"1\"><span data-mce-type=\"bookmark\" style=\"display: inline-block; width: 0px; overflow: hidden; line-height: 0;\" class=\"mce_SELRES_start\"><\/span><span data-mce-type=\"bookmark\" style=\"display: inline-block; width: 0px; overflow: hidden; line-height: 0;\" class=\"mce_SELRES_start\"><\/span><\/iframe><\/p>\n","protected":false},"excerpt":{"rendered":"<p><strong><a href=\"https:\/\/www.fincavalpiedra.com\/wp-content\/uploads\/2022\/07\/FincaValpiedra_Blanco-ESP17.pdf\">Finca Valpiedra blanco reserva<\/a>, (D.O.Ca. Rioja), <\/strong>is a limited edition of a <strong>white wine good for cellaring<\/strong>, one <strong>of the best whites of Rioja<\/strong>. It is made with Viura grapes from vines over 100 years old and contributions of <strong>Malvasia, Grenache and white Maturana<\/strong> located in the <strong>Pe\u00f1a del Gato plot<\/strong>. A creamy, fresh, perfumed wine, with great balance between body and acidity.<\/p>\n","protected":false},"featured_media":68800,"comment_status":"open","ping_status":"closed","template":"","meta":{"iawp_total_views":8},"product_brand":[],"product_cat":[1557],"product_tag":[],"class_list":{"0":"post-71360","1":"product","2":"type-product","3":"status-publish","4":"has-post-thumbnail","6":"product_cat-mothers-day-especial","8":"entry","9":"has-media","11":"first","12":"instock","13":"taxable","14":"shipping-taxable","15":"purchasable","16":"product-type-simple","17":"col","18":"span_1_of_3","19":"owp-content-center","20":"owp-thumbs-layout-horizontal","21":"owp-btn-normal","22":"owp-tabs-layout-horizontal","23":"has-no-thumbnails"},"yoast_head":"<!-- This site is optimized with the Yoast SEO plugin v27.0 - https:\/\/yoast.com\/product\/yoast-seo-wordpress\/ -->\n<title>Mother&#039;s Day Special with Finca Valpiedra | Familia Mart\u00ednez Bujanda<\/title>\n<meta name=\"description\" content=\"Special Mother&#039;s Day with Finca Valpiedra, a wine at the height of motherhood. Finca Valpiedra White Reserva (D.O.Ca. Rioja)\" \/>\n<meta name=\"robots\" content=\"index, follow, max-snippet:-1, max-image-preview:large, max-video-preview:-1\" \/>\n<link rel=\"canonical\" href=\"https:\/\/familiamartinezbujanda.com\/en\/shop\/mothers-day-especial\/mothers-day-with-finca-valpiedra-special\/\" \/>\n<meta property=\"og:locale\" content=\"en_US\" \/>\n<meta property=\"og:type\" content=\"article\" \/>\n<meta property=\"og:title\" content=\"Mother&#039;s Day Special with Finca Valpiedra | Familia Mart\u00ednez Bujanda\" \/>\n<meta property=\"og:description\" content=\"Special Mother&#039;s Day with Finca Valpiedra, a wine at the height of motherhood. Finca Valpiedra White Reserva (D.O.Ca. Rioja)\" \/>\n<meta property=\"og:url\" content=\"https:\/\/familiamartinezbujanda.com\/en\/shop\/mothers-day-especial\/mothers-day-with-finca-valpiedra-special\/\" \/>\n<meta property=\"og:site_name\" content=\"Familia Mart\u00ednez Bujanda\" \/>\n<meta property=\"article:modified_time\" content=\"2025-05-25T11:50:19+00:00\" \/>\n<meta property=\"og:image\" content=\"https:\/\/familiamartinezbujanda.com\/wp-content\/uploads\/2023\/05\/shop-diamadre-fv.jpg\" \/>\n\t<meta property=\"og:image:width\" content=\"600\" \/>\n\t<meta property=\"og:image:height\" content=\"600\" \/>\n\t<meta property=\"og:image:type\" content=\"image\/jpeg\" \/>\n<meta name=\"twitter:card\" content=\"summary_large_image\" \/>\n<meta name=\"twitter:label1\" content=\"Est. reading time\" \/>\n\t<meta name=\"twitter:data1\" content=\"1 minute\" \/>\n<script type=\"application\/ld+json\" class=\"yoast-schema-graph\">{\"@context\":\"https:\/\/schema.org\",\"@graph\":[{\"@type\":\"WebPage\",\"@id\":\"https:\/\/familiamartinezbujanda.com\/en\/shop\/mothers-day-especial\/mothers-day-with-finca-valpiedra-special\/\",\"url\":\"https:\/\/familiamartinezbujanda.com\/en\/shop\/mothers-day-especial\/mothers-day-with-finca-valpiedra-special\/\",\"name\":\"Mother's Day Special with Finca Valpiedra | Familia Mart\u00ednez Bujanda\",\"isPartOf\":{\"@id\":\"https:\/\/familiamartinezbujanda.com\/en\/#website\"},\"primaryImageOfPage\":{\"@id\":\"https:\/\/familiamartinezbujanda.com\/en\/shop\/mothers-day-especial\/mothers-day-with-finca-valpiedra-special\/#primaryimage\"},\"image\":{\"@id\":\"https:\/\/familiamartinezbujanda.com\/en\/shop\/mothers-day-especial\/mothers-day-with-finca-valpiedra-special\/#primaryimage\"},\"thumbnailUrl\":\"https:\/\/familiamartinezbujanda.com\/wp-content\/uploads\/2023\/05\/shop-diamadre-fv.jpg\",\"datePublished\":\"2023-05-05T12:04:40+00:00\",\"dateModified\":\"2025-05-25T11:50:19+00:00\",\"description\":\"Special Mother's Day with Finca Valpiedra, a wine at the height of motherhood. Finca Valpiedra White Reserva (D.O.Ca. Rioja)\",\"breadcrumb\":{\"@id\":\"https:\/\/familiamartinezbujanda.com\/en\/shop\/mothers-day-especial\/mothers-day-with-finca-valpiedra-special\/#breadcrumb\"},\"inLanguage\":\"en-US\",\"potentialAction\":[{\"@type\":\"ReadAction\",\"target\":[\"https:\/\/familiamartinezbujanda.com\/en\/shop\/mothers-day-especial\/mothers-day-with-finca-valpiedra-special\/\"]}]},{\"@type\":\"ImageObject\",\"inLanguage\":\"en-US\",\"@id\":\"https:\/\/familiamartinezbujanda.com\/en\/shop\/mothers-day-especial\/mothers-day-with-finca-valpiedra-special\/#primaryimage\",\"url\":\"https:\/\/familiamartinezbujanda.com\/wp-content\/uploads\/2023\/05\/shop-diamadre-fv.jpg\",\"contentUrl\":\"https:\/\/familiamartinezbujanda.com\/wp-content\/uploads\/2023\/05\/shop-diamadre-fv.jpg\",\"width\":600,\"height\":600},{\"@type\":\"BreadcrumbList\",\"@id\":\"https:\/\/familiamartinezbujanda.com\/en\/shop\/mothers-day-especial\/mothers-day-with-finca-valpiedra-special\/#breadcrumb\",\"itemListElement\":[{\"@type\":\"ListItem\",\"position\":1,\"name\":\"Portada\",\"item\":\"https:\/\/familiamartinezbujanda.com\/en\/inicio\/\"},{\"@type\":\"ListItem\",\"position\":2,\"name\":\"Tienda\",\"item\":\"https:\/\/familiamartinezbujanda.com\/en\/shop\/\"},{\"@type\":\"ListItem\",\"position\":3,\"name\":\"Mother&#8217;s Day Special with Finca Valpiedra\"}]},{\"@type\":\"WebSite\",\"@id\":\"https:\/\/familiamartinezbujanda.com\/en\/#website\",\"url\":\"https:\/\/familiamartinezbujanda.com\/en\/\",\"name\":\"Familia Mart\u00ednez Bujanda\",\"description\":\"Cinco bodegas conforman Familia Mart\u00ednez-Bujanda: Finca Valpiedra (DOCa Rioja), Finca Antigua (DO La Mancha), Finca Montepedroso (DO Rueda), Vi\u00f1a Bujanda ...\",\"publisher\":{\"@id\":\"https:\/\/familiamartinezbujanda.com\/en\/#organization\"},\"potentialAction\":[{\"@type\":\"SearchAction\",\"target\":{\"@type\":\"EntryPoint\",\"urlTemplate\":\"https:\/\/familiamartinezbujanda.com\/en\/?s={search_term_string}\"},\"query-input\":{\"@type\":\"PropertyValueSpecification\",\"valueRequired\":true,\"valueName\":\"search_term_string\"}}],\"inLanguage\":\"en-US\"},{\"@type\":\"Organization\",\"@id\":\"https:\/\/familiamartinezbujanda.com\/en\/#organization\",\"name\":\"Familia Mart\u00ednez Bujanda\",\"url\":\"https:\/\/familiamartinezbujanda.com\/en\/\",\"logo\":{\"@type\":\"ImageObject\",\"inLanguage\":\"en-US\",\"@id\":\"https:\/\/familiamartinezbujanda.com\/en\/#\/schema\/logo\/image\/\",\"url\":\"https:\/\/www.familiamartinezbujanda.com\/wp-content\/uploads\/2022\/06\/favicon.jpg\",\"contentUrl\":\"https:\/\/www.familiamartinezbujanda.com\/wp-content\/uploads\/2022\/06\/favicon.jpg\",\"width\":512,\"height\":512,\"caption\":\"Familia Mart\u00ednez Bujanda\"},\"image\":{\"@id\":\"https:\/\/familiamartinezbujanda.com\/en\/#\/schema\/logo\/image\/\"}}]}<\/script>\n<!-- \/ Yoast SEO plugin. -->","yoast_head_json":{"title":"Mother's Day Special with Finca Valpiedra | Familia Mart\u00ednez Bujanda","description":"Special Mother's Day with Finca Valpiedra, a wine at the height of motherhood. Finca Valpiedra White Reserva (D.O.Ca. Rioja)","robots":{"index":"index","follow":"follow","max-snippet":"max-snippet:-1","max-image-preview":"max-image-preview:large","max-video-preview":"max-video-preview:-1"},"canonical":"https:\/\/familiamartinezbujanda.com\/en\/shop\/mothers-day-especial\/mothers-day-with-finca-valpiedra-special\/","og_locale":"en_US","og_type":"article","og_title":"Mother's Day Special with Finca Valpiedra | Familia Mart\u00ednez Bujanda","og_description":"Special Mother's Day with Finca Valpiedra, a wine at the height of motherhood. Finca Valpiedra White Reserva (D.O.Ca. Rioja)","og_url":"https:\/\/familiamartinezbujanda.com\/en\/shop\/mothers-day-especial\/mothers-day-with-finca-valpiedra-special\/","og_site_name":"Familia Mart\u00ednez Bujanda","article_modified_time":"2025-05-25T11:50:19+00:00","og_image":[{"width":600,"height":600,"url":"https:\/\/familiamartinezbujanda.com\/wp-content\/uploads\/2023\/05\/shop-diamadre-fv.jpg","type":"image\/jpeg"}],"twitter_card":"summary_large_image","twitter_misc":{"Est. reading time":"1 minute"},"schema":{"@context":"https:\/\/schema.org","@graph":[{"@type":"WebPage","@id":"https:\/\/familiamartinezbujanda.com\/en\/shop\/mothers-day-especial\/mothers-day-with-finca-valpiedra-special\/","url":"https:\/\/familiamartinezbujanda.com\/en\/shop\/mothers-day-especial\/mothers-day-with-finca-valpiedra-special\/","name":"Mother's Day Special with Finca Valpiedra | Familia Mart\u00ednez Bujanda","isPartOf":{"@id":"https:\/\/familiamartinezbujanda.com\/en\/#website"},"primaryImageOfPage":{"@id":"https:\/\/familiamartinezbujanda.com\/en\/shop\/mothers-day-especial\/mothers-day-with-finca-valpiedra-special\/#primaryimage"},"image":{"@id":"https:\/\/familiamartinezbujanda.com\/en\/shop\/mothers-day-especial\/mothers-day-with-finca-valpiedra-special\/#primaryimage"},"thumbnailUrl":"https:\/\/familiamartinezbujanda.com\/wp-content\/uploads\/2023\/05\/shop-diamadre-fv.jpg","datePublished":"2023-05-05T12:04:40+00:00","dateModified":"2025-05-25T11:50:19+00:00","description":"Special Mother's Day with Finca Valpiedra, a wine at the height of motherhood. Finca Valpiedra White Reserva (D.O.Ca. Rioja)","breadcrumb":{"@id":"https:\/\/familiamartinezbujanda.com\/en\/shop\/mothers-day-especial\/mothers-day-with-finca-valpiedra-special\/#breadcrumb"},"inLanguage":"en-US","potentialAction":[{"@type":"ReadAction","target":["https:\/\/familiamartinezbujanda.com\/en\/shop\/mothers-day-especial\/mothers-day-with-finca-valpiedra-special\/"]}]},{"@type":"ImageObject","inLanguage":"en-US","@id":"https:\/\/familiamartinezbujanda.com\/en\/shop\/mothers-day-especial\/mothers-day-with-finca-valpiedra-special\/#primaryimage","url":"https:\/\/familiamartinezbujanda.com\/wp-content\/uploads\/2023\/05\/shop-diamadre-fv.jpg","contentUrl":"https:\/\/familiamartinezbujanda.com\/wp-content\/uploads\/2023\/05\/shop-diamadre-fv.jpg","width":600,"height":600},{"@type":"BreadcrumbList","@id":"https:\/\/familiamartinezbujanda.com\/en\/shop\/mothers-day-especial\/mothers-day-with-finca-valpiedra-special\/#breadcrumb","itemListElement":[{"@type":"ListItem","position":1,"name":"Portada","item":"https:\/\/familiamartinezbujanda.com\/en\/inicio\/"},{"@type":"ListItem","position":2,"name":"Tienda","item":"https:\/\/familiamartinezbujanda.com\/en\/shop\/"},{"@type":"ListItem","position":3,"name":"Mother&#8217;s Day Special with Finca Valpiedra"}]},{"@type":"WebSite","@id":"https:\/\/familiamartinezbujanda.com\/en\/#website","url":"https:\/\/familiamartinezbujanda.com\/en\/","name":"Familia Mart\u00ednez Bujanda","description":"Cinco bodegas conforman Familia Mart\u00ednez-Bujanda: Finca Valpiedra (DOCa Rioja), Finca Antigua (DO La Mancha), Finca Montepedroso (DO Rueda), Vi\u00f1a Bujanda ...","publisher":{"@id":"https:\/\/familiamartinezbujanda.com\/en\/#organization"},"potentialAction":[{"@type":"SearchAction","target":{"@type":"EntryPoint","urlTemplate":"https:\/\/familiamartinezbujanda.com\/en\/?s={search_term_string}"},"query-input":{"@type":"PropertyValueSpecification","valueRequired":true,"valueName":"search_term_string"}}],"inLanguage":"en-US"},{"@type":"Organization","@id":"https:\/\/familiamartinezbujanda.com\/en\/#organization","name":"Familia Mart\u00ednez Bujanda","url":"https:\/\/familiamartinezbujanda.com\/en\/","logo":{"@type":"ImageObject","inLanguage":"en-US","@id":"https:\/\/familiamartinezbujanda.com\/en\/#\/schema\/logo\/image\/","url":"https:\/\/www.familiamartinezbujanda.com\/wp-content\/uploads\/2022\/06\/favicon.jpg","contentUrl":"https:\/\/www.familiamartinezbujanda.com\/wp-content\/uploads\/2022\/06\/favicon.jpg","width":512,"height":512,"caption":"Familia Mart\u00ednez Bujanda"},"image":{"@id":"https:\/\/familiamartinezbujanda.com\/en\/#\/schema\/logo\/image\/"}}]}},"_links":{"self":[{"href":"https:\/\/familiamartinezbujanda.com\/en\/wp-json\/wp\/v2\/product\/71360","targetHints":{"allow":["GET"]}}],"collection":[{"href":"https:\/\/familiamartinezbujanda.com\/en\/wp-json\/wp\/v2\/product"}],"about":[{"href":"https:\/\/familiamartinezbujanda.com\/en\/wp-json\/wp\/v2\/types\/product"}],"replies":[{"embeddable":true,"href":"https:\/\/familiamartinezbujanda.com\/en\/wp-json\/wp\/v2\/comments?post=71360"}],"wp:featuredmedia":[{"embeddable":true,"href":"https:\/\/familiamartinezbujanda.com\/en\/wp-json\/wp\/v2\/media\/68800"}],"wp:attachment":[{"href":"https:\/\/familiamartinezbujanda.com\/en\/wp-json\/wp\/v2\/media?parent=71360"}],"wp:term":[{"taxonomy":"product_brand","embeddable":true,"href":"https:\/\/familiamartinezbujanda.com\/en\/wp-json\/wp\/v2\/product_brand?post=71360"},{"taxonomy":"product_cat","embeddable":true,"href":"https:\/\/familiamartinezbujanda.com\/en\/wp-json\/wp\/v2\/product_cat?post=71360"},{"taxonomy":"product_tag","embeddable":true,"href":"https:\/\/familiamartinezbujanda.com\/en\/wp-json\/wp\/v2\/product_tag?post=71360"}],"curies":[{"name":"wp","href":"https:\/\/api.w.org\/{rel}","templated":true}]}}