{"id":71362,"date":"2023-05-05T13:57:41","date_gmt":"2023-05-05T11:57:41","guid":{"rendered":"https:\/\/familiamartinezbujanda.com\/tienda\/uncategorized\/mothers-day-with-ancient-fish-special"},"modified":"2023-08-28T10:26:56","modified_gmt":"2023-08-28T08:26:56","slug":"mothers-day-with-ancient-fish-special","status":"publish","type":"product","link":"https:\/\/familiamartinezbujanda.com\/en\/shop\/mothers-day-especial\/mothers-day-with-ancient-fish-special\/","title":{"rendered":"Mother&#8217;s Day Special with Finca Antigua"},"content":{"rendered":"<p><strong>Mother&#8217;s<\/strong> Day Special with <a href=\"https:\/\/www.fincaantigua.com\/\"><br \/>\n  <b>Finca Antigua<\/b><br \/>\n<\/a>. A high quality wine for mom!<\/p>\n<p><strong><a href=\"https:\/\/www.fincaantigua.com\/wp-content\/uploads\/2023\/03\/FincaAntiguaClavis14_ESP.pdf\">Clavis<\/a> <\/strong>is an<strong> exceptional red wine<\/strong> that becomes the terroir of <strong>Finca Antigua<\/strong> bottled. <strong>Pico Garbanzo<\/strong> is <strong>Familia Mart\u00ednez Bujanda<\/strong>&#8216;s most emblematic plot. In this high quality red wine there is a blend of red varieties for a magnificent wine, brilliant, complex in aromas, long flavored and exquisitely balanced after 27 months in <strong>new French oak barrels<\/strong>.<\/p>\n<p><strong>Clavis<\/strong> is an excellent <strong>limited edition<\/strong> wine. A good wine to give as a gift. Need more <a href=\"https:\/\/shopfamiliamartinezbujanda.com\/categoria-producto\/especial-dia-de-la-madre\/\">options<\/a>?<\/p>\n<p>&nbsp;<\/p>\n<p>&nbsp;<\/p>\n","protected":false},"excerpt":{"rendered":"<p>Mother&#8217;s Day special with <b>Finca Antigua,<\/b> a wine for mom!<\/p>\n<p>Give the gift of <a href=\"https:\/\/www.fincaantigua.com\/wp-content\/uploads\/2023\/03\/FincaAntiguaClavis14_ESP.pdf\"><strong>Clavis<\/strong> <\/a>from the Pico Garbanzo plot, the premium wine of Finca Antigua. <a href=\"https:\/\/www.fincaantigua.com\/\"><br \/>\n  <strong>Finca Antigua.<\/strong><br \/>\n<\/a> A wine of intense purple color with a bluish rim; balsamic, fruity and woody aromas; and an elegant, fresh, silky taste. A simply spectacular wine.<\/p>\n<p>You write a <strong>personalized message<\/strong> in the note we send you, and we add some <strong>delicious chocolates and a discount coupon for your next purchase<\/strong>.<\/p>\n","protected":false},"featured_media":68798,"comment_status":"open","ping_status":"closed","template":"","meta":{"iawp_total_views":2},"product_brand":[],"product_cat":[1557],"product_tag":[],"class_list":{"0":"post-71362","1":"product","2":"type-product","3":"status-publish","4":"has-post-thumbnail","6":"product_cat-mothers-day-especial","8":"entry","9":"has-media","11":"first","12":"instock","13":"taxable","14":"shipping-taxable","15":"purchasable","16":"product-type-simple","17":"col","18":"span_1_of_3","19":"owp-content-center","20":"owp-thumbs-layout-horizontal","21":"owp-btn-normal","22":"owp-tabs-layout-horizontal","23":"has-no-thumbnails"},"yoast_head":"<!-- This site is optimized with the Yoast SEO plugin v27.0 - https:\/\/yoast.com\/product\/yoast-seo-wordpress\/ -->\n<title>Mother&#039;s Day Special with Finca Antigua | Familia Mart\u00ednez Bujanda<\/title>\n<meta name=\"description\" content=\"Clavis de Finca Antigua red wine: The perfect gift for momClavis de Finca Antigua red wine: The perfect gift for mom.\" \/>\n<meta name=\"robots\" content=\"index, follow, max-snippet:-1, max-image-preview:large, max-video-preview:-1\" \/>\n<link rel=\"canonical\" href=\"https:\/\/familiamartinezbujanda.com\/en\/shop\/mothers-day-especial\/mothers-day-with-ancient-fish-special\/\" \/>\n<meta property=\"og:locale\" content=\"en_US\" \/>\n<meta property=\"og:type\" content=\"article\" \/>\n<meta property=\"og:title\" content=\"Mother&#039;s Day Special with Finca Antigua | Familia Mart\u00ednez Bujanda\" \/>\n<meta property=\"og:description\" content=\"Clavis de Finca Antigua red wine: The perfect gift for momClavis de Finca Antigua red wine: The perfect gift for mom.\" \/>\n<meta property=\"og:url\" content=\"https:\/\/familiamartinezbujanda.com\/en\/shop\/mothers-day-especial\/mothers-day-with-ancient-fish-special\/\" \/>\n<meta property=\"og:site_name\" content=\"Familia Mart\u00ednez Bujanda\" \/>\n<meta property=\"article:modified_time\" content=\"2023-08-28T08:26:56+00:00\" \/>\n<meta property=\"og:image\" content=\"https:\/\/familiamartinezbujanda.com\/wp-content\/uploads\/2023\/05\/shop-diamadre-fa.jpg\" \/>\n\t<meta property=\"og:image:width\" content=\"600\" \/>\n\t<meta property=\"og:image:height\" content=\"600\" \/>\n\t<meta property=\"og:image:type\" content=\"image\/jpeg\" \/>\n<meta name=\"twitter:card\" content=\"summary_large_image\" \/>\n<script type=\"application\/ld+json\" class=\"yoast-schema-graph\">{\"@context\":\"https:\/\/schema.org\",\"@graph\":[{\"@type\":\"WebPage\",\"@id\":\"https:\/\/familiamartinezbujanda.com\/en\/shop\/mothers-day-especial\/mothers-day-with-ancient-fish-special\/\",\"url\":\"https:\/\/familiamartinezbujanda.com\/en\/shop\/mothers-day-especial\/mothers-day-with-ancient-fish-special\/\",\"name\":\"Mother's Day Special with Finca Antigua | Familia Mart\u00ednez Bujanda\",\"isPartOf\":{\"@id\":\"https:\/\/familiamartinezbujanda.com\/en\/#website\"},\"primaryImageOfPage\":{\"@id\":\"https:\/\/familiamartinezbujanda.com\/en\/shop\/mothers-day-especial\/mothers-day-with-ancient-fish-special\/#primaryimage\"},\"image\":{\"@id\":\"https:\/\/familiamartinezbujanda.com\/en\/shop\/mothers-day-especial\/mothers-day-with-ancient-fish-special\/#primaryimage\"},\"thumbnailUrl\":\"https:\/\/familiamartinezbujanda.com\/wp-content\/uploads\/2023\/05\/shop-diamadre-fa.jpg\",\"datePublished\":\"2023-05-05T11:57:41+00:00\",\"dateModified\":\"2023-08-28T08:26:56+00:00\",\"description\":\"Clavis de Finca Antigua red wine: The perfect gift for momClavis de Finca Antigua red wine: The perfect gift for mom.\",\"breadcrumb\":{\"@id\":\"https:\/\/familiamartinezbujanda.com\/en\/shop\/mothers-day-especial\/mothers-day-with-ancient-fish-special\/#breadcrumb\"},\"inLanguage\":\"en-US\",\"potentialAction\":[{\"@type\":\"ReadAction\",\"target\":[\"https:\/\/familiamartinezbujanda.com\/en\/shop\/mothers-day-especial\/mothers-day-with-ancient-fish-special\/\"]}]},{\"@type\":\"ImageObject\",\"inLanguage\":\"en-US\",\"@id\":\"https:\/\/familiamartinezbujanda.com\/en\/shop\/mothers-day-especial\/mothers-day-with-ancient-fish-special\/#primaryimage\",\"url\":\"https:\/\/familiamartinezbujanda.com\/wp-content\/uploads\/2023\/05\/shop-diamadre-fa.jpg\",\"contentUrl\":\"https:\/\/familiamartinezbujanda.com\/wp-content\/uploads\/2023\/05\/shop-diamadre-fa.jpg\",\"width\":600,\"height\":600},{\"@type\":\"BreadcrumbList\",\"@id\":\"https:\/\/familiamartinezbujanda.com\/en\/shop\/mothers-day-especial\/mothers-day-with-ancient-fish-special\/#breadcrumb\",\"itemListElement\":[{\"@type\":\"ListItem\",\"position\":1,\"name\":\"Portada\",\"item\":\"https:\/\/familiamartinezbujanda.com\/en\/inicio\/\"},{\"@type\":\"ListItem\",\"position\":2,\"name\":\"Tienda\",\"item\":\"https:\/\/familiamartinezbujanda.com\/en\/shop\/\"},{\"@type\":\"ListItem\",\"position\":3,\"name\":\"Mother&#8217;s Day Special with Finca Antigua\"}]},{\"@type\":\"WebSite\",\"@id\":\"https:\/\/familiamartinezbujanda.com\/en\/#website\",\"url\":\"https:\/\/familiamartinezbujanda.com\/en\/\",\"name\":\"Familia Mart\u00ednez Bujanda\",\"description\":\"Cinco bodegas conforman Familia Mart\u00ednez-Bujanda: Finca Valpiedra (DOCa Rioja), Finca Antigua (DO La Mancha), Finca Montepedroso (DO Rueda), Vi\u00f1a Bujanda ...\",\"publisher\":{\"@id\":\"https:\/\/familiamartinezbujanda.com\/en\/#organization\"},\"potentialAction\":[{\"@type\":\"SearchAction\",\"target\":{\"@type\":\"EntryPoint\",\"urlTemplate\":\"https:\/\/familiamartinezbujanda.com\/en\/?s={search_term_string}\"},\"query-input\":{\"@type\":\"PropertyValueSpecification\",\"valueRequired\":true,\"valueName\":\"search_term_string\"}}],\"inLanguage\":\"en-US\"},{\"@type\":\"Organization\",\"@id\":\"https:\/\/familiamartinezbujanda.com\/en\/#organization\",\"name\":\"Familia Mart\u00ednez Bujanda\",\"url\":\"https:\/\/familiamartinezbujanda.com\/en\/\",\"logo\":{\"@type\":\"ImageObject\",\"inLanguage\":\"en-US\",\"@id\":\"https:\/\/familiamartinezbujanda.com\/en\/#\/schema\/logo\/image\/\",\"url\":\"https:\/\/www.familiamartinezbujanda.com\/wp-content\/uploads\/2022\/06\/favicon.jpg\",\"contentUrl\":\"https:\/\/www.familiamartinezbujanda.com\/wp-content\/uploads\/2022\/06\/favicon.jpg\",\"width\":512,\"height\":512,\"caption\":\"Familia Mart\u00ednez Bujanda\"},\"image\":{\"@id\":\"https:\/\/familiamartinezbujanda.com\/en\/#\/schema\/logo\/image\/\"}}]}<\/script>\n<!-- \/ Yoast SEO plugin. -->","yoast_head_json":{"title":"Mother's Day Special with Finca Antigua | Familia Mart\u00ednez Bujanda","description":"Clavis de Finca Antigua red wine: The perfect gift for momClavis de Finca Antigua red wine: The perfect gift for mom.","robots":{"index":"index","follow":"follow","max-snippet":"max-snippet:-1","max-image-preview":"max-image-preview:large","max-video-preview":"max-video-preview:-1"},"canonical":"https:\/\/familiamartinezbujanda.com\/en\/shop\/mothers-day-especial\/mothers-day-with-ancient-fish-special\/","og_locale":"en_US","og_type":"article","og_title":"Mother's Day Special with Finca Antigua | Familia Mart\u00ednez Bujanda","og_description":"Clavis de Finca Antigua red wine: The perfect gift for momClavis de Finca Antigua red wine: The perfect gift for mom.","og_url":"https:\/\/familiamartinezbujanda.com\/en\/shop\/mothers-day-especial\/mothers-day-with-ancient-fish-special\/","og_site_name":"Familia Mart\u00ednez Bujanda","article_modified_time":"2023-08-28T08:26:56+00:00","og_image":[{"width":600,"height":600,"url":"https:\/\/familiamartinezbujanda.com\/wp-content\/uploads\/2023\/05\/shop-diamadre-fa.jpg","type":"image\/jpeg"}],"twitter_card":"summary_large_image","schema":{"@context":"https:\/\/schema.org","@graph":[{"@type":"WebPage","@id":"https:\/\/familiamartinezbujanda.com\/en\/shop\/mothers-day-especial\/mothers-day-with-ancient-fish-special\/","url":"https:\/\/familiamartinezbujanda.com\/en\/shop\/mothers-day-especial\/mothers-day-with-ancient-fish-special\/","name":"Mother's Day Special with Finca Antigua | Familia Mart\u00ednez Bujanda","isPartOf":{"@id":"https:\/\/familiamartinezbujanda.com\/en\/#website"},"primaryImageOfPage":{"@id":"https:\/\/familiamartinezbujanda.com\/en\/shop\/mothers-day-especial\/mothers-day-with-ancient-fish-special\/#primaryimage"},"image":{"@id":"https:\/\/familiamartinezbujanda.com\/en\/shop\/mothers-day-especial\/mothers-day-with-ancient-fish-special\/#primaryimage"},"thumbnailUrl":"https:\/\/familiamartinezbujanda.com\/wp-content\/uploads\/2023\/05\/shop-diamadre-fa.jpg","datePublished":"2023-05-05T11:57:41+00:00","dateModified":"2023-08-28T08:26:56+00:00","description":"Clavis de Finca Antigua red wine: The perfect gift for momClavis de Finca Antigua red wine: The perfect gift for mom.","breadcrumb":{"@id":"https:\/\/familiamartinezbujanda.com\/en\/shop\/mothers-day-especial\/mothers-day-with-ancient-fish-special\/#breadcrumb"},"inLanguage":"en-US","potentialAction":[{"@type":"ReadAction","target":["https:\/\/familiamartinezbujanda.com\/en\/shop\/mothers-day-especial\/mothers-day-with-ancient-fish-special\/"]}]},{"@type":"ImageObject","inLanguage":"en-US","@id":"https:\/\/familiamartinezbujanda.com\/en\/shop\/mothers-day-especial\/mothers-day-with-ancient-fish-special\/#primaryimage","url":"https:\/\/familiamartinezbujanda.com\/wp-content\/uploads\/2023\/05\/shop-diamadre-fa.jpg","contentUrl":"https:\/\/familiamartinezbujanda.com\/wp-content\/uploads\/2023\/05\/shop-diamadre-fa.jpg","width":600,"height":600},{"@type":"BreadcrumbList","@id":"https:\/\/familiamartinezbujanda.com\/en\/shop\/mothers-day-especial\/mothers-day-with-ancient-fish-special\/#breadcrumb","itemListElement":[{"@type":"ListItem","position":1,"name":"Portada","item":"https:\/\/familiamartinezbujanda.com\/en\/inicio\/"},{"@type":"ListItem","position":2,"name":"Tienda","item":"https:\/\/familiamartinezbujanda.com\/en\/shop\/"},{"@type":"ListItem","position":3,"name":"Mother&#8217;s Day Special with Finca Antigua"}]},{"@type":"WebSite","@id":"https:\/\/familiamartinezbujanda.com\/en\/#website","url":"https:\/\/familiamartinezbujanda.com\/en\/","name":"Familia Mart\u00ednez Bujanda","description":"Cinco bodegas conforman Familia Mart\u00ednez-Bujanda: Finca Valpiedra (DOCa Rioja), Finca Antigua (DO La Mancha), Finca Montepedroso (DO Rueda), Vi\u00f1a Bujanda ...","publisher":{"@id":"https:\/\/familiamartinezbujanda.com\/en\/#organization"},"potentialAction":[{"@type":"SearchAction","target":{"@type":"EntryPoint","urlTemplate":"https:\/\/familiamartinezbujanda.com\/en\/?s={search_term_string}"},"query-input":{"@type":"PropertyValueSpecification","valueRequired":true,"valueName":"search_term_string"}}],"inLanguage":"en-US"},{"@type":"Organization","@id":"https:\/\/familiamartinezbujanda.com\/en\/#organization","name":"Familia Mart\u00ednez Bujanda","url":"https:\/\/familiamartinezbujanda.com\/en\/","logo":{"@type":"ImageObject","inLanguage":"en-US","@id":"https:\/\/familiamartinezbujanda.com\/en\/#\/schema\/logo\/image\/","url":"https:\/\/www.familiamartinezbujanda.com\/wp-content\/uploads\/2022\/06\/favicon.jpg","contentUrl":"https:\/\/www.familiamartinezbujanda.com\/wp-content\/uploads\/2022\/06\/favicon.jpg","width":512,"height":512,"caption":"Familia Mart\u00ednez Bujanda"},"image":{"@id":"https:\/\/familiamartinezbujanda.com\/en\/#\/schema\/logo\/image\/"}}]}},"_links":{"self":[{"href":"https:\/\/familiamartinezbujanda.com\/en\/wp-json\/wp\/v2\/product\/71362","targetHints":{"allow":["GET"]}}],"collection":[{"href":"https:\/\/familiamartinezbujanda.com\/en\/wp-json\/wp\/v2\/product"}],"about":[{"href":"https:\/\/familiamartinezbujanda.com\/en\/wp-json\/wp\/v2\/types\/product"}],"replies":[{"embeddable":true,"href":"https:\/\/familiamartinezbujanda.com\/en\/wp-json\/wp\/v2\/comments?post=71362"}],"wp:featuredmedia":[{"embeddable":true,"href":"https:\/\/familiamartinezbujanda.com\/en\/wp-json\/wp\/v2\/media\/68798"}],"wp:attachment":[{"href":"https:\/\/familiamartinezbujanda.com\/en\/wp-json\/wp\/v2\/media?parent=71362"}],"wp:term":[{"taxonomy":"product_brand","embeddable":true,"href":"https:\/\/familiamartinezbujanda.com\/en\/wp-json\/wp\/v2\/product_brand?post=71362"},{"taxonomy":"product_cat","embeddable":true,"href":"https:\/\/familiamartinezbujanda.com\/en\/wp-json\/wp\/v2\/product_cat?post=71362"},{"taxonomy":"product_tag","embeddable":true,"href":"https:\/\/familiamartinezbujanda.com\/en\/wp-json\/wp\/v2\/product_tag?post=71362"}],"curies":[{"name":"wp","href":"https:\/\/api.w.org\/{rel}","templated":true}]}}