{"id":71378,"date":"2023-05-04T09:04:06","date_gmt":"2023-05-04T07:04:06","guid":{"rendered":"https:\/\/familiamartinezbujanda.com\/tienda\/uncategorized\/cata-vertical-2"},"modified":"2026-05-08T10:31:33","modified_gmt":"2026-05-08T08:31:33","slug":"cata-vertical-2","status":"publish","type":"product","link":"https:\/\/familiamartinezbujanda.com\/en\/shop\/guided-tours-of-the-wineries\/visits-to-finca-montepedroso-winery\/cata-vertical-2\/","title":{"rendered":"Vertical Tasting"},"content":{"rendered":"<h3><em><strong>Vertical Tasting, 1 wine, 3 vintages<\/strong><\/em><\/h3>\n<p><a href=\"https:\/\/rueda.ayuntamientosdevalladolid.es\/es\">Rueda <\/a>is a land of winemaking tradition and the birthplace of <a href=\"https:\/\/familiamartinezbujanda.com\/en\/finca-montepedroso\/\">Finca Montepedroso<\/a>, one of the <a href=\"https:\/\/grandespagos.com\/\">Grandes Pagos in Spain<\/a>. With <strong>25 hectares<\/strong> of our own vineyards, we produce <strong>white wines<\/strong> with <strong>personality and character, 100% Verdejo<\/strong>, recovering the essence of the purest and most traditional Verdejo wines of the area. All this responds to a very clear objective: the return to the authentic Verdejo.  <\/p>\n<p>Located in the heart of the <strong><a href=\"https:\/\/dorueda.com\/\">Rueda Denomination of Origin<\/a>,<\/strong> the estate stands on a <strong>plateau at an altitude of 750 meters,<\/strong> a privileged enclave that gives <strong>uniqueness and character<\/strong> to our wines. In addition, its different types of soil reflect the richness of the landscape that surrounds the Duero Valley. <strong>Alluvial soil<\/strong> predominates, formed by boulders and stones, which occupies most of the estate. Next to it, we find<strong>areas of clayey soil in ravines,<\/strong> where the oldest vineyards grow, as well as<strong>areas with silt and clay sediments<\/strong> and steep slopes that provide complexity and depth to the vineyard.   <\/p>\n<p>Thanks to these <strong>stony and rustic soils<\/strong>, the vines produce<strong>high quality fruit<\/strong>, capable of expressing all the personality and authenticity of Rueda&#8217;s best terroir.<\/p>\n<p><strong>During your visit to Finca Montepedroso <\/strong>you will discover first-hand the particularities of the region, learn about the Verdejo variety -the only one we grow on our estate- and understand <strong>how the environment influences every wine we make<\/strong>.<\/p>\n<p>In addition, you can enjoy a <strong>commented tasting of <\/strong>our special <a href=\"https:\/\/familiamartinezbujanda.com\/en\/shop\/wines\/whites-and-sweets\/finca-montepedroso-verdejo\/\"><strong>Verdejo on lees, in 3 historical vintages<\/strong><\/a><strong>in 3 historic vintages<\/strong> accompanied by a <strong>delicious tapa of local produce.<\/strong> And, to complete the experience,<strong>you will tour the vineyard and visit the winery while contemplating unique views that make Rueda an unforgettable place.<\/strong><\/p>\n<p>Let yourself be surprised by the <strong>authenticity, the landscape and the essence of Montepedroso<\/strong>.<\/p>\n","protected":false},"excerpt":{"rendered":"<p><em><strong>Vertical Tasting (1 wine &#8211; 3 vintages)<\/strong> <\/em>begins with a warm welcome and a <strong>souvenir photo. <\/strong>Then you will discover the secrets of our <strong>vineyard, visit the winery and <\/strong>ends with a<strong> commented tasting <\/strong>of<strong> 3 historical vintages <\/strong>accompanied by a delicious tapa of <strong>local sausage, <\/strong>all with views of the vineyard that make Rueda an unforgettable place.<\/p>\n<p><strong>&#8220;Book your vertical tasting and travel back in time with every sip.<\/strong><b>&#8220;<\/b><\/p>\n<p><b>Contact the winery by phone 983 868 977 \/ 644 257 073 (WhatsApp and Telegram only) or <a href=\"mailto:montepedroso@bujanda.com\">montepedroso@bujanda.com<\/a> for other options outside the indicated schedule.<\/b><\/p>\n","protected":false},"featured_media":68768,"comment_status":"open","ping_status":"closed","template":"","meta":{"iawp_total_views":2},"product_brand":[],"product_cat":[2109,2110],"product_tag":[],"class_list":{"0":"post-71378","1":"product","2":"type-product","3":"status-publish","4":"has-post-thumbnail","6":"product_cat-guided-tours-of-the-wineries","7":"product_cat-visits-to-finca-montepedroso-winery","9":"entry","10":"has-media","12":"first","13":"instock","14":"virtual","15":"sold-individually","16":"taxable","17":"purchasable","18":"product-type-booking","19":"col","20":"span_1_of_3","21":"owp-content-center","22":"owp-thumbs-layout-horizontal","23":"owp-btn-normal","24":"owp-tabs-layout-horizontal","25":"has-no-thumbnails"},"yoast_head":"<!-- This site is optimized with the Yoast SEO plugin v27.0 - https:\/\/yoast.com\/product\/yoast-seo-wordpress\/ -->\n<title>Vertical Tasting | Familia Mart\u00ednez Bujanda<\/title>\n<meta name=\"description\" content=\"Discover wine tourism in Rueda with Finca Montepedroso: Visit vineyards, taste wines and enjoy nature, an authentic experience!\" \/>\n<meta name=\"robots\" content=\"index, follow, max-snippet:-1, max-image-preview:large, max-video-preview:-1\" \/>\n<link rel=\"canonical\" href=\"https:\/\/familiamartinezbujanda.com\/en\/shop\/guided-tours-of-the-wineries\/visits-to-finca-montepedroso-winery\/cata-vertical-2\/\" \/>\n<meta property=\"og:locale\" content=\"en_US\" \/>\n<meta property=\"og:type\" content=\"article\" \/>\n<meta property=\"og:title\" content=\"Vertical Tasting | Familia Mart\u00ednez Bujanda\" \/>\n<meta property=\"og:description\" content=\"Discover wine tourism in Rueda with Finca Montepedroso: Visit vineyards, taste wines and enjoy nature, an authentic experience!\" \/>\n<meta property=\"og:url\" content=\"https:\/\/familiamartinezbujanda.com\/en\/shop\/guided-tours-of-the-wineries\/visits-to-finca-montepedroso-winery\/cata-vertical-2\/\" \/>\n<meta property=\"og:site_name\" content=\"Familia Mart\u00ednez Bujanda\" \/>\n<meta property=\"article:modified_time\" content=\"2026-05-08T08:31:33+00:00\" \/>\n<meta property=\"og:image\" content=\"https:\/\/familiamartinezbujanda.com\/wp-content\/uploads\/2023\/05\/Visitas-cata-vertical_finca-antigua.jpg\" \/>\n\t<meta property=\"og:image:width\" content=\"780\" \/>\n\t<meta property=\"og:image:height\" content=\"520\" \/>\n\t<meta property=\"og:image:type\" content=\"image\/jpeg\" \/>\n<meta name=\"twitter:card\" content=\"summary_large_image\" \/>\n<meta name=\"twitter:label1\" content=\"Est. reading time\" \/>\n\t<meta name=\"twitter:data1\" content=\"2 minutes\" \/>\n<script type=\"application\/ld+json\" class=\"yoast-schema-graph\">{\"@context\":\"https:\/\/schema.org\",\"@graph\":[{\"@type\":\"WebPage\",\"@id\":\"https:\/\/familiamartinezbujanda.com\/en\/shop\/guided-tours-of-the-wineries\/visits-to-finca-montepedroso-winery\/cata-vertical-2\/\",\"url\":\"https:\/\/familiamartinezbujanda.com\/en\/shop\/guided-tours-of-the-wineries\/visits-to-finca-montepedroso-winery\/cata-vertical-2\/\",\"name\":\"Vertical Tasting | Familia Mart\u00ednez Bujanda\",\"isPartOf\":{\"@id\":\"https:\/\/familiamartinezbujanda.com\/en\/#website\"},\"primaryImageOfPage\":{\"@id\":\"https:\/\/familiamartinezbujanda.com\/en\/shop\/guided-tours-of-the-wineries\/visits-to-finca-montepedroso-winery\/cata-vertical-2\/#primaryimage\"},\"image\":{\"@id\":\"https:\/\/familiamartinezbujanda.com\/en\/shop\/guided-tours-of-the-wineries\/visits-to-finca-montepedroso-winery\/cata-vertical-2\/#primaryimage\"},\"thumbnailUrl\":\"https:\/\/familiamartinezbujanda.com\/wp-content\/uploads\/2023\/05\/Visitas-cata-vertical_finca-antigua.jpg\",\"datePublished\":\"2023-05-04T07:04:06+00:00\",\"dateModified\":\"2026-05-08T08:31:33+00:00\",\"description\":\"Discover wine tourism in Rueda with Finca Montepedroso: Visit vineyards, taste wines and enjoy nature, an authentic experience!\",\"breadcrumb\":{\"@id\":\"https:\/\/familiamartinezbujanda.com\/en\/shop\/guided-tours-of-the-wineries\/visits-to-finca-montepedroso-winery\/cata-vertical-2\/#breadcrumb\"},\"inLanguage\":\"en-US\",\"potentialAction\":[{\"@type\":\"ReadAction\",\"target\":[\"https:\/\/familiamartinezbujanda.com\/en\/shop\/guided-tours-of-the-wineries\/visits-to-finca-montepedroso-winery\/cata-vertical-2\/\"]}]},{\"@type\":\"ImageObject\",\"inLanguage\":\"en-US\",\"@id\":\"https:\/\/familiamartinezbujanda.com\/en\/shop\/guided-tours-of-the-wineries\/visits-to-finca-montepedroso-winery\/cata-vertical-2\/#primaryimage\",\"url\":\"https:\/\/familiamartinezbujanda.com\/wp-content\/uploads\/2023\/05\/Visitas-cata-vertical_finca-antigua.jpg\",\"contentUrl\":\"https:\/\/familiamartinezbujanda.com\/wp-content\/uploads\/2023\/05\/Visitas-cata-vertical_finca-antigua.jpg\",\"width\":780,\"height\":520},{\"@type\":\"BreadcrumbList\",\"@id\":\"https:\/\/familiamartinezbujanda.com\/en\/shop\/guided-tours-of-the-wineries\/visits-to-finca-montepedroso-winery\/cata-vertical-2\/#breadcrumb\",\"itemListElement\":[{\"@type\":\"ListItem\",\"position\":1,\"name\":\"Portada\",\"item\":\"https:\/\/familiamartinezbujanda.com\/en\/inicio\/\"},{\"@type\":\"ListItem\",\"position\":2,\"name\":\"Tienda\",\"item\":\"https:\/\/familiamartinezbujanda.com\/en\/shop\/\"},{\"@type\":\"ListItem\",\"position\":3,\"name\":\"Vertical Tasting\"}]},{\"@type\":\"WebSite\",\"@id\":\"https:\/\/familiamartinezbujanda.com\/en\/#website\",\"url\":\"https:\/\/familiamartinezbujanda.com\/en\/\",\"name\":\"Familia Mart\u00ednez Bujanda\",\"description\":\"Cinco bodegas conforman Familia Mart\u00ednez-Bujanda: Finca Valpiedra (DOCa Rioja), Finca Antigua (DO La Mancha), Finca Montepedroso (DO Rueda), Vi\u00f1a Bujanda ...\",\"publisher\":{\"@id\":\"https:\/\/familiamartinezbujanda.com\/en\/#organization\"},\"potentialAction\":[{\"@type\":\"SearchAction\",\"target\":{\"@type\":\"EntryPoint\",\"urlTemplate\":\"https:\/\/familiamartinezbujanda.com\/en\/?s={search_term_string}\"},\"query-input\":{\"@type\":\"PropertyValueSpecification\",\"valueRequired\":true,\"valueName\":\"search_term_string\"}}],\"inLanguage\":\"en-US\"},{\"@type\":\"Organization\",\"@id\":\"https:\/\/familiamartinezbujanda.com\/en\/#organization\",\"name\":\"Familia Mart\u00ednez Bujanda\",\"url\":\"https:\/\/familiamartinezbujanda.com\/en\/\",\"logo\":{\"@type\":\"ImageObject\",\"inLanguage\":\"en-US\",\"@id\":\"https:\/\/familiamartinezbujanda.com\/en\/#\/schema\/logo\/image\/\",\"url\":\"https:\/\/www.familiamartinezbujanda.com\/wp-content\/uploads\/2022\/06\/favicon.jpg\",\"contentUrl\":\"https:\/\/www.familiamartinezbujanda.com\/wp-content\/uploads\/2022\/06\/favicon.jpg\",\"width\":512,\"height\":512,\"caption\":\"Familia Mart\u00ednez Bujanda\"},\"image\":{\"@id\":\"https:\/\/familiamartinezbujanda.com\/en\/#\/schema\/logo\/image\/\"}}]}<\/script>\n<!-- \/ Yoast SEO plugin. -->","yoast_head_json":{"title":"Vertical Tasting | Familia Mart\u00ednez Bujanda","description":"Discover wine tourism in Rueda with Finca Montepedroso: Visit vineyards, taste wines and enjoy nature, an authentic experience!","robots":{"index":"index","follow":"follow","max-snippet":"max-snippet:-1","max-image-preview":"max-image-preview:large","max-video-preview":"max-video-preview:-1"},"canonical":"https:\/\/familiamartinezbujanda.com\/en\/shop\/guided-tours-of-the-wineries\/visits-to-finca-montepedroso-winery\/cata-vertical-2\/","og_locale":"en_US","og_type":"article","og_title":"Vertical Tasting | Familia Mart\u00ednez Bujanda","og_description":"Discover wine tourism in Rueda with Finca Montepedroso: Visit vineyards, taste wines and enjoy nature, an authentic experience!","og_url":"https:\/\/familiamartinezbujanda.com\/en\/shop\/guided-tours-of-the-wineries\/visits-to-finca-montepedroso-winery\/cata-vertical-2\/","og_site_name":"Familia Mart\u00ednez Bujanda","article_modified_time":"2026-05-08T08:31:33+00:00","og_image":[{"width":780,"height":520,"url":"https:\/\/familiamartinezbujanda.com\/wp-content\/uploads\/2023\/05\/Visitas-cata-vertical_finca-antigua.jpg","type":"image\/jpeg"}],"twitter_card":"summary_large_image","twitter_misc":{"Est. reading time":"2 minutes"},"schema":{"@context":"https:\/\/schema.org","@graph":[{"@type":"WebPage","@id":"https:\/\/familiamartinezbujanda.com\/en\/shop\/guided-tours-of-the-wineries\/visits-to-finca-montepedroso-winery\/cata-vertical-2\/","url":"https:\/\/familiamartinezbujanda.com\/en\/shop\/guided-tours-of-the-wineries\/visits-to-finca-montepedroso-winery\/cata-vertical-2\/","name":"Vertical Tasting | Familia Mart\u00ednez Bujanda","isPartOf":{"@id":"https:\/\/familiamartinezbujanda.com\/en\/#website"},"primaryImageOfPage":{"@id":"https:\/\/familiamartinezbujanda.com\/en\/shop\/guided-tours-of-the-wineries\/visits-to-finca-montepedroso-winery\/cata-vertical-2\/#primaryimage"},"image":{"@id":"https:\/\/familiamartinezbujanda.com\/en\/shop\/guided-tours-of-the-wineries\/visits-to-finca-montepedroso-winery\/cata-vertical-2\/#primaryimage"},"thumbnailUrl":"https:\/\/familiamartinezbujanda.com\/wp-content\/uploads\/2023\/05\/Visitas-cata-vertical_finca-antigua.jpg","datePublished":"2023-05-04T07:04:06+00:00","dateModified":"2026-05-08T08:31:33+00:00","description":"Discover wine tourism in Rueda with Finca Montepedroso: Visit vineyards, taste wines and enjoy nature, an authentic experience!","breadcrumb":{"@id":"https:\/\/familiamartinezbujanda.com\/en\/shop\/guided-tours-of-the-wineries\/visits-to-finca-montepedroso-winery\/cata-vertical-2\/#breadcrumb"},"inLanguage":"en-US","potentialAction":[{"@type":"ReadAction","target":["https:\/\/familiamartinezbujanda.com\/en\/shop\/guided-tours-of-the-wineries\/visits-to-finca-montepedroso-winery\/cata-vertical-2\/"]}]},{"@type":"ImageObject","inLanguage":"en-US","@id":"https:\/\/familiamartinezbujanda.com\/en\/shop\/guided-tours-of-the-wineries\/visits-to-finca-montepedroso-winery\/cata-vertical-2\/#primaryimage","url":"https:\/\/familiamartinezbujanda.com\/wp-content\/uploads\/2023\/05\/Visitas-cata-vertical_finca-antigua.jpg","contentUrl":"https:\/\/familiamartinezbujanda.com\/wp-content\/uploads\/2023\/05\/Visitas-cata-vertical_finca-antigua.jpg","width":780,"height":520},{"@type":"BreadcrumbList","@id":"https:\/\/familiamartinezbujanda.com\/en\/shop\/guided-tours-of-the-wineries\/visits-to-finca-montepedroso-winery\/cata-vertical-2\/#breadcrumb","itemListElement":[{"@type":"ListItem","position":1,"name":"Portada","item":"https:\/\/familiamartinezbujanda.com\/en\/inicio\/"},{"@type":"ListItem","position":2,"name":"Tienda","item":"https:\/\/familiamartinezbujanda.com\/en\/shop\/"},{"@type":"ListItem","position":3,"name":"Vertical Tasting"}]},{"@type":"WebSite","@id":"https:\/\/familiamartinezbujanda.com\/en\/#website","url":"https:\/\/familiamartinezbujanda.com\/en\/","name":"Familia Mart\u00ednez Bujanda","description":"Cinco bodegas conforman Familia Mart\u00ednez-Bujanda: Finca Valpiedra (DOCa Rioja), Finca Antigua (DO La Mancha), Finca Montepedroso (DO Rueda), Vi\u00f1a Bujanda ...","publisher":{"@id":"https:\/\/familiamartinezbujanda.com\/en\/#organization"},"potentialAction":[{"@type":"SearchAction","target":{"@type":"EntryPoint","urlTemplate":"https:\/\/familiamartinezbujanda.com\/en\/?s={search_term_string}"},"query-input":{"@type":"PropertyValueSpecification","valueRequired":true,"valueName":"search_term_string"}}],"inLanguage":"en-US"},{"@type":"Organization","@id":"https:\/\/familiamartinezbujanda.com\/en\/#organization","name":"Familia Mart\u00ednez Bujanda","url":"https:\/\/familiamartinezbujanda.com\/en\/","logo":{"@type":"ImageObject","inLanguage":"en-US","@id":"https:\/\/familiamartinezbujanda.com\/en\/#\/schema\/logo\/image\/","url":"https:\/\/www.familiamartinezbujanda.com\/wp-content\/uploads\/2022\/06\/favicon.jpg","contentUrl":"https:\/\/www.familiamartinezbujanda.com\/wp-content\/uploads\/2022\/06\/favicon.jpg","width":512,"height":512,"caption":"Familia Mart\u00ednez Bujanda"},"image":{"@id":"https:\/\/familiamartinezbujanda.com\/en\/#\/schema\/logo\/image\/"}}]}},"_links":{"self":[{"href":"https:\/\/familiamartinezbujanda.com\/en\/wp-json\/wp\/v2\/product\/71378","targetHints":{"allow":["GET"]}}],"collection":[{"href":"https:\/\/familiamartinezbujanda.com\/en\/wp-json\/wp\/v2\/product"}],"about":[{"href":"https:\/\/familiamartinezbujanda.com\/en\/wp-json\/wp\/v2\/types\/product"}],"replies":[{"embeddable":true,"href":"https:\/\/familiamartinezbujanda.com\/en\/wp-json\/wp\/v2\/comments?post=71378"}],"wp:featuredmedia":[{"embeddable":true,"href":"https:\/\/familiamartinezbujanda.com\/en\/wp-json\/wp\/v2\/media\/68768"}],"wp:attachment":[{"href":"https:\/\/familiamartinezbujanda.com\/en\/wp-json\/wp\/v2\/media?parent=71378"}],"wp:term":[{"taxonomy":"product_brand","embeddable":true,"href":"https:\/\/familiamartinezbujanda.com\/en\/wp-json\/wp\/v2\/product_brand?post=71378"},{"taxonomy":"product_cat","embeddable":true,"href":"https:\/\/familiamartinezbujanda.com\/en\/wp-json\/wp\/v2\/product_cat?post=71378"},{"taxonomy":"product_tag","embeddable":true,"href":"https:\/\/familiamartinezbujanda.com\/en\/wp-json\/wp\/v2\/product_tag?post=71378"}],"curies":[{"name":"wp","href":"https:\/\/api.w.org\/{rel}","templated":true}]}}