{"id":71383,"date":"2023-05-03T15:34:59","date_gmt":"2023-05-03T13:34:59","guid":{"rendered":"https:\/\/familiamartinezbujanda.com\/tienda\/uncategorized\/visit-winery-la-mancha-lagarto-ocelado-15-e-2"},"modified":"2026-03-19T13:30:19","modified_gmt":"2026-03-19T12:30:19","slug":"visit-winery-la-mancha-lagarto-ocelado-15-e-2","status":"publish","type":"product","link":"https:\/\/familiamartinezbujanda.com\/en\/shop\/guided-tours-of-the-wineries\/visits-to-finca-antigua-winery\/visit-winery-la-mancha-lagarto-ocelado-15-e-2\/","title":{"rendered":"Tour 1 &#8211; Lagarto Ocelado (16 \u20ac)"},"content":{"rendered":"<p>Do not hesitate to visit us when you are in <strong>La Mancha<\/strong>. <a href=\"https:\/\/familiamartinezbujanda.com\/en\/history-finca-antigua\/\">Finca Antigua<\/a> was a real &#8216;crush&#8217; for <strong>Familia Mart\u00ednez Bujanda<\/strong>.<\/p>\n<p>Finca Antigua, with an altitude of over <strong>900 meters<\/strong>, is an estate with 421 hectares of vineyards surrounded by scrubland. If you want your children to participate in the tasting, you can buy a children&#8217;s ticket including must and cheese. Without a ticket, they are also welcome free of charge.<\/p>\n<p>This La Mancha &#8220;Lagarto Ocelado&#8221; winery visit includes a tasting of <a href=\"https:\/\/www.fincaantigua.com\/en\/nuestros-vinos\/\">3 wines<\/a>, Manchego cheese tapa and almonds. On your way through the <strong>route of Don Quixote<\/strong> is a must visit. A natural and sustainable environment where you will enjoy nature, wine and gastronomy in a magical paradise between mountains and vineyards.<\/p>\n","protected":false},"excerpt":{"rendered":"<p>What does the tour include?<\/p>\n<ul>\n<li>Welcome and photo &#8220;Souvenir of the Visit&#8221;.<\/li>\n<li>Stop at the viewpoint overlooking the vineyards.<\/li>\n<li><strong>Visit to the winery<\/strong><\/li>\n<li><strong>Commented tasting of 3 wines<\/strong><\/li>\n<li><strong>Cheese and almond topping. <\/strong><\/li>\n<li>Free walk through the vineyard.<\/li>\n<li>Children between 6 and 17 years old, must with cheese, price 8\u20ac optional.<\/li>\n<\/ul>\n<p><strong>For reservations less than one day in advance<\/strong>, please<strong> contact us directly<\/strong>.<\/p>\n<p>Do you have any questions? <a href=\"https:\/\/familiamartinezbujanda.com\/en\/contact\/\">Contact us<\/a>. M. 608 583 776<\/p>\n","protected":false},"featured_media":68750,"comment_status":"closed","ping_status":"closed","template":"","meta":{"iawp_total_views":4},"product_brand":[],"product_cat":[2109,2130],"product_tag":[],"class_list":{"0":"post-71383","1":"product","2":"type-product","3":"status-publish","4":"has-post-thumbnail","6":"product_cat-guided-tours-of-the-wineries","7":"product_cat-visits-to-finca-antigua-winery","9":"entry","10":"has-media","12":"first","13":"instock","14":"sold-individually","15":"taxable","16":"shipping-taxable","17":"purchasable","18":"product-type-booking","19":"col","20":"span_1_of_3","21":"owp-content-center","22":"owp-thumbs-layout-horizontal","23":"owp-btn-normal","24":"owp-tabs-layout-horizontal"},"yoast_head":"<!-- This site is optimized with the Yoast SEO plugin v27.0 - https:\/\/yoast.com\/product\/yoast-seo-wordpress\/ -->\n<title>Tour 1 - Lagarto Ocelado (16 \u20ac) | Familia Mart\u00ednez Bujanda<\/title>\n<meta name=\"description\" content=\"Explore Finca Antigua in La Mancha: Vineyards, wine and cheese tasting in a magical setting. On Saturday, February 14, the tasting will be with Abadia de Jabaga chocolates, don&#039;t miss it! A must on your Quixote route!\" \/>\n<meta name=\"robots\" content=\"index, follow, max-snippet:-1, max-image-preview:large, max-video-preview:-1\" \/>\n<link rel=\"canonical\" href=\"https:\/\/familiamartinezbujanda.com\/en\/shop\/guided-tours-of-the-wineries\/visits-to-finca-antigua-winery\/visit-winery-la-mancha-lagarto-ocelado-15-e-2\/\" \/>\n<meta property=\"og:locale\" content=\"en_US\" \/>\n<meta property=\"og:type\" content=\"article\" \/>\n<meta property=\"og:title\" content=\"Tour 1 - Lagarto Ocelado (16 \u20ac) | Familia Mart\u00ednez Bujanda\" \/>\n<meta property=\"og:description\" content=\"Explore Finca Antigua in La Mancha: Vineyards, wine and cheese tasting in a magical setting. On Saturday, February 14, the tasting will be with Abadia de Jabaga chocolates, don&#039;t miss it! A must on your Quixote route!\" \/>\n<meta property=\"og:url\" content=\"https:\/\/familiamartinezbujanda.com\/en\/shop\/guided-tours-of-the-wineries\/visits-to-finca-antigua-winery\/visit-winery-la-mancha-lagarto-ocelado-15-e-2\/\" \/>\n<meta property=\"og:site_name\" content=\"Familia Mart\u00ednez Bujanda\" \/>\n<meta property=\"article:modified_time\" content=\"2026-03-19T12:30:19+00:00\" \/>\n<meta property=\"og:image\" content=\"https:\/\/familiamartinezbujanda.com\/wp-content\/uploads\/2023\/05\/visitas-01-finca_antigua.jpg\" \/>\n\t<meta property=\"og:image:width\" content=\"780\" \/>\n\t<meta property=\"og:image:height\" content=\"520\" \/>\n\t<meta property=\"og:image:type\" content=\"image\/jpeg\" \/>\n<meta name=\"twitter:card\" content=\"summary_large_image\" \/>\n<meta name=\"twitter:label1\" content=\"Est. reading time\" \/>\n\t<meta name=\"twitter:data1\" content=\"1 minute\" \/>\n<script type=\"application\/ld+json\" class=\"yoast-schema-graph\">{\"@context\":\"https:\/\/schema.org\",\"@graph\":[{\"@type\":\"WebPage\",\"@id\":\"https:\/\/familiamartinezbujanda.com\/en\/shop\/guided-tours-of-the-wineries\/visits-to-finca-antigua-winery\/visit-winery-la-mancha-lagarto-ocelado-15-e-2\/\",\"url\":\"https:\/\/familiamartinezbujanda.com\/en\/shop\/guided-tours-of-the-wineries\/visits-to-finca-antigua-winery\/visit-winery-la-mancha-lagarto-ocelado-15-e-2\/\",\"name\":\"Tour 1 - Lagarto Ocelado (16 \u20ac) | Familia Mart\u00ednez Bujanda\",\"isPartOf\":{\"@id\":\"https:\/\/familiamartinezbujanda.com\/en\/#website\"},\"primaryImageOfPage\":{\"@id\":\"https:\/\/familiamartinezbujanda.com\/en\/shop\/guided-tours-of-the-wineries\/visits-to-finca-antigua-winery\/visit-winery-la-mancha-lagarto-ocelado-15-e-2\/#primaryimage\"},\"image\":{\"@id\":\"https:\/\/familiamartinezbujanda.com\/en\/shop\/guided-tours-of-the-wineries\/visits-to-finca-antigua-winery\/visit-winery-la-mancha-lagarto-ocelado-15-e-2\/#primaryimage\"},\"thumbnailUrl\":\"https:\/\/familiamartinezbujanda.com\/wp-content\/uploads\/2023\/05\/visitas-01-finca_antigua.jpg\",\"datePublished\":\"2023-05-03T13:34:59+00:00\",\"dateModified\":\"2026-03-19T12:30:19+00:00\",\"description\":\"Explore Finca Antigua in La Mancha: Vineyards, wine and cheese tasting in a magical setting. On Saturday, February 14, the tasting will be with Abadia de Jabaga chocolates, don't miss it! A must on your Quixote route!\",\"breadcrumb\":{\"@id\":\"https:\/\/familiamartinezbujanda.com\/en\/shop\/guided-tours-of-the-wineries\/visits-to-finca-antigua-winery\/visit-winery-la-mancha-lagarto-ocelado-15-e-2\/#breadcrumb\"},\"inLanguage\":\"en-US\",\"potentialAction\":[{\"@type\":\"ReadAction\",\"target\":[\"https:\/\/familiamartinezbujanda.com\/en\/shop\/guided-tours-of-the-wineries\/visits-to-finca-antigua-winery\/visit-winery-la-mancha-lagarto-ocelado-15-e-2\/\"]}]},{\"@type\":\"ImageObject\",\"inLanguage\":\"en-US\",\"@id\":\"https:\/\/familiamartinezbujanda.com\/en\/shop\/guided-tours-of-the-wineries\/visits-to-finca-antigua-winery\/visit-winery-la-mancha-lagarto-ocelado-15-e-2\/#primaryimage\",\"url\":\"https:\/\/familiamartinezbujanda.com\/wp-content\/uploads\/2023\/05\/visitas-01-finca_antigua.jpg\",\"contentUrl\":\"https:\/\/familiamartinezbujanda.com\/wp-content\/uploads\/2023\/05\/visitas-01-finca_antigua.jpg\",\"width\":780,\"height\":520},{\"@type\":\"BreadcrumbList\",\"@id\":\"https:\/\/familiamartinezbujanda.com\/en\/shop\/guided-tours-of-the-wineries\/visits-to-finca-antigua-winery\/visit-winery-la-mancha-lagarto-ocelado-15-e-2\/#breadcrumb\",\"itemListElement\":[{\"@type\":\"ListItem\",\"position\":1,\"name\":\"Portada\",\"item\":\"https:\/\/familiamartinezbujanda.com\/en\/inicio\/\"},{\"@type\":\"ListItem\",\"position\":2,\"name\":\"Tienda\",\"item\":\"https:\/\/familiamartinezbujanda.com\/en\/shop\/\"},{\"@type\":\"ListItem\",\"position\":3,\"name\":\"Tour 1 &#8211; Lagarto Ocelado (16 \u20ac)\"}]},{\"@type\":\"WebSite\",\"@id\":\"https:\/\/familiamartinezbujanda.com\/en\/#website\",\"url\":\"https:\/\/familiamartinezbujanda.com\/en\/\",\"name\":\"Familia Mart\u00ednez Bujanda\",\"description\":\"Cinco bodegas conforman Familia Mart\u00ednez-Bujanda: Finca Valpiedra (DOCa Rioja), Finca Antigua (DO La Mancha), Finca Montepedroso (DO Rueda), Vi\u00f1a Bujanda ...\",\"publisher\":{\"@id\":\"https:\/\/familiamartinezbujanda.com\/en\/#organization\"},\"potentialAction\":[{\"@type\":\"SearchAction\",\"target\":{\"@type\":\"EntryPoint\",\"urlTemplate\":\"https:\/\/familiamartinezbujanda.com\/en\/?s={search_term_string}\"},\"query-input\":{\"@type\":\"PropertyValueSpecification\",\"valueRequired\":true,\"valueName\":\"search_term_string\"}}],\"inLanguage\":\"en-US\"},{\"@type\":\"Organization\",\"@id\":\"https:\/\/familiamartinezbujanda.com\/en\/#organization\",\"name\":\"Familia Mart\u00ednez Bujanda\",\"url\":\"https:\/\/familiamartinezbujanda.com\/en\/\",\"logo\":{\"@type\":\"ImageObject\",\"inLanguage\":\"en-US\",\"@id\":\"https:\/\/familiamartinezbujanda.com\/en\/#\/schema\/logo\/image\/\",\"url\":\"https:\/\/www.familiamartinezbujanda.com\/wp-content\/uploads\/2022\/06\/favicon.jpg\",\"contentUrl\":\"https:\/\/www.familiamartinezbujanda.com\/wp-content\/uploads\/2022\/06\/favicon.jpg\",\"width\":512,\"height\":512,\"caption\":\"Familia Mart\u00ednez Bujanda\"},\"image\":{\"@id\":\"https:\/\/familiamartinezbujanda.com\/en\/#\/schema\/logo\/image\/\"}}]}<\/script>\n<!-- \/ Yoast SEO plugin. -->","yoast_head_json":{"title":"Tour 1 - Lagarto Ocelado (16 \u20ac) | Familia Mart\u00ednez Bujanda","description":"Explore Finca Antigua in La Mancha: Vineyards, wine and cheese tasting in a magical setting. On Saturday, February 14, the tasting will be with Abadia de Jabaga chocolates, don't miss it! A must on your Quixote route!","robots":{"index":"index","follow":"follow","max-snippet":"max-snippet:-1","max-image-preview":"max-image-preview:large","max-video-preview":"max-video-preview:-1"},"canonical":"https:\/\/familiamartinezbujanda.com\/en\/shop\/guided-tours-of-the-wineries\/visits-to-finca-antigua-winery\/visit-winery-la-mancha-lagarto-ocelado-15-e-2\/","og_locale":"en_US","og_type":"article","og_title":"Tour 1 - Lagarto Ocelado (16 \u20ac) | Familia Mart\u00ednez Bujanda","og_description":"Explore Finca Antigua in La Mancha: Vineyards, wine and cheese tasting in a magical setting. On Saturday, February 14, the tasting will be with Abadia de Jabaga chocolates, don't miss it! A must on your Quixote route!","og_url":"https:\/\/familiamartinezbujanda.com\/en\/shop\/guided-tours-of-the-wineries\/visits-to-finca-antigua-winery\/visit-winery-la-mancha-lagarto-ocelado-15-e-2\/","og_site_name":"Familia Mart\u00ednez Bujanda","article_modified_time":"2026-03-19T12:30:19+00:00","og_image":[{"width":780,"height":520,"url":"https:\/\/familiamartinezbujanda.com\/wp-content\/uploads\/2023\/05\/visitas-01-finca_antigua.jpg","type":"image\/jpeg"}],"twitter_card":"summary_large_image","twitter_misc":{"Est. reading time":"1 minute"},"schema":{"@context":"https:\/\/schema.org","@graph":[{"@type":"WebPage","@id":"https:\/\/familiamartinezbujanda.com\/en\/shop\/guided-tours-of-the-wineries\/visits-to-finca-antigua-winery\/visit-winery-la-mancha-lagarto-ocelado-15-e-2\/","url":"https:\/\/familiamartinezbujanda.com\/en\/shop\/guided-tours-of-the-wineries\/visits-to-finca-antigua-winery\/visit-winery-la-mancha-lagarto-ocelado-15-e-2\/","name":"Tour 1 - Lagarto Ocelado (16 \u20ac) | Familia Mart\u00ednez Bujanda","isPartOf":{"@id":"https:\/\/familiamartinezbujanda.com\/en\/#website"},"primaryImageOfPage":{"@id":"https:\/\/familiamartinezbujanda.com\/en\/shop\/guided-tours-of-the-wineries\/visits-to-finca-antigua-winery\/visit-winery-la-mancha-lagarto-ocelado-15-e-2\/#primaryimage"},"image":{"@id":"https:\/\/familiamartinezbujanda.com\/en\/shop\/guided-tours-of-the-wineries\/visits-to-finca-antigua-winery\/visit-winery-la-mancha-lagarto-ocelado-15-e-2\/#primaryimage"},"thumbnailUrl":"https:\/\/familiamartinezbujanda.com\/wp-content\/uploads\/2023\/05\/visitas-01-finca_antigua.jpg","datePublished":"2023-05-03T13:34:59+00:00","dateModified":"2026-03-19T12:30:19+00:00","description":"Explore Finca Antigua in La Mancha: Vineyards, wine and cheese tasting in a magical setting. On Saturday, February 14, the tasting will be with Abadia de Jabaga chocolates, don't miss it! A must on your Quixote route!","breadcrumb":{"@id":"https:\/\/familiamartinezbujanda.com\/en\/shop\/guided-tours-of-the-wineries\/visits-to-finca-antigua-winery\/visit-winery-la-mancha-lagarto-ocelado-15-e-2\/#breadcrumb"},"inLanguage":"en-US","potentialAction":[{"@type":"ReadAction","target":["https:\/\/familiamartinezbujanda.com\/en\/shop\/guided-tours-of-the-wineries\/visits-to-finca-antigua-winery\/visit-winery-la-mancha-lagarto-ocelado-15-e-2\/"]}]},{"@type":"ImageObject","inLanguage":"en-US","@id":"https:\/\/familiamartinezbujanda.com\/en\/shop\/guided-tours-of-the-wineries\/visits-to-finca-antigua-winery\/visit-winery-la-mancha-lagarto-ocelado-15-e-2\/#primaryimage","url":"https:\/\/familiamartinezbujanda.com\/wp-content\/uploads\/2023\/05\/visitas-01-finca_antigua.jpg","contentUrl":"https:\/\/familiamartinezbujanda.com\/wp-content\/uploads\/2023\/05\/visitas-01-finca_antigua.jpg","width":780,"height":520},{"@type":"BreadcrumbList","@id":"https:\/\/familiamartinezbujanda.com\/en\/shop\/guided-tours-of-the-wineries\/visits-to-finca-antigua-winery\/visit-winery-la-mancha-lagarto-ocelado-15-e-2\/#breadcrumb","itemListElement":[{"@type":"ListItem","position":1,"name":"Portada","item":"https:\/\/familiamartinezbujanda.com\/en\/inicio\/"},{"@type":"ListItem","position":2,"name":"Tienda","item":"https:\/\/familiamartinezbujanda.com\/en\/shop\/"},{"@type":"ListItem","position":3,"name":"Tour 1 &#8211; Lagarto Ocelado (16 \u20ac)"}]},{"@type":"WebSite","@id":"https:\/\/familiamartinezbujanda.com\/en\/#website","url":"https:\/\/familiamartinezbujanda.com\/en\/","name":"Familia Mart\u00ednez Bujanda","description":"Cinco bodegas conforman Familia Mart\u00ednez-Bujanda: Finca Valpiedra (DOCa Rioja), Finca Antigua (DO La Mancha), Finca Montepedroso (DO Rueda), Vi\u00f1a Bujanda ...","publisher":{"@id":"https:\/\/familiamartinezbujanda.com\/en\/#organization"},"potentialAction":[{"@type":"SearchAction","target":{"@type":"EntryPoint","urlTemplate":"https:\/\/familiamartinezbujanda.com\/en\/?s={search_term_string}"},"query-input":{"@type":"PropertyValueSpecification","valueRequired":true,"valueName":"search_term_string"}}],"inLanguage":"en-US"},{"@type":"Organization","@id":"https:\/\/familiamartinezbujanda.com\/en\/#organization","name":"Familia Mart\u00ednez Bujanda","url":"https:\/\/familiamartinezbujanda.com\/en\/","logo":{"@type":"ImageObject","inLanguage":"en-US","@id":"https:\/\/familiamartinezbujanda.com\/en\/#\/schema\/logo\/image\/","url":"https:\/\/www.familiamartinezbujanda.com\/wp-content\/uploads\/2022\/06\/favicon.jpg","contentUrl":"https:\/\/www.familiamartinezbujanda.com\/wp-content\/uploads\/2022\/06\/favicon.jpg","width":512,"height":512,"caption":"Familia Mart\u00ednez Bujanda"},"image":{"@id":"https:\/\/familiamartinezbujanda.com\/en\/#\/schema\/logo\/image\/"}}]}},"_links":{"self":[{"href":"https:\/\/familiamartinezbujanda.com\/en\/wp-json\/wp\/v2\/product\/71383","targetHints":{"allow":["GET"]}}],"collection":[{"href":"https:\/\/familiamartinezbujanda.com\/en\/wp-json\/wp\/v2\/product"}],"about":[{"href":"https:\/\/familiamartinezbujanda.com\/en\/wp-json\/wp\/v2\/types\/product"}],"replies":[{"embeddable":true,"href":"https:\/\/familiamartinezbujanda.com\/en\/wp-json\/wp\/v2\/comments?post=71383"}],"wp:featuredmedia":[{"embeddable":true,"href":"https:\/\/familiamartinezbujanda.com\/en\/wp-json\/wp\/v2\/media\/68750"}],"wp:attachment":[{"href":"https:\/\/familiamartinezbujanda.com\/en\/wp-json\/wp\/v2\/media?parent=71383"}],"wp:term":[{"taxonomy":"product_brand","embeddable":true,"href":"https:\/\/familiamartinezbujanda.com\/en\/wp-json\/wp\/v2\/product_brand?post=71383"},{"taxonomy":"product_cat","embeddable":true,"href":"https:\/\/familiamartinezbujanda.com\/en\/wp-json\/wp\/v2\/product_cat?post=71383"},{"taxonomy":"product_tag","embeddable":true,"href":"https:\/\/familiamartinezbujanda.com\/en\/wp-json\/wp\/v2\/product_tag?post=71383"}],"curies":[{"name":"wp","href":"https:\/\/api.w.org\/{rel}","templated":true}]}}