{"id":71543,"date":"2021-12-29T15:38:23","date_gmt":"2021-12-29T14:38:23","guid":{"rendered":"https:\/\/familiamartinezbujanda.com\/tienda\/uncategorized\/enoturismorueda-2"},"modified":"2026-03-27T13:15:16","modified_gmt":"2026-03-27T12:15:16","slug":"enoturismorueda-2","status":"publish","type":"product","link":"https:\/\/familiamartinezbujanda.com\/en\/shop\/guided-tours-of-the-wineries\/visits-to-finca-montepedroso-winery\/enoturismorueda-2\/","title":{"rendered":"Rueda Winery Visit: Montepedroso"},"content":{"rendered":"<p>Finca Montepedroso has a magnificent vineyard with an extension of <strong>25 hectares<\/strong>, at an altitude of 750 meters above sea level and located in the heart of the appellation of origin, in the municipality of Rueda. Its stony and rustic soils allow the vines to offer their best fruits for the production of a wine capable of showing all the <strong>personality of the best terroir<\/strong> of Rueda. <\/p>\n<p>In your visit to <strong>&#8220;Bodega Rueda Montepedroso&#8221;<\/strong> you will learn first hand the characteristics that distinguish the Rueda region, as well as its main variety, the verdejo, the only one we grow in our estate. In addition, you will also be able to taste our special verdejo on lees from <a href=\"https:\/\/www.fincamontepedroso.com\/wp-content\/uploads\/2022\/05\/FincaMontepedroso_ESP.pdf\">Finca Montepedroso<\/a>, a wine that recovers the characteristics of the authentic verdejo. Do not miss the opportunity, come and see us and let yourself be surprised.  <\/p>\n","protected":false},"excerpt":{"rendered":"<ul>\n<li>Welcome and photo souvenir of the visit<\/li>\n<li>Explanation next to the vineyard<\/li>\n<li>Route through the winery<\/li>\n<li>Commented tasting of 3 wines with views of the vineyard<\/li>\n<li>Local sausage cover.<\/li>\n<\/ul>\n<p>16 euros\/pax. Duration 1,30h<\/p>\n<p>Children from 10 to 17 years old: 5\u20ac\/child<\/p>\n<p>*Reservations required<\/p>\n<h4><span style=\"color: #339966;\"><strong>On April 2 and 3, Thursday and Good Friday, during the 12.30 p.m. visit, the tasting will be accompanied by local products: tapas of garlic soup, codfish empanada and flakes.<\/strong><\/span><\/h4>\n<p><b>Contact the winery at 983.868.977\/644.257.073 (WhatsApp and Telegram only) or at montepedroso@bujanda.com for other after-hours options.<\/b><\/p>\n","protected":false},"featured_media":68753,"comment_status":"open","ping_status":"closed","template":"","meta":{"iawp_total_views":36},"product_brand":[],"product_cat":[2109,2110],"product_tag":[2102,2111,2103,2114,2106,2116,2112,2115,2113],"class_list":{"0":"post-71543","1":"product","2":"type-product","3":"status-publish","4":"has-post-thumbnail","6":"product_cat-guided-tours-of-the-wineries","7":"product_cat-visits-to-finca-montepedroso-winery","8":"product_tag-do-wheel","9":"product_tag-martinez-bujanda-family","10":"product_tag-montepedroso-farm","11":"product_tag-rueda-wine-tourism","12":"product_tag-verdejo-en","13":"product_tag-visit-and-wine-tasting","14":"product_tag-wheel","15":"product_tag-wine-tourism-valladolid","16":"product_tag-winery-visits","18":"entry","19":"has-media","21":"first","22":"instock","23":"virtual","24":"sold-individually","25":"taxable","26":"purchasable","27":"product-type-booking","28":"col","29":"span_1_of_3","30":"owp-content-center","31":"owp-thumbs-layout-horizontal","32":"owp-btn-normal","33":"owp-tabs-layout-horizontal"},"yoast_head":"<!-- This site is optimized with the Yoast SEO plugin v27.0 - https:\/\/yoast.com\/product\/yoast-seo-wordpress\/ -->\n<title>Rueda Winery Visit: Montepedroso | Familia Mart\u00ednez Bujanda<\/title>\n<meta name=\"robots\" content=\"index, follow, max-snippet:-1, max-image-preview:large, max-video-preview:-1\" \/>\n<link rel=\"canonical\" href=\"https:\/\/familiamartinezbujanda.com\/en\/shop\/guided-tours-of-the-wineries\/visits-to-finca-montepedroso-winery\/enoturismorueda-2\/\" \/>\n<meta property=\"og:locale\" content=\"en_US\" \/>\n<meta property=\"og:type\" content=\"article\" \/>\n<meta property=\"og:title\" content=\"Rueda Winery Visit: Montepedroso | Familia Mart\u00ednez Bujanda\" \/>\n<meta property=\"og:description\" content=\"Welcome and photo souvenir of the visit  Explanation next to the vineyard  Route through the winery  Commented tasting of 3 wines with views of the vineyard  Local sausage cover. 16 euros\/pax. Duration 1,30h Children from 10 to 17 years old: 5\u20ac\/child *Reservations required On April 2 and 3, Thursday and Good Friday, during the 12.30 p.m. visit, the tasting will be accompanied by local products: tapas of garlic soup, codfish empanada and flakes. Contact the winery at 983.868.977\/644.257.073 (WhatsApp and Telegram only) or at montepedroso@bujanda.com for other after-hours options.\" \/>\n<meta property=\"og:url\" content=\"https:\/\/familiamartinezbujanda.com\/en\/shop\/guided-tours-of-the-wineries\/visits-to-finca-montepedroso-winery\/enoturismorueda-2\/\" \/>\n<meta property=\"og:site_name\" content=\"Familia Mart\u00ednez Bujanda\" \/>\n<meta property=\"article:modified_time\" content=\"2026-03-27T12:15:16+00:00\" \/>\n<meta property=\"og:image\" content=\"https:\/\/familiamartinezbujanda.com\/wp-content\/uploads\/2021\/12\/Visitas-foto1.jpg\" \/>\n\t<meta property=\"og:image:width\" content=\"780\" \/>\n\t<meta property=\"og:image:height\" content=\"520\" \/>\n\t<meta property=\"og:image:type\" content=\"image\/jpeg\" \/>\n<meta name=\"twitter:card\" content=\"summary_large_image\" \/>\n<meta name=\"twitter:label1\" content=\"Est. reading time\" \/>\n\t<meta name=\"twitter:data1\" content=\"1 minute\" \/>\n<script type=\"application\/ld+json\" class=\"yoast-schema-graph\">{\"@context\":\"https:\/\/schema.org\",\"@graph\":[{\"@type\":\"WebPage\",\"@id\":\"https:\/\/familiamartinezbujanda.com\/en\/shop\/guided-tours-of-the-wineries\/visits-to-finca-montepedroso-winery\/enoturismorueda-2\/\",\"url\":\"https:\/\/familiamartinezbujanda.com\/en\/shop\/guided-tours-of-the-wineries\/visits-to-finca-montepedroso-winery\/enoturismorueda-2\/\",\"name\":\"Rueda Winery Visit: Montepedroso | Familia Mart\u00ednez Bujanda\",\"isPartOf\":{\"@id\":\"https:\/\/familiamartinezbujanda.com\/en\/#website\"},\"primaryImageOfPage\":{\"@id\":\"https:\/\/familiamartinezbujanda.com\/en\/shop\/guided-tours-of-the-wineries\/visits-to-finca-montepedroso-winery\/enoturismorueda-2\/#primaryimage\"},\"image\":{\"@id\":\"https:\/\/familiamartinezbujanda.com\/en\/shop\/guided-tours-of-the-wineries\/visits-to-finca-montepedroso-winery\/enoturismorueda-2\/#primaryimage\"},\"thumbnailUrl\":\"https:\/\/familiamartinezbujanda.com\/wp-content\/uploads\/2021\/12\/Visitas-foto1.jpg\",\"datePublished\":\"2021-12-29T14:38:23+00:00\",\"dateModified\":\"2026-03-27T12:15:16+00:00\",\"breadcrumb\":{\"@id\":\"https:\/\/familiamartinezbujanda.com\/en\/shop\/guided-tours-of-the-wineries\/visits-to-finca-montepedroso-winery\/enoturismorueda-2\/#breadcrumb\"},\"inLanguage\":\"en-US\",\"potentialAction\":[{\"@type\":\"ReadAction\",\"target\":[\"https:\/\/familiamartinezbujanda.com\/en\/shop\/guided-tours-of-the-wineries\/visits-to-finca-montepedroso-winery\/enoturismorueda-2\/\"]}]},{\"@type\":\"ImageObject\",\"inLanguage\":\"en-US\",\"@id\":\"https:\/\/familiamartinezbujanda.com\/en\/shop\/guided-tours-of-the-wineries\/visits-to-finca-montepedroso-winery\/enoturismorueda-2\/#primaryimage\",\"url\":\"https:\/\/familiamartinezbujanda.com\/wp-content\/uploads\/2021\/12\/Visitas-foto1.jpg\",\"contentUrl\":\"https:\/\/familiamartinezbujanda.com\/wp-content\/uploads\/2021\/12\/Visitas-foto1.jpg\",\"width\":780,\"height\":520},{\"@type\":\"BreadcrumbList\",\"@id\":\"https:\/\/familiamartinezbujanda.com\/en\/shop\/guided-tours-of-the-wineries\/visits-to-finca-montepedroso-winery\/enoturismorueda-2\/#breadcrumb\",\"itemListElement\":[{\"@type\":\"ListItem\",\"position\":1,\"name\":\"Portada\",\"item\":\"https:\/\/familiamartinezbujanda.com\/en\/inicio\/\"},{\"@type\":\"ListItem\",\"position\":2,\"name\":\"Tienda\",\"item\":\"https:\/\/familiamartinezbujanda.com\/en\/shop\/\"},{\"@type\":\"ListItem\",\"position\":3,\"name\":\"Rueda Winery Visit: Montepedroso\"}]},{\"@type\":\"WebSite\",\"@id\":\"https:\/\/familiamartinezbujanda.com\/en\/#website\",\"url\":\"https:\/\/familiamartinezbujanda.com\/en\/\",\"name\":\"Familia Mart\u00ednez Bujanda\",\"description\":\"Cinco bodegas conforman Familia Mart\u00ednez-Bujanda: Finca Valpiedra (DOCa Rioja), Finca Antigua (DO La Mancha), Finca Montepedroso (DO Rueda), Vi\u00f1a Bujanda ...\",\"publisher\":{\"@id\":\"https:\/\/familiamartinezbujanda.com\/en\/#organization\"},\"potentialAction\":[{\"@type\":\"SearchAction\",\"target\":{\"@type\":\"EntryPoint\",\"urlTemplate\":\"https:\/\/familiamartinezbujanda.com\/en\/?s={search_term_string}\"},\"query-input\":{\"@type\":\"PropertyValueSpecification\",\"valueRequired\":true,\"valueName\":\"search_term_string\"}}],\"inLanguage\":\"en-US\"},{\"@type\":\"Organization\",\"@id\":\"https:\/\/familiamartinezbujanda.com\/en\/#organization\",\"name\":\"Familia Mart\u00ednez Bujanda\",\"url\":\"https:\/\/familiamartinezbujanda.com\/en\/\",\"logo\":{\"@type\":\"ImageObject\",\"inLanguage\":\"en-US\",\"@id\":\"https:\/\/familiamartinezbujanda.com\/en\/#\/schema\/logo\/image\/\",\"url\":\"https:\/\/www.familiamartinezbujanda.com\/wp-content\/uploads\/2022\/06\/favicon.jpg\",\"contentUrl\":\"https:\/\/www.familiamartinezbujanda.com\/wp-content\/uploads\/2022\/06\/favicon.jpg\",\"width\":512,\"height\":512,\"caption\":\"Familia Mart\u00ednez Bujanda\"},\"image\":{\"@id\":\"https:\/\/familiamartinezbujanda.com\/en\/#\/schema\/logo\/image\/\"}}]}<\/script>\n<!-- \/ Yoast SEO plugin. -->","yoast_head_json":{"title":"Rueda Winery Visit: Montepedroso | Familia Mart\u00ednez Bujanda","robots":{"index":"index","follow":"follow","max-snippet":"max-snippet:-1","max-image-preview":"max-image-preview:large","max-video-preview":"max-video-preview:-1"},"canonical":"https:\/\/familiamartinezbujanda.com\/en\/shop\/guided-tours-of-the-wineries\/visits-to-finca-montepedroso-winery\/enoturismorueda-2\/","og_locale":"en_US","og_type":"article","og_title":"Rueda Winery Visit: Montepedroso | Familia Mart\u00ednez Bujanda","og_description":"Welcome and photo souvenir of the visit  Explanation next to the vineyard  Route through the winery  Commented tasting of 3 wines with views of the vineyard  Local sausage cover. 16 euros\/pax. Duration 1,30h Children from 10 to 17 years old: 5\u20ac\/child *Reservations required On April 2 and 3, Thursday and Good Friday, during the 12.30 p.m. visit, the tasting will be accompanied by local products: tapas of garlic soup, codfish empanada and flakes. Contact the winery at 983.868.977\/644.257.073 (WhatsApp and Telegram only) or at montepedroso@bujanda.com for other after-hours options.","og_url":"https:\/\/familiamartinezbujanda.com\/en\/shop\/guided-tours-of-the-wineries\/visits-to-finca-montepedroso-winery\/enoturismorueda-2\/","og_site_name":"Familia Mart\u00ednez Bujanda","article_modified_time":"2026-03-27T12:15:16+00:00","og_image":[{"width":780,"height":520,"url":"https:\/\/familiamartinezbujanda.com\/wp-content\/uploads\/2021\/12\/Visitas-foto1.jpg","type":"image\/jpeg"}],"twitter_card":"summary_large_image","twitter_misc":{"Est. reading time":"1 minute"},"schema":{"@context":"https:\/\/schema.org","@graph":[{"@type":"WebPage","@id":"https:\/\/familiamartinezbujanda.com\/en\/shop\/guided-tours-of-the-wineries\/visits-to-finca-montepedroso-winery\/enoturismorueda-2\/","url":"https:\/\/familiamartinezbujanda.com\/en\/shop\/guided-tours-of-the-wineries\/visits-to-finca-montepedroso-winery\/enoturismorueda-2\/","name":"Rueda Winery Visit: Montepedroso | Familia Mart\u00ednez Bujanda","isPartOf":{"@id":"https:\/\/familiamartinezbujanda.com\/en\/#website"},"primaryImageOfPage":{"@id":"https:\/\/familiamartinezbujanda.com\/en\/shop\/guided-tours-of-the-wineries\/visits-to-finca-montepedroso-winery\/enoturismorueda-2\/#primaryimage"},"image":{"@id":"https:\/\/familiamartinezbujanda.com\/en\/shop\/guided-tours-of-the-wineries\/visits-to-finca-montepedroso-winery\/enoturismorueda-2\/#primaryimage"},"thumbnailUrl":"https:\/\/familiamartinezbujanda.com\/wp-content\/uploads\/2021\/12\/Visitas-foto1.jpg","datePublished":"2021-12-29T14:38:23+00:00","dateModified":"2026-03-27T12:15:16+00:00","breadcrumb":{"@id":"https:\/\/familiamartinezbujanda.com\/en\/shop\/guided-tours-of-the-wineries\/visits-to-finca-montepedroso-winery\/enoturismorueda-2\/#breadcrumb"},"inLanguage":"en-US","potentialAction":[{"@type":"ReadAction","target":["https:\/\/familiamartinezbujanda.com\/en\/shop\/guided-tours-of-the-wineries\/visits-to-finca-montepedroso-winery\/enoturismorueda-2\/"]}]},{"@type":"ImageObject","inLanguage":"en-US","@id":"https:\/\/familiamartinezbujanda.com\/en\/shop\/guided-tours-of-the-wineries\/visits-to-finca-montepedroso-winery\/enoturismorueda-2\/#primaryimage","url":"https:\/\/familiamartinezbujanda.com\/wp-content\/uploads\/2021\/12\/Visitas-foto1.jpg","contentUrl":"https:\/\/familiamartinezbujanda.com\/wp-content\/uploads\/2021\/12\/Visitas-foto1.jpg","width":780,"height":520},{"@type":"BreadcrumbList","@id":"https:\/\/familiamartinezbujanda.com\/en\/shop\/guided-tours-of-the-wineries\/visits-to-finca-montepedroso-winery\/enoturismorueda-2\/#breadcrumb","itemListElement":[{"@type":"ListItem","position":1,"name":"Portada","item":"https:\/\/familiamartinezbujanda.com\/en\/inicio\/"},{"@type":"ListItem","position":2,"name":"Tienda","item":"https:\/\/familiamartinezbujanda.com\/en\/shop\/"},{"@type":"ListItem","position":3,"name":"Rueda Winery Visit: Montepedroso"}]},{"@type":"WebSite","@id":"https:\/\/familiamartinezbujanda.com\/en\/#website","url":"https:\/\/familiamartinezbujanda.com\/en\/","name":"Familia Mart\u00ednez Bujanda","description":"Cinco bodegas conforman Familia Mart\u00ednez-Bujanda: Finca Valpiedra (DOCa Rioja), Finca Antigua (DO La Mancha), Finca Montepedroso (DO Rueda), Vi\u00f1a Bujanda ...","publisher":{"@id":"https:\/\/familiamartinezbujanda.com\/en\/#organization"},"potentialAction":[{"@type":"SearchAction","target":{"@type":"EntryPoint","urlTemplate":"https:\/\/familiamartinezbujanda.com\/en\/?s={search_term_string}"},"query-input":{"@type":"PropertyValueSpecification","valueRequired":true,"valueName":"search_term_string"}}],"inLanguage":"en-US"},{"@type":"Organization","@id":"https:\/\/familiamartinezbujanda.com\/en\/#organization","name":"Familia Mart\u00ednez Bujanda","url":"https:\/\/familiamartinezbujanda.com\/en\/","logo":{"@type":"ImageObject","inLanguage":"en-US","@id":"https:\/\/familiamartinezbujanda.com\/en\/#\/schema\/logo\/image\/","url":"https:\/\/www.familiamartinezbujanda.com\/wp-content\/uploads\/2022\/06\/favicon.jpg","contentUrl":"https:\/\/www.familiamartinezbujanda.com\/wp-content\/uploads\/2022\/06\/favicon.jpg","width":512,"height":512,"caption":"Familia Mart\u00ednez Bujanda"},"image":{"@id":"https:\/\/familiamartinezbujanda.com\/en\/#\/schema\/logo\/image\/"}}]}},"_links":{"self":[{"href":"https:\/\/familiamartinezbujanda.com\/en\/wp-json\/wp\/v2\/product\/71543","targetHints":{"allow":["GET"]}}],"collection":[{"href":"https:\/\/familiamartinezbujanda.com\/en\/wp-json\/wp\/v2\/product"}],"about":[{"href":"https:\/\/familiamartinezbujanda.com\/en\/wp-json\/wp\/v2\/types\/product"}],"replies":[{"embeddable":true,"href":"https:\/\/familiamartinezbujanda.com\/en\/wp-json\/wp\/v2\/comments?post=71543"}],"wp:featuredmedia":[{"embeddable":true,"href":"https:\/\/familiamartinezbujanda.com\/en\/wp-json\/wp\/v2\/media\/68753"}],"wp:attachment":[{"href":"https:\/\/familiamartinezbujanda.com\/en\/wp-json\/wp\/v2\/media?parent=71543"}],"wp:term":[{"taxonomy":"product_brand","embeddable":true,"href":"https:\/\/familiamartinezbujanda.com\/en\/wp-json\/wp\/v2\/product_brand?post=71543"},{"taxonomy":"product_cat","embeddable":true,"href":"https:\/\/familiamartinezbujanda.com\/en\/wp-json\/wp\/v2\/product_cat?post=71543"},{"taxonomy":"product_tag","embeddable":true,"href":"https:\/\/familiamartinezbujanda.com\/en\/wp-json\/wp\/v2\/product_tag?post=71543"}],"curies":[{"name":"wp","href":"https:\/\/api.w.org\/{rel}","templated":true}]}}