{"id":72104,"date":"2023-05-05T14:04:24","date_gmt":"2023-05-05T12:04:24","guid":{"rendered":"https:\/\/familiamartinezbujanda.com\/tienda\/uncategorized\/special-mothers-day-with-fish-montepedroso"},"modified":"2025-05-30T08:26:15","modified_gmt":"2025-05-30T06:26:15","slug":"special-mothers-day-with-fish-montepedroso","status":"publish","type":"product","link":"https:\/\/familiamartinezbujanda.com\/en\/shop\/mothers-day-especial\/special-mothers-day-with-fish-montepedroso\/","title":{"rendered":"Mother&#8217;s Day Special with Finca Montepedroso"},"content":{"rendered":"<p>Special Mother&#8217;s Day with <strong><a href=\"https:\/\/www.fincamontepedroso.com\/\">Finca Montepedroso<\/a>.<\/strong> A high quality wine for mom.<\/p>\n<p>Give<strong><a href=\"https:\/\/www.fincamontepedroso.com\/wp-content\/uploads\/2022\/05\/Enoteca.pdf\"> Montepedroso Enoteca<\/a> (D.O. Rueda)<\/strong>, a limited edition of 100% Verdejo white wine, of great quality that only comes to the market in exceptional vintages. A Verdejo Rueda wine aged for 14 months in concrete eggs. Subsequently, this great wine remains in bottle for a year.<\/p>\n<p>It is a very mineral fruity wine with notes of smoke, limestone and incense. Bright, unctuous and long, it is one of the best wines from Rueda, which makes it a good white wine to give as a gift.<\/p>\n<p>Have you made up your mind? We offer you more <a href=\"https:\/\/shopfamiliamartinezbujanda.com\/categoria-producto\/especial-dia-de-la-madre\/\">options<\/a>.<\/p>\n","protected":false},"excerpt":{"rendered":"<p>Special Mother&#8217;s Day with Finca Montepedroso. A high quality wine for mom. Give Montepedroso Enoteca (D.O. Rueda), a limited edition of 100% Verdejo white wine, of great quality that only comes to the market in exceptional vintages. A Verdejo Rueda wine aged for 14 months in concrete eggs. Subsequently, this great wine remains in bottle [&hellip;]<\/p>\n","protected":false},"featured_media":68799,"comment_status":"open","ping_status":"closed","template":"","meta":{"iawp_total_views":3},"product_brand":[],"product_cat":[1557],"product_tag":[],"class_list":{"0":"post-72104","1":"product","2":"type-product","3":"status-publish","4":"has-post-thumbnail","6":"product_cat-mothers-day-especial","8":"entry","9":"has-media","11":"first","12":"instock","13":"taxable","14":"shipping-taxable","15":"purchasable","16":"product-type-simple","17":"col","18":"span_1_of_3","19":"owp-content-center","20":"owp-thumbs-layout-horizontal","21":"owp-btn-normal","22":"owp-tabs-layout-horizontal","23":"has-no-thumbnails"},"yoast_head":"<!-- This site is optimized with the Yoast SEO plugin v27.0 - https:\/\/yoast.com\/product\/yoast-seo-wordpress\/ -->\n<title>Mother&#039;s Day Special with Finca Montepedroso | Familia Mart\u00ednez Bujanda<\/title>\n<meta name=\"description\" content=\"Give mom an exceptional gift on her day with Montepedroso Enoteca, a limited edition Verdejo white wine. Aged for 14 months in concrete.\" \/>\n<meta name=\"robots\" content=\"index, follow, max-snippet:-1, max-image-preview:large, max-video-preview:-1\" \/>\n<link rel=\"canonical\" href=\"https:\/\/familiamartinezbujanda.com\/en\/shop\/mothers-day-especial\/special-mothers-day-with-fish-montepedroso\/\" \/>\n<meta property=\"og:locale\" content=\"en_US\" \/>\n<meta property=\"og:type\" content=\"article\" \/>\n<meta property=\"og:title\" content=\"Mother&#039;s Day Special with Finca Montepedroso | Familia Mart\u00ednez Bujanda\" \/>\n<meta property=\"og:description\" content=\"Give mom an exceptional gift on her day with Montepedroso Enoteca, a limited edition Verdejo white wine. Aged for 14 months in concrete.\" \/>\n<meta property=\"og:url\" content=\"https:\/\/familiamartinezbujanda.com\/en\/shop\/mothers-day-especial\/special-mothers-day-with-fish-montepedroso\/\" \/>\n<meta property=\"og:site_name\" content=\"Familia Mart\u00ednez Bujanda\" \/>\n<meta property=\"article:modified_time\" content=\"2025-05-30T06:26:15+00:00\" \/>\n<meta property=\"og:image\" content=\"https:\/\/familiamartinezbujanda.com\/wp-content\/uploads\/2023\/05\/shop-diamadre-fm.jpg\" \/>\n\t<meta property=\"og:image:width\" content=\"600\" \/>\n\t<meta property=\"og:image:height\" content=\"600\" \/>\n\t<meta property=\"og:image:type\" content=\"image\/jpeg\" \/>\n<meta name=\"twitter:card\" content=\"summary_large_image\" \/>\n<meta name=\"twitter:label1\" content=\"Est. reading time\" \/>\n\t<meta name=\"twitter:data1\" content=\"1 minute\" \/>\n<script type=\"application\/ld+json\" class=\"yoast-schema-graph\">{\"@context\":\"https:\/\/schema.org\",\"@graph\":[{\"@type\":\"WebPage\",\"@id\":\"https:\/\/familiamartinezbujanda.com\/en\/shop\/mothers-day-especial\/special-mothers-day-with-fish-montepedroso\/\",\"url\":\"https:\/\/familiamartinezbujanda.com\/en\/shop\/mothers-day-especial\/special-mothers-day-with-fish-montepedroso\/\",\"name\":\"Mother's Day Special with Finca Montepedroso | Familia Mart\u00ednez Bujanda\",\"isPartOf\":{\"@id\":\"https:\/\/familiamartinezbujanda.com\/en\/#website\"},\"primaryImageOfPage\":{\"@id\":\"https:\/\/familiamartinezbujanda.com\/en\/shop\/mothers-day-especial\/special-mothers-day-with-fish-montepedroso\/#primaryimage\"},\"image\":{\"@id\":\"https:\/\/familiamartinezbujanda.com\/en\/shop\/mothers-day-especial\/special-mothers-day-with-fish-montepedroso\/#primaryimage\"},\"thumbnailUrl\":\"https:\/\/familiamartinezbujanda.com\/wp-content\/uploads\/2023\/05\/shop-diamadre-fm.jpg\",\"datePublished\":\"2023-05-05T12:04:24+00:00\",\"dateModified\":\"2025-05-30T06:26:15+00:00\",\"description\":\"Give mom an exceptional gift on her day with Montepedroso Enoteca, a limited edition Verdejo white wine. Aged for 14 months in concrete.\",\"breadcrumb\":{\"@id\":\"https:\/\/familiamartinezbujanda.com\/en\/shop\/mothers-day-especial\/special-mothers-day-with-fish-montepedroso\/#breadcrumb\"},\"inLanguage\":\"en-US\",\"potentialAction\":[{\"@type\":\"ReadAction\",\"target\":[\"https:\/\/familiamartinezbujanda.com\/en\/shop\/mothers-day-especial\/special-mothers-day-with-fish-montepedroso\/\"]}]},{\"@type\":\"ImageObject\",\"inLanguage\":\"en-US\",\"@id\":\"https:\/\/familiamartinezbujanda.com\/en\/shop\/mothers-day-especial\/special-mothers-day-with-fish-montepedroso\/#primaryimage\",\"url\":\"https:\/\/familiamartinezbujanda.com\/wp-content\/uploads\/2023\/05\/shop-diamadre-fm.jpg\",\"contentUrl\":\"https:\/\/familiamartinezbujanda.com\/wp-content\/uploads\/2023\/05\/shop-diamadre-fm.jpg\",\"width\":600,\"height\":600},{\"@type\":\"BreadcrumbList\",\"@id\":\"https:\/\/familiamartinezbujanda.com\/en\/shop\/mothers-day-especial\/special-mothers-day-with-fish-montepedroso\/#breadcrumb\",\"itemListElement\":[{\"@type\":\"ListItem\",\"position\":1,\"name\":\"Portada\",\"item\":\"https:\/\/familiamartinezbujanda.com\/en\/inicio\/\"},{\"@type\":\"ListItem\",\"position\":2,\"name\":\"Tienda\",\"item\":\"https:\/\/familiamartinezbujanda.com\/en\/shop\/\"},{\"@type\":\"ListItem\",\"position\":3,\"name\":\"Mother&#8217;s Day Special with Finca Montepedroso\"}]},{\"@type\":\"WebSite\",\"@id\":\"https:\/\/familiamartinezbujanda.com\/en\/#website\",\"url\":\"https:\/\/familiamartinezbujanda.com\/en\/\",\"name\":\"Familia Mart\u00ednez Bujanda\",\"description\":\"Cinco bodegas conforman Familia Mart\u00ednez-Bujanda: Finca Valpiedra (DOCa Rioja), Finca Antigua (DO La Mancha), Finca Montepedroso (DO Rueda), Vi\u00f1a Bujanda ...\",\"publisher\":{\"@id\":\"https:\/\/familiamartinezbujanda.com\/en\/#organization\"},\"potentialAction\":[{\"@type\":\"SearchAction\",\"target\":{\"@type\":\"EntryPoint\",\"urlTemplate\":\"https:\/\/familiamartinezbujanda.com\/en\/?s={search_term_string}\"},\"query-input\":{\"@type\":\"PropertyValueSpecification\",\"valueRequired\":true,\"valueName\":\"search_term_string\"}}],\"inLanguage\":\"en-US\"},{\"@type\":\"Organization\",\"@id\":\"https:\/\/familiamartinezbujanda.com\/en\/#organization\",\"name\":\"Familia Mart\u00ednez Bujanda\",\"url\":\"https:\/\/familiamartinezbujanda.com\/en\/\",\"logo\":{\"@type\":\"ImageObject\",\"inLanguage\":\"en-US\",\"@id\":\"https:\/\/familiamartinezbujanda.com\/en\/#\/schema\/logo\/image\/\",\"url\":\"https:\/\/www.familiamartinezbujanda.com\/wp-content\/uploads\/2022\/06\/favicon.jpg\",\"contentUrl\":\"https:\/\/www.familiamartinezbujanda.com\/wp-content\/uploads\/2022\/06\/favicon.jpg\",\"width\":512,\"height\":512,\"caption\":\"Familia Mart\u00ednez Bujanda\"},\"image\":{\"@id\":\"https:\/\/familiamartinezbujanda.com\/en\/#\/schema\/logo\/image\/\"}}]}<\/script>\n<!-- \/ Yoast SEO plugin. -->","yoast_head_json":{"title":"Mother's Day Special with Finca Montepedroso | Familia Mart\u00ednez Bujanda","description":"Give mom an exceptional gift on her day with Montepedroso Enoteca, a limited edition Verdejo white wine. Aged for 14 months in concrete.","robots":{"index":"index","follow":"follow","max-snippet":"max-snippet:-1","max-image-preview":"max-image-preview:large","max-video-preview":"max-video-preview:-1"},"canonical":"https:\/\/familiamartinezbujanda.com\/en\/shop\/mothers-day-especial\/special-mothers-day-with-fish-montepedroso\/","og_locale":"en_US","og_type":"article","og_title":"Mother's Day Special with Finca Montepedroso | Familia Mart\u00ednez Bujanda","og_description":"Give mom an exceptional gift on her day with Montepedroso Enoteca, a limited edition Verdejo white wine. Aged for 14 months in concrete.","og_url":"https:\/\/familiamartinezbujanda.com\/en\/shop\/mothers-day-especial\/special-mothers-day-with-fish-montepedroso\/","og_site_name":"Familia Mart\u00ednez Bujanda","article_modified_time":"2025-05-30T06:26:15+00:00","og_image":[{"width":600,"height":600,"url":"https:\/\/familiamartinezbujanda.com\/wp-content\/uploads\/2023\/05\/shop-diamadre-fm.jpg","type":"image\/jpeg"}],"twitter_card":"summary_large_image","twitter_misc":{"Est. reading time":"1 minute"},"schema":{"@context":"https:\/\/schema.org","@graph":[{"@type":"WebPage","@id":"https:\/\/familiamartinezbujanda.com\/en\/shop\/mothers-day-especial\/special-mothers-day-with-fish-montepedroso\/","url":"https:\/\/familiamartinezbujanda.com\/en\/shop\/mothers-day-especial\/special-mothers-day-with-fish-montepedroso\/","name":"Mother's Day Special with Finca Montepedroso | Familia Mart\u00ednez Bujanda","isPartOf":{"@id":"https:\/\/familiamartinezbujanda.com\/en\/#website"},"primaryImageOfPage":{"@id":"https:\/\/familiamartinezbujanda.com\/en\/shop\/mothers-day-especial\/special-mothers-day-with-fish-montepedroso\/#primaryimage"},"image":{"@id":"https:\/\/familiamartinezbujanda.com\/en\/shop\/mothers-day-especial\/special-mothers-day-with-fish-montepedroso\/#primaryimage"},"thumbnailUrl":"https:\/\/familiamartinezbujanda.com\/wp-content\/uploads\/2023\/05\/shop-diamadre-fm.jpg","datePublished":"2023-05-05T12:04:24+00:00","dateModified":"2025-05-30T06:26:15+00:00","description":"Give mom an exceptional gift on her day with Montepedroso Enoteca, a limited edition Verdejo white wine. Aged for 14 months in concrete.","breadcrumb":{"@id":"https:\/\/familiamartinezbujanda.com\/en\/shop\/mothers-day-especial\/special-mothers-day-with-fish-montepedroso\/#breadcrumb"},"inLanguage":"en-US","potentialAction":[{"@type":"ReadAction","target":["https:\/\/familiamartinezbujanda.com\/en\/shop\/mothers-day-especial\/special-mothers-day-with-fish-montepedroso\/"]}]},{"@type":"ImageObject","inLanguage":"en-US","@id":"https:\/\/familiamartinezbujanda.com\/en\/shop\/mothers-day-especial\/special-mothers-day-with-fish-montepedroso\/#primaryimage","url":"https:\/\/familiamartinezbujanda.com\/wp-content\/uploads\/2023\/05\/shop-diamadre-fm.jpg","contentUrl":"https:\/\/familiamartinezbujanda.com\/wp-content\/uploads\/2023\/05\/shop-diamadre-fm.jpg","width":600,"height":600},{"@type":"BreadcrumbList","@id":"https:\/\/familiamartinezbujanda.com\/en\/shop\/mothers-day-especial\/special-mothers-day-with-fish-montepedroso\/#breadcrumb","itemListElement":[{"@type":"ListItem","position":1,"name":"Portada","item":"https:\/\/familiamartinezbujanda.com\/en\/inicio\/"},{"@type":"ListItem","position":2,"name":"Tienda","item":"https:\/\/familiamartinezbujanda.com\/en\/shop\/"},{"@type":"ListItem","position":3,"name":"Mother&#8217;s Day Special with Finca Montepedroso"}]},{"@type":"WebSite","@id":"https:\/\/familiamartinezbujanda.com\/en\/#website","url":"https:\/\/familiamartinezbujanda.com\/en\/","name":"Familia Mart\u00ednez Bujanda","description":"Cinco bodegas conforman Familia Mart\u00ednez-Bujanda: Finca Valpiedra (DOCa Rioja), Finca Antigua (DO La Mancha), Finca Montepedroso (DO Rueda), Vi\u00f1a Bujanda ...","publisher":{"@id":"https:\/\/familiamartinezbujanda.com\/en\/#organization"},"potentialAction":[{"@type":"SearchAction","target":{"@type":"EntryPoint","urlTemplate":"https:\/\/familiamartinezbujanda.com\/en\/?s={search_term_string}"},"query-input":{"@type":"PropertyValueSpecification","valueRequired":true,"valueName":"search_term_string"}}],"inLanguage":"en-US"},{"@type":"Organization","@id":"https:\/\/familiamartinezbujanda.com\/en\/#organization","name":"Familia Mart\u00ednez Bujanda","url":"https:\/\/familiamartinezbujanda.com\/en\/","logo":{"@type":"ImageObject","inLanguage":"en-US","@id":"https:\/\/familiamartinezbujanda.com\/en\/#\/schema\/logo\/image\/","url":"https:\/\/www.familiamartinezbujanda.com\/wp-content\/uploads\/2022\/06\/favicon.jpg","contentUrl":"https:\/\/www.familiamartinezbujanda.com\/wp-content\/uploads\/2022\/06\/favicon.jpg","width":512,"height":512,"caption":"Familia Mart\u00ednez Bujanda"},"image":{"@id":"https:\/\/familiamartinezbujanda.com\/en\/#\/schema\/logo\/image\/"}}]}},"_links":{"self":[{"href":"https:\/\/familiamartinezbujanda.com\/en\/wp-json\/wp\/v2\/product\/72104","targetHints":{"allow":["GET"]}}],"collection":[{"href":"https:\/\/familiamartinezbujanda.com\/en\/wp-json\/wp\/v2\/product"}],"about":[{"href":"https:\/\/familiamartinezbujanda.com\/en\/wp-json\/wp\/v2\/types\/product"}],"replies":[{"embeddable":true,"href":"https:\/\/familiamartinezbujanda.com\/en\/wp-json\/wp\/v2\/comments?post=72104"}],"wp:featuredmedia":[{"embeddable":true,"href":"https:\/\/familiamartinezbujanda.com\/en\/wp-json\/wp\/v2\/media\/68799"}],"wp:attachment":[{"href":"https:\/\/familiamartinezbujanda.com\/en\/wp-json\/wp\/v2\/media?parent=72104"}],"wp:term":[{"taxonomy":"product_brand","embeddable":true,"href":"https:\/\/familiamartinezbujanda.com\/en\/wp-json\/wp\/v2\/product_brand?post=72104"},{"taxonomy":"product_cat","embeddable":true,"href":"https:\/\/familiamartinezbujanda.com\/en\/wp-json\/wp\/v2\/product_cat?post=72104"},{"taxonomy":"product_tag","embeddable":true,"href":"https:\/\/familiamartinezbujanda.com\/en\/wp-json\/wp\/v2\/product_tag?post=72104"}],"curies":[{"name":"wp","href":"https:\/\/api.w.org\/{rel}","templated":true}]}}