{"id":73589,"date":"2021-12-15T14:37:43","date_gmt":"2021-12-15T13:37:43","guid":{"rendered":"https:\/\/familiamartinezbujanda.com\/tienda\/uncategorized\/finca-valpiedra-white-reserve"},"modified":"2026-01-29T12:25:04","modified_gmt":"2026-01-29T11:25:04","slug":"finca-valpiedra-blanco-reserva","status":"publish","type":"product","link":"https:\/\/familiamartinezbujanda.com\/en\/shop\/wines\/packs\/special-presentations\/finca-valpiedra-blanco-reserva\/","title":{"rendered":"FINCA VALPIEDRA WHITE RESERVA wooden case"},"content":{"rendered":"<p><strong>Finca Valpiedra Reserva Blanco, (D.O.Ca. Rioja), <\/strong>is a limited edition of a <strong>white wine good for cellaring<\/strong>, one <strong>of the best whites of Rioja<\/strong>. Creamy, fresh, perfumed, with great balance between body and acidity. <\/p>\n<p>This is a reserve white wine that pairs very well with grilled fish and braised poultry, baked turkey and small game dishes (partridge and turtledove). This white wine from Rioja also goes great with medium-high cured cheeses. And if you are looking for paella wines, Finca Valpiedra Reserva Blanco goes great.<\/p>\n<p>Enjoy an exclusive Rioja white wine made from Viura, Garnacha Blanca, Malvas\u00eda and Maturana Blanca, fermented in stainless steel tanks and aged in French and American oak barrels for 24 months.<\/p>\n<p>Do you want to share it? Finca Valpiedra Reserva Blanco is a good white wine to give as a gift.<\/p>\n","protected":false},"excerpt":{"rendered":"<p>Bottle of Finca Valpiedra Blanco in individual wooden case.<\/p>\n<p>Surprise or be surprised with this unique white wine, different from the usual.<\/p>\n<p>Made with white Viura grapes from centenary vines and contributions of Malvasia, Grenache and white Maturana. Fermented in stainless steel tanks, aged 2 years in barrels, one year in granite eggs and one year in bottle. It leaves with reserve category.<\/p>\n<p>&nbsp;<\/p>\n","protected":false},"featured_media":68346,"comment_status":"open","ping_status":"closed","template":"","meta":{"iawp_total_views":8},"product_brand":[],"product_cat":[2209],"product_tag":[2218,2215,2216,2111,2074,2214,2217,2213,2108],"class_list":{"0":"post-73589","1":"product","2":"type-product","3":"status-publish","4":"has-post-thumbnail","6":"product_cat-special-presentations","7":"product_tag-centennial-viura","8":"product_tag-concrete-egg","9":"product_tag-malvasia-en","10":"product_tag-martinez-bujanda-family","11":"product_tag-valpiedra-estate","12":"product_tag-white-grenache","13":"product_tag-white-maturana","14":"product_tag-white-reserve","15":"product_tag-white-wine","17":"entry","18":"has-media","20":"first","21":"instock","22":"taxable","23":"shipping-taxable","24":"purchasable","25":"product-type-simple","26":"col","27":"span_1_of_3","28":"owp-content-center","29":"owp-thumbs-layout-horizontal","30":"owp-btn-normal","31":"owp-tabs-layout-horizontal","32":"has-no-thumbnails"},"yoast_head":"<!-- This site is optimized with the Yoast SEO plugin v27.0 - https:\/\/yoast.com\/product\/yoast-seo-wordpress\/ -->\n<title>FINCA VALPIEDRA WHITE RESERVA wooden case | Familia Mart\u00ednez Bujanda<\/title>\n<meta name=\"robots\" content=\"index, follow, max-snippet:-1, max-image-preview:large, max-video-preview:-1\" \/>\n<link rel=\"canonical\" href=\"https:\/\/familiamartinezbujanda.com\/en\/shop\/wines\/packs\/special-presentations\/finca-valpiedra-blanco-reserva\/\" \/>\n<meta property=\"og:locale\" content=\"en_US\" \/>\n<meta property=\"og:type\" content=\"article\" \/>\n<meta property=\"og:title\" content=\"FINCA VALPIEDRA WHITE RESERVA wooden case | Familia Mart\u00ednez Bujanda\" \/>\n<meta property=\"og:description\" content=\"Bottle of Finca Valpiedra Blanco in individual wooden case. Surprise or be surprised with this unique white wine, different from the usual. Made with white Viura grapes from centenary vines and contributions of Malvasia, Grenache and white Maturana. Fermented in stainless steel tanks, aged 2 years in barrels, one year in granite eggs and one year in bottle. It leaves with reserve category. &nbsp;\" \/>\n<meta property=\"og:url\" content=\"https:\/\/familiamartinezbujanda.com\/en\/shop\/wines\/packs\/special-presentations\/finca-valpiedra-blanco-reserva\/\" \/>\n<meta property=\"og:site_name\" content=\"Familia Mart\u00ednez Bujanda\" \/>\n<meta property=\"article:modified_time\" content=\"2026-01-29T11:25:04+00:00\" \/>\n<meta property=\"og:image\" content=\"https:\/\/familiamartinezbujanda.com\/wp-content\/uploads\/2022\/05\/lote-finca-valpiedra-blanco-reserva.jpg\" \/>\n\t<meta property=\"og:image:width\" content=\"600\" \/>\n\t<meta property=\"og:image:height\" content=\"600\" \/>\n\t<meta property=\"og:image:type\" content=\"image\/jpeg\" \/>\n<meta name=\"twitter:card\" content=\"summary_large_image\" \/>\n<meta name=\"twitter:label1\" content=\"Est. reading time\" \/>\n\t<meta name=\"twitter:data1\" content=\"1 minute\" \/>\n<script type=\"application\/ld+json\" class=\"yoast-schema-graph\">{\"@context\":\"https:\/\/schema.org\",\"@graph\":[{\"@type\":\"WebPage\",\"@id\":\"https:\/\/familiamartinezbujanda.com\/en\/shop\/wines\/packs\/special-presentations\/finca-valpiedra-blanco-reserva\/\",\"url\":\"https:\/\/familiamartinezbujanda.com\/en\/shop\/wines\/packs\/special-presentations\/finca-valpiedra-blanco-reserva\/\",\"name\":\"FINCA VALPIEDRA WHITE RESERVA wooden case | Familia Mart\u00ednez Bujanda\",\"isPartOf\":{\"@id\":\"https:\/\/familiamartinezbujanda.com\/en\/#website\"},\"primaryImageOfPage\":{\"@id\":\"https:\/\/familiamartinezbujanda.com\/en\/shop\/wines\/packs\/special-presentations\/finca-valpiedra-blanco-reserva\/#primaryimage\"},\"image\":{\"@id\":\"https:\/\/familiamartinezbujanda.com\/en\/shop\/wines\/packs\/special-presentations\/finca-valpiedra-blanco-reserva\/#primaryimage\"},\"thumbnailUrl\":\"https:\/\/familiamartinezbujanda.com\/wp-content\/uploads\/2022\/05\/lote-finca-valpiedra-blanco-reserva.jpg\",\"datePublished\":\"2021-12-15T13:37:43+00:00\",\"dateModified\":\"2026-01-29T11:25:04+00:00\",\"breadcrumb\":{\"@id\":\"https:\/\/familiamartinezbujanda.com\/en\/shop\/wines\/packs\/special-presentations\/finca-valpiedra-blanco-reserva\/#breadcrumb\"},\"inLanguage\":\"en-US\",\"potentialAction\":[{\"@type\":\"ReadAction\",\"target\":[\"https:\/\/familiamartinezbujanda.com\/en\/shop\/wines\/packs\/special-presentations\/finca-valpiedra-blanco-reserva\/\"]}]},{\"@type\":\"ImageObject\",\"inLanguage\":\"en-US\",\"@id\":\"https:\/\/familiamartinezbujanda.com\/en\/shop\/wines\/packs\/special-presentations\/finca-valpiedra-blanco-reserva\/#primaryimage\",\"url\":\"https:\/\/familiamartinezbujanda.com\/wp-content\/uploads\/2022\/05\/lote-finca-valpiedra-blanco-reserva.jpg\",\"contentUrl\":\"https:\/\/familiamartinezbujanda.com\/wp-content\/uploads\/2022\/05\/lote-finca-valpiedra-blanco-reserva.jpg\",\"width\":600,\"height\":600},{\"@type\":\"BreadcrumbList\",\"@id\":\"https:\/\/familiamartinezbujanda.com\/en\/shop\/wines\/packs\/special-presentations\/finca-valpiedra-blanco-reserva\/#breadcrumb\",\"itemListElement\":[{\"@type\":\"ListItem\",\"position\":1,\"name\":\"Portada\",\"item\":\"https:\/\/familiamartinezbujanda.com\/en\/inicio\/\"},{\"@type\":\"ListItem\",\"position\":2,\"name\":\"Tienda\",\"item\":\"https:\/\/familiamartinezbujanda.com\/en\/shop\/\"},{\"@type\":\"ListItem\",\"position\":3,\"name\":\"FINCA VALPIEDRA WHITE RESERVA wooden case\"}]},{\"@type\":\"WebSite\",\"@id\":\"https:\/\/familiamartinezbujanda.com\/en\/#website\",\"url\":\"https:\/\/familiamartinezbujanda.com\/en\/\",\"name\":\"Familia Mart\u00ednez Bujanda\",\"description\":\"Cinco bodegas conforman Familia Mart\u00ednez-Bujanda: Finca Valpiedra (DOCa Rioja), Finca Antigua (DO La Mancha), Finca Montepedroso (DO Rueda), Vi\u00f1a Bujanda ...\",\"publisher\":{\"@id\":\"https:\/\/familiamartinezbujanda.com\/en\/#organization\"},\"potentialAction\":[{\"@type\":\"SearchAction\",\"target\":{\"@type\":\"EntryPoint\",\"urlTemplate\":\"https:\/\/familiamartinezbujanda.com\/en\/?s={search_term_string}\"},\"query-input\":{\"@type\":\"PropertyValueSpecification\",\"valueRequired\":true,\"valueName\":\"search_term_string\"}}],\"inLanguage\":\"en-US\"},{\"@type\":\"Organization\",\"@id\":\"https:\/\/familiamartinezbujanda.com\/en\/#organization\",\"name\":\"Familia Mart\u00ednez Bujanda\",\"url\":\"https:\/\/familiamartinezbujanda.com\/en\/\",\"logo\":{\"@type\":\"ImageObject\",\"inLanguage\":\"en-US\",\"@id\":\"https:\/\/familiamartinezbujanda.com\/en\/#\/schema\/logo\/image\/\",\"url\":\"https:\/\/www.familiamartinezbujanda.com\/wp-content\/uploads\/2022\/06\/favicon.jpg\",\"contentUrl\":\"https:\/\/www.familiamartinezbujanda.com\/wp-content\/uploads\/2022\/06\/favicon.jpg\",\"width\":512,\"height\":512,\"caption\":\"Familia Mart\u00ednez Bujanda\"},\"image\":{\"@id\":\"https:\/\/familiamartinezbujanda.com\/en\/#\/schema\/logo\/image\/\"}}]}<\/script>\n<!-- \/ Yoast SEO plugin. -->","yoast_head_json":{"title":"FINCA VALPIEDRA WHITE RESERVA wooden case | Familia Mart\u00ednez Bujanda","robots":{"index":"index","follow":"follow","max-snippet":"max-snippet:-1","max-image-preview":"max-image-preview:large","max-video-preview":"max-video-preview:-1"},"canonical":"https:\/\/familiamartinezbujanda.com\/en\/shop\/wines\/packs\/special-presentations\/finca-valpiedra-blanco-reserva\/","og_locale":"en_US","og_type":"article","og_title":"FINCA VALPIEDRA WHITE RESERVA wooden case | Familia Mart\u00ednez Bujanda","og_description":"Bottle of Finca Valpiedra Blanco in individual wooden case. Surprise or be surprised with this unique white wine, different from the usual. Made with white Viura grapes from centenary vines and contributions of Malvasia, Grenache and white Maturana. Fermented in stainless steel tanks, aged 2 years in barrels, one year in granite eggs and one year in bottle. It leaves with reserve category. &nbsp;","og_url":"https:\/\/familiamartinezbujanda.com\/en\/shop\/wines\/packs\/special-presentations\/finca-valpiedra-blanco-reserva\/","og_site_name":"Familia Mart\u00ednez Bujanda","article_modified_time":"2026-01-29T11:25:04+00:00","og_image":[{"width":600,"height":600,"url":"https:\/\/familiamartinezbujanda.com\/wp-content\/uploads\/2022\/05\/lote-finca-valpiedra-blanco-reserva.jpg","type":"image\/jpeg"}],"twitter_card":"summary_large_image","twitter_misc":{"Est. reading time":"1 minute"},"schema":{"@context":"https:\/\/schema.org","@graph":[{"@type":"WebPage","@id":"https:\/\/familiamartinezbujanda.com\/en\/shop\/wines\/packs\/special-presentations\/finca-valpiedra-blanco-reserva\/","url":"https:\/\/familiamartinezbujanda.com\/en\/shop\/wines\/packs\/special-presentations\/finca-valpiedra-blanco-reserva\/","name":"FINCA VALPIEDRA WHITE RESERVA wooden case | Familia Mart\u00ednez Bujanda","isPartOf":{"@id":"https:\/\/familiamartinezbujanda.com\/en\/#website"},"primaryImageOfPage":{"@id":"https:\/\/familiamartinezbujanda.com\/en\/shop\/wines\/packs\/special-presentations\/finca-valpiedra-blanco-reserva\/#primaryimage"},"image":{"@id":"https:\/\/familiamartinezbujanda.com\/en\/shop\/wines\/packs\/special-presentations\/finca-valpiedra-blanco-reserva\/#primaryimage"},"thumbnailUrl":"https:\/\/familiamartinezbujanda.com\/wp-content\/uploads\/2022\/05\/lote-finca-valpiedra-blanco-reserva.jpg","datePublished":"2021-12-15T13:37:43+00:00","dateModified":"2026-01-29T11:25:04+00:00","breadcrumb":{"@id":"https:\/\/familiamartinezbujanda.com\/en\/shop\/wines\/packs\/special-presentations\/finca-valpiedra-blanco-reserva\/#breadcrumb"},"inLanguage":"en-US","potentialAction":[{"@type":"ReadAction","target":["https:\/\/familiamartinezbujanda.com\/en\/shop\/wines\/packs\/special-presentations\/finca-valpiedra-blanco-reserva\/"]}]},{"@type":"ImageObject","inLanguage":"en-US","@id":"https:\/\/familiamartinezbujanda.com\/en\/shop\/wines\/packs\/special-presentations\/finca-valpiedra-blanco-reserva\/#primaryimage","url":"https:\/\/familiamartinezbujanda.com\/wp-content\/uploads\/2022\/05\/lote-finca-valpiedra-blanco-reserva.jpg","contentUrl":"https:\/\/familiamartinezbujanda.com\/wp-content\/uploads\/2022\/05\/lote-finca-valpiedra-blanco-reserva.jpg","width":600,"height":600},{"@type":"BreadcrumbList","@id":"https:\/\/familiamartinezbujanda.com\/en\/shop\/wines\/packs\/special-presentations\/finca-valpiedra-blanco-reserva\/#breadcrumb","itemListElement":[{"@type":"ListItem","position":1,"name":"Portada","item":"https:\/\/familiamartinezbujanda.com\/en\/inicio\/"},{"@type":"ListItem","position":2,"name":"Tienda","item":"https:\/\/familiamartinezbujanda.com\/en\/shop\/"},{"@type":"ListItem","position":3,"name":"FINCA VALPIEDRA WHITE RESERVA wooden case"}]},{"@type":"WebSite","@id":"https:\/\/familiamartinezbujanda.com\/en\/#website","url":"https:\/\/familiamartinezbujanda.com\/en\/","name":"Familia Mart\u00ednez Bujanda","description":"Cinco bodegas conforman Familia Mart\u00ednez-Bujanda: Finca Valpiedra (DOCa Rioja), Finca Antigua (DO La Mancha), Finca Montepedroso (DO Rueda), Vi\u00f1a Bujanda ...","publisher":{"@id":"https:\/\/familiamartinezbujanda.com\/en\/#organization"},"potentialAction":[{"@type":"SearchAction","target":{"@type":"EntryPoint","urlTemplate":"https:\/\/familiamartinezbujanda.com\/en\/?s={search_term_string}"},"query-input":{"@type":"PropertyValueSpecification","valueRequired":true,"valueName":"search_term_string"}}],"inLanguage":"en-US"},{"@type":"Organization","@id":"https:\/\/familiamartinezbujanda.com\/en\/#organization","name":"Familia Mart\u00ednez Bujanda","url":"https:\/\/familiamartinezbujanda.com\/en\/","logo":{"@type":"ImageObject","inLanguage":"en-US","@id":"https:\/\/familiamartinezbujanda.com\/en\/#\/schema\/logo\/image\/","url":"https:\/\/www.familiamartinezbujanda.com\/wp-content\/uploads\/2022\/06\/favicon.jpg","contentUrl":"https:\/\/www.familiamartinezbujanda.com\/wp-content\/uploads\/2022\/06\/favicon.jpg","width":512,"height":512,"caption":"Familia Mart\u00ednez Bujanda"},"image":{"@id":"https:\/\/familiamartinezbujanda.com\/en\/#\/schema\/logo\/image\/"}}]}},"_links":{"self":[{"href":"https:\/\/familiamartinezbujanda.com\/en\/wp-json\/wp\/v2\/product\/73589","targetHints":{"allow":["GET"]}}],"collection":[{"href":"https:\/\/familiamartinezbujanda.com\/en\/wp-json\/wp\/v2\/product"}],"about":[{"href":"https:\/\/familiamartinezbujanda.com\/en\/wp-json\/wp\/v2\/types\/product"}],"replies":[{"embeddable":true,"href":"https:\/\/familiamartinezbujanda.com\/en\/wp-json\/wp\/v2\/comments?post=73589"}],"wp:featuredmedia":[{"embeddable":true,"href":"https:\/\/familiamartinezbujanda.com\/en\/wp-json\/wp\/v2\/media\/68346"}],"wp:attachment":[{"href":"https:\/\/familiamartinezbujanda.com\/en\/wp-json\/wp\/v2\/media?parent=73589"}],"wp:term":[{"taxonomy":"product_brand","embeddable":true,"href":"https:\/\/familiamartinezbujanda.com\/en\/wp-json\/wp\/v2\/product_brand?post=73589"},{"taxonomy":"product_cat","embeddable":true,"href":"https:\/\/familiamartinezbujanda.com\/en\/wp-json\/wp\/v2\/product_cat?post=73589"},{"taxonomy":"product_tag","embeddable":true,"href":"https:\/\/familiamartinezbujanda.com\/en\/wp-json\/wp\/v2\/product_tag?post=73589"}],"curies":[{"name":"wp","href":"https:\/\/api.w.org\/{rel}","templated":true}]}}