{"id":75033,"date":"2024-02-23T09:05:46","date_gmt":"2024-02-23T08:05:46","guid":{"rendered":"https:\/\/familiamartinezbujanda.com\/tienda\/uncategorized\/white-selection-valentines-day-lot"},"modified":"2025-05-30T11:20:38","modified_gmt":"2025-05-30T09:20:38","slug":"white-selection-valentines-day-lot","status":"publish","type":"product","link":"https:\/\/familiamartinezbujanda.com\/en\/shop\/valentines-day-packs\/white-selection-valentines-day-lot\/","title":{"rendered":"WHITE SELECTION VALENTINE&#8217;S DAY LOT"},"content":{"rendered":"","protected":false},"excerpt":{"rendered":"<p>A special lot for white wine lovers. Discover the nuances and flavors of the different grapes from our estates: Verdejo, Viura, Garnacha Blanca, Malvas\u00eda and Maturana Blanca.<\/p>\n<p>This lot contains:<\/p>\n<p>1* <a href=\"https:\/\/familiamartinezbujanda.com\/tienda\/vinos\/blancos-y-dulces\/finca-antigua-viura\">Finca Antigua Viura<\/a><\/p>\n<p>1* <a href=\"https:\/\/familiamartinezbujanda.com\/tienda\/vinos\/ediciones-limitadas\/montepedroso-enoteca\">Montepedroso Enoteca <\/a> <\/p>\n<p>1*<a href=\"https:\/\/familiamartinezbujanda.com\/tienda\/vinos\/ediciones-limitadas\/finca-valpiedra-reserva-blanco\"> Finca Valpiedra White<\/a><\/p>\n<p>GIFT: box of chocolates<\/p>\n","protected":false},"featured_media":74922,"comment_status":"open","ping_status":"closed","template":"","meta":{"iawp_total_views":2},"product_brand":[],"product_cat":[1566],"product_tag":[2141,2221,2222,2142,2143,2144,2113],"class_list":{"0":"post-75033","1":"product","2":"type-product","3":"status-publish","4":"has-post-thumbnail","6":"product_cat-valentines-day-packs","7":"product_tag-routes-through-the-vineyard","8":"product_tag-valentines-day","9":"product_tag-valentines-day-lot","10":"product_tag-visit-and-tasting","11":"product_tag-visit-the-winery","12":"product_tag-visit-vineyards","13":"product_tag-winery-visits","15":"entry","16":"has-media","18":"first","19":"instock","20":"taxable","21":"shipping-taxable","22":"purchasable","23":"product-type-simple","24":"col","25":"span_1_of_3","26":"owp-content-center","27":"owp-thumbs-layout-horizontal","28":"owp-btn-normal","29":"owp-tabs-layout-horizontal","30":"has-no-thumbnails"},"yoast_head":"<!-- This site is optimized with the Yoast SEO plugin v27.0 - https:\/\/yoast.com\/product\/yoast-seo-wordpress\/ -->\n<title>WHITE SELECTION VALENTINE&#039;S DAY LOT | Familia Mart\u00ednez Bujanda<\/title>\n<meta name=\"description\" content=\"A special lot for white wine lovers. Discover the nuances and flavors of the different grapes from our estates: Verdejo, Viura, Garnacha Blanca, Malvas\u00eda and Maturana Blanca.\" \/>\n<meta name=\"robots\" content=\"index, follow, max-snippet:-1, max-image-preview:large, max-video-preview:-1\" \/>\n<link rel=\"canonical\" href=\"https:\/\/familiamartinezbujanda.com\/en\/shop\/valentines-day-packs\/white-selection-valentines-day-lot\/\" \/>\n<meta property=\"og:locale\" content=\"en_US\" \/>\n<meta property=\"og:type\" content=\"article\" \/>\n<meta property=\"og:title\" content=\"WHITE SELECTION VALENTINE&#039;S DAY LOT | Familia Mart\u00ednez Bujanda\" \/>\n<meta property=\"og:description\" content=\"A special lot for white wine lovers. Discover the nuances and flavors of the different grapes from our estates: Verdejo, Viura, Garnacha Blanca, Malvas\u00eda and Maturana Blanca.\" \/>\n<meta property=\"og:url\" content=\"https:\/\/familiamartinezbujanda.com\/en\/shop\/valentines-day-packs\/white-selection-valentines-day-lot\/\" \/>\n<meta property=\"og:site_name\" content=\"Familia Mart\u00ednez Bujanda\" \/>\n<meta property=\"article:modified_time\" content=\"2025-05-30T09:20:38+00:00\" \/>\n<meta property=\"og:image\" content=\"https:\/\/familiamartinezbujanda.com\/wp-content\/uploads\/2024\/02\/instagram-post-sv-lote2.jpg\" \/>\n\t<meta property=\"og:image:width\" content=\"1080\" \/>\n\t<meta property=\"og:image:height\" content=\"1080\" \/>\n\t<meta property=\"og:image:type\" content=\"image\/jpeg\" \/>\n<meta name=\"twitter:card\" content=\"summary_large_image\" \/>\n<script type=\"application\/ld+json\" class=\"yoast-schema-graph\">{\"@context\":\"https:\/\/schema.org\",\"@graph\":[{\"@type\":\"WebPage\",\"@id\":\"https:\/\/familiamartinezbujanda.com\/en\/shop\/valentines-day-packs\/white-selection-valentines-day-lot\/\",\"url\":\"https:\/\/familiamartinezbujanda.com\/en\/shop\/valentines-day-packs\/white-selection-valentines-day-lot\/\",\"name\":\"WHITE SELECTION VALENTINE'S DAY LOT | Familia Mart\u00ednez Bujanda\",\"isPartOf\":{\"@id\":\"https:\/\/familiamartinezbujanda.com\/en\/#website\"},\"primaryImageOfPage\":{\"@id\":\"https:\/\/familiamartinezbujanda.com\/en\/shop\/valentines-day-packs\/white-selection-valentines-day-lot\/#primaryimage\"},\"image\":{\"@id\":\"https:\/\/familiamartinezbujanda.com\/en\/shop\/valentines-day-packs\/white-selection-valentines-day-lot\/#primaryimage\"},\"thumbnailUrl\":\"https:\/\/familiamartinezbujanda.com\/wp-content\/uploads\/2024\/02\/instagram-post-sv-lote2.jpg\",\"datePublished\":\"2024-02-23T08:05:46+00:00\",\"dateModified\":\"2025-05-30T09:20:38+00:00\",\"description\":\"A special lot for white wine lovers. Discover the nuances and flavors of the different grapes from our estates: Verdejo, Viura, Garnacha Blanca, Malvas\u00eda and Maturana Blanca.\",\"breadcrumb\":{\"@id\":\"https:\/\/familiamartinezbujanda.com\/en\/shop\/valentines-day-packs\/white-selection-valentines-day-lot\/#breadcrumb\"},\"inLanguage\":\"en-US\",\"potentialAction\":[{\"@type\":\"ReadAction\",\"target\":[\"https:\/\/familiamartinezbujanda.com\/en\/shop\/valentines-day-packs\/white-selection-valentines-day-lot\/\"]}]},{\"@type\":\"ImageObject\",\"inLanguage\":\"en-US\",\"@id\":\"https:\/\/familiamartinezbujanda.com\/en\/shop\/valentines-day-packs\/white-selection-valentines-day-lot\/#primaryimage\",\"url\":\"https:\/\/familiamartinezbujanda.com\/wp-content\/uploads\/2024\/02\/instagram-post-sv-lote2.jpg\",\"contentUrl\":\"https:\/\/familiamartinezbujanda.com\/wp-content\/uploads\/2024\/02\/instagram-post-sv-lote2.jpg\",\"width\":1080,\"height\":1080},{\"@type\":\"BreadcrumbList\",\"@id\":\"https:\/\/familiamartinezbujanda.com\/en\/shop\/valentines-day-packs\/white-selection-valentines-day-lot\/#breadcrumb\",\"itemListElement\":[{\"@type\":\"ListItem\",\"position\":1,\"name\":\"Portada\",\"item\":\"https:\/\/familiamartinezbujanda.com\/en\/inicio\/\"},{\"@type\":\"ListItem\",\"position\":2,\"name\":\"Tienda\",\"item\":\"https:\/\/familiamartinezbujanda.com\/en\/shop\/\"},{\"@type\":\"ListItem\",\"position\":3,\"name\":\"WHITE SELECTION VALENTINE&#8217;S DAY LOT\"}]},{\"@type\":\"WebSite\",\"@id\":\"https:\/\/familiamartinezbujanda.com\/en\/#website\",\"url\":\"https:\/\/familiamartinezbujanda.com\/en\/\",\"name\":\"Familia Mart\u00ednez Bujanda\",\"description\":\"Cinco bodegas conforman Familia Mart\u00ednez-Bujanda: Finca Valpiedra (DOCa Rioja), Finca Antigua (DO La Mancha), Finca Montepedroso (DO Rueda), Vi\u00f1a Bujanda ...\",\"publisher\":{\"@id\":\"https:\/\/familiamartinezbujanda.com\/en\/#organization\"},\"potentialAction\":[{\"@type\":\"SearchAction\",\"target\":{\"@type\":\"EntryPoint\",\"urlTemplate\":\"https:\/\/familiamartinezbujanda.com\/en\/?s={search_term_string}\"},\"query-input\":{\"@type\":\"PropertyValueSpecification\",\"valueRequired\":true,\"valueName\":\"search_term_string\"}}],\"inLanguage\":\"en-US\"},{\"@type\":\"Organization\",\"@id\":\"https:\/\/familiamartinezbujanda.com\/en\/#organization\",\"name\":\"Familia Mart\u00ednez Bujanda\",\"url\":\"https:\/\/familiamartinezbujanda.com\/en\/\",\"logo\":{\"@type\":\"ImageObject\",\"inLanguage\":\"en-US\",\"@id\":\"https:\/\/familiamartinezbujanda.com\/en\/#\/schema\/logo\/image\/\",\"url\":\"https:\/\/www.familiamartinezbujanda.com\/wp-content\/uploads\/2022\/06\/favicon.jpg\",\"contentUrl\":\"https:\/\/www.familiamartinezbujanda.com\/wp-content\/uploads\/2022\/06\/favicon.jpg\",\"width\":512,\"height\":512,\"caption\":\"Familia Mart\u00ednez Bujanda\"},\"image\":{\"@id\":\"https:\/\/familiamartinezbujanda.com\/en\/#\/schema\/logo\/image\/\"}}]}<\/script>\n<!-- \/ Yoast SEO plugin. -->","yoast_head_json":{"title":"WHITE SELECTION VALENTINE'S DAY LOT | Familia Mart\u00ednez Bujanda","description":"A special lot for white wine lovers. Discover the nuances and flavors of the different grapes from our estates: Verdejo, Viura, Garnacha Blanca, Malvas\u00eda and Maturana Blanca.","robots":{"index":"index","follow":"follow","max-snippet":"max-snippet:-1","max-image-preview":"max-image-preview:large","max-video-preview":"max-video-preview:-1"},"canonical":"https:\/\/familiamartinezbujanda.com\/en\/shop\/valentines-day-packs\/white-selection-valentines-day-lot\/","og_locale":"en_US","og_type":"article","og_title":"WHITE SELECTION VALENTINE'S DAY LOT | Familia Mart\u00ednez Bujanda","og_description":"A special lot for white wine lovers. Discover the nuances and flavors of the different grapes from our estates: Verdejo, Viura, Garnacha Blanca, Malvas\u00eda and Maturana Blanca.","og_url":"https:\/\/familiamartinezbujanda.com\/en\/shop\/valentines-day-packs\/white-selection-valentines-day-lot\/","og_site_name":"Familia Mart\u00ednez Bujanda","article_modified_time":"2025-05-30T09:20:38+00:00","og_image":[{"width":1080,"height":1080,"url":"https:\/\/familiamartinezbujanda.com\/wp-content\/uploads\/2024\/02\/instagram-post-sv-lote2.jpg","type":"image\/jpeg"}],"twitter_card":"summary_large_image","schema":{"@context":"https:\/\/schema.org","@graph":[{"@type":"WebPage","@id":"https:\/\/familiamartinezbujanda.com\/en\/shop\/valentines-day-packs\/white-selection-valentines-day-lot\/","url":"https:\/\/familiamartinezbujanda.com\/en\/shop\/valentines-day-packs\/white-selection-valentines-day-lot\/","name":"WHITE SELECTION VALENTINE'S DAY LOT | Familia Mart\u00ednez Bujanda","isPartOf":{"@id":"https:\/\/familiamartinezbujanda.com\/en\/#website"},"primaryImageOfPage":{"@id":"https:\/\/familiamartinezbujanda.com\/en\/shop\/valentines-day-packs\/white-selection-valentines-day-lot\/#primaryimage"},"image":{"@id":"https:\/\/familiamartinezbujanda.com\/en\/shop\/valentines-day-packs\/white-selection-valentines-day-lot\/#primaryimage"},"thumbnailUrl":"https:\/\/familiamartinezbujanda.com\/wp-content\/uploads\/2024\/02\/instagram-post-sv-lote2.jpg","datePublished":"2024-02-23T08:05:46+00:00","dateModified":"2025-05-30T09:20:38+00:00","description":"A special lot for white wine lovers. Discover the nuances and flavors of the different grapes from our estates: Verdejo, Viura, Garnacha Blanca, Malvas\u00eda and Maturana Blanca.","breadcrumb":{"@id":"https:\/\/familiamartinezbujanda.com\/en\/shop\/valentines-day-packs\/white-selection-valentines-day-lot\/#breadcrumb"},"inLanguage":"en-US","potentialAction":[{"@type":"ReadAction","target":["https:\/\/familiamartinezbujanda.com\/en\/shop\/valentines-day-packs\/white-selection-valentines-day-lot\/"]}]},{"@type":"ImageObject","inLanguage":"en-US","@id":"https:\/\/familiamartinezbujanda.com\/en\/shop\/valentines-day-packs\/white-selection-valentines-day-lot\/#primaryimage","url":"https:\/\/familiamartinezbujanda.com\/wp-content\/uploads\/2024\/02\/instagram-post-sv-lote2.jpg","contentUrl":"https:\/\/familiamartinezbujanda.com\/wp-content\/uploads\/2024\/02\/instagram-post-sv-lote2.jpg","width":1080,"height":1080},{"@type":"BreadcrumbList","@id":"https:\/\/familiamartinezbujanda.com\/en\/shop\/valentines-day-packs\/white-selection-valentines-day-lot\/#breadcrumb","itemListElement":[{"@type":"ListItem","position":1,"name":"Portada","item":"https:\/\/familiamartinezbujanda.com\/en\/inicio\/"},{"@type":"ListItem","position":2,"name":"Tienda","item":"https:\/\/familiamartinezbujanda.com\/en\/shop\/"},{"@type":"ListItem","position":3,"name":"WHITE SELECTION VALENTINE&#8217;S DAY LOT"}]},{"@type":"WebSite","@id":"https:\/\/familiamartinezbujanda.com\/en\/#website","url":"https:\/\/familiamartinezbujanda.com\/en\/","name":"Familia Mart\u00ednez Bujanda","description":"Cinco bodegas conforman Familia Mart\u00ednez-Bujanda: Finca Valpiedra (DOCa Rioja), Finca Antigua (DO La Mancha), Finca Montepedroso (DO Rueda), Vi\u00f1a Bujanda ...","publisher":{"@id":"https:\/\/familiamartinezbujanda.com\/en\/#organization"},"potentialAction":[{"@type":"SearchAction","target":{"@type":"EntryPoint","urlTemplate":"https:\/\/familiamartinezbujanda.com\/en\/?s={search_term_string}"},"query-input":{"@type":"PropertyValueSpecification","valueRequired":true,"valueName":"search_term_string"}}],"inLanguage":"en-US"},{"@type":"Organization","@id":"https:\/\/familiamartinezbujanda.com\/en\/#organization","name":"Familia Mart\u00ednez Bujanda","url":"https:\/\/familiamartinezbujanda.com\/en\/","logo":{"@type":"ImageObject","inLanguage":"en-US","@id":"https:\/\/familiamartinezbujanda.com\/en\/#\/schema\/logo\/image\/","url":"https:\/\/www.familiamartinezbujanda.com\/wp-content\/uploads\/2022\/06\/favicon.jpg","contentUrl":"https:\/\/www.familiamartinezbujanda.com\/wp-content\/uploads\/2022\/06\/favicon.jpg","width":512,"height":512,"caption":"Familia Mart\u00ednez Bujanda"},"image":{"@id":"https:\/\/familiamartinezbujanda.com\/en\/#\/schema\/logo\/image\/"}}]}},"_links":{"self":[{"href":"https:\/\/familiamartinezbujanda.com\/en\/wp-json\/wp\/v2\/product\/75033","targetHints":{"allow":["GET"]}}],"collection":[{"href":"https:\/\/familiamartinezbujanda.com\/en\/wp-json\/wp\/v2\/product"}],"about":[{"href":"https:\/\/familiamartinezbujanda.com\/en\/wp-json\/wp\/v2\/types\/product"}],"replies":[{"embeddable":true,"href":"https:\/\/familiamartinezbujanda.com\/en\/wp-json\/wp\/v2\/comments?post=75033"}],"wp:featuredmedia":[{"embeddable":true,"href":"https:\/\/familiamartinezbujanda.com\/en\/wp-json\/wp\/v2\/media\/74922"}],"wp:attachment":[{"href":"https:\/\/familiamartinezbujanda.com\/en\/wp-json\/wp\/v2\/media?parent=75033"}],"wp:term":[{"taxonomy":"product_brand","embeddable":true,"href":"https:\/\/familiamartinezbujanda.com\/en\/wp-json\/wp\/v2\/product_brand?post=75033"},{"taxonomy":"product_cat","embeddable":true,"href":"https:\/\/familiamartinezbujanda.com\/en\/wp-json\/wp\/v2\/product_cat?post=75033"},{"taxonomy":"product_tag","embeddable":true,"href":"https:\/\/familiamartinezbujanda.com\/en\/wp-json\/wp\/v2\/product_tag?post=75033"}],"curies":[{"name":"wp","href":"https:\/\/api.w.org\/{rel}","templated":true}]}}