{"id":80381,"date":"2024-11-21T16:09:27","date_gmt":"2024-11-21T15:09:27","guid":{"rendered":"https:\/\/familiamartinezbujanda.com\/?post_type=product&#038;p=80381"},"modified":"2024-11-21T16:12:50","modified_gmt":"2024-11-21T15:12:50","slug":"gourmet-lot-f-valpiedra-i-copia","status":"publish","type":"product","link":"https:\/\/familiamartinezbujanda.com\/en\/shop\/christmas-lots\/gourmet-lot-f-valpiedra-i-copia\/","title":{"rendered":"F. VALPIEDRA GOURMET LOT II"},"content":{"rendered":"<p>The <strong>Finca Valpiedra vineyard<\/strong> forms a spectacular landscape that is distributed in three terraces that go down to the river itself, and which after years of work, our technical team has divided into fourteen different plots, with altitudes between 406 and 427 meters.<\/p>\n<p>The gourmet lot F. Valpiedra II takes you on a wine tour on the banks of the Ebro, one of our wineries in Rioja. In this lot of Rioja wines you will find the great exponents of Familia Mart\u00ednez Bujanda with the Tempranillo grape in two excellent versions. Quality Rioja wines in a collection lot, ideal if you want to give Rioja wine as a gift.<\/p>\n<p><strong>Finca Valpiedra Reserva (DOCa Rioja)<\/strong> its high intensity, great complexity and elegance in aromas and flavors are its best letter of introduction. It is a reserve red wine with 24 months in French oak barrels that give an ideal balance between fruit, toast, and its pleasant finish. It is one of the Rioja wines in Grandes Pagos de Espa\u00f1a.<\/p>\n<p><strong>Cantos de Valpiedra (DOCa Rioja)<\/strong> is a very aromatic, fresh and mineral red wine, in which the Tempranillo grape is perfectly integrated after 12 months in American and French oak barrels. It is characterized by its great balance and intensity. Great Crianza wine from Rioja.<\/p>\n<p>&nbsp;<\/p>\n","protected":false},"excerpt":{"rendered":"<p>Get a lot of red Rioja wines from Finca Valpiedra with local produce:<\/p>\n<ul>\n<li>1 bottle Finca Valpiedra Reserva<\/li>\n<li>1 bottle Cantos de Valpiedra crianza<\/li>\n<li>1 string of chorizo riojano sausage<\/li>\n<li>1 can Rioja p\u00e2t\u00e9<\/li>\n<li>1 bag of country peppers<\/li>\n<\/ul>\n<p>An ideal whim or gift for these dates.<\/p>\n","protected":false},"featured_media":80376,"comment_status":"open","ping_status":"closed","template":"","meta":{"iawp_total_views":0},"product_brand":[],"product_cat":[2212],"product_tag":[],"class_list":{"0":"post-80381","1":"product","2":"type-product","3":"status-publish","4":"has-post-thumbnail","6":"product_cat-christmas-lots","8":"entry","9":"has-media","11":"first","12":"instock","13":"taxable","14":"shipping-taxable","15":"purchasable","16":"product-type-simple","17":"col","18":"span_1_of_3","19":"owp-content-center","20":"owp-thumbs-layout-horizontal","21":"owp-btn-normal","22":"owp-tabs-layout-horizontal","23":"has-no-thumbnails"},"yoast_head":"<!-- This site is optimized with the Yoast SEO plugin v27.0 - https:\/\/yoast.com\/product\/yoast-seo-wordpress\/ -->\n<title>F. VALPIEDRA GOURMET LOT II | Familia Mart\u00ednez Bujanda<\/title>\n<meta name=\"description\" content=\"A lot of Finca Valpiedra&#039;s most representative red wines: Cantos de Valpiedra and the unique Finca Valpiedra, wines with character and personality.\" \/>\n<meta name=\"robots\" content=\"index, follow, max-snippet:-1, max-image-preview:large, max-video-preview:-1\" \/>\n<link rel=\"canonical\" href=\"https:\/\/familiamartinezbujanda.com\/en\/shop\/christmas-lots\/gourmet-lot-f-valpiedra-i-copia\/\" \/>\n<meta property=\"og:locale\" content=\"en_US\" \/>\n<meta property=\"og:type\" content=\"article\" \/>\n<meta property=\"og:title\" content=\"F. VALPIEDRA GOURMET LOT II | Familia Mart\u00ednez Bujanda\" \/>\n<meta property=\"og:description\" content=\"A lot of Finca Valpiedra&#039;s most representative red wines: Cantos de Valpiedra and the unique Finca Valpiedra, wines with character and personality.\" \/>\n<meta property=\"og:url\" content=\"https:\/\/familiamartinezbujanda.com\/en\/shop\/christmas-lots\/gourmet-lot-f-valpiedra-i-copia\/\" \/>\n<meta property=\"og:site_name\" content=\"Familia Mart\u00ednez Bujanda\" \/>\n<meta property=\"article:modified_time\" content=\"2024-11-21T15:12:50+00:00\" \/>\n<meta property=\"og:image\" content=\"https:\/\/familiamartinezbujanda.com\/wp-content\/uploads\/2024\/11\/lotes-gourmetFV-shop-FV2.jpg\" \/>\n\t<meta property=\"og:image:width\" content=\"600\" \/>\n\t<meta property=\"og:image:height\" content=\"600\" \/>\n\t<meta property=\"og:image:type\" content=\"image\/jpeg\" \/>\n<meta name=\"twitter:card\" content=\"summary_large_image\" \/>\n<meta name=\"twitter:label1\" content=\"Est. reading time\" \/>\n\t<meta name=\"twitter:data1\" content=\"1 minute\" \/>\n<script type=\"application\/ld+json\" class=\"yoast-schema-graph\">{\"@context\":\"https:\/\/schema.org\",\"@graph\":[{\"@type\":\"WebPage\",\"@id\":\"https:\/\/familiamartinezbujanda.com\/en\/shop\/christmas-lots\/gourmet-lot-f-valpiedra-i-copia\/\",\"url\":\"https:\/\/familiamartinezbujanda.com\/en\/shop\/christmas-lots\/gourmet-lot-f-valpiedra-i-copia\/\",\"name\":\"F. VALPIEDRA GOURMET LOT II | Familia Mart\u00ednez Bujanda\",\"isPartOf\":{\"@id\":\"https:\/\/familiamartinezbujanda.com\/en\/#website\"},\"primaryImageOfPage\":{\"@id\":\"https:\/\/familiamartinezbujanda.com\/en\/shop\/christmas-lots\/gourmet-lot-f-valpiedra-i-copia\/#primaryimage\"},\"image\":{\"@id\":\"https:\/\/familiamartinezbujanda.com\/en\/shop\/christmas-lots\/gourmet-lot-f-valpiedra-i-copia\/#primaryimage\"},\"thumbnailUrl\":\"https:\/\/familiamartinezbujanda.com\/wp-content\/uploads\/2024\/11\/lotes-gourmetFV-shop-FV2.jpg\",\"datePublished\":\"2024-11-21T15:09:27+00:00\",\"dateModified\":\"2024-11-21T15:12:50+00:00\",\"description\":\"A lot of Finca Valpiedra's most representative red wines: Cantos de Valpiedra and the unique Finca Valpiedra, wines with character and personality.\",\"breadcrumb\":{\"@id\":\"https:\/\/familiamartinezbujanda.com\/en\/shop\/christmas-lots\/gourmet-lot-f-valpiedra-i-copia\/#breadcrumb\"},\"inLanguage\":\"en-US\",\"potentialAction\":[{\"@type\":\"ReadAction\",\"target\":[\"https:\/\/familiamartinezbujanda.com\/en\/shop\/christmas-lots\/gourmet-lot-f-valpiedra-i-copia\/\"]}]},{\"@type\":\"ImageObject\",\"inLanguage\":\"en-US\",\"@id\":\"https:\/\/familiamartinezbujanda.com\/en\/shop\/christmas-lots\/gourmet-lot-f-valpiedra-i-copia\/#primaryimage\",\"url\":\"https:\/\/familiamartinezbujanda.com\/wp-content\/uploads\/2024\/11\/lotes-gourmetFV-shop-FV2.jpg\",\"contentUrl\":\"https:\/\/familiamartinezbujanda.com\/wp-content\/uploads\/2024\/11\/lotes-gourmetFV-shop-FV2.jpg\",\"width\":600,\"height\":600},{\"@type\":\"BreadcrumbList\",\"@id\":\"https:\/\/familiamartinezbujanda.com\/en\/shop\/christmas-lots\/gourmet-lot-f-valpiedra-i-copia\/#breadcrumb\",\"itemListElement\":[{\"@type\":\"ListItem\",\"position\":1,\"name\":\"Portada\",\"item\":\"https:\/\/familiamartinezbujanda.com\/en\/inicio\/\"},{\"@type\":\"ListItem\",\"position\":2,\"name\":\"Tienda\",\"item\":\"https:\/\/familiamartinezbujanda.com\/en\/shop\/\"},{\"@type\":\"ListItem\",\"position\":3,\"name\":\"F. VALPIEDRA GOURMET LOT II\"}]},{\"@type\":\"WebSite\",\"@id\":\"https:\/\/familiamartinezbujanda.com\/en\/#website\",\"url\":\"https:\/\/familiamartinezbujanda.com\/en\/\",\"name\":\"Familia Mart\u00ednez Bujanda\",\"description\":\"Cinco bodegas conforman Familia Mart\u00ednez-Bujanda: Finca Valpiedra (DOCa Rioja), Finca Antigua (DO La Mancha), Finca Montepedroso (DO Rueda), Vi\u00f1a Bujanda ...\",\"publisher\":{\"@id\":\"https:\/\/familiamartinezbujanda.com\/en\/#organization\"},\"potentialAction\":[{\"@type\":\"SearchAction\",\"target\":{\"@type\":\"EntryPoint\",\"urlTemplate\":\"https:\/\/familiamartinezbujanda.com\/en\/?s={search_term_string}\"},\"query-input\":{\"@type\":\"PropertyValueSpecification\",\"valueRequired\":true,\"valueName\":\"search_term_string\"}}],\"inLanguage\":\"en-US\"},{\"@type\":\"Organization\",\"@id\":\"https:\/\/familiamartinezbujanda.com\/en\/#organization\",\"name\":\"Familia Mart\u00ednez Bujanda\",\"url\":\"https:\/\/familiamartinezbujanda.com\/en\/\",\"logo\":{\"@type\":\"ImageObject\",\"inLanguage\":\"en-US\",\"@id\":\"https:\/\/familiamartinezbujanda.com\/en\/#\/schema\/logo\/image\/\",\"url\":\"https:\/\/www.familiamartinezbujanda.com\/wp-content\/uploads\/2022\/06\/favicon.jpg\",\"contentUrl\":\"https:\/\/www.familiamartinezbujanda.com\/wp-content\/uploads\/2022\/06\/favicon.jpg\",\"width\":512,\"height\":512,\"caption\":\"Familia Mart\u00ednez Bujanda\"},\"image\":{\"@id\":\"https:\/\/familiamartinezbujanda.com\/en\/#\/schema\/logo\/image\/\"}}]}<\/script>\n<!-- \/ Yoast SEO plugin. -->","yoast_head_json":{"title":"F. VALPIEDRA GOURMET LOT II | Familia Mart\u00ednez Bujanda","description":"A lot of Finca Valpiedra's most representative red wines: Cantos de Valpiedra and the unique Finca Valpiedra, wines with character and personality.","robots":{"index":"index","follow":"follow","max-snippet":"max-snippet:-1","max-image-preview":"max-image-preview:large","max-video-preview":"max-video-preview:-1"},"canonical":"https:\/\/familiamartinezbujanda.com\/en\/shop\/christmas-lots\/gourmet-lot-f-valpiedra-i-copia\/","og_locale":"en_US","og_type":"article","og_title":"F. VALPIEDRA GOURMET LOT II | Familia Mart\u00ednez Bujanda","og_description":"A lot of Finca Valpiedra's most representative red wines: Cantos de Valpiedra and the unique Finca Valpiedra, wines with character and personality.","og_url":"https:\/\/familiamartinezbujanda.com\/en\/shop\/christmas-lots\/gourmet-lot-f-valpiedra-i-copia\/","og_site_name":"Familia Mart\u00ednez Bujanda","article_modified_time":"2024-11-21T15:12:50+00:00","og_image":[{"width":600,"height":600,"url":"https:\/\/familiamartinezbujanda.com\/wp-content\/uploads\/2024\/11\/lotes-gourmetFV-shop-FV2.jpg","type":"image\/jpeg"}],"twitter_card":"summary_large_image","twitter_misc":{"Est. reading time":"1 minute"},"schema":{"@context":"https:\/\/schema.org","@graph":[{"@type":"WebPage","@id":"https:\/\/familiamartinezbujanda.com\/en\/shop\/christmas-lots\/gourmet-lot-f-valpiedra-i-copia\/","url":"https:\/\/familiamartinezbujanda.com\/en\/shop\/christmas-lots\/gourmet-lot-f-valpiedra-i-copia\/","name":"F. VALPIEDRA GOURMET LOT II | Familia Mart\u00ednez Bujanda","isPartOf":{"@id":"https:\/\/familiamartinezbujanda.com\/en\/#website"},"primaryImageOfPage":{"@id":"https:\/\/familiamartinezbujanda.com\/en\/shop\/christmas-lots\/gourmet-lot-f-valpiedra-i-copia\/#primaryimage"},"image":{"@id":"https:\/\/familiamartinezbujanda.com\/en\/shop\/christmas-lots\/gourmet-lot-f-valpiedra-i-copia\/#primaryimage"},"thumbnailUrl":"https:\/\/familiamartinezbujanda.com\/wp-content\/uploads\/2024\/11\/lotes-gourmetFV-shop-FV2.jpg","datePublished":"2024-11-21T15:09:27+00:00","dateModified":"2024-11-21T15:12:50+00:00","description":"A lot of Finca Valpiedra's most representative red wines: Cantos de Valpiedra and the unique Finca Valpiedra, wines with character and personality.","breadcrumb":{"@id":"https:\/\/familiamartinezbujanda.com\/en\/shop\/christmas-lots\/gourmet-lot-f-valpiedra-i-copia\/#breadcrumb"},"inLanguage":"en-US","potentialAction":[{"@type":"ReadAction","target":["https:\/\/familiamartinezbujanda.com\/en\/shop\/christmas-lots\/gourmet-lot-f-valpiedra-i-copia\/"]}]},{"@type":"ImageObject","inLanguage":"en-US","@id":"https:\/\/familiamartinezbujanda.com\/en\/shop\/christmas-lots\/gourmet-lot-f-valpiedra-i-copia\/#primaryimage","url":"https:\/\/familiamartinezbujanda.com\/wp-content\/uploads\/2024\/11\/lotes-gourmetFV-shop-FV2.jpg","contentUrl":"https:\/\/familiamartinezbujanda.com\/wp-content\/uploads\/2024\/11\/lotes-gourmetFV-shop-FV2.jpg","width":600,"height":600},{"@type":"BreadcrumbList","@id":"https:\/\/familiamartinezbujanda.com\/en\/shop\/christmas-lots\/gourmet-lot-f-valpiedra-i-copia\/#breadcrumb","itemListElement":[{"@type":"ListItem","position":1,"name":"Portada","item":"https:\/\/familiamartinezbujanda.com\/en\/inicio\/"},{"@type":"ListItem","position":2,"name":"Tienda","item":"https:\/\/familiamartinezbujanda.com\/en\/shop\/"},{"@type":"ListItem","position":3,"name":"F. VALPIEDRA GOURMET LOT II"}]},{"@type":"WebSite","@id":"https:\/\/familiamartinezbujanda.com\/en\/#website","url":"https:\/\/familiamartinezbujanda.com\/en\/","name":"Familia Mart\u00ednez Bujanda","description":"Cinco bodegas conforman Familia Mart\u00ednez-Bujanda: Finca Valpiedra (DOCa Rioja), Finca Antigua (DO La Mancha), Finca Montepedroso (DO Rueda), Vi\u00f1a Bujanda ...","publisher":{"@id":"https:\/\/familiamartinezbujanda.com\/en\/#organization"},"potentialAction":[{"@type":"SearchAction","target":{"@type":"EntryPoint","urlTemplate":"https:\/\/familiamartinezbujanda.com\/en\/?s={search_term_string}"},"query-input":{"@type":"PropertyValueSpecification","valueRequired":true,"valueName":"search_term_string"}}],"inLanguage":"en-US"},{"@type":"Organization","@id":"https:\/\/familiamartinezbujanda.com\/en\/#organization","name":"Familia Mart\u00ednez Bujanda","url":"https:\/\/familiamartinezbujanda.com\/en\/","logo":{"@type":"ImageObject","inLanguage":"en-US","@id":"https:\/\/familiamartinezbujanda.com\/en\/#\/schema\/logo\/image\/","url":"https:\/\/www.familiamartinezbujanda.com\/wp-content\/uploads\/2022\/06\/favicon.jpg","contentUrl":"https:\/\/www.familiamartinezbujanda.com\/wp-content\/uploads\/2022\/06\/favicon.jpg","width":512,"height":512,"caption":"Familia Mart\u00ednez Bujanda"},"image":{"@id":"https:\/\/familiamartinezbujanda.com\/en\/#\/schema\/logo\/image\/"}}]}},"_links":{"self":[{"href":"https:\/\/familiamartinezbujanda.com\/en\/wp-json\/wp\/v2\/product\/80381","targetHints":{"allow":["GET"]}}],"collection":[{"href":"https:\/\/familiamartinezbujanda.com\/en\/wp-json\/wp\/v2\/product"}],"about":[{"href":"https:\/\/familiamartinezbujanda.com\/en\/wp-json\/wp\/v2\/types\/product"}],"replies":[{"embeddable":true,"href":"https:\/\/familiamartinezbujanda.com\/en\/wp-json\/wp\/v2\/comments?post=80381"}],"wp:featuredmedia":[{"embeddable":true,"href":"https:\/\/familiamartinezbujanda.com\/en\/wp-json\/wp\/v2\/media\/80376"}],"wp:attachment":[{"href":"https:\/\/familiamartinezbujanda.com\/en\/wp-json\/wp\/v2\/media?parent=80381"}],"wp:term":[{"taxonomy":"product_brand","embeddable":true,"href":"https:\/\/familiamartinezbujanda.com\/en\/wp-json\/wp\/v2\/product_brand?post=80381"},{"taxonomy":"product_cat","embeddable":true,"href":"https:\/\/familiamartinezbujanda.com\/en\/wp-json\/wp\/v2\/product_cat?post=80381"},{"taxonomy":"product_tag","embeddable":true,"href":"https:\/\/familiamartinezbujanda.com\/en\/wp-json\/wp\/v2\/product_tag?post=80381"}],"curies":[{"name":"wp","href":"https:\/\/api.w.org\/{rel}","templated":true}]}}