{"id":80383,"date":"2024-11-21T16:13:47","date_gmt":"2024-11-21T15:13:47","guid":{"rendered":"https:\/\/familiamartinezbujanda.com\/?post_type=product&#038;p=80383"},"modified":"2024-11-21T16:17:26","modified_gmt":"2024-11-21T15:17:26","slug":"green-lot-copia","status":"publish","type":"product","link":"https:\/\/familiamartinezbujanda.com\/en\/shop\/christmas-lots\/green-lot-copia\/","title":{"rendered":"F.MONTEPEDROSO GOURMET LOT"},"content":{"rendered":"<p><strong>Familia Mart\u00ednez Bujanda in 2008, buys 25 hectares of vineyards of the Verdejo variety in the town of Rueda, and builds the <b>Finca Montepedroso<\/b> winery <b>(inaugurated in 2012)<\/b>, for the production of whites with the personality of a unique terroir in the heart of the Rueda DO.<\/strong><\/p>\n<p>In this lot you will find 1 bottle of Finca Montepedroso and 1 bottle of Montepedroso Enoteca, two authentic Verdejo wines from Rueda.<\/p>\n<p><strong>Finca Montepedroso Verdejo on lees (D.O. Rueda)<\/strong> is a clean, aromatic, high quality white wine from Rueda obtained by aging on lees. Velvety and silky, as well as with a good structure, it represents a great example of fruity wines made from the Verdejo grape. In short, this is a very good wine with a long and elegant taste, with clear notes of fennel and aniseed. A modern classic Rueda wine that pairs perfectly with white meats, fish, seafood and sushi.<\/p>\n<p><strong>Finca Montepedroso Enoteca (D.O. Rueda)<\/strong>, a limited edition of high quality white wine that is only released in exceptional vintages. A Verdejo wine from Rueda aged for 14 months in concrete eggs. Subsequently, this great wine remains in bottle for a year. It is a very mineral fruity wine with notes of smoke, limestone and incense. Bright, unctuous and long, it is one of the best wines from Rueda, which makes it a great white wine to give as a gift.<\/p>\n<p>&nbsp;<\/p>\n<p>&nbsp;<\/p>\n<p>&nbsp;<\/p>\n","protected":false},"excerpt":{"rendered":"<p>This Christmas you can not miss on your table this selection of Verdejo white wines on lees, wines with body and intensity that will extol your best dishes.<\/p>\n<p>This lot includes:<\/p>\n<ul>\n<li>1 bottle of Finca Montepedroso<\/li>\n<li>1 bottle of Enoteca Montepedroso<\/li>\n<li>1 string of chorizo<\/li>\n<li>1 wedge semi-cured cheese<\/li>\n<li>1 smoked cheese wedge<\/li>\n<li>Duck and lamb p\u00e2t\u00e9<\/li>\n<\/ul>\n<div class=\"woocommerce-product-details__short-description\">\n<p>An ideal whim or gift for these dates.<\/p>\n<\/div>\n","protected":false},"featured_media":80372,"comment_status":"open","ping_status":"closed","template":"","meta":{"iawp_total_views":1},"product_brand":[],"product_cat":[2212],"product_tag":[],"class_list":{"0":"post-80383","1":"product","2":"type-product","3":"status-publish","4":"has-post-thumbnail","6":"product_cat-christmas-lots","8":"entry","9":"has-media","11":"first","12":"instock","13":"taxable","14":"shipping-taxable","15":"purchasable","16":"product-type-simple","17":"col","18":"span_1_of_3","19":"owp-content-center","20":"owp-thumbs-layout-horizontal","21":"owp-btn-normal","22":"owp-tabs-layout-horizontal","23":"has-no-thumbnails"},"yoast_head":"<!-- This site is optimized with the Yoast SEO plugin v27.0 - https:\/\/yoast.com\/product\/yoast-seo-wordpress\/ -->\n<title>F.MONTEPEDROSO GOURMET LOT | Familia Mart\u00ednez Bujanda<\/title>\n<meta name=\"description\" content=\"This lot includes a selection of Verdejo white wines on lees: Finca Montepedroso and Enoteca Montepedroso, wines with their own character and personality.\" \/>\n<meta name=\"robots\" content=\"index, follow, max-snippet:-1, max-image-preview:large, max-video-preview:-1\" \/>\n<link rel=\"canonical\" href=\"https:\/\/familiamartinezbujanda.com\/en\/shop\/christmas-lots\/green-lot-copia\/\" \/>\n<meta property=\"og:locale\" content=\"en_US\" \/>\n<meta property=\"og:type\" content=\"article\" \/>\n<meta property=\"og:title\" content=\"F.MONTEPEDROSO GOURMET LOT | Familia Mart\u00ednez Bujanda\" \/>\n<meta property=\"og:description\" content=\"This lot includes a selection of Verdejo white wines on lees: Finca Montepedroso and Enoteca Montepedroso, wines with their own character and personality.\" \/>\n<meta property=\"og:url\" content=\"https:\/\/familiamartinezbujanda.com\/en\/shop\/christmas-lots\/green-lot-copia\/\" \/>\n<meta property=\"og:site_name\" content=\"Familia Mart\u00ednez Bujanda\" \/>\n<meta property=\"article:modified_time\" content=\"2024-11-21T15:17:26+00:00\" \/>\n<meta property=\"og:image\" content=\"https:\/\/familiamartinezbujanda.com\/wp-content\/uploads\/2024\/11\/lotes-gourmetFV-shop-FM1.jpg\" \/>\n\t<meta property=\"og:image:width\" content=\"600\" \/>\n\t<meta property=\"og:image:height\" content=\"600\" \/>\n\t<meta property=\"og:image:type\" content=\"image\/jpeg\" \/>\n<meta name=\"twitter:card\" content=\"summary_large_image\" \/>\n<meta name=\"twitter:label1\" content=\"Est. reading time\" \/>\n\t<meta name=\"twitter:data1\" content=\"1 minute\" \/>\n<script type=\"application\/ld+json\" class=\"yoast-schema-graph\">{\"@context\":\"https:\/\/schema.org\",\"@graph\":[{\"@type\":\"WebPage\",\"@id\":\"https:\/\/familiamartinezbujanda.com\/en\/shop\/christmas-lots\/green-lot-copia\/\",\"url\":\"https:\/\/familiamartinezbujanda.com\/en\/shop\/christmas-lots\/green-lot-copia\/\",\"name\":\"F.MONTEPEDROSO GOURMET LOT | Familia Mart\u00ednez Bujanda\",\"isPartOf\":{\"@id\":\"https:\/\/familiamartinezbujanda.com\/en\/#website\"},\"primaryImageOfPage\":{\"@id\":\"https:\/\/familiamartinezbujanda.com\/en\/shop\/christmas-lots\/green-lot-copia\/#primaryimage\"},\"image\":{\"@id\":\"https:\/\/familiamartinezbujanda.com\/en\/shop\/christmas-lots\/green-lot-copia\/#primaryimage\"},\"thumbnailUrl\":\"https:\/\/familiamartinezbujanda.com\/wp-content\/uploads\/2024\/11\/lotes-gourmetFV-shop-FM1.jpg\",\"datePublished\":\"2024-11-21T15:13:47+00:00\",\"dateModified\":\"2024-11-21T15:17:26+00:00\",\"description\":\"This lot includes a selection of Verdejo white wines on lees: Finca Montepedroso and Enoteca Montepedroso, wines with their own character and personality.\",\"breadcrumb\":{\"@id\":\"https:\/\/familiamartinezbujanda.com\/en\/shop\/christmas-lots\/green-lot-copia\/#breadcrumb\"},\"inLanguage\":\"en-US\",\"potentialAction\":[{\"@type\":\"ReadAction\",\"target\":[\"https:\/\/familiamartinezbujanda.com\/en\/shop\/christmas-lots\/green-lot-copia\/\"]}]},{\"@type\":\"ImageObject\",\"inLanguage\":\"en-US\",\"@id\":\"https:\/\/familiamartinezbujanda.com\/en\/shop\/christmas-lots\/green-lot-copia\/#primaryimage\",\"url\":\"https:\/\/familiamartinezbujanda.com\/wp-content\/uploads\/2024\/11\/lotes-gourmetFV-shop-FM1.jpg\",\"contentUrl\":\"https:\/\/familiamartinezbujanda.com\/wp-content\/uploads\/2024\/11\/lotes-gourmetFV-shop-FM1.jpg\",\"width\":600,\"height\":600},{\"@type\":\"BreadcrumbList\",\"@id\":\"https:\/\/familiamartinezbujanda.com\/en\/shop\/christmas-lots\/green-lot-copia\/#breadcrumb\",\"itemListElement\":[{\"@type\":\"ListItem\",\"position\":1,\"name\":\"Portada\",\"item\":\"https:\/\/familiamartinezbujanda.com\/en\/inicio\/\"},{\"@type\":\"ListItem\",\"position\":2,\"name\":\"Tienda\",\"item\":\"https:\/\/familiamartinezbujanda.com\/en\/shop\/\"},{\"@type\":\"ListItem\",\"position\":3,\"name\":\"F.MONTEPEDROSO GOURMET LOT\"}]},{\"@type\":\"WebSite\",\"@id\":\"https:\/\/familiamartinezbujanda.com\/en\/#website\",\"url\":\"https:\/\/familiamartinezbujanda.com\/en\/\",\"name\":\"Familia Mart\u00ednez Bujanda\",\"description\":\"Cinco bodegas conforman Familia Mart\u00ednez-Bujanda: Finca Valpiedra (DOCa Rioja), Finca Antigua (DO La Mancha), Finca Montepedroso (DO Rueda), Vi\u00f1a Bujanda ...\",\"publisher\":{\"@id\":\"https:\/\/familiamartinezbujanda.com\/en\/#organization\"},\"potentialAction\":[{\"@type\":\"SearchAction\",\"target\":{\"@type\":\"EntryPoint\",\"urlTemplate\":\"https:\/\/familiamartinezbujanda.com\/en\/?s={search_term_string}\"},\"query-input\":{\"@type\":\"PropertyValueSpecification\",\"valueRequired\":true,\"valueName\":\"search_term_string\"}}],\"inLanguage\":\"en-US\"},{\"@type\":\"Organization\",\"@id\":\"https:\/\/familiamartinezbujanda.com\/en\/#organization\",\"name\":\"Familia Mart\u00ednez Bujanda\",\"url\":\"https:\/\/familiamartinezbujanda.com\/en\/\",\"logo\":{\"@type\":\"ImageObject\",\"inLanguage\":\"en-US\",\"@id\":\"https:\/\/familiamartinezbujanda.com\/en\/#\/schema\/logo\/image\/\",\"url\":\"https:\/\/www.familiamartinezbujanda.com\/wp-content\/uploads\/2022\/06\/favicon.jpg\",\"contentUrl\":\"https:\/\/www.familiamartinezbujanda.com\/wp-content\/uploads\/2022\/06\/favicon.jpg\",\"width\":512,\"height\":512,\"caption\":\"Familia Mart\u00ednez Bujanda\"},\"image\":{\"@id\":\"https:\/\/familiamartinezbujanda.com\/en\/#\/schema\/logo\/image\/\"}}]}<\/script>\n<!-- \/ Yoast SEO plugin. -->","yoast_head_json":{"title":"F.MONTEPEDROSO GOURMET LOT | Familia Mart\u00ednez Bujanda","description":"This lot includes a selection of Verdejo white wines on lees: Finca Montepedroso and Enoteca Montepedroso, wines with their own character and personality.","robots":{"index":"index","follow":"follow","max-snippet":"max-snippet:-1","max-image-preview":"max-image-preview:large","max-video-preview":"max-video-preview:-1"},"canonical":"https:\/\/familiamartinezbujanda.com\/en\/shop\/christmas-lots\/green-lot-copia\/","og_locale":"en_US","og_type":"article","og_title":"F.MONTEPEDROSO GOURMET LOT | Familia Mart\u00ednez Bujanda","og_description":"This lot includes a selection of Verdejo white wines on lees: Finca Montepedroso and Enoteca Montepedroso, wines with their own character and personality.","og_url":"https:\/\/familiamartinezbujanda.com\/en\/shop\/christmas-lots\/green-lot-copia\/","og_site_name":"Familia Mart\u00ednez Bujanda","article_modified_time":"2024-11-21T15:17:26+00:00","og_image":[{"width":600,"height":600,"url":"https:\/\/familiamartinezbujanda.com\/wp-content\/uploads\/2024\/11\/lotes-gourmetFV-shop-FM1.jpg","type":"image\/jpeg"}],"twitter_card":"summary_large_image","twitter_misc":{"Est. reading time":"1 minute"},"schema":{"@context":"https:\/\/schema.org","@graph":[{"@type":"WebPage","@id":"https:\/\/familiamartinezbujanda.com\/en\/shop\/christmas-lots\/green-lot-copia\/","url":"https:\/\/familiamartinezbujanda.com\/en\/shop\/christmas-lots\/green-lot-copia\/","name":"F.MONTEPEDROSO GOURMET LOT | Familia Mart\u00ednez Bujanda","isPartOf":{"@id":"https:\/\/familiamartinezbujanda.com\/en\/#website"},"primaryImageOfPage":{"@id":"https:\/\/familiamartinezbujanda.com\/en\/shop\/christmas-lots\/green-lot-copia\/#primaryimage"},"image":{"@id":"https:\/\/familiamartinezbujanda.com\/en\/shop\/christmas-lots\/green-lot-copia\/#primaryimage"},"thumbnailUrl":"https:\/\/familiamartinezbujanda.com\/wp-content\/uploads\/2024\/11\/lotes-gourmetFV-shop-FM1.jpg","datePublished":"2024-11-21T15:13:47+00:00","dateModified":"2024-11-21T15:17:26+00:00","description":"This lot includes a selection of Verdejo white wines on lees: Finca Montepedroso and Enoteca Montepedroso, wines with their own character and personality.","breadcrumb":{"@id":"https:\/\/familiamartinezbujanda.com\/en\/shop\/christmas-lots\/green-lot-copia\/#breadcrumb"},"inLanguage":"en-US","potentialAction":[{"@type":"ReadAction","target":["https:\/\/familiamartinezbujanda.com\/en\/shop\/christmas-lots\/green-lot-copia\/"]}]},{"@type":"ImageObject","inLanguage":"en-US","@id":"https:\/\/familiamartinezbujanda.com\/en\/shop\/christmas-lots\/green-lot-copia\/#primaryimage","url":"https:\/\/familiamartinezbujanda.com\/wp-content\/uploads\/2024\/11\/lotes-gourmetFV-shop-FM1.jpg","contentUrl":"https:\/\/familiamartinezbujanda.com\/wp-content\/uploads\/2024\/11\/lotes-gourmetFV-shop-FM1.jpg","width":600,"height":600},{"@type":"BreadcrumbList","@id":"https:\/\/familiamartinezbujanda.com\/en\/shop\/christmas-lots\/green-lot-copia\/#breadcrumb","itemListElement":[{"@type":"ListItem","position":1,"name":"Portada","item":"https:\/\/familiamartinezbujanda.com\/en\/inicio\/"},{"@type":"ListItem","position":2,"name":"Tienda","item":"https:\/\/familiamartinezbujanda.com\/en\/shop\/"},{"@type":"ListItem","position":3,"name":"F.MONTEPEDROSO GOURMET LOT"}]},{"@type":"WebSite","@id":"https:\/\/familiamartinezbujanda.com\/en\/#website","url":"https:\/\/familiamartinezbujanda.com\/en\/","name":"Familia Mart\u00ednez Bujanda","description":"Cinco bodegas conforman Familia Mart\u00ednez-Bujanda: Finca Valpiedra (DOCa Rioja), Finca Antigua (DO La Mancha), Finca Montepedroso (DO Rueda), Vi\u00f1a Bujanda ...","publisher":{"@id":"https:\/\/familiamartinezbujanda.com\/en\/#organization"},"potentialAction":[{"@type":"SearchAction","target":{"@type":"EntryPoint","urlTemplate":"https:\/\/familiamartinezbujanda.com\/en\/?s={search_term_string}"},"query-input":{"@type":"PropertyValueSpecification","valueRequired":true,"valueName":"search_term_string"}}],"inLanguage":"en-US"},{"@type":"Organization","@id":"https:\/\/familiamartinezbujanda.com\/en\/#organization","name":"Familia Mart\u00ednez Bujanda","url":"https:\/\/familiamartinezbujanda.com\/en\/","logo":{"@type":"ImageObject","inLanguage":"en-US","@id":"https:\/\/familiamartinezbujanda.com\/en\/#\/schema\/logo\/image\/","url":"https:\/\/www.familiamartinezbujanda.com\/wp-content\/uploads\/2022\/06\/favicon.jpg","contentUrl":"https:\/\/www.familiamartinezbujanda.com\/wp-content\/uploads\/2022\/06\/favicon.jpg","width":512,"height":512,"caption":"Familia Mart\u00ednez Bujanda"},"image":{"@id":"https:\/\/familiamartinezbujanda.com\/en\/#\/schema\/logo\/image\/"}}]}},"_links":{"self":[{"href":"https:\/\/familiamartinezbujanda.com\/en\/wp-json\/wp\/v2\/product\/80383","targetHints":{"allow":["GET"]}}],"collection":[{"href":"https:\/\/familiamartinezbujanda.com\/en\/wp-json\/wp\/v2\/product"}],"about":[{"href":"https:\/\/familiamartinezbujanda.com\/en\/wp-json\/wp\/v2\/types\/product"}],"replies":[{"embeddable":true,"href":"https:\/\/familiamartinezbujanda.com\/en\/wp-json\/wp\/v2\/comments?post=80383"}],"wp:featuredmedia":[{"embeddable":true,"href":"https:\/\/familiamartinezbujanda.com\/en\/wp-json\/wp\/v2\/media\/80372"}],"wp:attachment":[{"href":"https:\/\/familiamartinezbujanda.com\/en\/wp-json\/wp\/v2\/media?parent=80383"}],"wp:term":[{"taxonomy":"product_brand","embeddable":true,"href":"https:\/\/familiamartinezbujanda.com\/en\/wp-json\/wp\/v2\/product_brand?post=80383"},{"taxonomy":"product_cat","embeddable":true,"href":"https:\/\/familiamartinezbujanda.com\/en\/wp-json\/wp\/v2\/product_cat?post=80383"},{"taxonomy":"product_tag","embeddable":true,"href":"https:\/\/familiamartinezbujanda.com\/en\/wp-json\/wp\/v2\/product_tag?post=80383"}],"curies":[{"name":"wp","href":"https:\/\/api.w.org\/{rel}","templated":true}]}}