{"id":80387,"date":"2024-11-21T16:40:46","date_gmt":"2024-11-21T15:40:46","guid":{"rendered":"https:\/\/familiamartinezbujanda.com\/?post_type=product&#038;p=80387"},"modified":"2024-11-22T10:02:30","modified_gmt":"2024-11-22T09:02:30","slug":"lot-tradition-old-farm-in-wooden-box-copia-copia","status":"publish","type":"product","link":"https:\/\/familiamartinezbujanda.com\/en\/shop\/christmas-lots\/lot-tradition-old-farm-in-wooden-box-copia-copia\/","title":{"rendered":"GOURMET LOT F.ANTIGUA II"},"content":{"rendered":"<p><strong>Finca Antigua<\/strong>, whose name refers to the numerous old vines existing at the time of acquisition, is an area of <strong>1,000 hectares,<\/strong> with an altitude of over<b> 900 meters<\/b>, of which <strong>421 are occupied by the vineyard<\/strong>, the rest is scrubland with holm oaks, kermes oaks&#8230;<\/p>\n<p><strong>Creative, innovative, avant-garde wines from a unique terroir,<\/strong> a perfect choice if you want to give wine as a gift. In this lot in a wooden box you will find 2 of our wines and local products:<\/p>\n<ul>\n<li>1 bottle Finca Antigua Viura<\/li>\n<li>1 bottle Finca Antigua Reserva<\/li>\n<\/ul>\n<p><strong>Finca Antigua Viura on lees <\/strong> is a fruity <strong>white wine<\/strong> aged on lees and made with the Viura grape variety, which gives it a delicate aroma of stone fruits and flowers and a correct acidity. A good <strong>white wine with great brightness, volume and body<\/strong>, of a wonderful pale yellow color with hints of green. It is a fresh wine ideal for pairing with fish, seafood, rice dishes and salads.<\/p>\n<p><strong>Finca Antigua Reserva (D.O. La Mancha)<\/strong> is a red wine with brightness, balance, power, elegance and complexity, made from Cabernet Sauvignon, Merlot and Syrah, carefully aged for 22 months in French oak barrels, which gives this reserve wine a special character.<\/p>\n<p>&nbsp;<\/p>\n","protected":false},"excerpt":{"rendered":"<p>Gourmet Lot F. Antigua II includes Finca Antigua wines and local produce in a wooden box:<\/p>\n<ul>\n<li>1 bottle Finca Antigua Viura<\/li>\n<li>1 bottle Finca Antigua Reserva<\/li>\n<li>1 jar of spreadable manchego cheese 2 bags of picos<\/li>\n<li>2 bags of spikes<\/li>\n<\/ul>\n<p>An ideal whim or gift for these dates.<\/p>\n","protected":false},"featured_media":80409,"comment_status":"open","ping_status":"closed","template":"","meta":{"iawp_total_views":1},"product_brand":[],"product_cat":[2212],"product_tag":[],"class_list":{"0":"post-80387","1":"product","2":"type-product","3":"status-publish","4":"has-post-thumbnail","6":"product_cat-christmas-lots","8":"entry","9":"has-media","11":"first","12":"instock","13":"taxable","14":"shipping-taxable","15":"purchasable","16":"product-type-simple","17":"col","18":"span_1_of_3","19":"owp-content-center","20":"owp-thumbs-layout-horizontal","21":"owp-btn-normal","22":"owp-tabs-layout-horizontal"},"yoast_head":"<!-- This site is optimized with the Yoast SEO plugin v27.0 - https:\/\/yoast.com\/product\/yoast-seo-wordpress\/ -->\n<title>GOURMET LOT F.ANTIGUA II | Familia Mart\u00ednez Bujanda<\/title>\n<meta name=\"description\" content=\"Wooden box with the most singular wines of Finca Antigua, the single crianza and the reserva, wines that represent the terroir of our estate.\" \/>\n<meta name=\"robots\" content=\"index, follow, max-snippet:-1, max-image-preview:large, max-video-preview:-1\" \/>\n<link rel=\"canonical\" href=\"https:\/\/familiamartinezbujanda.com\/en\/shop\/christmas-lots\/lot-tradition-old-farm-in-wooden-box-copia-copia\/\" \/>\n<meta property=\"og:locale\" content=\"en_US\" \/>\n<meta property=\"og:type\" content=\"article\" \/>\n<meta property=\"og:title\" content=\"GOURMET LOT F.ANTIGUA II | Familia Mart\u00ednez Bujanda\" \/>\n<meta property=\"og:description\" content=\"Wooden box with the most singular wines of Finca Antigua, the single crianza and the reserva, wines that represent the terroir of our estate.\" \/>\n<meta property=\"og:url\" content=\"https:\/\/familiamartinezbujanda.com\/en\/shop\/christmas-lots\/lot-tradition-old-farm-in-wooden-box-copia-copia\/\" \/>\n<meta property=\"og:site_name\" content=\"Familia Mart\u00ednez Bujanda\" \/>\n<meta property=\"article:modified_time\" content=\"2024-11-22T09:02:30+00:00\" \/>\n<meta property=\"og:image\" content=\"https:\/\/familiamartinezbujanda.com\/wp-content\/uploads\/2024\/11\/lotes-gourmet-instaFAx2.jpg\" \/>\n\t<meta property=\"og:image:width\" content=\"600\" \/>\n\t<meta property=\"og:image:height\" content=\"600\" \/>\n\t<meta property=\"og:image:type\" content=\"image\/jpeg\" \/>\n<meta name=\"twitter:card\" content=\"summary_large_image\" \/>\n<meta name=\"twitter:label1\" content=\"Est. reading time\" \/>\n\t<meta name=\"twitter:data1\" content=\"1 minute\" \/>\n<script type=\"application\/ld+json\" class=\"yoast-schema-graph\">{\"@context\":\"https:\/\/schema.org\",\"@graph\":[{\"@type\":\"WebPage\",\"@id\":\"https:\/\/familiamartinezbujanda.com\/en\/shop\/christmas-lots\/lot-tradition-old-farm-in-wooden-box-copia-copia\/\",\"url\":\"https:\/\/familiamartinezbujanda.com\/en\/shop\/christmas-lots\/lot-tradition-old-farm-in-wooden-box-copia-copia\/\",\"name\":\"GOURMET LOT F.ANTIGUA II | Familia Mart\u00ednez Bujanda\",\"isPartOf\":{\"@id\":\"https:\/\/familiamartinezbujanda.com\/en\/#website\"},\"primaryImageOfPage\":{\"@id\":\"https:\/\/familiamartinezbujanda.com\/en\/shop\/christmas-lots\/lot-tradition-old-farm-in-wooden-box-copia-copia\/#primaryimage\"},\"image\":{\"@id\":\"https:\/\/familiamartinezbujanda.com\/en\/shop\/christmas-lots\/lot-tradition-old-farm-in-wooden-box-copia-copia\/#primaryimage\"},\"thumbnailUrl\":\"https:\/\/familiamartinezbujanda.com\/wp-content\/uploads\/2024\/11\/lotes-gourmet-instaFAx2.jpg\",\"datePublished\":\"2024-11-21T15:40:46+00:00\",\"dateModified\":\"2024-11-22T09:02:30+00:00\",\"description\":\"Wooden box with the most singular wines of Finca Antigua, the single crianza and the reserva, wines that represent the terroir of our estate.\",\"breadcrumb\":{\"@id\":\"https:\/\/familiamartinezbujanda.com\/en\/shop\/christmas-lots\/lot-tradition-old-farm-in-wooden-box-copia-copia\/#breadcrumb\"},\"inLanguage\":\"en-US\",\"potentialAction\":[{\"@type\":\"ReadAction\",\"target\":[\"https:\/\/familiamartinezbujanda.com\/en\/shop\/christmas-lots\/lot-tradition-old-farm-in-wooden-box-copia-copia\/\"]}]},{\"@type\":\"ImageObject\",\"inLanguage\":\"en-US\",\"@id\":\"https:\/\/familiamartinezbujanda.com\/en\/shop\/christmas-lots\/lot-tradition-old-farm-in-wooden-box-copia-copia\/#primaryimage\",\"url\":\"https:\/\/familiamartinezbujanda.com\/wp-content\/uploads\/2024\/11\/lotes-gourmet-instaFAx2.jpg\",\"contentUrl\":\"https:\/\/familiamartinezbujanda.com\/wp-content\/uploads\/2024\/11\/lotes-gourmet-instaFAx2.jpg\",\"width\":600,\"height\":600},{\"@type\":\"BreadcrumbList\",\"@id\":\"https:\/\/familiamartinezbujanda.com\/en\/shop\/christmas-lots\/lot-tradition-old-farm-in-wooden-box-copia-copia\/#breadcrumb\",\"itemListElement\":[{\"@type\":\"ListItem\",\"position\":1,\"name\":\"Portada\",\"item\":\"https:\/\/familiamartinezbujanda.com\/en\/inicio\/\"},{\"@type\":\"ListItem\",\"position\":2,\"name\":\"Tienda\",\"item\":\"https:\/\/familiamartinezbujanda.com\/en\/shop\/\"},{\"@type\":\"ListItem\",\"position\":3,\"name\":\"GOURMET LOT F.ANTIGUA II\"}]},{\"@type\":\"WebSite\",\"@id\":\"https:\/\/familiamartinezbujanda.com\/en\/#website\",\"url\":\"https:\/\/familiamartinezbujanda.com\/en\/\",\"name\":\"Familia Mart\u00ednez Bujanda\",\"description\":\"Cinco bodegas conforman Familia Mart\u00ednez-Bujanda: Finca Valpiedra (DOCa Rioja), Finca Antigua (DO La Mancha), Finca Montepedroso (DO Rueda), Vi\u00f1a Bujanda ...\",\"publisher\":{\"@id\":\"https:\/\/familiamartinezbujanda.com\/en\/#organization\"},\"potentialAction\":[{\"@type\":\"SearchAction\",\"target\":{\"@type\":\"EntryPoint\",\"urlTemplate\":\"https:\/\/familiamartinezbujanda.com\/en\/?s={search_term_string}\"},\"query-input\":{\"@type\":\"PropertyValueSpecification\",\"valueRequired\":true,\"valueName\":\"search_term_string\"}}],\"inLanguage\":\"en-US\"},{\"@type\":\"Organization\",\"@id\":\"https:\/\/familiamartinezbujanda.com\/en\/#organization\",\"name\":\"Familia Mart\u00ednez Bujanda\",\"url\":\"https:\/\/familiamartinezbujanda.com\/en\/\",\"logo\":{\"@type\":\"ImageObject\",\"inLanguage\":\"en-US\",\"@id\":\"https:\/\/familiamartinezbujanda.com\/en\/#\/schema\/logo\/image\/\",\"url\":\"https:\/\/www.familiamartinezbujanda.com\/wp-content\/uploads\/2022\/06\/favicon.jpg\",\"contentUrl\":\"https:\/\/www.familiamartinezbujanda.com\/wp-content\/uploads\/2022\/06\/favicon.jpg\",\"width\":512,\"height\":512,\"caption\":\"Familia Mart\u00ednez Bujanda\"},\"image\":{\"@id\":\"https:\/\/familiamartinezbujanda.com\/en\/#\/schema\/logo\/image\/\"}}]}<\/script>\n<!-- \/ Yoast SEO plugin. -->","yoast_head_json":{"title":"GOURMET LOT F.ANTIGUA II | Familia Mart\u00ednez Bujanda","description":"Wooden box with the most singular wines of Finca Antigua, the single crianza and the reserva, wines that represent the terroir of our estate.","robots":{"index":"index","follow":"follow","max-snippet":"max-snippet:-1","max-image-preview":"max-image-preview:large","max-video-preview":"max-video-preview:-1"},"canonical":"https:\/\/familiamartinezbujanda.com\/en\/shop\/christmas-lots\/lot-tradition-old-farm-in-wooden-box-copia-copia\/","og_locale":"en_US","og_type":"article","og_title":"GOURMET LOT F.ANTIGUA II | Familia Mart\u00ednez Bujanda","og_description":"Wooden box with the most singular wines of Finca Antigua, the single crianza and the reserva, wines that represent the terroir of our estate.","og_url":"https:\/\/familiamartinezbujanda.com\/en\/shop\/christmas-lots\/lot-tradition-old-farm-in-wooden-box-copia-copia\/","og_site_name":"Familia Mart\u00ednez Bujanda","article_modified_time":"2024-11-22T09:02:30+00:00","og_image":[{"width":600,"height":600,"url":"https:\/\/familiamartinezbujanda.com\/wp-content\/uploads\/2024\/11\/lotes-gourmet-instaFAx2.jpg","type":"image\/jpeg"}],"twitter_card":"summary_large_image","twitter_misc":{"Est. reading time":"1 minute"},"schema":{"@context":"https:\/\/schema.org","@graph":[{"@type":"WebPage","@id":"https:\/\/familiamartinezbujanda.com\/en\/shop\/christmas-lots\/lot-tradition-old-farm-in-wooden-box-copia-copia\/","url":"https:\/\/familiamartinezbujanda.com\/en\/shop\/christmas-lots\/lot-tradition-old-farm-in-wooden-box-copia-copia\/","name":"GOURMET LOT F.ANTIGUA II | Familia Mart\u00ednez Bujanda","isPartOf":{"@id":"https:\/\/familiamartinezbujanda.com\/en\/#website"},"primaryImageOfPage":{"@id":"https:\/\/familiamartinezbujanda.com\/en\/shop\/christmas-lots\/lot-tradition-old-farm-in-wooden-box-copia-copia\/#primaryimage"},"image":{"@id":"https:\/\/familiamartinezbujanda.com\/en\/shop\/christmas-lots\/lot-tradition-old-farm-in-wooden-box-copia-copia\/#primaryimage"},"thumbnailUrl":"https:\/\/familiamartinezbujanda.com\/wp-content\/uploads\/2024\/11\/lotes-gourmet-instaFAx2.jpg","datePublished":"2024-11-21T15:40:46+00:00","dateModified":"2024-11-22T09:02:30+00:00","description":"Wooden box with the most singular wines of Finca Antigua, the single crianza and the reserva, wines that represent the terroir of our estate.","breadcrumb":{"@id":"https:\/\/familiamartinezbujanda.com\/en\/shop\/christmas-lots\/lot-tradition-old-farm-in-wooden-box-copia-copia\/#breadcrumb"},"inLanguage":"en-US","potentialAction":[{"@type":"ReadAction","target":["https:\/\/familiamartinezbujanda.com\/en\/shop\/christmas-lots\/lot-tradition-old-farm-in-wooden-box-copia-copia\/"]}]},{"@type":"ImageObject","inLanguage":"en-US","@id":"https:\/\/familiamartinezbujanda.com\/en\/shop\/christmas-lots\/lot-tradition-old-farm-in-wooden-box-copia-copia\/#primaryimage","url":"https:\/\/familiamartinezbujanda.com\/wp-content\/uploads\/2024\/11\/lotes-gourmet-instaFAx2.jpg","contentUrl":"https:\/\/familiamartinezbujanda.com\/wp-content\/uploads\/2024\/11\/lotes-gourmet-instaFAx2.jpg","width":600,"height":600},{"@type":"BreadcrumbList","@id":"https:\/\/familiamartinezbujanda.com\/en\/shop\/christmas-lots\/lot-tradition-old-farm-in-wooden-box-copia-copia\/#breadcrumb","itemListElement":[{"@type":"ListItem","position":1,"name":"Portada","item":"https:\/\/familiamartinezbujanda.com\/en\/inicio\/"},{"@type":"ListItem","position":2,"name":"Tienda","item":"https:\/\/familiamartinezbujanda.com\/en\/shop\/"},{"@type":"ListItem","position":3,"name":"GOURMET LOT F.ANTIGUA II"}]},{"@type":"WebSite","@id":"https:\/\/familiamartinezbujanda.com\/en\/#website","url":"https:\/\/familiamartinezbujanda.com\/en\/","name":"Familia Mart\u00ednez Bujanda","description":"Cinco bodegas conforman Familia Mart\u00ednez-Bujanda: Finca Valpiedra (DOCa Rioja), Finca Antigua (DO La Mancha), Finca Montepedroso (DO Rueda), Vi\u00f1a Bujanda ...","publisher":{"@id":"https:\/\/familiamartinezbujanda.com\/en\/#organization"},"potentialAction":[{"@type":"SearchAction","target":{"@type":"EntryPoint","urlTemplate":"https:\/\/familiamartinezbujanda.com\/en\/?s={search_term_string}"},"query-input":{"@type":"PropertyValueSpecification","valueRequired":true,"valueName":"search_term_string"}}],"inLanguage":"en-US"},{"@type":"Organization","@id":"https:\/\/familiamartinezbujanda.com\/en\/#organization","name":"Familia Mart\u00ednez Bujanda","url":"https:\/\/familiamartinezbujanda.com\/en\/","logo":{"@type":"ImageObject","inLanguage":"en-US","@id":"https:\/\/familiamartinezbujanda.com\/en\/#\/schema\/logo\/image\/","url":"https:\/\/www.familiamartinezbujanda.com\/wp-content\/uploads\/2022\/06\/favicon.jpg","contentUrl":"https:\/\/www.familiamartinezbujanda.com\/wp-content\/uploads\/2022\/06\/favicon.jpg","width":512,"height":512,"caption":"Familia Mart\u00ednez Bujanda"},"image":{"@id":"https:\/\/familiamartinezbujanda.com\/en\/#\/schema\/logo\/image\/"}}]}},"_links":{"self":[{"href":"https:\/\/familiamartinezbujanda.com\/en\/wp-json\/wp\/v2\/product\/80387","targetHints":{"allow":["GET"]}}],"collection":[{"href":"https:\/\/familiamartinezbujanda.com\/en\/wp-json\/wp\/v2\/product"}],"about":[{"href":"https:\/\/familiamartinezbujanda.com\/en\/wp-json\/wp\/v2\/types\/product"}],"replies":[{"embeddable":true,"href":"https:\/\/familiamartinezbujanda.com\/en\/wp-json\/wp\/v2\/comments?post=80387"}],"wp:featuredmedia":[{"embeddable":true,"href":"https:\/\/familiamartinezbujanda.com\/en\/wp-json\/wp\/v2\/media\/80409"}],"wp:attachment":[{"href":"https:\/\/familiamartinezbujanda.com\/en\/wp-json\/wp\/v2\/media?parent=80387"}],"wp:term":[{"taxonomy":"product_brand","embeddable":true,"href":"https:\/\/familiamartinezbujanda.com\/en\/wp-json\/wp\/v2\/product_brand?post=80387"},{"taxonomy":"product_cat","embeddable":true,"href":"https:\/\/familiamartinezbujanda.com\/en\/wp-json\/wp\/v2\/product_cat?post=80387"},{"taxonomy":"product_tag","embeddable":true,"href":"https:\/\/familiamartinezbujanda.com\/en\/wp-json\/wp\/v2\/product_tag?post=80387"}],"curies":[{"name":"wp","href":"https:\/\/api.w.org\/{rel}","templated":true}]}}