{"id":87612,"date":"2025-11-03T11:41:06","date_gmt":"2025-11-03T10:41:06","guid":{"rendered":"https:\/\/familiamartinezbujanda.com\/tienda\/uncategorized\/pago-del-marquesado-gran-reserva-2018\/"},"modified":"2025-11-10T12:21:40","modified_gmt":"2025-11-10T11:21:40","slug":"pago-del-marquesado-gran-reserva-2018","status":"publish","type":"product","link":"https:\/\/familiamartinezbujanda.com\/en\/shop\/wines\/reserves\/pago-del-marquesado-gran-reserva-2018\/","title":{"rendered":"Pago del Marquesado Gran Reserva 2018"},"content":{"rendered":"<p>In the heart of the D.O.Ca. Rioja, the vineyards of <strong>Vi\u00f1a Bujanda<\/strong> unfold along the majestic meander of the Ebro River, one of the region&#8217;s most iconic landscapes.<\/p>\n<p>Close to the riverbank lies one of our most treasured estates, known within the family as &#8220;<strong>CASABLANCA<\/strong>&#8221; &#8211; a privileged parcel that looks directly toward the Ebro.<\/p>\n<p>This natural curve, known among the locals as &#8220;<strong>The Curve of Fortune<\/strong>,&#8221; is where the river bends gently, bringing each spring new minerals and sediments that enrich the soil and nourish the life of the vine.<\/p>\n<p>Among the terraces that descend toward the water, there is one particularly special hectare:<\/p>\n<p>&#8220;<strong>The closest to the river &#8211; the closest to fortune<\/strong>.&#8221;<\/p>\n<p>Family tradition tells that, in the early years of Casablanca, while preparing the land for planting, workers discovered ancient gold coins buried beneath this very plot.<\/p>\n<p>From that moment on, the elders began calling the place &#8220;<strong>The Golden Soil,<\/strong>&#8221; and the river that borders it, &#8220;<strong>The River of Fortune<\/strong>.&#8221;<\/p>\n<p>Since that discovery, this small parcel has become a symbol of our philosophy:<\/p>\n<p>&#8220;<strong>Time as heritage, land as value, and fortune as a living movement<\/strong>.&#8221;<\/p>\n","protected":false},"excerpt":{"rendered":"<div>\n<p><b><span lang=\"es\" data-ogsc=\"black\" data-olk-copy-source=\"MessageBody\">Varieties:<\/span><\/b><span lang=\"es\" data-ogsc=\"black\"> Tempranillo, Graciano and Maturana Tinta.<\/span><\/p>\n<\/div>\n<div>\n<p><b><span lang=\"es\" data-ogsc=\"black\">Category:<\/span><\/b><span lang=\"es\" data-ogsc=\"black\"> Gran Reserva<\/span><\/p>\n<\/div>\n<div>\n<p><b><span lang=\"es\" data-ogsc=\"black\">Alcohol Content:<\/span><\/b><span lang=\"es\" data-ogsc=\"black\"> 13.5% vol.<\/span><\/p>\n<\/div>\n<div>\n<p><b><span lang=\"es\" data-ogsc=\"black\">Total Acidity:<\/span><\/b><span lang=\"es\" data-ogsc=\"black\"> 6.7 g\/L (tartaric)<\/span><\/p>\n<\/div>\n<div>\n<p><b><span lang=\"es\" data-ogsc=\"black\">Harvest Date:<\/span><\/b><span lang=\"es\" data-ogsc=\"black\"> 2nd to 4th week of September<\/span><\/p>\n<\/div>\n<div>\n<p><b><span lang=\"es\" data-ogsc=\"black\">Bottling Date:<\/span><\/b><span lang=\"es\" data-ogsc=\"black\"> July 2021<\/span><\/p>\n<\/div>\n<div>\n<p><b><span lang=\"es\" data-ogsc=\"black\">Winemaking:<\/span><\/b><span lang=\"es\" data-ogsc=\"black\"> Fermentation in temperature-controlled stainless steel tanks. Maceration for 20 days. <\/span><\/p>\n<\/div>\n<div>\n<p><b><span lang=\"es\" data-ogsc=\"black\">Aging:<\/span><\/b><span lang=\"es\" data-ogsc=\"black\"> 24 months in French oak barrels.<\/span><\/p>\n<\/div>\n","protected":false},"featured_media":87615,"comment_status":"closed","ping_status":"closed","template":"","meta":{"iawp_total_views":15},"product_brand":[],"product_cat":[2220,2042,2037],"product_tag":[2420],"class_list":{"0":"post-87612","1":"product","2":"type-product","3":"status-publish","4":"has-post-thumbnail","6":"product_cat-reds","7":"product_cat-reserves","8":"product_cat-vina-bujanda-en","9":"product_tag-pago-del-marquesado-gran-reserva-2018","11":"entry","12":"has-media","14":"first","15":"instock","16":"taxable","17":"shipping-taxable","18":"purchasable","19":"product-type-simple","20":"col","21":"span_1_of_3","22":"owp-content-center","23":"owp-thumbs-layout-horizontal","24":"owp-btn-normal","25":"owp-tabs-layout-horizontal","26":"has-no-thumbnails"},"yoast_head":"<!-- This site is optimized with the Yoast SEO plugin v27.0 - https:\/\/yoast.com\/product\/yoast-seo-wordpress\/ -->\n<title>Pago del Marquesado Gran Reserva 2018 | Familia Mart\u00ednez Bujanda<\/title>\n<meta name=\"robots\" content=\"index, follow, max-snippet:-1, max-image-preview:large, max-video-preview:-1\" \/>\n<link rel=\"canonical\" href=\"https:\/\/familiamartinezbujanda.com\/en\/shop\/wines\/reserves\/pago-del-marquesado-gran-reserva-2018\/\" \/>\n<meta property=\"og:locale\" content=\"en_US\" \/>\n<meta property=\"og:type\" content=\"article\" \/>\n<meta property=\"og:title\" content=\"Pago del Marquesado Gran Reserva 2018 | Familia Mart\u00ednez Bujanda\" \/>\n<meta property=\"og:description\" content=\"Varieties: Tempranillo, Graciano and Maturana Tinta.     Category: Gran Reserva     Alcohol Content: 13.5% vol.     Total Acidity: 6.7 g\/L (tartaric)     Harvest Date: 2nd to 4th week of September     Bottling Date: July 2021     Winemaking: Fermentation in temperature-controlled stainless steel tanks. Maceration for 20 days.      Aging: 24 months in French oak barrels.\" \/>\n<meta property=\"og:url\" content=\"https:\/\/familiamartinezbujanda.com\/en\/shop\/wines\/reserves\/pago-del-marquesado-gran-reserva-2018\/\" \/>\n<meta property=\"og:site_name\" content=\"Familia Mart\u00ednez Bujanda\" \/>\n<meta property=\"article:modified_time\" content=\"2025-11-10T11:21:40+00:00\" \/>\n<meta property=\"og:image\" content=\"https:\/\/familiamartinezbujanda.com\/wp-content\/uploads\/2025\/11\/Pago-Marquesado-800x800-1.jpg\" \/>\n\t<meta property=\"og:image:width\" content=\"800\" \/>\n\t<meta property=\"og:image:height\" content=\"800\" \/>\n\t<meta property=\"og:image:type\" content=\"image\/jpeg\" \/>\n<meta name=\"twitter:card\" content=\"summary_large_image\" \/>\n<meta name=\"twitter:label1\" content=\"Est. reading time\" \/>\n\t<meta name=\"twitter:data1\" content=\"2 minutes\" \/>\n<script type=\"application\/ld+json\" class=\"yoast-schema-graph\">{\"@context\":\"https:\/\/schema.org\",\"@graph\":[{\"@type\":\"WebPage\",\"@id\":\"https:\/\/familiamartinezbujanda.com\/en\/shop\/wines\/reserves\/pago-del-marquesado-gran-reserva-2018\/\",\"url\":\"https:\/\/familiamartinezbujanda.com\/en\/shop\/wines\/reserves\/pago-del-marquesado-gran-reserva-2018\/\",\"name\":\"Pago del Marquesado Gran Reserva 2018 | Familia Mart\u00ednez Bujanda\",\"isPartOf\":{\"@id\":\"https:\/\/familiamartinezbujanda.com\/en\/#website\"},\"primaryImageOfPage\":{\"@id\":\"https:\/\/familiamartinezbujanda.com\/en\/shop\/wines\/reserves\/pago-del-marquesado-gran-reserva-2018\/#primaryimage\"},\"image\":{\"@id\":\"https:\/\/familiamartinezbujanda.com\/en\/shop\/wines\/reserves\/pago-del-marquesado-gran-reserva-2018\/#primaryimage\"},\"thumbnailUrl\":\"https:\/\/familiamartinezbujanda.com\/wp-content\/uploads\/2025\/11\/Pago-Marquesado-800x800-1.jpg\",\"datePublished\":\"2025-11-03T10:41:06+00:00\",\"dateModified\":\"2025-11-10T11:21:40+00:00\",\"breadcrumb\":{\"@id\":\"https:\/\/familiamartinezbujanda.com\/en\/shop\/wines\/reserves\/pago-del-marquesado-gran-reserva-2018\/#breadcrumb\"},\"inLanguage\":\"en-US\",\"potentialAction\":[{\"@type\":\"ReadAction\",\"target\":[\"https:\/\/familiamartinezbujanda.com\/en\/shop\/wines\/reserves\/pago-del-marquesado-gran-reserva-2018\/\"]}]},{\"@type\":\"ImageObject\",\"inLanguage\":\"en-US\",\"@id\":\"https:\/\/familiamartinezbujanda.com\/en\/shop\/wines\/reserves\/pago-del-marquesado-gran-reserva-2018\/#primaryimage\",\"url\":\"https:\/\/familiamartinezbujanda.com\/wp-content\/uploads\/2025\/11\/Pago-Marquesado-800x800-1.jpg\",\"contentUrl\":\"https:\/\/familiamartinezbujanda.com\/wp-content\/uploads\/2025\/11\/Pago-Marquesado-800x800-1.jpg\",\"width\":800,\"height\":800,\"caption\":\"Pago del Marquesado Gran Reserva\"},{\"@type\":\"BreadcrumbList\",\"@id\":\"https:\/\/familiamartinezbujanda.com\/en\/shop\/wines\/reserves\/pago-del-marquesado-gran-reserva-2018\/#breadcrumb\",\"itemListElement\":[{\"@type\":\"ListItem\",\"position\":1,\"name\":\"Portada\",\"item\":\"https:\/\/familiamartinezbujanda.com\/en\/inicio\/\"},{\"@type\":\"ListItem\",\"position\":2,\"name\":\"Tienda\",\"item\":\"https:\/\/familiamartinezbujanda.com\/en\/shop\/\"},{\"@type\":\"ListItem\",\"position\":3,\"name\":\"Pago del Marquesado Gran Reserva 2018\"}]},{\"@type\":\"WebSite\",\"@id\":\"https:\/\/familiamartinezbujanda.com\/en\/#website\",\"url\":\"https:\/\/familiamartinezbujanda.com\/en\/\",\"name\":\"Familia Mart\u00ednez Bujanda\",\"description\":\"Cinco bodegas conforman Familia Mart\u00ednez-Bujanda: Finca Valpiedra (DOCa Rioja), Finca Antigua (DO La Mancha), Finca Montepedroso (DO Rueda), Vi\u00f1a Bujanda ...\",\"publisher\":{\"@id\":\"https:\/\/familiamartinezbujanda.com\/en\/#organization\"},\"potentialAction\":[{\"@type\":\"SearchAction\",\"target\":{\"@type\":\"EntryPoint\",\"urlTemplate\":\"https:\/\/familiamartinezbujanda.com\/en\/?s={search_term_string}\"},\"query-input\":{\"@type\":\"PropertyValueSpecification\",\"valueRequired\":true,\"valueName\":\"search_term_string\"}}],\"inLanguage\":\"en-US\"},{\"@type\":\"Organization\",\"@id\":\"https:\/\/familiamartinezbujanda.com\/en\/#organization\",\"name\":\"Familia Mart\u00ednez Bujanda\",\"url\":\"https:\/\/familiamartinezbujanda.com\/en\/\",\"logo\":{\"@type\":\"ImageObject\",\"inLanguage\":\"en-US\",\"@id\":\"https:\/\/familiamartinezbujanda.com\/en\/#\/schema\/logo\/image\/\",\"url\":\"https:\/\/www.familiamartinezbujanda.com\/wp-content\/uploads\/2022\/06\/favicon.jpg\",\"contentUrl\":\"https:\/\/www.familiamartinezbujanda.com\/wp-content\/uploads\/2022\/06\/favicon.jpg\",\"width\":512,\"height\":512,\"caption\":\"Familia Mart\u00ednez Bujanda\"},\"image\":{\"@id\":\"https:\/\/familiamartinezbujanda.com\/en\/#\/schema\/logo\/image\/\"}}]}<\/script>\n<!-- \/ Yoast SEO plugin. -->","yoast_head_json":{"title":"Pago del Marquesado Gran Reserva 2018 | Familia Mart\u00ednez Bujanda","robots":{"index":"index","follow":"follow","max-snippet":"max-snippet:-1","max-image-preview":"max-image-preview:large","max-video-preview":"max-video-preview:-1"},"canonical":"https:\/\/familiamartinezbujanda.com\/en\/shop\/wines\/reserves\/pago-del-marquesado-gran-reserva-2018\/","og_locale":"en_US","og_type":"article","og_title":"Pago del Marquesado Gran Reserva 2018 | Familia Mart\u00ednez Bujanda","og_description":"Varieties: Tempranillo, Graciano and Maturana Tinta.     Category: Gran Reserva     Alcohol Content: 13.5% vol.     Total Acidity: 6.7 g\/L (tartaric)     Harvest Date: 2nd to 4th week of September     Bottling Date: July 2021     Winemaking: Fermentation in temperature-controlled stainless steel tanks. Maceration for 20 days.      Aging: 24 months in French oak barrels.","og_url":"https:\/\/familiamartinezbujanda.com\/en\/shop\/wines\/reserves\/pago-del-marquesado-gran-reserva-2018\/","og_site_name":"Familia Mart\u00ednez Bujanda","article_modified_time":"2025-11-10T11:21:40+00:00","og_image":[{"width":800,"height":800,"url":"https:\/\/familiamartinezbujanda.com\/wp-content\/uploads\/2025\/11\/Pago-Marquesado-800x800-1.jpg","type":"image\/jpeg"}],"twitter_card":"summary_large_image","twitter_misc":{"Est. reading time":"2 minutes"},"schema":{"@context":"https:\/\/schema.org","@graph":[{"@type":"WebPage","@id":"https:\/\/familiamartinezbujanda.com\/en\/shop\/wines\/reserves\/pago-del-marquesado-gran-reserva-2018\/","url":"https:\/\/familiamartinezbujanda.com\/en\/shop\/wines\/reserves\/pago-del-marquesado-gran-reserva-2018\/","name":"Pago del Marquesado Gran Reserva 2018 | Familia Mart\u00ednez Bujanda","isPartOf":{"@id":"https:\/\/familiamartinezbujanda.com\/en\/#website"},"primaryImageOfPage":{"@id":"https:\/\/familiamartinezbujanda.com\/en\/shop\/wines\/reserves\/pago-del-marquesado-gran-reserva-2018\/#primaryimage"},"image":{"@id":"https:\/\/familiamartinezbujanda.com\/en\/shop\/wines\/reserves\/pago-del-marquesado-gran-reserva-2018\/#primaryimage"},"thumbnailUrl":"https:\/\/familiamartinezbujanda.com\/wp-content\/uploads\/2025\/11\/Pago-Marquesado-800x800-1.jpg","datePublished":"2025-11-03T10:41:06+00:00","dateModified":"2025-11-10T11:21:40+00:00","breadcrumb":{"@id":"https:\/\/familiamartinezbujanda.com\/en\/shop\/wines\/reserves\/pago-del-marquesado-gran-reserva-2018\/#breadcrumb"},"inLanguage":"en-US","potentialAction":[{"@type":"ReadAction","target":["https:\/\/familiamartinezbujanda.com\/en\/shop\/wines\/reserves\/pago-del-marquesado-gran-reserva-2018\/"]}]},{"@type":"ImageObject","inLanguage":"en-US","@id":"https:\/\/familiamartinezbujanda.com\/en\/shop\/wines\/reserves\/pago-del-marquesado-gran-reserva-2018\/#primaryimage","url":"https:\/\/familiamartinezbujanda.com\/wp-content\/uploads\/2025\/11\/Pago-Marquesado-800x800-1.jpg","contentUrl":"https:\/\/familiamartinezbujanda.com\/wp-content\/uploads\/2025\/11\/Pago-Marquesado-800x800-1.jpg","width":800,"height":800,"caption":"Pago del Marquesado Gran Reserva"},{"@type":"BreadcrumbList","@id":"https:\/\/familiamartinezbujanda.com\/en\/shop\/wines\/reserves\/pago-del-marquesado-gran-reserva-2018\/#breadcrumb","itemListElement":[{"@type":"ListItem","position":1,"name":"Portada","item":"https:\/\/familiamartinezbujanda.com\/en\/inicio\/"},{"@type":"ListItem","position":2,"name":"Tienda","item":"https:\/\/familiamartinezbujanda.com\/en\/shop\/"},{"@type":"ListItem","position":3,"name":"Pago del Marquesado Gran Reserva 2018"}]},{"@type":"WebSite","@id":"https:\/\/familiamartinezbujanda.com\/en\/#website","url":"https:\/\/familiamartinezbujanda.com\/en\/","name":"Familia Mart\u00ednez Bujanda","description":"Cinco bodegas conforman Familia Mart\u00ednez-Bujanda: Finca Valpiedra (DOCa Rioja), Finca Antigua (DO La Mancha), Finca Montepedroso (DO Rueda), Vi\u00f1a Bujanda ...","publisher":{"@id":"https:\/\/familiamartinezbujanda.com\/en\/#organization"},"potentialAction":[{"@type":"SearchAction","target":{"@type":"EntryPoint","urlTemplate":"https:\/\/familiamartinezbujanda.com\/en\/?s={search_term_string}"},"query-input":{"@type":"PropertyValueSpecification","valueRequired":true,"valueName":"search_term_string"}}],"inLanguage":"en-US"},{"@type":"Organization","@id":"https:\/\/familiamartinezbujanda.com\/en\/#organization","name":"Familia Mart\u00ednez Bujanda","url":"https:\/\/familiamartinezbujanda.com\/en\/","logo":{"@type":"ImageObject","inLanguage":"en-US","@id":"https:\/\/familiamartinezbujanda.com\/en\/#\/schema\/logo\/image\/","url":"https:\/\/www.familiamartinezbujanda.com\/wp-content\/uploads\/2022\/06\/favicon.jpg","contentUrl":"https:\/\/www.familiamartinezbujanda.com\/wp-content\/uploads\/2022\/06\/favicon.jpg","width":512,"height":512,"caption":"Familia Mart\u00ednez Bujanda"},"image":{"@id":"https:\/\/familiamartinezbujanda.com\/en\/#\/schema\/logo\/image\/"}}]}},"_links":{"self":[{"href":"https:\/\/familiamartinezbujanda.com\/en\/wp-json\/wp\/v2\/product\/87612","targetHints":{"allow":["GET"]}}],"collection":[{"href":"https:\/\/familiamartinezbujanda.com\/en\/wp-json\/wp\/v2\/product"}],"about":[{"href":"https:\/\/familiamartinezbujanda.com\/en\/wp-json\/wp\/v2\/types\/product"}],"replies":[{"embeddable":true,"href":"https:\/\/familiamartinezbujanda.com\/en\/wp-json\/wp\/v2\/comments?post=87612"}],"wp:featuredmedia":[{"embeddable":true,"href":"https:\/\/familiamartinezbujanda.com\/en\/wp-json\/wp\/v2\/media\/87615"}],"wp:attachment":[{"href":"https:\/\/familiamartinezbujanda.com\/en\/wp-json\/wp\/v2\/media?parent=87612"}],"wp:term":[{"taxonomy":"product_brand","embeddable":true,"href":"https:\/\/familiamartinezbujanda.com\/en\/wp-json\/wp\/v2\/product_brand?post=87612"},{"taxonomy":"product_cat","embeddable":true,"href":"https:\/\/familiamartinezbujanda.com\/en\/wp-json\/wp\/v2\/product_cat?post=87612"},{"taxonomy":"product_tag","embeddable":true,"href":"https:\/\/familiamartinezbujanda.com\/en\/wp-json\/wp\/v2\/product_tag?post=87612"}],"curies":[{"name":"wp","href":"https:\/\/api.w.org\/{rel}","templated":true}]}}