{"id":93125,"date":"2026-01-12T15:58:13","date_gmt":"2026-01-12T14:58:13","guid":{"rendered":"https:\/\/familiamartinezbujanda.com\/?post_type=product&#038;p=93125"},"modified":"2026-01-12T16:58:03","modified_gmt":"2026-01-12T15:58:03","slug":"finca-valpiedra-crianza","status":"publish","type":"product","link":"https:\/\/familiamartinezbujanda.com\/en\/shop\/wines\/finca-valpiedra-crianza\/","title":{"rendered":"Finca Valpiedra Crianza 2020"},"content":{"rendered":"<p>Finca Valpiedra Crianza (D.O.Ca. Rioja) is a highly aromatic red wine, characterized by its freshness and mineral notes. The Tempranillo grapes are seamlessly integrated following 12 months of aging in American and French oak barrels.<\/p>\n<p>&nbsp;<\/p>\n<p>It is defined by exceptional balance and intensity, making it an excellent pairing for white meats such as turkey, suckling lamb, and pork. It also complements braised poularde, rabbit paella (rice with rabbit), legumes, and hearty vegetable stews.<\/p>\n","protected":false},"excerpt":{"rendered":"<p><span style=\"color: #000000;\"><strong>VINEYARD:<\/strong><\/span> Finca Valpiedra<br \/>\n<span style=\"color: #000000;\"><strong>VARIETY: <\/strong>97% Tempranillo, 3% Garnacha<\/span><br \/>\n<span style=\"color: #000000;\"><strong>D.O.: <\/strong><\/span>Calificada Rioja<br \/>\n<span style=\"color: #000000;\"><strong>BOTTLE: <\/strong><\/span>750 ml<br \/>\n<span style=\"color: #000000;\"><strong>CATEGORY: <\/strong> Crianza<\/span><br \/>\n<span style=\"color: #000000;\"><strong>ALCOHOL CONTENT: <\/strong><\/span>13.5% Vol<br \/>\n<span style=\"color: #000000;\"><strong>TOTAL ACIDITY: <\/strong><\/span>5,8 g\/l. tartaric.<br \/>\n<span style=\"color: #000000;\"><strong>HARVEST DATE: 3rd <\/strong><\/span>week of September 2021<br \/>\n<span style=\"color: #000000;\"><strong>AGING: <\/strong><\/span>12 months in French and American oak barrels.<\/p>\n","protected":false},"featured_media":93136,"comment_status":"open","ping_status":"closed","template":"","meta":{"iawp_total_views":4},"product_brand":[],"product_cat":[2207],"product_tag":[],"class_list":{"0":"post-93125","1":"product","2":"type-product","3":"status-publish","4":"has-post-thumbnail","6":"product_cat-wines","8":"entry","9":"has-media","11":"first","12":"instock","13":"taxable","14":"shipping-taxable","15":"purchasable","16":"product-type-simple","17":"col","18":"span_1_of_3","19":"owp-content-center","20":"owp-thumbs-layout-horizontal","21":"owp-btn-normal","22":"owp-tabs-layout-horizontal","23":"has-no-thumbnails"},"yoast_head":"<!-- This site is optimized with the Yoast SEO plugin v27.0 - https:\/\/yoast.com\/product\/yoast-seo-wordpress\/ -->\n<title>Finca Valpiedra Crianza 2020 | Familia Mart\u00ednez Bujanda<\/title>\n<meta name=\"robots\" content=\"index, follow, max-snippet:-1, max-image-preview:large, max-video-preview:-1\" \/>\n<link rel=\"canonical\" href=\"https:\/\/familiamartinezbujanda.com\/en\/shop\/wines\/finca-valpiedra-crianza\/\" \/>\n<meta property=\"og:locale\" content=\"en_US\" \/>\n<meta property=\"og:type\" content=\"article\" \/>\n<meta property=\"og:title\" content=\"Finca Valpiedra Crianza 2020 | Familia Mart\u00ednez Bujanda\" \/>\n<meta property=\"og:description\" content=\"VINEYARD: Finca Valpiedra VARIETY: 97% Tempranillo, 3% Garnacha D.O.: Calificada Rioja BOTTLE: 750 ml CATEGORY: Crianza ALCOHOL CONTENT: 13.5% Vol TOTAL ACIDITY: 5,8 g\/l. tartaric. HARVEST DATE: 3rd week of September 2021 AGING: 12 months in French and American oak barrels.\" \/>\n<meta property=\"og:url\" content=\"https:\/\/familiamartinezbujanda.com\/en\/shop\/wines\/finca-valpiedra-crianza\/\" \/>\n<meta property=\"og:site_name\" content=\"Familia Mart\u00ednez Bujanda\" \/>\n<meta property=\"article:modified_time\" content=\"2026-01-12T15:58:03+00:00\" \/>\n<meta property=\"og:image\" content=\"https:\/\/familiamartinezbujanda.com\/wp-content\/uploads\/2026\/01\/FV-Crianza-2020.jpg\" \/>\n\t<meta property=\"og:image:width\" content=\"2000\" \/>\n\t<meta property=\"og:image:height\" content=\"2000\" \/>\n\t<meta property=\"og:image:type\" content=\"image\/jpeg\" \/>\n<meta name=\"twitter:card\" content=\"summary_large_image\" \/>\n<meta name=\"twitter:label1\" content=\"Est. reading time\" \/>\n\t<meta name=\"twitter:data1\" content=\"1 minute\" \/>\n<script type=\"application\/ld+json\" class=\"yoast-schema-graph\">{\"@context\":\"https:\/\/schema.org\",\"@graph\":[{\"@type\":\"WebPage\",\"@id\":\"https:\/\/familiamartinezbujanda.com\/en\/shop\/wines\/finca-valpiedra-crianza\/\",\"url\":\"https:\/\/familiamartinezbujanda.com\/en\/shop\/wines\/finca-valpiedra-crianza\/\",\"name\":\"Finca Valpiedra Crianza 2020 | Familia Mart\u00ednez Bujanda\",\"isPartOf\":{\"@id\":\"https:\/\/familiamartinezbujanda.com\/en\/#website\"},\"primaryImageOfPage\":{\"@id\":\"https:\/\/familiamartinezbujanda.com\/en\/shop\/wines\/finca-valpiedra-crianza\/#primaryimage\"},\"image\":{\"@id\":\"https:\/\/familiamartinezbujanda.com\/en\/shop\/wines\/finca-valpiedra-crianza\/#primaryimage\"},\"thumbnailUrl\":\"https:\/\/familiamartinezbujanda.com\/wp-content\/uploads\/2026\/01\/FV-Crianza-2020.jpg\",\"datePublished\":\"2026-01-12T14:58:13+00:00\",\"dateModified\":\"2026-01-12T15:58:03+00:00\",\"breadcrumb\":{\"@id\":\"https:\/\/familiamartinezbujanda.com\/en\/shop\/wines\/finca-valpiedra-crianza\/#breadcrumb\"},\"inLanguage\":\"en-US\",\"potentialAction\":[{\"@type\":\"ReadAction\",\"target\":[\"https:\/\/familiamartinezbujanda.com\/en\/shop\/wines\/finca-valpiedra-crianza\/\"]}]},{\"@type\":\"ImageObject\",\"inLanguage\":\"en-US\",\"@id\":\"https:\/\/familiamartinezbujanda.com\/en\/shop\/wines\/finca-valpiedra-crianza\/#primaryimage\",\"url\":\"https:\/\/familiamartinezbujanda.com\/wp-content\/uploads\/2026\/01\/FV-Crianza-2020.jpg\",\"contentUrl\":\"https:\/\/familiamartinezbujanda.com\/wp-content\/uploads\/2026\/01\/FV-Crianza-2020.jpg\",\"width\":2000,\"height\":2000},{\"@type\":\"BreadcrumbList\",\"@id\":\"https:\/\/familiamartinezbujanda.com\/en\/shop\/wines\/finca-valpiedra-crianza\/#breadcrumb\",\"itemListElement\":[{\"@type\":\"ListItem\",\"position\":1,\"name\":\"Portada\",\"item\":\"https:\/\/familiamartinezbujanda.com\/en\/inicio\/\"},{\"@type\":\"ListItem\",\"position\":2,\"name\":\"Tienda\",\"item\":\"https:\/\/familiamartinezbujanda.com\/en\/shop\/\"},{\"@type\":\"ListItem\",\"position\":3,\"name\":\"Finca Valpiedra Crianza 2020\"}]},{\"@type\":\"WebSite\",\"@id\":\"https:\/\/familiamartinezbujanda.com\/en\/#website\",\"url\":\"https:\/\/familiamartinezbujanda.com\/en\/\",\"name\":\"Familia Mart\u00ednez Bujanda\",\"description\":\"Cinco bodegas conforman Familia Mart\u00ednez-Bujanda: Finca Valpiedra (DOCa Rioja), Finca Antigua (DO La Mancha), Finca Montepedroso (DO Rueda), Vi\u00f1a Bujanda ...\",\"publisher\":{\"@id\":\"https:\/\/familiamartinezbujanda.com\/en\/#organization\"},\"potentialAction\":[{\"@type\":\"SearchAction\",\"target\":{\"@type\":\"EntryPoint\",\"urlTemplate\":\"https:\/\/familiamartinezbujanda.com\/en\/?s={search_term_string}\"},\"query-input\":{\"@type\":\"PropertyValueSpecification\",\"valueRequired\":true,\"valueName\":\"search_term_string\"}}],\"inLanguage\":\"en-US\"},{\"@type\":\"Organization\",\"@id\":\"https:\/\/familiamartinezbujanda.com\/en\/#organization\",\"name\":\"Familia Mart\u00ednez Bujanda\",\"url\":\"https:\/\/familiamartinezbujanda.com\/en\/\",\"logo\":{\"@type\":\"ImageObject\",\"inLanguage\":\"en-US\",\"@id\":\"https:\/\/familiamartinezbujanda.com\/en\/#\/schema\/logo\/image\/\",\"url\":\"https:\/\/www.familiamartinezbujanda.com\/wp-content\/uploads\/2022\/06\/favicon.jpg\",\"contentUrl\":\"https:\/\/www.familiamartinezbujanda.com\/wp-content\/uploads\/2022\/06\/favicon.jpg\",\"width\":512,\"height\":512,\"caption\":\"Familia Mart\u00ednez Bujanda\"},\"image\":{\"@id\":\"https:\/\/familiamartinezbujanda.com\/en\/#\/schema\/logo\/image\/\"}}]}<\/script>\n<!-- \/ Yoast SEO plugin. -->","yoast_head_json":{"title":"Finca Valpiedra Crianza 2020 | Familia Mart\u00ednez Bujanda","robots":{"index":"index","follow":"follow","max-snippet":"max-snippet:-1","max-image-preview":"max-image-preview:large","max-video-preview":"max-video-preview:-1"},"canonical":"https:\/\/familiamartinezbujanda.com\/en\/shop\/wines\/finca-valpiedra-crianza\/","og_locale":"en_US","og_type":"article","og_title":"Finca Valpiedra Crianza 2020 | Familia Mart\u00ednez Bujanda","og_description":"VINEYARD: Finca Valpiedra VARIETY: 97% Tempranillo, 3% Garnacha D.O.: Calificada Rioja BOTTLE: 750 ml CATEGORY: Crianza ALCOHOL CONTENT: 13.5% Vol TOTAL ACIDITY: 5,8 g\/l. tartaric. HARVEST DATE: 3rd week of September 2021 AGING: 12 months in French and American oak barrels.","og_url":"https:\/\/familiamartinezbujanda.com\/en\/shop\/wines\/finca-valpiedra-crianza\/","og_site_name":"Familia Mart\u00ednez Bujanda","article_modified_time":"2026-01-12T15:58:03+00:00","og_image":[{"width":2000,"height":2000,"url":"https:\/\/familiamartinezbujanda.com\/wp-content\/uploads\/2026\/01\/FV-Crianza-2020.jpg","type":"image\/jpeg"}],"twitter_card":"summary_large_image","twitter_misc":{"Est. reading time":"1 minute"},"schema":{"@context":"https:\/\/schema.org","@graph":[{"@type":"WebPage","@id":"https:\/\/familiamartinezbujanda.com\/en\/shop\/wines\/finca-valpiedra-crianza\/","url":"https:\/\/familiamartinezbujanda.com\/en\/shop\/wines\/finca-valpiedra-crianza\/","name":"Finca Valpiedra Crianza 2020 | Familia Mart\u00ednez Bujanda","isPartOf":{"@id":"https:\/\/familiamartinezbujanda.com\/en\/#website"},"primaryImageOfPage":{"@id":"https:\/\/familiamartinezbujanda.com\/en\/shop\/wines\/finca-valpiedra-crianza\/#primaryimage"},"image":{"@id":"https:\/\/familiamartinezbujanda.com\/en\/shop\/wines\/finca-valpiedra-crianza\/#primaryimage"},"thumbnailUrl":"https:\/\/familiamartinezbujanda.com\/wp-content\/uploads\/2026\/01\/FV-Crianza-2020.jpg","datePublished":"2026-01-12T14:58:13+00:00","dateModified":"2026-01-12T15:58:03+00:00","breadcrumb":{"@id":"https:\/\/familiamartinezbujanda.com\/en\/shop\/wines\/finca-valpiedra-crianza\/#breadcrumb"},"inLanguage":"en-US","potentialAction":[{"@type":"ReadAction","target":["https:\/\/familiamartinezbujanda.com\/en\/shop\/wines\/finca-valpiedra-crianza\/"]}]},{"@type":"ImageObject","inLanguage":"en-US","@id":"https:\/\/familiamartinezbujanda.com\/en\/shop\/wines\/finca-valpiedra-crianza\/#primaryimage","url":"https:\/\/familiamartinezbujanda.com\/wp-content\/uploads\/2026\/01\/FV-Crianza-2020.jpg","contentUrl":"https:\/\/familiamartinezbujanda.com\/wp-content\/uploads\/2026\/01\/FV-Crianza-2020.jpg","width":2000,"height":2000},{"@type":"BreadcrumbList","@id":"https:\/\/familiamartinezbujanda.com\/en\/shop\/wines\/finca-valpiedra-crianza\/#breadcrumb","itemListElement":[{"@type":"ListItem","position":1,"name":"Portada","item":"https:\/\/familiamartinezbujanda.com\/en\/inicio\/"},{"@type":"ListItem","position":2,"name":"Tienda","item":"https:\/\/familiamartinezbujanda.com\/en\/shop\/"},{"@type":"ListItem","position":3,"name":"Finca Valpiedra Crianza 2020"}]},{"@type":"WebSite","@id":"https:\/\/familiamartinezbujanda.com\/en\/#website","url":"https:\/\/familiamartinezbujanda.com\/en\/","name":"Familia Mart\u00ednez Bujanda","description":"Cinco bodegas conforman Familia Mart\u00ednez-Bujanda: Finca Valpiedra (DOCa Rioja), Finca Antigua (DO La Mancha), Finca Montepedroso (DO Rueda), Vi\u00f1a Bujanda ...","publisher":{"@id":"https:\/\/familiamartinezbujanda.com\/en\/#organization"},"potentialAction":[{"@type":"SearchAction","target":{"@type":"EntryPoint","urlTemplate":"https:\/\/familiamartinezbujanda.com\/en\/?s={search_term_string}"},"query-input":{"@type":"PropertyValueSpecification","valueRequired":true,"valueName":"search_term_string"}}],"inLanguage":"en-US"},{"@type":"Organization","@id":"https:\/\/familiamartinezbujanda.com\/en\/#organization","name":"Familia Mart\u00ednez Bujanda","url":"https:\/\/familiamartinezbujanda.com\/en\/","logo":{"@type":"ImageObject","inLanguage":"en-US","@id":"https:\/\/familiamartinezbujanda.com\/en\/#\/schema\/logo\/image\/","url":"https:\/\/www.familiamartinezbujanda.com\/wp-content\/uploads\/2022\/06\/favicon.jpg","contentUrl":"https:\/\/www.familiamartinezbujanda.com\/wp-content\/uploads\/2022\/06\/favicon.jpg","width":512,"height":512,"caption":"Familia Mart\u00ednez Bujanda"},"image":{"@id":"https:\/\/familiamartinezbujanda.com\/en\/#\/schema\/logo\/image\/"}}]}},"_links":{"self":[{"href":"https:\/\/familiamartinezbujanda.com\/en\/wp-json\/wp\/v2\/product\/93125","targetHints":{"allow":["GET"]}}],"collection":[{"href":"https:\/\/familiamartinezbujanda.com\/en\/wp-json\/wp\/v2\/product"}],"about":[{"href":"https:\/\/familiamartinezbujanda.com\/en\/wp-json\/wp\/v2\/types\/product"}],"replies":[{"embeddable":true,"href":"https:\/\/familiamartinezbujanda.com\/en\/wp-json\/wp\/v2\/comments?post=93125"}],"wp:featuredmedia":[{"embeddable":true,"href":"https:\/\/familiamartinezbujanda.com\/en\/wp-json\/wp\/v2\/media\/93136"}],"wp:attachment":[{"href":"https:\/\/familiamartinezbujanda.com\/en\/wp-json\/wp\/v2\/media?parent=93125"}],"wp:term":[{"taxonomy":"product_brand","embeddable":true,"href":"https:\/\/familiamartinezbujanda.com\/en\/wp-json\/wp\/v2\/product_brand?post=93125"},{"taxonomy":"product_cat","embeddable":true,"href":"https:\/\/familiamartinezbujanda.com\/en\/wp-json\/wp\/v2\/product_cat?post=93125"},{"taxonomy":"product_tag","embeddable":true,"href":"https:\/\/familiamartinezbujanda.com\/en\/wp-json\/wp\/v2\/product_tag?post=93125"}],"curies":[{"name":"wp","href":"https:\/\/api.w.org\/{rel}","templated":true}]}}