{"id":93878,"date":"2026-02-11T10:53:11","date_gmt":"2026-02-11T09:53:11","guid":{"rendered":"https:\/\/familiamartinezbujanda.com\/tienda\/uncategorized\/fathers-day-lot\/"},"modified":"2026-03-07T10:06:15","modified_gmt":"2026-03-07T09:06:15","slug":"fathers-day-lot","status":"publish","type":"product","link":"https:\/\/familiamartinezbujanda.com\/en\/shop\/wines\/whites-and-sweets\/fathers-day-lot\/","title":{"rendered":"Father&#8217;s Day Lot"},"content":{"rendered":"<p>This Father&#8217;s Day lot contains a selection of 3 wines made in each of our estates (Finca Valpiedra, Finca Antigua and Finca Montepedroso). A selection that reflects the personality of our vineyards and the identity of each project. In addition, the package includes a free visit for 2 people to one of our three estates of your choice. There you can discover the vineyard, tour the winery and enjoy a tasting in the place where it all begins.   <\/p>\n<ul>\n<li><a href=\"https:\/\/familiamartinezbujanda.com\/en\/shop\/wines\/crianzas-en\/cantos-de-valpiedra\/\">Cantos de Valpiedra<\/a> is a very aromatic, fresh and mineral red wine, in which the Tempranillo grape is perfectly integrated after 12 months of aging in American and French oak barrels.<\/li>\n<li><a href=\"https:\/\/familiamartinezbujanda.com\/en\/shop\/wines\/crianzas-en\/finca-antigua-crianza-unico\/\">Finca Antigua Crianza \u00danico<\/a> is a Crianza red wine made from a blend of Tempranillo, Cabernet Sauvignon, Merlot and Syrah red grapes and aged for 15 months in American and French oak barrels.<\/li>\n<li><a href=\"https:\/\/familiamartinezbujanda.com\/en\/shop\/wines\/whites-and-sweets\/finca-montepedroso-verdejo\/\">Finca Montepedroso<\/a> is a clean, aromatic, high quality white wine from Rueda, obtained by aging on lees. Velvety and silky, as well as with a good structure, it represents a great example of fruity wines made from the Verdejo grape.<\/li>\n<\/ul>\n<p>Three ways of understanding wine that come together in a single proposal. The perfect gift to surprise this Father&#8217;s Day. <\/p>\n<p>This Father&#8217;s Day lot with shipping included contains:<\/p>\n<ul>\n<li>1 bottle Cantos de Valpiedra 2021<\/li>\n<li>1 bottle Finca Antigua Crianza \u00danico 2022<\/li>\n<li>1 bottle Finca Montepedroso 2024<\/li>\n<li>1 visit for 2 people in one of our farms (choose between <a href=\"https:\/\/familiamartinezbujanda.com\/en\/?post_type=product&#038;p=70929\">Cantos<\/a>, <a href=\"https:\/\/familiamartinezbujanda.com\/en\/?post_type=product&#038;p=71383\">Lagarto Ocelado<\/a> or <a href=\"https:\/\/familiamartinezbujanda.com\/en\/shop\/guided-tours-of-the-wineries\/visits-to-finca-montepedroso-winery\/enoturismorueda-2\/\">Montepedroso<\/a>).<\/li>\n<\/ul>\n<p>*For a limited time.<\/p>\n<p>Conditions:<\/p>\n<ul>\n<li>Reservations for visits will be made by phone indicating the email with which the purchase was made.<\/li>\n<li>Visits are subject to availability according to dates.<\/li>\n<li>Visits valid until December 31, 2026.<\/li>\n<li>Send this lot to whomever you want by indicating it in the order.<\/li>\n<\/ul>\n","protected":false},"excerpt":{"rendered":"<p>This Father&#8217;s Day lot with shipping included contains:<\/p>\n<ul>\n<li>1 bottle Cantos de Valpiedra 2021<\/li>\n<li>1 bottle Finca Antigua Crianza \u00danico 2022<\/li>\n<li>1 bottle Finca Montepedroso 2024<\/li>\n<li>1 visit for 2 people in one of our farms (choose between Cantos, Lagarto Ocelado or Montepedroso).<\/li>\n<\/ul>\n<p>*For a limited time.<\/p>\n<p>Add the promotional code<span style=\"color: #ff0000;\">&#8220;PORTESGRATIS<\/span>&#8221; to avoid adding shipping costs to your order.<\/p>\n","protected":false},"featured_media":93879,"comment_status":"open","ping_status":"closed","template":"","meta":{"iawp_total_views":0},"product_brand":[],"product_cat":[1568,2250,2070,2220,2036,2207],"product_tag":[],"class_list":{"0":"post-93878","1":"product","2":"type-product","3":"status-publish","4":"has-post-thumbnail","6":"product_cat-fathers-day-packs","7":"product_cat-fathers-day-special","8":"product_cat-packs","9":"product_cat-reds","10":"product_cat-whites-and-sweets","11":"product_cat-wines","13":"entry","14":"has-media","16":"first","17":"instock","18":"sale","19":"taxable","20":"shipping-taxable","21":"purchasable","22":"product-type-simple","23":"col","24":"span_1_of_3","25":"owp-content-center","26":"owp-thumbs-layout-horizontal","27":"owp-btn-normal","28":"owp-tabs-layout-horizontal","29":"has-no-thumbnails"},"yoast_head":"<!-- This site is optimized with the Yoast SEO plugin v27.0 - https:\/\/yoast.com\/product\/yoast-seo-wordpress\/ -->\n<title>Father&#039;s Day Lot | Mart\u00ednez Bujanda Family<\/title>\n<meta name=\"description\" content=\"For this Father&#039;s Day, surprise by giving a complete experience around wine and territory with Familia Mart\u00ednez Bujanda.\" \/>\n<meta name=\"robots\" content=\"index, follow, max-snippet:-1, max-image-preview:large, max-video-preview:-1\" \/>\n<link rel=\"canonical\" href=\"https:\/\/familiamartinezbujanda.com\/en\/shop\/wines\/whites-and-sweets\/fathers-day-lot\/\" \/>\n<meta property=\"og:locale\" content=\"en_US\" \/>\n<meta property=\"og:type\" content=\"article\" \/>\n<meta property=\"og:title\" content=\"Father&#039;s Day Lot | Mart\u00ednez Bujanda Family\" \/>\n<meta property=\"og:description\" content=\"For this Father&#039;s Day, surprise by giving a complete experience around wine and territory with Familia Mart\u00ednez Bujanda.\" \/>\n<meta property=\"og:url\" content=\"https:\/\/familiamartinezbujanda.com\/en\/shop\/wines\/whites-and-sweets\/fathers-day-lot\/\" \/>\n<meta property=\"og:site_name\" content=\"Familia Mart\u00ednez Bujanda\" \/>\n<meta property=\"article:modified_time\" content=\"2026-03-07T09:06:15+00:00\" \/>\n<meta property=\"og:image\" content=\"https:\/\/familiamartinezbujanda.com\/wp-content\/uploads\/2026\/02\/6.jpg\" \/>\n\t<meta property=\"og:image:width\" content=\"2000\" \/>\n\t<meta property=\"og:image:height\" content=\"2000\" \/>\n\t<meta property=\"og:image:type\" content=\"image\/jpeg\" \/>\n<meta name=\"twitter:card\" content=\"summary_large_image\" \/>\n<meta name=\"twitter:label1\" content=\"Est. reading time\" \/>\n\t<meta name=\"twitter:data1\" content=\"1 minute\" \/>\n<script type=\"application\/ld+json\" class=\"yoast-schema-graph\">{\"@context\":\"https:\/\/schema.org\",\"@graph\":[{\"@type\":\"WebPage\",\"@id\":\"https:\/\/familiamartinezbujanda.com\/en\/shop\/wines\/whites-and-sweets\/fathers-day-lot\/\",\"url\":\"https:\/\/familiamartinezbujanda.com\/en\/shop\/wines\/whites-and-sweets\/fathers-day-lot\/\",\"name\":\"Father's Day Lot | Mart\u00ednez Bujanda Family\",\"isPartOf\":{\"@id\":\"https:\/\/familiamartinezbujanda.com\/en\/#website\"},\"primaryImageOfPage\":{\"@id\":\"https:\/\/familiamartinezbujanda.com\/en\/shop\/wines\/whites-and-sweets\/fathers-day-lot\/#primaryimage\"},\"image\":{\"@id\":\"https:\/\/familiamartinezbujanda.com\/en\/shop\/wines\/whites-and-sweets\/fathers-day-lot\/#primaryimage\"},\"thumbnailUrl\":\"https:\/\/familiamartinezbujanda.com\/wp-content\/uploads\/2026\/02\/6.jpg\",\"datePublished\":\"2026-02-11T09:53:11+00:00\",\"dateModified\":\"2026-03-07T09:06:15+00:00\",\"description\":\"For this Father's Day, surprise by giving a complete experience around wine and territory with Familia Mart\u00ednez Bujanda.\",\"breadcrumb\":{\"@id\":\"https:\/\/familiamartinezbujanda.com\/en\/shop\/wines\/whites-and-sweets\/fathers-day-lot\/#breadcrumb\"},\"inLanguage\":\"en-US\",\"potentialAction\":[{\"@type\":\"ReadAction\",\"target\":[\"https:\/\/familiamartinezbujanda.com\/en\/shop\/wines\/whites-and-sweets\/fathers-day-lot\/\"]}]},{\"@type\":\"ImageObject\",\"inLanguage\":\"en-US\",\"@id\":\"https:\/\/familiamartinezbujanda.com\/en\/shop\/wines\/whites-and-sweets\/fathers-day-lot\/#primaryimage\",\"url\":\"https:\/\/familiamartinezbujanda.com\/wp-content\/uploads\/2026\/02\/6.jpg\",\"contentUrl\":\"https:\/\/familiamartinezbujanda.com\/wp-content\/uploads\/2026\/02\/6.jpg\",\"width\":2000,\"height\":2000,\"caption\":\"Father's Day Lot\"},{\"@type\":\"BreadcrumbList\",\"@id\":\"https:\/\/familiamartinezbujanda.com\/en\/shop\/wines\/whites-and-sweets\/fathers-day-lot\/#breadcrumb\",\"itemListElement\":[{\"@type\":\"ListItem\",\"position\":1,\"name\":\"Portada\",\"item\":\"https:\/\/familiamartinezbujanda.com\/en\/inicio\/\"},{\"@type\":\"ListItem\",\"position\":2,\"name\":\"Tienda\",\"item\":\"https:\/\/familiamartinezbujanda.com\/en\/shop\/\"},{\"@type\":\"ListItem\",\"position\":3,\"name\":\"Father&#8217;s Day Lot\"}]},{\"@type\":\"WebSite\",\"@id\":\"https:\/\/familiamartinezbujanda.com\/en\/#website\",\"url\":\"https:\/\/familiamartinezbujanda.com\/en\/\",\"name\":\"Familia Mart\u00ednez Bujanda\",\"description\":\"Cinco bodegas conforman Familia Mart\u00ednez-Bujanda: Finca Valpiedra (DOCa Rioja), Finca Antigua (DO La Mancha), Finca Montepedroso (DO Rueda), Vi\u00f1a Bujanda ...\",\"publisher\":{\"@id\":\"https:\/\/familiamartinezbujanda.com\/en\/#organization\"},\"potentialAction\":[{\"@type\":\"SearchAction\",\"target\":{\"@type\":\"EntryPoint\",\"urlTemplate\":\"https:\/\/familiamartinezbujanda.com\/en\/?s={search_term_string}\"},\"query-input\":{\"@type\":\"PropertyValueSpecification\",\"valueRequired\":true,\"valueName\":\"search_term_string\"}}],\"inLanguage\":\"en-US\"},{\"@type\":\"Organization\",\"@id\":\"https:\/\/familiamartinezbujanda.com\/en\/#organization\",\"name\":\"Familia Mart\u00ednez Bujanda\",\"url\":\"https:\/\/familiamartinezbujanda.com\/en\/\",\"logo\":{\"@type\":\"ImageObject\",\"inLanguage\":\"en-US\",\"@id\":\"https:\/\/familiamartinezbujanda.com\/en\/#\/schema\/logo\/image\/\",\"url\":\"https:\/\/www.familiamartinezbujanda.com\/wp-content\/uploads\/2022\/06\/favicon.jpg\",\"contentUrl\":\"https:\/\/www.familiamartinezbujanda.com\/wp-content\/uploads\/2022\/06\/favicon.jpg\",\"width\":512,\"height\":512,\"caption\":\"Familia Mart\u00ednez Bujanda\"},\"image\":{\"@id\":\"https:\/\/familiamartinezbujanda.com\/en\/#\/schema\/logo\/image\/\"}}]}<\/script>\n<!-- \/ Yoast SEO plugin. -->","yoast_head_json":{"title":"Father's Day Lot | Mart\u00ednez Bujanda Family","description":"For this Father's Day, surprise by giving a complete experience around wine and territory with Familia Mart\u00ednez Bujanda.","robots":{"index":"index","follow":"follow","max-snippet":"max-snippet:-1","max-image-preview":"max-image-preview:large","max-video-preview":"max-video-preview:-1"},"canonical":"https:\/\/familiamartinezbujanda.com\/en\/shop\/wines\/whites-and-sweets\/fathers-day-lot\/","og_locale":"en_US","og_type":"article","og_title":"Father's Day Lot | Mart\u00ednez Bujanda Family","og_description":"For this Father's Day, surprise by giving a complete experience around wine and territory with Familia Mart\u00ednez Bujanda.","og_url":"https:\/\/familiamartinezbujanda.com\/en\/shop\/wines\/whites-and-sweets\/fathers-day-lot\/","og_site_name":"Familia Mart\u00ednez Bujanda","article_modified_time":"2026-03-07T09:06:15+00:00","og_image":[{"width":2000,"height":2000,"url":"https:\/\/familiamartinezbujanda.com\/wp-content\/uploads\/2026\/02\/6.jpg","type":"image\/jpeg"}],"twitter_card":"summary_large_image","twitter_misc":{"Est. reading time":"1 minute"},"schema":{"@context":"https:\/\/schema.org","@graph":[{"@type":"WebPage","@id":"https:\/\/familiamartinezbujanda.com\/en\/shop\/wines\/whites-and-sweets\/fathers-day-lot\/","url":"https:\/\/familiamartinezbujanda.com\/en\/shop\/wines\/whites-and-sweets\/fathers-day-lot\/","name":"Father's Day Lot | Mart\u00ednez Bujanda Family","isPartOf":{"@id":"https:\/\/familiamartinezbujanda.com\/en\/#website"},"primaryImageOfPage":{"@id":"https:\/\/familiamartinezbujanda.com\/en\/shop\/wines\/whites-and-sweets\/fathers-day-lot\/#primaryimage"},"image":{"@id":"https:\/\/familiamartinezbujanda.com\/en\/shop\/wines\/whites-and-sweets\/fathers-day-lot\/#primaryimage"},"thumbnailUrl":"https:\/\/familiamartinezbujanda.com\/wp-content\/uploads\/2026\/02\/6.jpg","datePublished":"2026-02-11T09:53:11+00:00","dateModified":"2026-03-07T09:06:15+00:00","description":"For this Father's Day, surprise by giving a complete experience around wine and territory with Familia Mart\u00ednez Bujanda.","breadcrumb":{"@id":"https:\/\/familiamartinezbujanda.com\/en\/shop\/wines\/whites-and-sweets\/fathers-day-lot\/#breadcrumb"},"inLanguage":"en-US","potentialAction":[{"@type":"ReadAction","target":["https:\/\/familiamartinezbujanda.com\/en\/shop\/wines\/whites-and-sweets\/fathers-day-lot\/"]}]},{"@type":"ImageObject","inLanguage":"en-US","@id":"https:\/\/familiamartinezbujanda.com\/en\/shop\/wines\/whites-and-sweets\/fathers-day-lot\/#primaryimage","url":"https:\/\/familiamartinezbujanda.com\/wp-content\/uploads\/2026\/02\/6.jpg","contentUrl":"https:\/\/familiamartinezbujanda.com\/wp-content\/uploads\/2026\/02\/6.jpg","width":2000,"height":2000,"caption":"Father's Day Lot"},{"@type":"BreadcrumbList","@id":"https:\/\/familiamartinezbujanda.com\/en\/shop\/wines\/whites-and-sweets\/fathers-day-lot\/#breadcrumb","itemListElement":[{"@type":"ListItem","position":1,"name":"Portada","item":"https:\/\/familiamartinezbujanda.com\/en\/inicio\/"},{"@type":"ListItem","position":2,"name":"Tienda","item":"https:\/\/familiamartinezbujanda.com\/en\/shop\/"},{"@type":"ListItem","position":3,"name":"Father&#8217;s Day Lot"}]},{"@type":"WebSite","@id":"https:\/\/familiamartinezbujanda.com\/en\/#website","url":"https:\/\/familiamartinezbujanda.com\/en\/","name":"Familia Mart\u00ednez Bujanda","description":"Cinco bodegas conforman Familia Mart\u00ednez-Bujanda: Finca Valpiedra (DOCa Rioja), Finca Antigua (DO La Mancha), Finca Montepedroso (DO Rueda), Vi\u00f1a Bujanda ...","publisher":{"@id":"https:\/\/familiamartinezbujanda.com\/en\/#organization"},"potentialAction":[{"@type":"SearchAction","target":{"@type":"EntryPoint","urlTemplate":"https:\/\/familiamartinezbujanda.com\/en\/?s={search_term_string}"},"query-input":{"@type":"PropertyValueSpecification","valueRequired":true,"valueName":"search_term_string"}}],"inLanguage":"en-US"},{"@type":"Organization","@id":"https:\/\/familiamartinezbujanda.com\/en\/#organization","name":"Familia Mart\u00ednez Bujanda","url":"https:\/\/familiamartinezbujanda.com\/en\/","logo":{"@type":"ImageObject","inLanguage":"en-US","@id":"https:\/\/familiamartinezbujanda.com\/en\/#\/schema\/logo\/image\/","url":"https:\/\/www.familiamartinezbujanda.com\/wp-content\/uploads\/2022\/06\/favicon.jpg","contentUrl":"https:\/\/www.familiamartinezbujanda.com\/wp-content\/uploads\/2022\/06\/favicon.jpg","width":512,"height":512,"caption":"Familia Mart\u00ednez Bujanda"},"image":{"@id":"https:\/\/familiamartinezbujanda.com\/en\/#\/schema\/logo\/image\/"}}]}},"_links":{"self":[{"href":"https:\/\/familiamartinezbujanda.com\/en\/wp-json\/wp\/v2\/product\/93878","targetHints":{"allow":["GET"]}}],"collection":[{"href":"https:\/\/familiamartinezbujanda.com\/en\/wp-json\/wp\/v2\/product"}],"about":[{"href":"https:\/\/familiamartinezbujanda.com\/en\/wp-json\/wp\/v2\/types\/product"}],"replies":[{"embeddable":true,"href":"https:\/\/familiamartinezbujanda.com\/en\/wp-json\/wp\/v2\/comments?post=93878"}],"wp:featuredmedia":[{"embeddable":true,"href":"https:\/\/familiamartinezbujanda.com\/en\/wp-json\/wp\/v2\/media\/93879"}],"wp:attachment":[{"href":"https:\/\/familiamartinezbujanda.com\/en\/wp-json\/wp\/v2\/media?parent=93878"}],"wp:term":[{"taxonomy":"product_brand","embeddable":true,"href":"https:\/\/familiamartinezbujanda.com\/en\/wp-json\/wp\/v2\/product_brand?post=93878"},{"taxonomy":"product_cat","embeddable":true,"href":"https:\/\/familiamartinezbujanda.com\/en\/wp-json\/wp\/v2\/product_cat?post=93878"},{"taxonomy":"product_tag","embeddable":true,"href":"https:\/\/familiamartinezbujanda.com\/en\/wp-json\/wp\/v2\/product_tag?post=93878"}],"curies":[{"name":"wp","href":"https:\/\/api.w.org\/{rel}","templated":true}]}}