{"id":94119,"date":"2026-02-26T09:54:06","date_gmt":"2026-02-26T08:54:06","guid":{"rendered":"https:\/\/familiamartinezbujanda.com\/tienda\/uncategorized\/august-12-eclipse-at-finca-montepedroso-part-of-history\/"},"modified":"2026-04-14T03:22:14","modified_gmt":"2026-04-14T01:22:14","slug":"august-12-eclipse-at-finca-montepedroso-part-of-history","status":"publish","type":"product","link":"https:\/\/familiamartinezbujanda.com\/en\/shop\/guided-tours-of-the-wineries\/visits-to-finca-montepedroso-winery\/august-12-eclipse-at-finca-montepedroso-part-of-history\/","title":{"rendered":"AUGUST 12 &#8211; Eclipse at Finca Montepedroso: part of history"},"content":{"rendered":"<p>On <strong>August 12,<\/strong> Finca Montepedroso invites you to experience a unique night in the heart of the Rueda Wine Route. An exclusive event where the landscape of the vineyard becomes the stage to contemplate the eclipse in a privileged environment, accompanied by wine, music and fine cuisine.<\/p>\n<ul>\n<li>18.30h Starting time &#8211; Shuttle from Rueda from 17.30h to 18.15h (last service).<\/li>\n<li>00.30h End time &#8211; Shuttle from Finca Montepedroso from 00.00h to 1.00h (last service).<\/li>\n<\/ul>\n<p>An experience designed to enjoy the sky from the ground, with all the senses.<\/p>\n<h4><strong>Guided eclipse observation<\/strong><\/h4>\n<p>The activity will count with the collaboration of <a href=\"https:\/\/astroaficion.com\/\"><strong>Astroafici\u00f3n,<\/strong><\/a>\u00a0a company specialized in astronomical divulgation, will offer a guided explanation of the phenomenon and will accompany the observation with professional material (professional solar telescopes equipped with approved filters, special binoculars for solar observation and a gift of certified glasses).<\/p>\n<p>In addition, coinciding with the maximum activity of the <strong>Perseids,<\/strong> the evening will also allow you to enjoy the most awaited star shower of the summer, adding even more magic to the sky that night.<\/p>\n<p>What will we be able to observe?<\/p>\n<p>With professional astronomical telescopes we will explore:<br \/>\n&#8211; Planets of the Solar System<br \/>\n&#8211; Nebulae<br \/>\n&#8211; Double stars<br \/>\n&#8211; Star clusters<br \/>\n&#8211; Galaxies<\/p>\n<p><strong>In addition, we will take a guided naked eye tour of the most important constellations and stars in the summer sky<\/strong>, using powerful laser pointers to clearly identify each object.<\/p>\n<h4><strong>Gastronomic dinner provided by Trigo Restaurant<\/strong><\/h4>\n<p>The experience is complemented by a culinary proposal designed by the <a href=\"https:\/\/www.restaurantetrigo.com\/\"><strong>Trigo Restaurant<\/strong><\/a><strong>which<\/strong> will offer a cocktail dinner carefully prepared to harmonize with Familia Mart\u00ednez Bujanda wines and the exceptional character of the evening.<\/p>\n<h4><strong>Visit to the winery<\/strong><\/h4>\n<p>There will be a wine tour of the winery to learn how we make Finca Montepedroso&#8217;s Verdejo white wines and the secrets of aging on lees.<\/p>\n<h4><strong>Ambient music in the vineyard<\/strong><\/h4>\n<p>The evening will be accompanied by music that will create the perfect atmosphere to enjoy the scenery, the moment and the emotion of the encounter.<\/p>\n<h4><strong>Wine, landscape and emotion<\/strong><\/h4>\n<p>Surrounded by vineyards and under the August sky, you will live an experience that unites nature, knowledge, gastronomy and wine culture in a moment that only happens once in a lifetime.<\/p>\n<p><span style=\"color: #000000;\"><em><strong>Cancellation policy &#8211; Eclipse Experience Finca Montepedroso<\/strong><\/em><\/span><\/p>\n<p><span style=\"color: #000000;\"><em>Finca Montepedroso reserves the right to cancel the activity if the minimum number of participants required is not reached. In this case, the full amount paid will be refunded. <\/em><\/span><\/p>\n<p><span style=\"color: #000000;\"><em><strong>Cancellations by the client:<\/strong><\/em><\/span><\/p>\n<ul>\n<li><span style=\"color: #000000;\"><em><strong>Up to 30 days before the event:<\/strong> free cancellation and 100% refund of the amount paid.<\/em><\/span><\/li>\n<li><span style=\"color: #000000;\"><em><strong>Between 20 and 30 days prior to the event:<\/strong> a charge of 50% of the reservation amount will be applied.<\/em><\/span><\/li>\n<li><span style=\"color: #000000;\"><em><strong>From 20 days prior to the event and up to the same day:<\/strong> 100% of expenses will be applied, with no right to refund.<\/em><\/span><\/li>\n<\/ul>\n<p><span style=\"color: #000000;\"><em>The realization of the event is subject to weather conditions. In the event that adverse weather factors (cloud cover, fog or other circumstances beyond the organization&#8217;s control) prevent the correct observation of the astronomical phenomenon planned, an alternative activity will be offered. <\/em><\/span><\/p>\n<p><span style=\"color: #000000;\"><em>The impossibility of observing the phenomenon due to weather conditions will not entitle to a refund of the entrance fee, as these are external circumstances beyond the control of the organization.<\/em><\/span><\/p>\n","protected":false},"excerpt":{"rendered":"<p><strong>WEDNESDAY, AUGUST 12<\/strong><!--more--><\/p>\n<p><strong>Schedule and activities included:<\/strong><\/p>\n<ul>\n<li id=\"isPasted\" class=\"default\">17.30-18.15 Shuttle from Rueda<\/li>\n<li id=\"isPasted\" class=\"default\">18.30 Visit to the winery: discover what aging on lees brings to the wine<\/li>\n<li id=\"isPasted\" class=\"default\">19:30 Approximate start of the eclipse<\/li>\n<li id=\"isPasted\" class=\"default\">20:30 Totality of the eclipse in Rueda and approximate duration of 1 minute and 40 seconds.<\/li>\n<li id=\"isPasted\" class=\"default\">21:30 End of solar event. This will be followed by a cocktail dinner hosted by the Michelin-starred Trigo Restaurant.<\/li>\n<li>22:30 Start of night time (Perseids)<\/li>\n<li>00:30 End<\/li>\n<li>00.00-01.00 h Shuttle from winery to Rueda<\/li>\n<\/ul>\n<p><strong>A night to look at the sky, to toast and create unforgettable memories. Because when the sun disappears, the stars shine. <\/strong><\/p>\n","protected":false},"featured_media":94120,"comment_status":"open","ping_status":"closed","template":"","meta":{"iawp_total_views":231},"product_brand":[],"product_cat":[1560,2109,2110],"product_tag":[2611,2610,2606,2607,2608,2103,2609,2077],"class_list":{"0":"post-94119","1":"product","2":"type-product","3":"status-publish","4":"has-post-thumbnail","6":"product_cat-finca-montepedroso-en","7":"product_cat-guided-tours-of-the-wineries","8":"product_cat-visits-to-finca-montepedroso-winery","9":"product_tag-astronomy","10":"product_tag-august","11":"product_tag-eclipse","12":"product_tag-eclipse-in-wheel","13":"product_tag-eclipse-montepedroso-farm","14":"product_tag-montepedroso-farm","15":"product_tag-perseids","16":"product_tag-wine-tourism","18":"entry","19":"has-media","21":"first","22":"instock","23":"taxable","24":"shipping-taxable","25":"purchasable","26":"product-type-simple","27":"col","28":"span_1_of_3","29":"owp-content-center","30":"owp-thumbs-layout-horizontal","31":"owp-btn-normal","32":"owp-tabs-layout-horizontal","33":"has-no-thumbnails"},"yoast_head":"<!-- This site is optimized with the Yoast SEO plugin v27.0 - https:\/\/yoast.com\/product\/yoast-seo-wordpress\/ -->\n<title>AUGUST 12 - Eclipse at Finca Montepedroso: part of history | Familia Mart\u00ednez Bujanda<\/title>\n<meta name=\"description\" content=\"On August 12, Finca Montepedroso invites you to experience the total eclipse in a unique night in Rueda. An exclusive event where the landscape of the vineyard becomes the stage to contemplate the eclipse in a privileged environment, accompanied by wine, music and haute cuisine.\" \/>\n<meta name=\"robots\" content=\"index, follow, max-snippet:-1, max-image-preview:large, max-video-preview:-1\" \/>\n<link rel=\"canonical\" href=\"https:\/\/familiamartinezbujanda.com\/en\/shop\/guided-tours-of-the-wineries\/visits-to-finca-montepedroso-winery\/august-12-eclipse-at-finca-montepedroso-part-of-history\/\" \/>\n<meta property=\"og:locale\" content=\"en_US\" \/>\n<meta property=\"og:type\" content=\"article\" \/>\n<meta property=\"og:title\" content=\"AUGUST 12 - Eclipse at Finca Montepedroso: part of history | Familia Mart\u00ednez Bujanda\" \/>\n<meta property=\"og:description\" content=\"On August 12, Finca Montepedroso invites you to experience the total eclipse in a unique night in Rueda. An exclusive event where the landscape of the vineyard becomes the stage to contemplate the eclipse in a privileged environment, accompanied by wine, music and haute cuisine.\" \/>\n<meta property=\"og:url\" content=\"https:\/\/familiamartinezbujanda.com\/en\/shop\/guided-tours-of-the-wineries\/visits-to-finca-montepedroso-winery\/august-12-eclipse-at-finca-montepedroso-part-of-history\/\" \/>\n<meta property=\"og:site_name\" content=\"Familia Mart\u00ednez Bujanda\" \/>\n<meta property=\"article:modified_time\" content=\"2026-04-14T01:22:14+00:00\" \/>\n<meta property=\"og:image\" content=\"https:\/\/familiamartinezbujanda.com\/wp-content\/uploads\/2026\/02\/webvisita-eclipse.jpg\" \/>\n\t<meta property=\"og:image:width\" content=\"780\" \/>\n\t<meta property=\"og:image:height\" content=\"520\" \/>\n\t<meta property=\"og:image:type\" content=\"image\/jpeg\" \/>\n<meta name=\"twitter:card\" content=\"summary_large_image\" \/>\n<meta name=\"twitter:label1\" content=\"Est. reading time\" \/>\n\t<meta name=\"twitter:data1\" content=\"3 minutes\" \/>\n<script type=\"application\/ld+json\" class=\"yoast-schema-graph\">{\"@context\":\"https:\/\/schema.org\",\"@graph\":[{\"@type\":\"WebPage\",\"@id\":\"https:\/\/familiamartinezbujanda.com\/en\/shop\/guided-tours-of-the-wineries\/visits-to-finca-montepedroso-winery\/august-12-eclipse-at-finca-montepedroso-part-of-history\/\",\"url\":\"https:\/\/familiamartinezbujanda.com\/en\/shop\/guided-tours-of-the-wineries\/visits-to-finca-montepedroso-winery\/august-12-eclipse-at-finca-montepedroso-part-of-history\/\",\"name\":\"AUGUST 12 - Eclipse at Finca Montepedroso: part of history | Familia Mart\u00ednez Bujanda\",\"isPartOf\":{\"@id\":\"https:\/\/familiamartinezbujanda.com\/en\/#website\"},\"primaryImageOfPage\":{\"@id\":\"https:\/\/familiamartinezbujanda.com\/en\/shop\/guided-tours-of-the-wineries\/visits-to-finca-montepedroso-winery\/august-12-eclipse-at-finca-montepedroso-part-of-history\/#primaryimage\"},\"image\":{\"@id\":\"https:\/\/familiamartinezbujanda.com\/en\/shop\/guided-tours-of-the-wineries\/visits-to-finca-montepedroso-winery\/august-12-eclipse-at-finca-montepedroso-part-of-history\/#primaryimage\"},\"thumbnailUrl\":\"https:\/\/familiamartinezbujanda.com\/wp-content\/uploads\/2026\/02\/webvisita-eclipse.jpg\",\"datePublished\":\"2026-02-26T08:54:06+00:00\",\"dateModified\":\"2026-04-14T01:22:14+00:00\",\"description\":\"On August 12, Finca Montepedroso invites you to experience the total eclipse in a unique night in Rueda. An exclusive event where the landscape of the vineyard becomes the stage to contemplate the eclipse in a privileged environment, accompanied by wine, music and haute cuisine.\",\"breadcrumb\":{\"@id\":\"https:\/\/familiamartinezbujanda.com\/en\/shop\/guided-tours-of-the-wineries\/visits-to-finca-montepedroso-winery\/august-12-eclipse-at-finca-montepedroso-part-of-history\/#breadcrumb\"},\"inLanguage\":\"en-US\",\"potentialAction\":[{\"@type\":\"ReadAction\",\"target\":[\"https:\/\/familiamartinezbujanda.com\/en\/shop\/guided-tours-of-the-wineries\/visits-to-finca-montepedroso-winery\/august-12-eclipse-at-finca-montepedroso-part-of-history\/\"]}]},{\"@type\":\"ImageObject\",\"inLanguage\":\"en-US\",\"@id\":\"https:\/\/familiamartinezbujanda.com\/en\/shop\/guided-tours-of-the-wineries\/visits-to-finca-montepedroso-winery\/august-12-eclipse-at-finca-montepedroso-part-of-history\/#primaryimage\",\"url\":\"https:\/\/familiamartinezbujanda.com\/wp-content\/uploads\/2026\/02\/webvisita-eclipse.jpg\",\"contentUrl\":\"https:\/\/familiamartinezbujanda.com\/wp-content\/uploads\/2026\/02\/webvisita-eclipse.jpg\",\"width\":780,\"height\":520,\"caption\":\"eclipse at Finca Montepedroso\"},{\"@type\":\"BreadcrumbList\",\"@id\":\"https:\/\/familiamartinezbujanda.com\/en\/shop\/guided-tours-of-the-wineries\/visits-to-finca-montepedroso-winery\/august-12-eclipse-at-finca-montepedroso-part-of-history\/#breadcrumb\",\"itemListElement\":[{\"@type\":\"ListItem\",\"position\":1,\"name\":\"Portada\",\"item\":\"https:\/\/familiamartinezbujanda.com\/en\/inicio\/\"},{\"@type\":\"ListItem\",\"position\":2,\"name\":\"Tienda\",\"item\":\"https:\/\/familiamartinezbujanda.com\/en\/shop\/\"},{\"@type\":\"ListItem\",\"position\":3,\"name\":\"AUGUST 12 &#8211; Eclipse at Finca Montepedroso: part of history\"}]},{\"@type\":\"WebSite\",\"@id\":\"https:\/\/familiamartinezbujanda.com\/en\/#website\",\"url\":\"https:\/\/familiamartinezbujanda.com\/en\/\",\"name\":\"Familia Mart\u00ednez Bujanda\",\"description\":\"Cinco bodegas conforman Familia Mart\u00ednez-Bujanda: Finca Valpiedra (DOCa Rioja), Finca Antigua (DO La Mancha), Finca Montepedroso (DO Rueda), Vi\u00f1a Bujanda ...\",\"publisher\":{\"@id\":\"https:\/\/familiamartinezbujanda.com\/en\/#organization\"},\"potentialAction\":[{\"@type\":\"SearchAction\",\"target\":{\"@type\":\"EntryPoint\",\"urlTemplate\":\"https:\/\/familiamartinezbujanda.com\/en\/?s={search_term_string}\"},\"query-input\":{\"@type\":\"PropertyValueSpecification\",\"valueRequired\":true,\"valueName\":\"search_term_string\"}}],\"inLanguage\":\"en-US\"},{\"@type\":\"Organization\",\"@id\":\"https:\/\/familiamartinezbujanda.com\/en\/#organization\",\"name\":\"Familia Mart\u00ednez Bujanda\",\"url\":\"https:\/\/familiamartinezbujanda.com\/en\/\",\"logo\":{\"@type\":\"ImageObject\",\"inLanguage\":\"en-US\",\"@id\":\"https:\/\/familiamartinezbujanda.com\/en\/#\/schema\/logo\/image\/\",\"url\":\"https:\/\/www.familiamartinezbujanda.com\/wp-content\/uploads\/2022\/06\/favicon.jpg\",\"contentUrl\":\"https:\/\/www.familiamartinezbujanda.com\/wp-content\/uploads\/2022\/06\/favicon.jpg\",\"width\":512,\"height\":512,\"caption\":\"Familia Mart\u00ednez Bujanda\"},\"image\":{\"@id\":\"https:\/\/familiamartinezbujanda.com\/en\/#\/schema\/logo\/image\/\"}}]}<\/script>\n<!-- \/ Yoast SEO plugin. -->","yoast_head_json":{"title":"AUGUST 12 - Eclipse at Finca Montepedroso: part of history | Familia Mart\u00ednez Bujanda","description":"On August 12, Finca Montepedroso invites you to experience the total eclipse in a unique night in Rueda. An exclusive event where the landscape of the vineyard becomes the stage to contemplate the eclipse in a privileged environment, accompanied by wine, music and haute cuisine.","robots":{"index":"index","follow":"follow","max-snippet":"max-snippet:-1","max-image-preview":"max-image-preview:large","max-video-preview":"max-video-preview:-1"},"canonical":"https:\/\/familiamartinezbujanda.com\/en\/shop\/guided-tours-of-the-wineries\/visits-to-finca-montepedroso-winery\/august-12-eclipse-at-finca-montepedroso-part-of-history\/","og_locale":"en_US","og_type":"article","og_title":"AUGUST 12 - Eclipse at Finca Montepedroso: part of history | Familia Mart\u00ednez Bujanda","og_description":"On August 12, Finca Montepedroso invites you to experience the total eclipse in a unique night in Rueda. An exclusive event where the landscape of the vineyard becomes the stage to contemplate the eclipse in a privileged environment, accompanied by wine, music and haute cuisine.","og_url":"https:\/\/familiamartinezbujanda.com\/en\/shop\/guided-tours-of-the-wineries\/visits-to-finca-montepedroso-winery\/august-12-eclipse-at-finca-montepedroso-part-of-history\/","og_site_name":"Familia Mart\u00ednez Bujanda","article_modified_time":"2026-04-14T01:22:14+00:00","og_image":[{"width":780,"height":520,"url":"https:\/\/familiamartinezbujanda.com\/wp-content\/uploads\/2026\/02\/webvisita-eclipse.jpg","type":"image\/jpeg"}],"twitter_card":"summary_large_image","twitter_misc":{"Est. reading time":"3 minutes"},"schema":{"@context":"https:\/\/schema.org","@graph":[{"@type":"WebPage","@id":"https:\/\/familiamartinezbujanda.com\/en\/shop\/guided-tours-of-the-wineries\/visits-to-finca-montepedroso-winery\/august-12-eclipse-at-finca-montepedroso-part-of-history\/","url":"https:\/\/familiamartinezbujanda.com\/en\/shop\/guided-tours-of-the-wineries\/visits-to-finca-montepedroso-winery\/august-12-eclipse-at-finca-montepedroso-part-of-history\/","name":"AUGUST 12 - Eclipse at Finca Montepedroso: part of history | Familia Mart\u00ednez Bujanda","isPartOf":{"@id":"https:\/\/familiamartinezbujanda.com\/en\/#website"},"primaryImageOfPage":{"@id":"https:\/\/familiamartinezbujanda.com\/en\/shop\/guided-tours-of-the-wineries\/visits-to-finca-montepedroso-winery\/august-12-eclipse-at-finca-montepedroso-part-of-history\/#primaryimage"},"image":{"@id":"https:\/\/familiamartinezbujanda.com\/en\/shop\/guided-tours-of-the-wineries\/visits-to-finca-montepedroso-winery\/august-12-eclipse-at-finca-montepedroso-part-of-history\/#primaryimage"},"thumbnailUrl":"https:\/\/familiamartinezbujanda.com\/wp-content\/uploads\/2026\/02\/webvisita-eclipse.jpg","datePublished":"2026-02-26T08:54:06+00:00","dateModified":"2026-04-14T01:22:14+00:00","description":"On August 12, Finca Montepedroso invites you to experience the total eclipse in a unique night in Rueda. An exclusive event where the landscape of the vineyard becomes the stage to contemplate the eclipse in a privileged environment, accompanied by wine, music and haute cuisine.","breadcrumb":{"@id":"https:\/\/familiamartinezbujanda.com\/en\/shop\/guided-tours-of-the-wineries\/visits-to-finca-montepedroso-winery\/august-12-eclipse-at-finca-montepedroso-part-of-history\/#breadcrumb"},"inLanguage":"en-US","potentialAction":[{"@type":"ReadAction","target":["https:\/\/familiamartinezbujanda.com\/en\/shop\/guided-tours-of-the-wineries\/visits-to-finca-montepedroso-winery\/august-12-eclipse-at-finca-montepedroso-part-of-history\/"]}]},{"@type":"ImageObject","inLanguage":"en-US","@id":"https:\/\/familiamartinezbujanda.com\/en\/shop\/guided-tours-of-the-wineries\/visits-to-finca-montepedroso-winery\/august-12-eclipse-at-finca-montepedroso-part-of-history\/#primaryimage","url":"https:\/\/familiamartinezbujanda.com\/wp-content\/uploads\/2026\/02\/webvisita-eclipse.jpg","contentUrl":"https:\/\/familiamartinezbujanda.com\/wp-content\/uploads\/2026\/02\/webvisita-eclipse.jpg","width":780,"height":520,"caption":"eclipse at Finca Montepedroso"},{"@type":"BreadcrumbList","@id":"https:\/\/familiamartinezbujanda.com\/en\/shop\/guided-tours-of-the-wineries\/visits-to-finca-montepedroso-winery\/august-12-eclipse-at-finca-montepedroso-part-of-history\/#breadcrumb","itemListElement":[{"@type":"ListItem","position":1,"name":"Portada","item":"https:\/\/familiamartinezbujanda.com\/en\/inicio\/"},{"@type":"ListItem","position":2,"name":"Tienda","item":"https:\/\/familiamartinezbujanda.com\/en\/shop\/"},{"@type":"ListItem","position":3,"name":"AUGUST 12 &#8211; Eclipse at Finca Montepedroso: part of history"}]},{"@type":"WebSite","@id":"https:\/\/familiamartinezbujanda.com\/en\/#website","url":"https:\/\/familiamartinezbujanda.com\/en\/","name":"Familia Mart\u00ednez Bujanda","description":"Cinco bodegas conforman Familia Mart\u00ednez-Bujanda: Finca Valpiedra (DOCa Rioja), Finca Antigua (DO La Mancha), Finca Montepedroso (DO Rueda), Vi\u00f1a Bujanda ...","publisher":{"@id":"https:\/\/familiamartinezbujanda.com\/en\/#organization"},"potentialAction":[{"@type":"SearchAction","target":{"@type":"EntryPoint","urlTemplate":"https:\/\/familiamartinezbujanda.com\/en\/?s={search_term_string}"},"query-input":{"@type":"PropertyValueSpecification","valueRequired":true,"valueName":"search_term_string"}}],"inLanguage":"en-US"},{"@type":"Organization","@id":"https:\/\/familiamartinezbujanda.com\/en\/#organization","name":"Familia Mart\u00ednez Bujanda","url":"https:\/\/familiamartinezbujanda.com\/en\/","logo":{"@type":"ImageObject","inLanguage":"en-US","@id":"https:\/\/familiamartinezbujanda.com\/en\/#\/schema\/logo\/image\/","url":"https:\/\/www.familiamartinezbujanda.com\/wp-content\/uploads\/2022\/06\/favicon.jpg","contentUrl":"https:\/\/www.familiamartinezbujanda.com\/wp-content\/uploads\/2022\/06\/favicon.jpg","width":512,"height":512,"caption":"Familia Mart\u00ednez Bujanda"},"image":{"@id":"https:\/\/familiamartinezbujanda.com\/en\/#\/schema\/logo\/image\/"}}]}},"_links":{"self":[{"href":"https:\/\/familiamartinezbujanda.com\/en\/wp-json\/wp\/v2\/product\/94119","targetHints":{"allow":["GET"]}}],"collection":[{"href":"https:\/\/familiamartinezbujanda.com\/en\/wp-json\/wp\/v2\/product"}],"about":[{"href":"https:\/\/familiamartinezbujanda.com\/en\/wp-json\/wp\/v2\/types\/product"}],"replies":[{"embeddable":true,"href":"https:\/\/familiamartinezbujanda.com\/en\/wp-json\/wp\/v2\/comments?post=94119"}],"wp:featuredmedia":[{"embeddable":true,"href":"https:\/\/familiamartinezbujanda.com\/en\/wp-json\/wp\/v2\/media\/94120"}],"wp:attachment":[{"href":"https:\/\/familiamartinezbujanda.com\/en\/wp-json\/wp\/v2\/media?parent=94119"}],"wp:term":[{"taxonomy":"product_brand","embeddable":true,"href":"https:\/\/familiamartinezbujanda.com\/en\/wp-json\/wp\/v2\/product_brand?post=94119"},{"taxonomy":"product_cat","embeddable":true,"href":"https:\/\/familiamartinezbujanda.com\/en\/wp-json\/wp\/v2\/product_cat?post=94119"},{"taxonomy":"product_tag","embeddable":true,"href":"https:\/\/familiamartinezbujanda.com\/en\/wp-json\/wp\/v2\/product_tag?post=94119"}],"curies":[{"name":"wp","href":"https:\/\/api.w.org\/{rel}","templated":true}]}}