{"id":94490,"date":"2023-03-01T16:12:15","date_gmt":"2023-03-01T15:12:15","guid":{"rendered":"https:\/\/familiamartinezbujanda.com\/tienda\/uncategorized\/wine-hour-at-la-casona-from-april-to-september\/"},"modified":"2023-03-01T16:12:15","modified_gmt":"2023-03-01T15:12:15","slug":"wine-hour-at-la-casona-from-april-to-september","status":"publish","type":"product","link":"https:\/\/familiamartinezbujanda.com\/en\/shop\/guided-tours-of-the-wineries\/visits-to-finca-antigua-winery\/wine-hour-at-la-casona-from-april-to-september\/","title":{"rendered":"Wine Hour at La Casona (from April to September)"},"content":{"rendered":"<h3>La Casona de Finca Antigua<\/h3>\n<p class=\"isSelectedEnd\"><strong>The perfect place to enjoy wine in good company.<\/strong><br \/>\nLa Casona de Finca Antigua is a cozy space in the middle of nature, surrounded by vineyards, designed for you to relax and enjoy an authentic experience.<\/p>\n<p class=\"isSelectedEnd\">We want you to feel at home. Therefore, in addition to a <strong>selection of our best wines by the glass<\/strong>, you will find a <strong>menu of snacks and local tapas<\/strong> carefully chosen to accompany each glass and enjoy local products. <\/p>\n<p class=\"isSelectedEnd\"><strong>Reserve your corner in the Casona de Finca Antigua<\/strong> securing your table for <strong>3 \u20ac per person<\/strong>, amount that will be deducted from your drink.<br \/>\nIf you are nearby, you can also come and check availability. <strong>We will be delighted to welcome you.<\/strong><\/p>\n<p><strong>Opening hours: <\/strong>Monday to Saturday &#8211; <strong>12:00 &#8211; 14:00<\/strong><\/p>\n<p>&nbsp;<\/p>\n<h4><em>Cancellation Policy<\/em><\/h4>\n<ul>\n<li><strong>Free of charge<\/strong> up to <strong>48 hours before<\/strong> the day of the reservation.<\/li>\n<li><strong>100%<\/strong> cancellation <strong>fee<\/strong> if cancellation is made <strong>24 hours or less <\/strong>prior to the reservation date.<\/li>\n<\/ul>\n","protected":false},"excerpt":{"rendered":"<p class=\"isSelectedEnd\"><strong>Finca Antigua is your destination.<\/strong><\/p>\n<p class=\"isSelectedEnd\">Let yourself be carried away by the <strong>tranquility of the vineyards and the beauty of nature<\/strong> while you <strong>discover the wines<\/strong> of our estate. Enjoy them <strong>by the glass or by the bottle<\/strong>, accompanied by a careful <strong>selection of local tapas<\/strong> designed to savor every moment in a unique setting. <\/p>\n<p class=\"isSelectedEnd\">Secure your table for <strong>only 3 \u20ac per person<\/strong>, which we will deduct after your drink.<\/p>\n<p class=\"isSelectedEnd\"><strong>Hours: <\/strong> <strong>Monday to Saturday<\/strong>, from <strong>12:00 noon to 2:00 pm.<\/strong><\/p>\n<p>Come, relax and  <strong>live the Finca Antigua experience.<\/strong><\/p>\n","protected":false},"featured_media":94491,"comment_status":"open","ping_status":"closed","template":"","meta":{"iawp_total_views":4},"product_brand":[],"product_cat":[2109,2130],"product_tag":[2121,2246,2196,2626,2111,2075,2197,2173,2628,2627,2625,2076,2192,2193,2194,2195],"class_list":{"0":"post-94490","1":"product","2":"type-product","3":"status-publish","4":"has-post-thumbnail","6":"product_cat-guided-tours-of-the-wineries","7":"product_cat-visits-to-finca-antigua-winery","8":"product_tag-finca-antigua-en","9":"product_tag-give-the-gift-of-wine-tourism-in-la-mancha","10":"product_tag-guided-tour-with-wine-tasting","11":"product_tag-la-casona-de-finca-antigua","12":"product_tag-martinez-bujanda-family","13":"product_tag-premium-wine-tourism","14":"product_tag-visit-vineyards-en","15":"product_tag-what-to-do-in-cuenca","16":"product_tag-what-to-do-in-los-hinojosos","17":"product_tag-what-to-do-in-quintanar-de-la-orden","18":"product_tag-wine-bar","19":"product_tag-wine-tasting-en","20":"product_tag-wine-tourism-cuenca","21":"product_tag-wine-tourism-in-la-mancha","22":"product_tag-wine-tourism-la-mancha","23":"product_tag-winery-visit-en","25":"entry","26":"has-media","28":"first","29":"instock","30":"virtual","31":"sold-individually","32":"taxable","33":"purchasable","34":"product-type-booking","35":"col","36":"span_1_of_3","37":"owp-content-center","38":"owp-thumbs-layout-horizontal","39":"owp-btn-normal","40":"owp-tabs-layout-horizontal"},"yoast_head":"<!-- This site is optimized with the Yoast SEO plugin v27.0 - https:\/\/yoast.com\/product\/yoast-seo-wordpress\/ -->\n<title>Wine Hour at La Casona (from April to September) | Familia Mart\u00ednez Bujanda<\/title>\n<meta name=\"robots\" content=\"index, follow, max-snippet:-1, max-image-preview:large, max-video-preview:-1\" \/>\n<link rel=\"canonical\" href=\"https:\/\/familiamartinezbujanda.com\/en\/shop\/guided-tours-of-the-wineries\/visits-to-finca-antigua-winery\/wine-hour-at-la-casona-from-april-to-september\/\" \/>\n<meta property=\"og:locale\" content=\"en_US\" \/>\n<meta property=\"og:type\" content=\"article\" \/>\n<meta property=\"og:title\" content=\"Wine Hour at La Casona (from April to September) | Familia Mart\u00ednez Bujanda\" \/>\n<meta property=\"og:description\" content=\"Finca Antigua is your destination. Let yourself be carried away by the tranquility of the vineyards and the beauty of nature while you discover the wines of our estate. Enjoy them by the glass or by the bottle, accompanied by a careful selection of local tapas designed to savor every moment in a unique setting. Secure your table for only 3 \u20ac per person, which we will deduct after your drink. Hours: Monday to Saturday, from 12:00 noon to 2:00 pm. Come, relax and live the Finca Antigua experience.\" \/>\n<meta property=\"og:url\" content=\"https:\/\/familiamartinezbujanda.com\/en\/shop\/guided-tours-of-the-wineries\/visits-to-finca-antigua-winery\/wine-hour-at-la-casona-from-april-to-september\/\" \/>\n<meta property=\"og:site_name\" content=\"Familia Mart\u00ednez Bujanda\" \/>\n<meta property=\"og:image\" content=\"https:\/\/familiamartinezbujanda.com\/wp-content\/uploads\/2023\/03\/casona-wine-4.jpg\" \/>\n\t<meta property=\"og:image:width\" content=\"780\" \/>\n\t<meta property=\"og:image:height\" content=\"520\" \/>\n\t<meta property=\"og:image:type\" content=\"image\/jpeg\" \/>\n<meta name=\"twitter:card\" content=\"summary_large_image\" \/>\n<meta name=\"twitter:label1\" content=\"Est. reading time\" \/>\n\t<meta name=\"twitter:data1\" content=\"1 minute\" \/>\n<script type=\"application\/ld+json\" class=\"yoast-schema-graph\">{\"@context\":\"https:\/\/schema.org\",\"@graph\":[{\"@type\":\"WebPage\",\"@id\":\"https:\/\/familiamartinezbujanda.com\/en\/shop\/guided-tours-of-the-wineries\/visits-to-finca-antigua-winery\/wine-hour-at-la-casona-from-april-to-september\/\",\"url\":\"https:\/\/familiamartinezbujanda.com\/en\/shop\/guided-tours-of-the-wineries\/visits-to-finca-antigua-winery\/wine-hour-at-la-casona-from-april-to-september\/\",\"name\":\"Wine Hour at La Casona (from April to September) | Familia Mart\u00ednez Bujanda\",\"isPartOf\":{\"@id\":\"https:\/\/familiamartinezbujanda.com\/en\/#website\"},\"primaryImageOfPage\":{\"@id\":\"https:\/\/familiamartinezbujanda.com\/en\/shop\/guided-tours-of-the-wineries\/visits-to-finca-antigua-winery\/wine-hour-at-la-casona-from-april-to-september\/#primaryimage\"},\"image\":{\"@id\":\"https:\/\/familiamartinezbujanda.com\/en\/shop\/guided-tours-of-the-wineries\/visits-to-finca-antigua-winery\/wine-hour-at-la-casona-from-april-to-september\/#primaryimage\"},\"thumbnailUrl\":\"https:\/\/familiamartinezbujanda.com\/wp-content\/uploads\/2023\/03\/casona-wine-4.jpg\",\"datePublished\":\"2023-03-01T15:12:15+00:00\",\"breadcrumb\":{\"@id\":\"https:\/\/familiamartinezbujanda.com\/en\/shop\/guided-tours-of-the-wineries\/visits-to-finca-antigua-winery\/wine-hour-at-la-casona-from-april-to-september\/#breadcrumb\"},\"inLanguage\":\"en-US\",\"potentialAction\":[{\"@type\":\"ReadAction\",\"target\":[\"https:\/\/familiamartinezbujanda.com\/en\/shop\/guided-tours-of-the-wineries\/visits-to-finca-antigua-winery\/wine-hour-at-la-casona-from-april-to-september\/\"]}]},{\"@type\":\"ImageObject\",\"inLanguage\":\"en-US\",\"@id\":\"https:\/\/familiamartinezbujanda.com\/en\/shop\/guided-tours-of-the-wineries\/visits-to-finca-antigua-winery\/wine-hour-at-la-casona-from-april-to-september\/#primaryimage\",\"url\":\"https:\/\/familiamartinezbujanda.com\/wp-content\/uploads\/2023\/03\/casona-wine-4.jpg\",\"contentUrl\":\"https:\/\/familiamartinezbujanda.com\/wp-content\/uploads\/2023\/03\/casona-wine-4.jpg\",\"width\":780,\"height\":520},{\"@type\":\"BreadcrumbList\",\"@id\":\"https:\/\/familiamartinezbujanda.com\/en\/shop\/guided-tours-of-the-wineries\/visits-to-finca-antigua-winery\/wine-hour-at-la-casona-from-april-to-september\/#breadcrumb\",\"itemListElement\":[{\"@type\":\"ListItem\",\"position\":1,\"name\":\"Portada\",\"item\":\"https:\/\/familiamartinezbujanda.com\/en\/inicio\/\"},{\"@type\":\"ListItem\",\"position\":2,\"name\":\"Tienda\",\"item\":\"https:\/\/familiamartinezbujanda.com\/en\/shop\/\"},{\"@type\":\"ListItem\",\"position\":3,\"name\":\"Wine Hour at La Casona (from April to September)\"}]},{\"@type\":\"WebSite\",\"@id\":\"https:\/\/familiamartinezbujanda.com\/en\/#website\",\"url\":\"https:\/\/familiamartinezbujanda.com\/en\/\",\"name\":\"Familia Mart\u00ednez Bujanda\",\"description\":\"Cinco bodegas conforman Familia Mart\u00ednez-Bujanda: Finca Valpiedra (DOCa Rioja), Finca Antigua (DO La Mancha), Finca Montepedroso (DO Rueda), Vi\u00f1a Bujanda ...\",\"publisher\":{\"@id\":\"https:\/\/familiamartinezbujanda.com\/en\/#organization\"},\"potentialAction\":[{\"@type\":\"SearchAction\",\"target\":{\"@type\":\"EntryPoint\",\"urlTemplate\":\"https:\/\/familiamartinezbujanda.com\/en\/?s={search_term_string}\"},\"query-input\":{\"@type\":\"PropertyValueSpecification\",\"valueRequired\":true,\"valueName\":\"search_term_string\"}}],\"inLanguage\":\"en-US\"},{\"@type\":\"Organization\",\"@id\":\"https:\/\/familiamartinezbujanda.com\/en\/#organization\",\"name\":\"Familia Mart\u00ednez Bujanda\",\"url\":\"https:\/\/familiamartinezbujanda.com\/en\/\",\"logo\":{\"@type\":\"ImageObject\",\"inLanguage\":\"en-US\",\"@id\":\"https:\/\/familiamartinezbujanda.com\/en\/#\/schema\/logo\/image\/\",\"url\":\"https:\/\/www.familiamartinezbujanda.com\/wp-content\/uploads\/2022\/06\/favicon.jpg\",\"contentUrl\":\"https:\/\/www.familiamartinezbujanda.com\/wp-content\/uploads\/2022\/06\/favicon.jpg\",\"width\":512,\"height\":512,\"caption\":\"Familia Mart\u00ednez Bujanda\"},\"image\":{\"@id\":\"https:\/\/familiamartinezbujanda.com\/en\/#\/schema\/logo\/image\/\"}}]}<\/script>\n<!-- \/ Yoast SEO plugin. -->","yoast_head_json":{"title":"Wine Hour at La Casona (from April to September) | Familia Mart\u00ednez Bujanda","robots":{"index":"index","follow":"follow","max-snippet":"max-snippet:-1","max-image-preview":"max-image-preview:large","max-video-preview":"max-video-preview:-1"},"canonical":"https:\/\/familiamartinezbujanda.com\/en\/shop\/guided-tours-of-the-wineries\/visits-to-finca-antigua-winery\/wine-hour-at-la-casona-from-april-to-september\/","og_locale":"en_US","og_type":"article","og_title":"Wine Hour at La Casona (from April to September) | Familia Mart\u00ednez Bujanda","og_description":"Finca Antigua is your destination. Let yourself be carried away by the tranquility of the vineyards and the beauty of nature while you discover the wines of our estate. Enjoy them by the glass or by the bottle, accompanied by a careful selection of local tapas designed to savor every moment in a unique setting. Secure your table for only 3 \u20ac per person, which we will deduct after your drink. Hours: Monday to Saturday, from 12:00 noon to 2:00 pm. Come, relax and live the Finca Antigua experience.","og_url":"https:\/\/familiamartinezbujanda.com\/en\/shop\/guided-tours-of-the-wineries\/visits-to-finca-antigua-winery\/wine-hour-at-la-casona-from-april-to-september\/","og_site_name":"Familia Mart\u00ednez Bujanda","og_image":[{"width":780,"height":520,"url":"https:\/\/familiamartinezbujanda.com\/wp-content\/uploads\/2023\/03\/casona-wine-4.jpg","type":"image\/jpeg"}],"twitter_card":"summary_large_image","twitter_misc":{"Est. reading time":"1 minute"},"schema":{"@context":"https:\/\/schema.org","@graph":[{"@type":"WebPage","@id":"https:\/\/familiamartinezbujanda.com\/en\/shop\/guided-tours-of-the-wineries\/visits-to-finca-antigua-winery\/wine-hour-at-la-casona-from-april-to-september\/","url":"https:\/\/familiamartinezbujanda.com\/en\/shop\/guided-tours-of-the-wineries\/visits-to-finca-antigua-winery\/wine-hour-at-la-casona-from-april-to-september\/","name":"Wine Hour at La Casona (from April to September) | Familia Mart\u00ednez Bujanda","isPartOf":{"@id":"https:\/\/familiamartinezbujanda.com\/en\/#website"},"primaryImageOfPage":{"@id":"https:\/\/familiamartinezbujanda.com\/en\/shop\/guided-tours-of-the-wineries\/visits-to-finca-antigua-winery\/wine-hour-at-la-casona-from-april-to-september\/#primaryimage"},"image":{"@id":"https:\/\/familiamartinezbujanda.com\/en\/shop\/guided-tours-of-the-wineries\/visits-to-finca-antigua-winery\/wine-hour-at-la-casona-from-april-to-september\/#primaryimage"},"thumbnailUrl":"https:\/\/familiamartinezbujanda.com\/wp-content\/uploads\/2023\/03\/casona-wine-4.jpg","datePublished":"2023-03-01T15:12:15+00:00","breadcrumb":{"@id":"https:\/\/familiamartinezbujanda.com\/en\/shop\/guided-tours-of-the-wineries\/visits-to-finca-antigua-winery\/wine-hour-at-la-casona-from-april-to-september\/#breadcrumb"},"inLanguage":"en-US","potentialAction":[{"@type":"ReadAction","target":["https:\/\/familiamartinezbujanda.com\/en\/shop\/guided-tours-of-the-wineries\/visits-to-finca-antigua-winery\/wine-hour-at-la-casona-from-april-to-september\/"]}]},{"@type":"ImageObject","inLanguage":"en-US","@id":"https:\/\/familiamartinezbujanda.com\/en\/shop\/guided-tours-of-the-wineries\/visits-to-finca-antigua-winery\/wine-hour-at-la-casona-from-april-to-september\/#primaryimage","url":"https:\/\/familiamartinezbujanda.com\/wp-content\/uploads\/2023\/03\/casona-wine-4.jpg","contentUrl":"https:\/\/familiamartinezbujanda.com\/wp-content\/uploads\/2023\/03\/casona-wine-4.jpg","width":780,"height":520},{"@type":"BreadcrumbList","@id":"https:\/\/familiamartinezbujanda.com\/en\/shop\/guided-tours-of-the-wineries\/visits-to-finca-antigua-winery\/wine-hour-at-la-casona-from-april-to-september\/#breadcrumb","itemListElement":[{"@type":"ListItem","position":1,"name":"Portada","item":"https:\/\/familiamartinezbujanda.com\/en\/inicio\/"},{"@type":"ListItem","position":2,"name":"Tienda","item":"https:\/\/familiamartinezbujanda.com\/en\/shop\/"},{"@type":"ListItem","position":3,"name":"Wine Hour at La Casona (from April to September)"}]},{"@type":"WebSite","@id":"https:\/\/familiamartinezbujanda.com\/en\/#website","url":"https:\/\/familiamartinezbujanda.com\/en\/","name":"Familia Mart\u00ednez Bujanda","description":"Cinco bodegas conforman Familia Mart\u00ednez-Bujanda: Finca Valpiedra (DOCa Rioja), Finca Antigua (DO La Mancha), Finca Montepedroso (DO Rueda), Vi\u00f1a Bujanda ...","publisher":{"@id":"https:\/\/familiamartinezbujanda.com\/en\/#organization"},"potentialAction":[{"@type":"SearchAction","target":{"@type":"EntryPoint","urlTemplate":"https:\/\/familiamartinezbujanda.com\/en\/?s={search_term_string}"},"query-input":{"@type":"PropertyValueSpecification","valueRequired":true,"valueName":"search_term_string"}}],"inLanguage":"en-US"},{"@type":"Organization","@id":"https:\/\/familiamartinezbujanda.com\/en\/#organization","name":"Familia Mart\u00ednez Bujanda","url":"https:\/\/familiamartinezbujanda.com\/en\/","logo":{"@type":"ImageObject","inLanguage":"en-US","@id":"https:\/\/familiamartinezbujanda.com\/en\/#\/schema\/logo\/image\/","url":"https:\/\/www.familiamartinezbujanda.com\/wp-content\/uploads\/2022\/06\/favicon.jpg","contentUrl":"https:\/\/www.familiamartinezbujanda.com\/wp-content\/uploads\/2022\/06\/favicon.jpg","width":512,"height":512,"caption":"Familia Mart\u00ednez Bujanda"},"image":{"@id":"https:\/\/familiamartinezbujanda.com\/en\/#\/schema\/logo\/image\/"}}]}},"_links":{"self":[{"href":"https:\/\/familiamartinezbujanda.com\/en\/wp-json\/wp\/v2\/product\/94490","targetHints":{"allow":["GET"]}}],"collection":[{"href":"https:\/\/familiamartinezbujanda.com\/en\/wp-json\/wp\/v2\/product"}],"about":[{"href":"https:\/\/familiamartinezbujanda.com\/en\/wp-json\/wp\/v2\/types\/product"}],"replies":[{"embeddable":true,"href":"https:\/\/familiamartinezbujanda.com\/en\/wp-json\/wp\/v2\/comments?post=94490"}],"wp:featuredmedia":[{"embeddable":true,"href":"https:\/\/familiamartinezbujanda.com\/en\/wp-json\/wp\/v2\/media\/94491"}],"wp:attachment":[{"href":"https:\/\/familiamartinezbujanda.com\/en\/wp-json\/wp\/v2\/media?parent=94490"}],"wp:term":[{"taxonomy":"product_brand","embeddable":true,"href":"https:\/\/familiamartinezbujanda.com\/en\/wp-json\/wp\/v2\/product_brand?post=94490"},{"taxonomy":"product_cat","embeddable":true,"href":"https:\/\/familiamartinezbujanda.com\/en\/wp-json\/wp\/v2\/product_cat?post=94490"},{"taxonomy":"product_tag","embeddable":true,"href":"https:\/\/familiamartinezbujanda.com\/en\/wp-json\/wp\/v2\/product_tag?post=94490"}],"curies":[{"name":"wp","href":"https:\/\/api.w.org\/{rel}","templated":true}]}}